{"id":1327,"date":"2022-09-20T00:34:31","date_gmt":"2022-09-20T03:34:31","guid":{"rendered":"https:\/\/www.autopint.com.uy\/?post_type=product&#038;p=1327"},"modified":"2024-09-05T11:37:53","modified_gmt":"2024-09-05T14:37:53","slug":"lijadora-rotorbital-neumatica-con-aspiracion","status":"publish","type":"product","link":"https:\/\/www.autopint.com.uy\/?product=lijadora-rotorbital-neumatica-con-aspiracion","title":{"rendered":"Lijadora Rotoorbital Neum\u00e1tica Con Aspiraci\u00f3n"},"content":{"rendered":"<p>LIJADORA ROTORBITAL NEUM\u00c1TICA CON ASPIRACION PROFESIONAL: Con un dise\u00f1o ligero y ergon\u00f3mico, la lijadora neum\u00e1tica aleatoria\u00a0 de 6 pulgadas se puede sostener f\u00e1cilmente en la palma de la mano. Esta lijadora se puede utilizar para lijar madera, ,metales y todas las superficies de pintura<br \/>\nBUEN RENDIMIENTO: movimiento totalmente de acero de alta precisi\u00f3n, fabricado por enfriamiento, rotor totalmente de acero, cilindro totalmente de acero y movimiento de aspas de ventilador de alta dureza que coinciden estrechamente con la velocidad, \u00a1no es f\u00e1cil de da\u00f1ar! El regulador integrado puede lograr un control de velocidad de 10,000 rpm, alta potencia, alto equilibrio y uso a largo plazo sin fatiga.<br \/>\nBOLSA PARA POLVO INCLUIDA: Conecte un extremo del tubo de succi\u00f3n al conector de succi\u00f3n y ate el otro extremo a la bolsa que recoge el polvo para usar. El tubo de vac\u00edo\u00a0 es muy pr\u00e1ctico y c\u00f3modo de usar. Ya sea que se utilice en el taller o en casa, \u00a1es tu mejor opci\u00f3n!<\/p>\n","protected":false},"excerpt":{"rendered":"<p>Lijadora<\/p>\n","protected":false},"featured_media":1333,"template":"","meta":{"site-sidebar-layout":"default","site-content-layout":"default","ast-global-header-display":"","ast-main-header-display":"","ast-hfb-above-header-display":"","ast-hfb-below-header-display":"","ast-hfb-mobile-header-display":"","site-post-title":"","ast-breadcrumbs-content":"","ast-featured-img":"","footer-sml-layout":"","theme-transparent-header-meta":"default","adv-header-id-meta":"","stick-header-meta":"","header-above-stick-meta":"","header-main-stick-meta":"","header-below-stick-meta":"","_joinchat":{"telephone":"+59898715457"}},"product_cat":[22],"product_tag":[67,77,78,79],"yoast_head":"<!-- This site is optimized with the Yoast SEO plugin v19.11 - https:\/\/yoast.com\/wordpress\/plugins\/seo\/ -->\n<title>LIJADORA ROTORBITAL NEUMATICA AUTOPINT SHOP- Car Repair System - Herramientas - Protecci\u00f3n - Pulidos - Detailing AUTOPINT SHOP- Car Repair System - Herramientas - Protecci\u00f3n - Pulidos - Detailing<\/title>\n<meta name=\"description\" content=\"Si buscas una LIJADORA PROFESIONAL tienes que probarla, dise\u00f1o ligero y ergon\u00f3mico. Esta lijadora se puede utilizar para lijar madera,metal,pintura\" \/>\n<meta name=\"robots\" content=\"index, follow, max-snippet:-1, max-image-preview:large, max-video-preview:-1\" \/>\n<link rel=\"canonical\" href=\"https:\/\/www.autopint.com.uy\/?product=lijadora-rotorbital-neumatica-con-aspiracion\" \/>\n<meta property=\"og:locale\" content=\"es_ES\" \/>\n<meta property=\"og:type\" content=\"article\" \/>\n<meta property=\"og:title\" content=\"LIJADORA ROTORBITAL NEUMATICA AUTOPINT SHOP- Car Repair System - Herramientas - Protecci\u00f3n - Pulidos - Detailing AUTOPINT SHOP- Car Repair System - Herramientas - Protecci\u00f3n - Pulidos - Detailing\" \/>\n<meta property=\"og:description\" content=\"Si buscas una LIJADORA PROFESIONAL tienes que probarla, dise\u00f1o ligero y ergon\u00f3mico. Esta lijadora se puede utilizar para lijar madera,metal,pintura\" \/>\n<meta property=\"og:url\" content=\"https:\/\/www.autopint.com.uy\/?product=lijadora-rotorbital-neumatica-con-aspiracion\" \/>\n<meta property=\"og:site_name\" content=\"AUTOPINT SHOP- Car Repair System - Herramientas - Protecci\u00f3n - Pulidos - Detailing\" \/>\n<meta property=\"article:modified_time\" content=\"2024-09-05T14:37:53+00:00\" \/>\n<meta property=\"og:image\" content=\"https:\/\/www.autopint.com.uy\/wp-content\/uploads\/2022\/09\/WhatsApp-Image-2022-09-20-at-1.41.58-AM.jpeg\" \/>\n\t<meta property=\"og:image:width\" content=\"2048\" \/>\n\t<meta property=\"og:image:height\" content=\"1811\" \/>\n\t<meta property=\"og:image:type\" content=\"image\/jpeg\" \/>\n<meta name=\"twitter:card\" content=\"summary_large_image\" \/>\n<meta name=\"twitter:label1\" content=\"Tiempo de lectura\" \/>\n\t<meta name=\"twitter:data1\" content=\"1 minuto\" \/>\n<script type=\"application\/ld+json\" class=\"yoast-schema-graph\">{\"@context\":\"https:\/\/schema.org\",\"@graph\":[{\"@type\":\"WebPage\",\"@id\":\"https:\/\/www.autopint.com.uy\/?product=lijadora-rotorbital-neumatica-con-aspiracion\",\"url\":\"https:\/\/www.autopint.com.uy\/?product=lijadora-rotorbital-neumatica-con-aspiracion\",\"name\":\"LIJADORA ROTORBITAL NEUMATICA AUTOPINT SHOP- Car Repair System - Herramientas - Protecci\u00f3n - Pulidos - Detailing AUTOPINT SHOP- Car Repair System - Herramientas - Protecci\u00f3n - Pulidos - Detailing\",\"isPartOf\":{\"@id\":\"https:\/\/www.autopint.com.uy\/#website\"},\"datePublished\":\"2022-09-20T03:34:31+00:00\",\"dateModified\":\"2024-09-05T14:37:53+00:00\",\"description\":\"Si buscas una LIJADORA PROFESIONAL tienes que probarla, dise\u00f1o ligero y ergon\u00f3mico. Esta lijadora se puede utilizar para lijar madera,metal,pintura\",\"breadcrumb\":{\"@id\":\"https:\/\/www.autopint.com.uy\/?product=lijadora-rotorbital-neumatica-con-aspiracion#breadcrumb\"},\"inLanguage\":\"es\",\"potentialAction\":[{\"@type\":\"ReadAction\",\"target\":[\"https:\/\/www.autopint.com.uy\/?product=lijadora-rotorbital-neumatica-con-aspiracion\"]}]},{\"@type\":\"BreadcrumbList\",\"@id\":\"https:\/\/www.autopint.com.uy\/?product=lijadora-rotorbital-neumatica-con-aspiracion#breadcrumb\",\"itemListElement\":[{\"@type\":\"ListItem\",\"position\":1,\"name\":\"Portada\",\"item\":\"https:\/\/www.autopint.com.uy\/\"},{\"@type\":\"ListItem\",\"position\":2,\"name\":\"Tienda\",\"item\":\"https:\/\/www.autopint.com.uy\/?page_id=51\"},{\"@type\":\"ListItem\",\"position\":3,\"name\":\"Lijadora Rotoorbital Neum\u00e1tica Con Aspiraci\u00f3n\"}]},{\"@type\":\"WebSite\",\"@id\":\"https:\/\/www.autopint.com.uy\/#website\",\"url\":\"https:\/\/www.autopint.com.uy\/\",\"name\":\"AUTOPINT SHOP- Car Repair System - Herramientas - Protecci\u00f3n - Pulidos - Detailing\",\"description\":\"IMPORTACION Y VENTA DE INSUMOS PARA REPINTADO AUTOMOTRIZ\",\"publisher\":{\"@id\":\"https:\/\/www.autopint.com.uy\/#organization\"},\"potentialAction\":[{\"@type\":\"SearchAction\",\"target\":{\"@type\":\"EntryPoint\",\"urlTemplate\":\"https:\/\/www.autopint.com.uy\/?s={search_term_string}\"},\"query-input\":\"required name=search_term_string\"}],\"inLanguage\":\"es\"},{\"@type\":\"Organization\",\"@id\":\"https:\/\/www.autopint.com.uy\/#organization\",\"name\":\"Autopint-Carrepairsystem\",\"url\":\"https:\/\/www.autopint.com.uy\/\",\"logo\":{\"@type\":\"ImageObject\",\"inLanguage\":\"es\",\"@id\":\"https:\/\/www.autopint.com.uy\/#\/schema\/logo\/image\/\",\"url\":\"https:\/\/www.autopint.com.uy\/wp-content\/uploads\/2020\/05\/cropped-Logo-2.png\",\"contentUrl\":\"https:\/\/www.autopint.com.uy\/wp-content\/uploads\/2020\/05\/cropped-Logo-2.png\",\"width\":600,\"height\":150,\"caption\":\"Autopint-Carrepairsystem\"},\"image\":{\"@id\":\"https:\/\/www.autopint.com.uy\/#\/schema\/logo\/image\/\"}}]}<\/script>\n<!-- \/ Yoast SEO plugin. -->","yoast_head_json":{"title":"LIJADORA ROTORBITAL NEUMATICA AUTOPINT SHOP- Car Repair System - Herramientas - Protecci\u00f3n - Pulidos - Detailing AUTOPINT SHOP- Car Repair System - Herramientas - Protecci\u00f3n - Pulidos - Detailing","description":"Si buscas una LIJADORA PROFESIONAL tienes que probarla, dise\u00f1o ligero y ergon\u00f3mico. Esta lijadora se puede utilizar para lijar madera,metal,pintura","robots":{"index":"index","follow":"follow","max-snippet":"max-snippet:-1","max-image-preview":"max-image-preview:large","max-video-preview":"max-video-preview:-1"},"canonical":"https:\/\/www.autopint.com.uy\/?product=lijadora-rotorbital-neumatica-con-aspiracion","og_locale":"es_ES","og_type":"article","og_title":"LIJADORA ROTORBITAL NEUMATICA AUTOPINT SHOP- Car Repair System - Herramientas - Protecci\u00f3n - Pulidos - Detailing AUTOPINT SHOP- Car Repair System - Herramientas - Protecci\u00f3n - Pulidos - Detailing","og_description":"Si buscas una LIJADORA PROFESIONAL tienes que probarla, dise\u00f1o ligero y ergon\u00f3mico. Esta lijadora se puede utilizar para lijar madera,metal,pintura","og_url":"https:\/\/www.autopint.com.uy\/?product=lijadora-rotorbital-neumatica-con-aspiracion","og_site_name":"AUTOPINT SHOP- Car Repair System - Herramientas - Protecci\u00f3n - Pulidos - Detailing","article_modified_time":"2024-09-05T14:37:53+00:00","og_image":[{"width":2048,"height":1811,"url":"https:\/\/www.autopint.com.uy\/wp-content\/uploads\/2022\/09\/WhatsApp-Image-2022-09-20-at-1.41.58-AM.jpeg","type":"image\/jpeg"}],"twitter_card":"summary_large_image","twitter_misc":{"Tiempo de lectura":"1 minuto"},"schema":{"@context":"https:\/\/schema.org","@graph":[{"@type":"WebPage","@id":"https:\/\/www.autopint.com.uy\/?product=lijadora-rotorbital-neumatica-con-aspiracion","url":"https:\/\/www.autopint.com.uy\/?product=lijadora-rotorbital-neumatica-con-aspiracion","name":"LIJADORA ROTORBITAL NEUMATICA AUTOPINT SHOP- Car Repair System - Herramientas - Protecci\u00f3n - Pulidos - Detailing AUTOPINT SHOP- Car Repair System - Herramientas - Protecci\u00f3n - Pulidos - Detailing","isPartOf":{"@id":"https:\/\/www.autopint.com.uy\/#website"},"datePublished":"2022-09-20T03:34:31+00:00","dateModified":"2024-09-05T14:37:53+00:00","description":"Si buscas una LIJADORA PROFESIONAL tienes que probarla, dise\u00f1o ligero y ergon\u00f3mico. Esta lijadora se puede utilizar para lijar madera,metal,pintura","breadcrumb":{"@id":"https:\/\/www.autopint.com.uy\/?product=lijadora-rotorbital-neumatica-con-aspiracion#breadcrumb"},"inLanguage":"es","potentialAction":[{"@type":"ReadAction","target":["https:\/\/www.autopint.com.uy\/?product=lijadora-rotorbital-neumatica-con-aspiracion"]}]},{"@type":"BreadcrumbList","@id":"https:\/\/www.autopint.com.uy\/?product=lijadora-rotorbital-neumatica-con-aspiracion#breadcrumb","itemListElement":[{"@type":"ListItem","position":1,"name":"Portada","item":"https:\/\/www.autopint.com.uy\/"},{"@type":"ListItem","position":2,"name":"Tienda","item":"https:\/\/www.autopint.com.uy\/?page_id=51"},{"@type":"ListItem","position":3,"name":"Lijadora Rotoorbital Neum\u00e1tica Con Aspiraci\u00f3n"}]},{"@type":"WebSite","@id":"https:\/\/www.autopint.com.uy\/#website","url":"https:\/\/www.autopint.com.uy\/","name":"AUTOPINT SHOP- Car Repair System - Herramientas - Protecci\u00f3n - Pulidos - Detailing","description":"IMPORTACION Y VENTA DE INSUMOS PARA REPINTADO AUTOMOTRIZ","publisher":{"@id":"https:\/\/www.autopint.com.uy\/#organization"},"potentialAction":[{"@type":"SearchAction","target":{"@type":"EntryPoint","urlTemplate":"https:\/\/www.autopint.com.uy\/?s={search_term_string}"},"query-input":"required name=search_term_string"}],"inLanguage":"es"},{"@type":"Organization","@id":"https:\/\/www.autopint.com.uy\/#organization","name":"Autopint-Carrepairsystem","url":"https:\/\/www.autopint.com.uy\/","logo":{"@type":"ImageObject","inLanguage":"es","@id":"https:\/\/www.autopint.com.uy\/#\/schema\/logo\/image\/","url":"https:\/\/www.autopint.com.uy\/wp-content\/uploads\/2020\/05\/cropped-Logo-2.png","contentUrl":"https:\/\/www.autopint.com.uy\/wp-content\/uploads\/2020\/05\/cropped-Logo-2.png","width":600,"height":150,"caption":"Autopint-Carrepairsystem"},"image":{"@id":"https:\/\/www.autopint.com.uy\/#\/schema\/logo\/image\/"}}]}},"_links":{"self":[{"href":"https:\/\/www.autopint.com.uy\/index.php?rest_route=\/wp\/v2\/product\/1327"}],"collection":[{"href":"https:\/\/www.autopint.com.uy\/index.php?rest_route=\/wp\/v2\/product"}],"about":[{"href":"https:\/\/www.autopint.com.uy\/index.php?rest_route=\/wp\/v2\/types\/product"}],"wp:featuredmedia":[{"embeddable":true,"href":"https:\/\/www.autopint.com.uy\/index.php?rest_route=\/wp\/v2\/media\/1333"}],"wp:attachment":[{"href":"https:\/\/www.autopint.com.uy\/index.php?rest_route=%2Fwp%2Fv2%2Fmedia&parent=1327"}],"wp:term":[{"taxonomy":"product_cat","embeddable":true,"href":"https:\/\/www.autopint.com.uy\/index.php?rest_route=%2Fwp%2Fv2%2Fproduct_cat&post=1327"},{"taxonomy":"product_tag","embeddable":true,"href":"https:\/\/www.autopint.com.uy\/index.php?rest_route=%2Fwp%2Fv2%2Fproduct_tag&post=1327"}],"curies":[{"name":"wp","href":"https:\/\/api.w.org\/{rel}","templated":true}]}}