{"id":1420,"date":"2022-11-18T02:45:57","date_gmt":"2022-11-18T05:45:57","guid":{"rendered":"https:\/\/www.autopint.com.uy\/?post_type=product&#038;p=1420"},"modified":"2023-09-15T15:40:46","modified_gmt":"2023-09-15T18:40:46","slug":"kit-de-sacabollos","status":"publish","type":"product","link":"https:\/\/www.autopint.com.uy\/?product=kit-de-sacabollos","title":{"rendered":"Kit De Sacabollos Sin Da\u00f1ar Pintura Autopint Carrepairsystem"},"content":{"rendered":"<h1 class=\"ui-pdp-title\">Kit De Sacabollos Sin Da\u00f1ar Pintura Autopint Carrepairsystem<\/h1>\n<p>HERRAMIENTA PARA DESABOLLAR LA CHAPA DEL VEHICULO SIN TENER QUE DA\u00d1AR LA PINTURA<\/p>\n<p>SE PEGAN CON SILICONA CALIENTE LOS CHUPONES Y LUEGO CON EL MARTILLO DE INERCIA SE ENGANCHAN Y SE TIRA HACIA AFUERA INTENTADO QUITAR LA ABOLLADURA, LUEGO SE DESPEGA FACILMENTE EL CHUPON Y SE REPITE LA OPERACION EN OTRAS PARTES DA\u00d1ADAS<\/p>\n<p>AUTOPINT SHOP IMPORTA VENDE Y DISTRIBUYE INSUMOS PARA REPINTADO AUTOMOTRIZ Y TAMBIEN HERRAMIENTAS PARA EL TALLER DE CHAPA Y PINTURA<\/p>\n<p>&nbsp;<\/p>\n","protected":false},"excerpt":{"rendered":"<p>sacabollos<\/p>\n","protected":false},"featured_media":1426,"template":"","meta":{"site-sidebar-layout":"default","site-content-layout":"default","ast-global-header-display":"","ast-main-header-display":"","ast-hfb-above-header-display":"","ast-hfb-below-header-display":"","ast-hfb-mobile-header-display":"","site-post-title":"","ast-breadcrumbs-content":"","ast-featured-img":"","footer-sml-layout":"","theme-transparent-header-meta":"default","adv-header-id-meta":"","stick-header-meta":"","header-above-stick-meta":"","header-main-stick-meta":"","header-below-stick-meta":"","_joinchat":{"telephone":"+59898715457"}},"product_cat":[22],"product_tag":[145,143,67,144],"yoast_head":"<!-- This site is optimized with the Yoast SEO plugin v19.11 - https:\/\/yoast.com\/wordpress\/plugins\/seo\/ -->\n<title>Kit De Sacabollos Sin Da\u00f1ar Pintura Autopint Carrepairsystem &bull; AUTOPINT SHOP- Car Repair System - Herramientas - Protecci\u00f3n - Pulidos - Detailing kit de sacabollos<\/title>\n<meta name=\"description\" content=\"Kit De Sacabollos Sin Da\u00f1ar Pintura.HERRAMIENTA PARA DESABOLLAR LA CHAPA DEL VEHICULO SIN TENER QUE DA\u00d1AR LA PINTURA, Hagalo usted mismo !!!\" \/>\n<meta name=\"robots\" content=\"index, follow, max-snippet:-1, max-image-preview:large, max-video-preview:-1\" \/>\n<link rel=\"canonical\" href=\"https:\/\/www.autopint.com.uy\/?product=kit-de-sacabollos\" \/>\n<meta property=\"og:locale\" content=\"es_ES\" \/>\n<meta property=\"og:type\" content=\"article\" \/>\n<meta property=\"og:title\" content=\"KIT DE SACABOLLOS SIN DA\u00d1AR PINTURA\" \/>\n<meta property=\"og:description\" content=\"HERRAMIENTA PARA DESABOLLAR LA CHAPA DEL VEHICULO SIN TENER QUE DA\u00d1AR LA PINTURA\" \/>\n<meta property=\"og:url\" content=\"https:\/\/www.autopint.com.uy\/?product=kit-de-sacabollos\" \/>\n<meta property=\"og:site_name\" content=\"AUTOPINT SHOP- Car Repair System - Herramientas - Protecci\u00f3n - Pulidos - Detailing\" \/>\n<meta property=\"article:modified_time\" content=\"2023-09-15T18:40:46+00:00\" \/>\n<meta property=\"og:image\" content=\"https:\/\/www.autopint.com.uy\/wp-content\/uploads\/2022\/11\/WhatsApp-Image-2022-11-18-at-1.17.03-AM-3.png\" \/>\n\t<meta property=\"og:image:width\" content=\"2048\" \/>\n\t<meta property=\"og:image:height\" content=\"1675\" \/>\n\t<meta property=\"og:image:type\" content=\"image\/png\" \/>\n<meta name=\"twitter:card\" content=\"summary_large_image\" \/>\n<meta name=\"twitter:label1\" content=\"Tiempo de lectura\" \/>\n\t<meta name=\"twitter:data1\" content=\"1 minuto\" \/>\n<script type=\"application\/ld+json\" class=\"yoast-schema-graph\">{\"@context\":\"https:\/\/schema.org\",\"@graph\":[{\"@type\":\"WebPage\",\"@id\":\"https:\/\/www.autopint.com.uy\/?product=kit-de-sacabollos\",\"url\":\"https:\/\/www.autopint.com.uy\/?product=kit-de-sacabollos\",\"name\":\"Kit De Sacabollos Sin Da\u00f1ar Pintura Autopint Carrepairsystem &bull; AUTOPINT SHOP- Car Repair System - Herramientas - Protecci\u00f3n - Pulidos - Detailing kit de sacabollos\",\"isPartOf\":{\"@id\":\"https:\/\/www.autopint.com.uy\/#website\"},\"datePublished\":\"2022-11-18T05:45:57+00:00\",\"dateModified\":\"2023-09-15T18:40:46+00:00\",\"description\":\"Kit De Sacabollos Sin Da\u00f1ar Pintura.HERRAMIENTA PARA DESABOLLAR LA CHAPA DEL VEHICULO SIN TENER QUE DA\u00d1AR LA PINTURA, Hagalo usted mismo !!!\",\"breadcrumb\":{\"@id\":\"https:\/\/www.autopint.com.uy\/?product=kit-de-sacabollos#breadcrumb\"},\"inLanguage\":\"es\",\"potentialAction\":[{\"@type\":\"ReadAction\",\"target\":[\"https:\/\/www.autopint.com.uy\/?product=kit-de-sacabollos\"]}]},{\"@type\":\"BreadcrumbList\",\"@id\":\"https:\/\/www.autopint.com.uy\/?product=kit-de-sacabollos#breadcrumb\",\"itemListElement\":[{\"@type\":\"ListItem\",\"position\":1,\"name\":\"Portada\",\"item\":\"https:\/\/www.autopint.com.uy\/\"},{\"@type\":\"ListItem\",\"position\":2,\"name\":\"Tienda\",\"item\":\"https:\/\/www.autopint.com.uy\/?page_id=51\"},{\"@type\":\"ListItem\",\"position\":3,\"name\":\"Kit De Sacabollos Sin Da\u00f1ar Pintura Autopint Carrepairsystem\"}]},{\"@type\":\"WebSite\",\"@id\":\"https:\/\/www.autopint.com.uy\/#website\",\"url\":\"https:\/\/www.autopint.com.uy\/\",\"name\":\"AUTOPINT SHOP- Car Repair System - Herramientas - Protecci\u00f3n - Pulidos - Detailing\",\"description\":\"IMPORTACION Y VENTA DE INSUMOS PARA REPINTADO AUTOMOTRIZ\",\"publisher\":{\"@id\":\"https:\/\/www.autopint.com.uy\/#organization\"},\"potentialAction\":[{\"@type\":\"SearchAction\",\"target\":{\"@type\":\"EntryPoint\",\"urlTemplate\":\"https:\/\/www.autopint.com.uy\/?s={search_term_string}\"},\"query-input\":\"required name=search_term_string\"}],\"inLanguage\":\"es\"},{\"@type\":\"Organization\",\"@id\":\"https:\/\/www.autopint.com.uy\/#organization\",\"name\":\"Autopint-Carrepairsystem\",\"url\":\"https:\/\/www.autopint.com.uy\/\",\"logo\":{\"@type\":\"ImageObject\",\"inLanguage\":\"es\",\"@id\":\"https:\/\/www.autopint.com.uy\/#\/schema\/logo\/image\/\",\"url\":\"https:\/\/www.autopint.com.uy\/wp-content\/uploads\/2020\/05\/cropped-Logo-2.png\",\"contentUrl\":\"https:\/\/www.autopint.com.uy\/wp-content\/uploads\/2020\/05\/cropped-Logo-2.png\",\"width\":600,\"height\":150,\"caption\":\"Autopint-Carrepairsystem\"},\"image\":{\"@id\":\"https:\/\/www.autopint.com.uy\/#\/schema\/logo\/image\/\"}}]}<\/script>\n<!-- \/ Yoast SEO plugin. -->","yoast_head_json":{"title":"Kit De Sacabollos Sin Da\u00f1ar Pintura Autopint Carrepairsystem &bull; AUTOPINT SHOP- Car Repair System - Herramientas - Protecci\u00f3n - Pulidos - Detailing kit de sacabollos","description":"Kit De Sacabollos Sin Da\u00f1ar Pintura.HERRAMIENTA PARA DESABOLLAR LA CHAPA DEL VEHICULO SIN TENER QUE DA\u00d1AR LA PINTURA, Hagalo usted mismo !!!","robots":{"index":"index","follow":"follow","max-snippet":"max-snippet:-1","max-image-preview":"max-image-preview:large","max-video-preview":"max-video-preview:-1"},"canonical":"https:\/\/www.autopint.com.uy\/?product=kit-de-sacabollos","og_locale":"es_ES","og_type":"article","og_title":"KIT DE SACABOLLOS SIN DA\u00d1AR PINTURA","og_description":"HERRAMIENTA PARA DESABOLLAR LA CHAPA DEL VEHICULO SIN TENER QUE DA\u00d1AR LA PINTURA","og_url":"https:\/\/www.autopint.com.uy\/?product=kit-de-sacabollos","og_site_name":"AUTOPINT SHOP- Car Repair System - Herramientas - Protecci\u00f3n - Pulidos - Detailing","article_modified_time":"2023-09-15T18:40:46+00:00","og_image":[{"width":2048,"height":1675,"url":"https:\/\/www.autopint.com.uy\/wp-content\/uploads\/2022\/11\/WhatsApp-Image-2022-11-18-at-1.17.03-AM-3.png","type":"image\/png"}],"twitter_card":"summary_large_image","twitter_misc":{"Tiempo de lectura":"1 minuto"},"schema":{"@context":"https:\/\/schema.org","@graph":[{"@type":"WebPage","@id":"https:\/\/www.autopint.com.uy\/?product=kit-de-sacabollos","url":"https:\/\/www.autopint.com.uy\/?product=kit-de-sacabollos","name":"Kit De Sacabollos Sin Da\u00f1ar Pintura Autopint Carrepairsystem &bull; AUTOPINT SHOP- Car Repair System - Herramientas - Protecci\u00f3n - Pulidos - Detailing kit de sacabollos","isPartOf":{"@id":"https:\/\/www.autopint.com.uy\/#website"},"datePublished":"2022-11-18T05:45:57+00:00","dateModified":"2023-09-15T18:40:46+00:00","description":"Kit De Sacabollos Sin Da\u00f1ar Pintura.HERRAMIENTA PARA DESABOLLAR LA CHAPA DEL VEHICULO SIN TENER QUE DA\u00d1AR LA PINTURA, Hagalo usted mismo !!!","breadcrumb":{"@id":"https:\/\/www.autopint.com.uy\/?product=kit-de-sacabollos#breadcrumb"},"inLanguage":"es","potentialAction":[{"@type":"ReadAction","target":["https:\/\/www.autopint.com.uy\/?product=kit-de-sacabollos"]}]},{"@type":"BreadcrumbList","@id":"https:\/\/www.autopint.com.uy\/?product=kit-de-sacabollos#breadcrumb","itemListElement":[{"@type":"ListItem","position":1,"name":"Portada","item":"https:\/\/www.autopint.com.uy\/"},{"@type":"ListItem","position":2,"name":"Tienda","item":"https:\/\/www.autopint.com.uy\/?page_id=51"},{"@type":"ListItem","position":3,"name":"Kit De Sacabollos Sin Da\u00f1ar Pintura Autopint Carrepairsystem"}]},{"@type":"WebSite","@id":"https:\/\/www.autopint.com.uy\/#website","url":"https:\/\/www.autopint.com.uy\/","name":"AUTOPINT SHOP- Car Repair System - Herramientas - Protecci\u00f3n - Pulidos - Detailing","description":"IMPORTACION Y VENTA DE INSUMOS PARA REPINTADO AUTOMOTRIZ","publisher":{"@id":"https:\/\/www.autopint.com.uy\/#organization"},"potentialAction":[{"@type":"SearchAction","target":{"@type":"EntryPoint","urlTemplate":"https:\/\/www.autopint.com.uy\/?s={search_term_string}"},"query-input":"required name=search_term_string"}],"inLanguage":"es"},{"@type":"Organization","@id":"https:\/\/www.autopint.com.uy\/#organization","name":"Autopint-Carrepairsystem","url":"https:\/\/www.autopint.com.uy\/","logo":{"@type":"ImageObject","inLanguage":"es","@id":"https:\/\/www.autopint.com.uy\/#\/schema\/logo\/image\/","url":"https:\/\/www.autopint.com.uy\/wp-content\/uploads\/2020\/05\/cropped-Logo-2.png","contentUrl":"https:\/\/www.autopint.com.uy\/wp-content\/uploads\/2020\/05\/cropped-Logo-2.png","width":600,"height":150,"caption":"Autopint-Carrepairsystem"},"image":{"@id":"https:\/\/www.autopint.com.uy\/#\/schema\/logo\/image\/"}}]}},"_links":{"self":[{"href":"https:\/\/www.autopint.com.uy\/index.php?rest_route=\/wp\/v2\/product\/1420"}],"collection":[{"href":"https:\/\/www.autopint.com.uy\/index.php?rest_route=\/wp\/v2\/product"}],"about":[{"href":"https:\/\/www.autopint.com.uy\/index.php?rest_route=\/wp\/v2\/types\/product"}],"wp:featuredmedia":[{"embeddable":true,"href":"https:\/\/www.autopint.com.uy\/index.php?rest_route=\/wp\/v2\/media\/1426"}],"wp:attachment":[{"href":"https:\/\/www.autopint.com.uy\/index.php?rest_route=%2Fwp%2Fv2%2Fmedia&parent=1420"}],"wp:term":[{"taxonomy":"product_cat","embeddable":true,"href":"https:\/\/www.autopint.com.uy\/index.php?rest_route=%2Fwp%2Fv2%2Fproduct_cat&post=1420"},{"taxonomy":"product_tag","embeddable":true,"href":"https:\/\/www.autopint.com.uy\/index.php?rest_route=%2Fwp%2Fv2%2Fproduct_tag&post=1420"}],"curies":[{"name":"wp","href":"https:\/\/api.w.org\/{rel}","templated":true}]}}