{"id":1461,"date":"2023-03-28T19:27:30","date_gmt":"2023-03-28T22:27:30","guid":{"rendered":"https:\/\/www.autopint.com.uy\/?post_type=product&#038;p=1461"},"modified":"2025-12-31T11:28:26","modified_gmt":"2025-12-31T14:28:26","slug":"pulidora-rotativa-profesional","status":"publish","type":"product","link":"https:\/\/www.autopint.com.uy\/?product=pulidora-rotativa-profesional","title":{"rendered":"Pulidora Rotativa Profesional"},"content":{"rendered":"<p>Pulidora Rotativa Profesional<\/p>\n<h2 class=\"product_title entry-title show-product-nav\">PULIDORA ROTATIVA EL\u00c9CTRICA EPR 8194<\/h2>\n<div class=\"product-nav\">\n<div class=\"product-next\"><span style=\"font-size: 16px;\">La pulidora el\u00e9ctrica EPR 8194 est\u00e1 fabricada especialmente para trabajos exigentes del pulido profesional de autom\u00f3viles.<\/span><\/div>\n<\/div>\n<div class=\"description woocommerce-product-details__short-description\">\n<p>Cuenta con un estabilizador de motor para ofrecer un giro suave y constante. Adem\u00e1s, incorpora un sistema de bloqueo para facilitar el cambio de la placa trasera.<\/p>\n<table>\n<tbody>\n<tr>\n<td><strong><span class=\"fontstyle0\">Modelo<\/span><\/strong><\/td>\n<td><strong><span class=\"fontstyle0\">EPR 8194<\/span><\/strong><\/td>\n<\/tr>\n<tr>\n<td><strong><span class=\"fontstyle0\">Plato de apoyo<\/span><\/strong><\/td>\n<td><strong><span class=\"fontstyle0\">6 pulgadas<br \/>\n<\/span><\/strong><\/td>\n<\/tr>\n<tr>\n<td><strong><span class=\"fontstyle0\">Almohadilla de espuma<\/span><\/strong><\/td>\n<td><strong><span class=\"fontstyle0\">7 pulgadas<br \/>\n<\/span><\/strong><\/td>\n<\/tr>\n<tr>\n<td><strong>Peso<\/strong><\/td>\n<td><strong><span class=\"fontstyle0\">2.2KG<br \/>\n<\/span><\/strong><\/td>\n<\/tr>\n<tr>\n<td><strong><span class=\"fontstyle0\">Velocidad<\/span><\/strong><\/td>\n<td><strong><span class=\"fontstyle0\">700-2500\/min<br \/>\n<\/span><\/strong><\/td>\n<\/tr>\n<tr>\n<td><strong><span class=\"fontstyle0\">Sistema de engranaje<\/span><\/strong><\/td>\n<td><strong><span class=\"fontstyle0\">Doble reducci\u00f3n<\/span><\/strong><\/td>\n<\/tr>\n<tr>\n<td><strong><span class=\"fontstyle0\">Eje de salida<\/span><\/strong><\/td>\n<td><strong><span class=\"fontstyle0\">M14<\/span><\/strong><\/td>\n<\/tr>\n<tr>\n<td><strong><span class=\"fontstyle0\">Potencia de entrada<\/span><\/strong><\/td>\n<td><b>1050W (m\u00e1x.1500W)<\/b><\/td>\n<\/tr>\n<tr>\n<td><strong><span class=\"fontstyle0\">Accesorios<\/span><span class=\"fontstyle0\"><br \/>\n<\/span><\/strong><\/td>\n<td><b>Plato de apoyo 6<strong><span class=\"fontstyle0\">\u2019\u2019<\/span><\/strong>, llave fija, escobilla de carb\u00f3n de repuesto, mango lateral<\/b><\/td>\n<\/tr>\n<\/tbody>\n<\/table>\n<\/div>\n","protected":false},"excerpt":{"rendered":"<p>Pulidora Rotativa Profesional PULIDORA ROTATIVA EL\u00c9CTRICA EPR 8194 La pulidora el\u00e9ctrica EPR 8194 est\u00e1 fabricada especialmente para trabajos exigentes del pulido profesional de autom\u00f3viles. Cuenta con un estabilizador de motor para ofrecer un giro suave y constante. Adem\u00e1s, incorpora un sistema de bloqueo para facilitar el cambio de la placa trasera. Modelo EPR 8194 Plato &hellip;<\/p>\n<p class=\"read-more\"> <a class=\"\" href=\"https:\/\/www.autopint.com.uy\/?product=pulidora-rotativa-profesional\"> <span class=\"screen-reader-text\">Pulidora Rotativa Profesional<\/span> Leer m\u00e1s &raquo;<\/a><\/p>\n","protected":false},"featured_media":1463,"template":"","meta":{"site-sidebar-layout":"default","site-content-layout":"default","ast-global-header-display":"","ast-main-header-display":"","ast-hfb-above-header-display":"","ast-hfb-below-header-display":"","ast-hfb-mobile-header-display":"","site-post-title":"","ast-breadcrumbs-content":"","ast-featured-img":"","footer-sml-layout":"","theme-transparent-header-meta":"default","adv-header-id-meta":"","stick-header-meta":"","header-above-stick-meta":"","header-main-stick-meta":"","header-below-stick-meta":"","_joinchat":{"telephone":"+59898715457"}},"product_cat":[22],"product_tag":[67,105],"yoast_head":"<!-- This site is optimized with the Yoast SEO plugin v19.11 - https:\/\/yoast.com\/wordpress\/plugins\/seo\/ -->\n<title>Pulidora Rotativa Profesional &bull; AUTOPINT SHOP- Car Repair System - Herramientas - Protecci\u00f3n - Pulidos - Detailing<\/title>\n<meta name=\"description\" content=\"Pulidora Rotativa Profesional especialmente para trabajos exigentes de pulido.Cuenta con un estabilizador de motor para ofrecer un giro suave y constante.\" \/>\n<meta name=\"robots\" content=\"index, follow, max-snippet:-1, max-image-preview:large, max-video-preview:-1\" \/>\n<link rel=\"canonical\" href=\"https:\/\/www.autopint.com.uy\/?product=pulidora-rotativa-profesional\" \/>\n<meta property=\"og:locale\" content=\"es_ES\" \/>\n<meta property=\"og:type\" content=\"article\" \/>\n<meta property=\"og:title\" content=\"Pulidora Rotativa Profesional &bull; AUTOPINT SHOP- Car Repair System - Herramientas - Protecci\u00f3n - Pulidos - Detailing\" \/>\n<meta property=\"og:description\" content=\"Pulidora Rotativa Profesional especialmente para trabajos exigentes de pulido.Cuenta con un estabilizador de motor para ofrecer un giro suave y constante.\" \/>\n<meta property=\"og:url\" content=\"https:\/\/www.autopint.com.uy\/?product=pulidora-rotativa-profesional\" \/>\n<meta property=\"og:site_name\" content=\"AUTOPINT SHOP- Car Repair System - Herramientas - Protecci\u00f3n - Pulidos - Detailing\" \/>\n<meta property=\"article:modified_time\" content=\"2025-12-31T14:28:26+00:00\" \/>\n<meta property=\"og:image\" content=\"https:\/\/www.autopint.com.uy\/wp-content\/uploads\/2023\/03\/Untitled-Project-28-1024x1024.png\" \/>\n\t<meta property=\"og:image:width\" content=\"1024\" \/>\n\t<meta property=\"og:image:height\" content=\"1024\" \/>\n\t<meta property=\"og:image:type\" content=\"image\/png\" \/>\n<meta name=\"twitter:card\" content=\"summary_large_image\" \/>\n<meta name=\"twitter:label1\" content=\"Tiempo de lectura\" \/>\n\t<meta name=\"twitter:data1\" content=\"1 minuto\" \/>\n<script type=\"application\/ld+json\" class=\"yoast-schema-graph\">{\"@context\":\"https:\/\/schema.org\",\"@graph\":[{\"@type\":\"WebPage\",\"@id\":\"https:\/\/www.autopint.com.uy\/?product=pulidora-rotativa-profesional\",\"url\":\"https:\/\/www.autopint.com.uy\/?product=pulidora-rotativa-profesional\",\"name\":\"Pulidora Rotativa Profesional &bull; AUTOPINT SHOP- Car Repair System - Herramientas - Protecci\u00f3n - Pulidos - Detailing\",\"isPartOf\":{\"@id\":\"https:\/\/www.autopint.com.uy\/#website\"},\"datePublished\":\"2023-03-28T22:27:30+00:00\",\"dateModified\":\"2025-12-31T14:28:26+00:00\",\"description\":\"Pulidora Rotativa Profesional especialmente para trabajos exigentes de pulido.Cuenta con un estabilizador de motor para ofrecer un giro suave y constante.\",\"breadcrumb\":{\"@id\":\"https:\/\/www.autopint.com.uy\/?product=pulidora-rotativa-profesional#breadcrumb\"},\"inLanguage\":\"es\",\"potentialAction\":[{\"@type\":\"ReadAction\",\"target\":[\"https:\/\/www.autopint.com.uy\/?product=pulidora-rotativa-profesional\"]}]},{\"@type\":\"BreadcrumbList\",\"@id\":\"https:\/\/www.autopint.com.uy\/?product=pulidora-rotativa-profesional#breadcrumb\",\"itemListElement\":[{\"@type\":\"ListItem\",\"position\":1,\"name\":\"Portada\",\"item\":\"https:\/\/www.autopint.com.uy\/\"},{\"@type\":\"ListItem\",\"position\":2,\"name\":\"Tienda\",\"item\":\"https:\/\/www.autopint.com.uy\/?page_id=51\"},{\"@type\":\"ListItem\",\"position\":3,\"name\":\"Pulidora Rotativa Profesional\"}]},{\"@type\":\"WebSite\",\"@id\":\"https:\/\/www.autopint.com.uy\/#website\",\"url\":\"https:\/\/www.autopint.com.uy\/\",\"name\":\"AUTOPINT SHOP- Car Repair System - Herramientas - Protecci\u00f3n - Pulidos - Detailing\",\"description\":\"IMPORTACION Y VENTA DE INSUMOS PARA REPINTADO AUTOMOTRIZ\",\"publisher\":{\"@id\":\"https:\/\/www.autopint.com.uy\/#organization\"},\"potentialAction\":[{\"@type\":\"SearchAction\",\"target\":{\"@type\":\"EntryPoint\",\"urlTemplate\":\"https:\/\/www.autopint.com.uy\/?s={search_term_string}\"},\"query-input\":\"required name=search_term_string\"}],\"inLanguage\":\"es\"},{\"@type\":\"Organization\",\"@id\":\"https:\/\/www.autopint.com.uy\/#organization\",\"name\":\"Autopint-Carrepairsystem\",\"url\":\"https:\/\/www.autopint.com.uy\/\",\"logo\":{\"@type\":\"ImageObject\",\"inLanguage\":\"es\",\"@id\":\"https:\/\/www.autopint.com.uy\/#\/schema\/logo\/image\/\",\"url\":\"https:\/\/www.autopint.com.uy\/wp-content\/uploads\/2020\/05\/cropped-Logo-2.png\",\"contentUrl\":\"https:\/\/www.autopint.com.uy\/wp-content\/uploads\/2020\/05\/cropped-Logo-2.png\",\"width\":600,\"height\":150,\"caption\":\"Autopint-Carrepairsystem\"},\"image\":{\"@id\":\"https:\/\/www.autopint.com.uy\/#\/schema\/logo\/image\/\"}}]}<\/script>\n<!-- \/ Yoast SEO plugin. -->","yoast_head_json":{"title":"Pulidora Rotativa Profesional &bull; AUTOPINT SHOP- Car Repair System - Herramientas - Protecci\u00f3n - Pulidos - Detailing","description":"Pulidora Rotativa Profesional especialmente para trabajos exigentes de pulido.Cuenta con un estabilizador de motor para ofrecer un giro suave y constante.","robots":{"index":"index","follow":"follow","max-snippet":"max-snippet:-1","max-image-preview":"max-image-preview:large","max-video-preview":"max-video-preview:-1"},"canonical":"https:\/\/www.autopint.com.uy\/?product=pulidora-rotativa-profesional","og_locale":"es_ES","og_type":"article","og_title":"Pulidora Rotativa Profesional &bull; AUTOPINT SHOP- Car Repair System - Herramientas - Protecci\u00f3n - Pulidos - Detailing","og_description":"Pulidora Rotativa Profesional especialmente para trabajos exigentes de pulido.Cuenta con un estabilizador de motor para ofrecer un giro suave y constante.","og_url":"https:\/\/www.autopint.com.uy\/?product=pulidora-rotativa-profesional","og_site_name":"AUTOPINT SHOP- Car Repair System - Herramientas - Protecci\u00f3n - Pulidos - Detailing","article_modified_time":"2025-12-31T14:28:26+00:00","og_image":[{"width":1024,"height":1024,"url":"https:\/\/www.autopint.com.uy\/wp-content\/uploads\/2023\/03\/Untitled-Project-28-1024x1024.png","type":"image\/png"}],"twitter_card":"summary_large_image","twitter_misc":{"Tiempo de lectura":"1 minuto"},"schema":{"@context":"https:\/\/schema.org","@graph":[{"@type":"WebPage","@id":"https:\/\/www.autopint.com.uy\/?product=pulidora-rotativa-profesional","url":"https:\/\/www.autopint.com.uy\/?product=pulidora-rotativa-profesional","name":"Pulidora Rotativa Profesional &bull; AUTOPINT SHOP- Car Repair System - Herramientas - Protecci\u00f3n - Pulidos - Detailing","isPartOf":{"@id":"https:\/\/www.autopint.com.uy\/#website"},"datePublished":"2023-03-28T22:27:30+00:00","dateModified":"2025-12-31T14:28:26+00:00","description":"Pulidora Rotativa Profesional especialmente para trabajos exigentes de pulido.Cuenta con un estabilizador de motor para ofrecer un giro suave y constante.","breadcrumb":{"@id":"https:\/\/www.autopint.com.uy\/?product=pulidora-rotativa-profesional#breadcrumb"},"inLanguage":"es","potentialAction":[{"@type":"ReadAction","target":["https:\/\/www.autopint.com.uy\/?product=pulidora-rotativa-profesional"]}]},{"@type":"BreadcrumbList","@id":"https:\/\/www.autopint.com.uy\/?product=pulidora-rotativa-profesional#breadcrumb","itemListElement":[{"@type":"ListItem","position":1,"name":"Portada","item":"https:\/\/www.autopint.com.uy\/"},{"@type":"ListItem","position":2,"name":"Tienda","item":"https:\/\/www.autopint.com.uy\/?page_id=51"},{"@type":"ListItem","position":3,"name":"Pulidora Rotativa Profesional"}]},{"@type":"WebSite","@id":"https:\/\/www.autopint.com.uy\/#website","url":"https:\/\/www.autopint.com.uy\/","name":"AUTOPINT SHOP- Car Repair System - Herramientas - Protecci\u00f3n - Pulidos - Detailing","description":"IMPORTACION Y VENTA DE INSUMOS PARA REPINTADO AUTOMOTRIZ","publisher":{"@id":"https:\/\/www.autopint.com.uy\/#organization"},"potentialAction":[{"@type":"SearchAction","target":{"@type":"EntryPoint","urlTemplate":"https:\/\/www.autopint.com.uy\/?s={search_term_string}"},"query-input":"required name=search_term_string"}],"inLanguage":"es"},{"@type":"Organization","@id":"https:\/\/www.autopint.com.uy\/#organization","name":"Autopint-Carrepairsystem","url":"https:\/\/www.autopint.com.uy\/","logo":{"@type":"ImageObject","inLanguage":"es","@id":"https:\/\/www.autopint.com.uy\/#\/schema\/logo\/image\/","url":"https:\/\/www.autopint.com.uy\/wp-content\/uploads\/2020\/05\/cropped-Logo-2.png","contentUrl":"https:\/\/www.autopint.com.uy\/wp-content\/uploads\/2020\/05\/cropped-Logo-2.png","width":600,"height":150,"caption":"Autopint-Carrepairsystem"},"image":{"@id":"https:\/\/www.autopint.com.uy\/#\/schema\/logo\/image\/"}}]}},"_links":{"self":[{"href":"https:\/\/www.autopint.com.uy\/index.php?rest_route=\/wp\/v2\/product\/1461"}],"collection":[{"href":"https:\/\/www.autopint.com.uy\/index.php?rest_route=\/wp\/v2\/product"}],"about":[{"href":"https:\/\/www.autopint.com.uy\/index.php?rest_route=\/wp\/v2\/types\/product"}],"wp:featuredmedia":[{"embeddable":true,"href":"https:\/\/www.autopint.com.uy\/index.php?rest_route=\/wp\/v2\/media\/1463"}],"wp:attachment":[{"href":"https:\/\/www.autopint.com.uy\/index.php?rest_route=%2Fwp%2Fv2%2Fmedia&parent=1461"}],"wp:term":[{"taxonomy":"product_cat","embeddable":true,"href":"https:\/\/www.autopint.com.uy\/index.php?rest_route=%2Fwp%2Fv2%2Fproduct_cat&post=1461"},{"taxonomy":"product_tag","embeddable":true,"href":"https:\/\/www.autopint.com.uy\/index.php?rest_route=%2Fwp%2Fv2%2Fproduct_tag&post=1461"}],"curies":[{"name":"wp","href":"https:\/\/api.w.org\/{rel}","templated":true}]}}