{"id":1483,"date":"2023-05-02T18:28:14","date_gmt":"2023-05-02T21:28:14","guid":{"rendered":"https:\/\/www.autopint.com.uy\/?post_type=product&#038;p=1483"},"modified":"2024-09-03T12:03:49","modified_gmt":"2024-09-03T15:03:49","slug":"pulimento-de-corte-onix-plus","status":"publish","type":"product","link":"https:\/\/www.autopint.com.uy\/?product=pulimento-de-corte-onix-plus","title":{"rendered":"Pulimento De Corte Onix Plus 1L"},"content":{"rendered":"<h2 class=\"product_title entry-title show-product-nav\">ONIX PLUS<\/h2>\n<div class=\"product-nav\">\n<div class=\"product-prev\"><\/div>\n<div class=\"product-next\"><\/div>\n<\/div>\n<div class=\"description woocommerce-product-details__short-description\">\n<p>&nbsp;<\/p>\n<p>ONIX PLUS es un pulimento en emulsi\u00f3n con micro part\u00edculas abrasivas de m\u00e1ximo poder de corte y brillo especialmente indicado para trabajos de acabado de pintura en superficies pintadas frescas y curadas, resistentes a los ara\u00f1azos profundos.<\/p>\n<ul>\n<li>Tecnolog\u00eda de abrasi\u00f3n progresiva inteligente SPA Plus<\/li>\n<li>M\u00e1ximo poder corte y brillo.<\/li>\n<li>No reseca la pasta al pulir.<\/li>\n<li>Baja emisi\u00f3n de temperatura.<\/li>\n<li>La pasta est\u00e1 libre de ceras, siliconas y olores desagradables.<\/li>\n<\/ul>\n<p>Su composici\u00f3n \u00a0permite un gran poder de corte y rapidez. Elimina con facilidad marcas de lijado a partir de P1000.<\/p>\n<\/div>\n<p>&nbsp;<\/p>\n","protected":false},"excerpt":{"rendered":"<p>ONIX PLUS &nbsp; ONIX PLUS es un pulimento en emulsi\u00f3n con micro part\u00edculas abrasivas de m\u00e1ximo poder de corte y brillo especialmente indicado para trabajos de acabado de pintura en superficies pintadas frescas y curadas, resistentes a los ara\u00f1azos profundos. Tecnolog\u00eda de abrasi\u00f3n progresiva inteligente SPA Plus M\u00e1ximo poder corte y brillo. No reseca la &hellip;<\/p>\n<p class=\"read-more\"> <a class=\"\" href=\"https:\/\/www.autopint.com.uy\/?product=pulimento-de-corte-onix-plus\"> <span class=\"screen-reader-text\">Pulimento De Corte Onix Plus 1L<\/span> Leer m\u00e1s &raquo;<\/a><\/p>\n","protected":false},"featured_media":1484,"template":"","meta":{"site-sidebar-layout":"default","site-content-layout":"default","ast-global-header-display":"","ast-main-header-display":"","ast-hfb-above-header-display":"","ast-hfb-below-header-display":"","ast-hfb-mobile-header-display":"","site-post-title":"","ast-breadcrumbs-content":"","ast-featured-img":"","footer-sml-layout":"","theme-transparent-header-meta":"default","adv-header-id-meta":"","stick-header-meta":"","header-above-stick-meta":"","header-main-stick-meta":"","header-below-stick-meta":"","_joinchat":[]},"product_cat":[41],"product_tag":[],"yoast_head":"<!-- This site is optimized with the Yoast SEO plugin v19.11 - https:\/\/yoast.com\/wordpress\/plugins\/seo\/ -->\n<title>Pulimento De Corte Onix Plus 1L &bull; AUTOPINT SHOP- Car Repair System - Herramientas - Protecci\u00f3n - Pulidos - Detailing<\/title>\n<meta name=\"description\" content=\"Pulimento de corte extremo Onix plus. M\u00e1ximo poder corte y brillo. No reseca la pasta al pulir. Baja emisi\u00f3n de temperatura. Autopint shop- carrepairsystem\" \/>\n<meta name=\"robots\" content=\"index, follow, max-snippet:-1, max-image-preview:large, max-video-preview:-1\" \/>\n<link rel=\"canonical\" href=\"https:\/\/www.autopint.com.uy\/?product=pulimento-de-corte-onix-plus\" \/>\n<meta property=\"og:locale\" content=\"es_ES\" \/>\n<meta property=\"og:type\" content=\"article\" \/>\n<meta property=\"og:title\" content=\"Pulimento De Corte Onix Plus 1L &bull; AUTOPINT SHOP- Car Repair System - Herramientas - Protecci\u00f3n - Pulidos - Detailing\" \/>\n<meta property=\"og:description\" content=\"Pulimento de corte extremo Onix plus. M\u00e1ximo poder corte y brillo. No reseca la pasta al pulir. Baja emisi\u00f3n de temperatura. Autopint shop- carrepairsystem\" \/>\n<meta property=\"og:url\" content=\"https:\/\/www.autopint.com.uy\/?product=pulimento-de-corte-onix-plus\" \/>\n<meta property=\"og:site_name\" content=\"AUTOPINT SHOP- Car Repair System - Herramientas - Protecci\u00f3n - Pulidos - Detailing\" \/>\n<meta property=\"article:modified_time\" content=\"2024-09-03T15:03:49+00:00\" \/>\n<meta property=\"og:image\" content=\"https:\/\/www.autopint.com.uy\/wp-content\/uploads\/2023\/05\/5010-000018_ONIX-PLUS-1KG-600x600-1.jpg\" \/>\n\t<meta property=\"og:image:width\" content=\"600\" \/>\n\t<meta property=\"og:image:height\" content=\"600\" \/>\n\t<meta property=\"og:image:type\" content=\"image\/jpeg\" \/>\n<meta name=\"twitter:card\" content=\"summary_large_image\" \/>\n<meta name=\"twitter:label1\" content=\"Tiempo de lectura\" \/>\n\t<meta name=\"twitter:data1\" content=\"1 minuto\" \/>\n<script type=\"application\/ld+json\" class=\"yoast-schema-graph\">{\"@context\":\"https:\/\/schema.org\",\"@graph\":[{\"@type\":\"WebPage\",\"@id\":\"https:\/\/www.autopint.com.uy\/?product=pulimento-de-corte-onix-plus\",\"url\":\"https:\/\/www.autopint.com.uy\/?product=pulimento-de-corte-onix-plus\",\"name\":\"Pulimento De Corte Onix Plus 1L &bull; AUTOPINT SHOP- Car Repair System - Herramientas - Protecci\u00f3n - Pulidos - Detailing\",\"isPartOf\":{\"@id\":\"https:\/\/www.autopint.com.uy\/#website\"},\"datePublished\":\"2023-05-02T21:28:14+00:00\",\"dateModified\":\"2024-09-03T15:03:49+00:00\",\"description\":\"Pulimento de corte extremo Onix plus. M\u00e1ximo poder corte y brillo. No reseca la pasta al pulir. Baja emisi\u00f3n de temperatura. Autopint shop- carrepairsystem\",\"breadcrumb\":{\"@id\":\"https:\/\/www.autopint.com.uy\/?product=pulimento-de-corte-onix-plus#breadcrumb\"},\"inLanguage\":\"es\",\"potentialAction\":[{\"@type\":\"ReadAction\",\"target\":[\"https:\/\/www.autopint.com.uy\/?product=pulimento-de-corte-onix-plus\"]}]},{\"@type\":\"BreadcrumbList\",\"@id\":\"https:\/\/www.autopint.com.uy\/?product=pulimento-de-corte-onix-plus#breadcrumb\",\"itemListElement\":[{\"@type\":\"ListItem\",\"position\":1,\"name\":\"Portada\",\"item\":\"https:\/\/www.autopint.com.uy\/\"},{\"@type\":\"ListItem\",\"position\":2,\"name\":\"Tienda\",\"item\":\"https:\/\/www.autopint.com.uy\/?page_id=51\"},{\"@type\":\"ListItem\",\"position\":3,\"name\":\"Pulimento De Corte Onix Plus 1L\"}]},{\"@type\":\"WebSite\",\"@id\":\"https:\/\/www.autopint.com.uy\/#website\",\"url\":\"https:\/\/www.autopint.com.uy\/\",\"name\":\"AUTOPINT SHOP- Car Repair System - Herramientas - Protecci\u00f3n - Pulidos - Detailing\",\"description\":\"IMPORTACION Y VENTA DE INSUMOS PARA REPINTADO AUTOMOTRIZ\",\"publisher\":{\"@id\":\"https:\/\/www.autopint.com.uy\/#organization\"},\"potentialAction\":[{\"@type\":\"SearchAction\",\"target\":{\"@type\":\"EntryPoint\",\"urlTemplate\":\"https:\/\/www.autopint.com.uy\/?s={search_term_string}\"},\"query-input\":\"required name=search_term_string\"}],\"inLanguage\":\"es\"},{\"@type\":\"Organization\",\"@id\":\"https:\/\/www.autopint.com.uy\/#organization\",\"name\":\"Autopint-Carrepairsystem\",\"url\":\"https:\/\/www.autopint.com.uy\/\",\"logo\":{\"@type\":\"ImageObject\",\"inLanguage\":\"es\",\"@id\":\"https:\/\/www.autopint.com.uy\/#\/schema\/logo\/image\/\",\"url\":\"https:\/\/www.autopint.com.uy\/wp-content\/uploads\/2020\/05\/cropped-Logo-2.png\",\"contentUrl\":\"https:\/\/www.autopint.com.uy\/wp-content\/uploads\/2020\/05\/cropped-Logo-2.png\",\"width\":600,\"height\":150,\"caption\":\"Autopint-Carrepairsystem\"},\"image\":{\"@id\":\"https:\/\/www.autopint.com.uy\/#\/schema\/logo\/image\/\"}}]}<\/script>\n<!-- \/ Yoast SEO plugin. -->","yoast_head_json":{"title":"Pulimento De Corte Onix Plus 1L &bull; AUTOPINT SHOP- Car Repair System - Herramientas - Protecci\u00f3n - Pulidos - Detailing","description":"Pulimento de corte extremo Onix plus. M\u00e1ximo poder corte y brillo. No reseca la pasta al pulir. Baja emisi\u00f3n de temperatura. Autopint shop- carrepairsystem","robots":{"index":"index","follow":"follow","max-snippet":"max-snippet:-1","max-image-preview":"max-image-preview:large","max-video-preview":"max-video-preview:-1"},"canonical":"https:\/\/www.autopint.com.uy\/?product=pulimento-de-corte-onix-plus","og_locale":"es_ES","og_type":"article","og_title":"Pulimento De Corte Onix Plus 1L &bull; AUTOPINT SHOP- Car Repair System - Herramientas - Protecci\u00f3n - Pulidos - Detailing","og_description":"Pulimento de corte extremo Onix plus. M\u00e1ximo poder corte y brillo. No reseca la pasta al pulir. Baja emisi\u00f3n de temperatura. Autopint shop- carrepairsystem","og_url":"https:\/\/www.autopint.com.uy\/?product=pulimento-de-corte-onix-plus","og_site_name":"AUTOPINT SHOP- Car Repair System - Herramientas - Protecci\u00f3n - Pulidos - Detailing","article_modified_time":"2024-09-03T15:03:49+00:00","og_image":[{"width":600,"height":600,"url":"https:\/\/www.autopint.com.uy\/wp-content\/uploads\/2023\/05\/5010-000018_ONIX-PLUS-1KG-600x600-1.jpg","type":"image\/jpeg"}],"twitter_card":"summary_large_image","twitter_misc":{"Tiempo de lectura":"1 minuto"},"schema":{"@context":"https:\/\/schema.org","@graph":[{"@type":"WebPage","@id":"https:\/\/www.autopint.com.uy\/?product=pulimento-de-corte-onix-plus","url":"https:\/\/www.autopint.com.uy\/?product=pulimento-de-corte-onix-plus","name":"Pulimento De Corte Onix Plus 1L &bull; AUTOPINT SHOP- Car Repair System - Herramientas - Protecci\u00f3n - Pulidos - Detailing","isPartOf":{"@id":"https:\/\/www.autopint.com.uy\/#website"},"datePublished":"2023-05-02T21:28:14+00:00","dateModified":"2024-09-03T15:03:49+00:00","description":"Pulimento de corte extremo Onix plus. M\u00e1ximo poder corte y brillo. No reseca la pasta al pulir. Baja emisi\u00f3n de temperatura. Autopint shop- carrepairsystem","breadcrumb":{"@id":"https:\/\/www.autopint.com.uy\/?product=pulimento-de-corte-onix-plus#breadcrumb"},"inLanguage":"es","potentialAction":[{"@type":"ReadAction","target":["https:\/\/www.autopint.com.uy\/?product=pulimento-de-corte-onix-plus"]}]},{"@type":"BreadcrumbList","@id":"https:\/\/www.autopint.com.uy\/?product=pulimento-de-corte-onix-plus#breadcrumb","itemListElement":[{"@type":"ListItem","position":1,"name":"Portada","item":"https:\/\/www.autopint.com.uy\/"},{"@type":"ListItem","position":2,"name":"Tienda","item":"https:\/\/www.autopint.com.uy\/?page_id=51"},{"@type":"ListItem","position":3,"name":"Pulimento De Corte Onix Plus 1L"}]},{"@type":"WebSite","@id":"https:\/\/www.autopint.com.uy\/#website","url":"https:\/\/www.autopint.com.uy\/","name":"AUTOPINT SHOP- Car Repair System - Herramientas - Protecci\u00f3n - Pulidos - Detailing","description":"IMPORTACION Y VENTA DE INSUMOS PARA REPINTADO AUTOMOTRIZ","publisher":{"@id":"https:\/\/www.autopint.com.uy\/#organization"},"potentialAction":[{"@type":"SearchAction","target":{"@type":"EntryPoint","urlTemplate":"https:\/\/www.autopint.com.uy\/?s={search_term_string}"},"query-input":"required name=search_term_string"}],"inLanguage":"es"},{"@type":"Organization","@id":"https:\/\/www.autopint.com.uy\/#organization","name":"Autopint-Carrepairsystem","url":"https:\/\/www.autopint.com.uy\/","logo":{"@type":"ImageObject","inLanguage":"es","@id":"https:\/\/www.autopint.com.uy\/#\/schema\/logo\/image\/","url":"https:\/\/www.autopint.com.uy\/wp-content\/uploads\/2020\/05\/cropped-Logo-2.png","contentUrl":"https:\/\/www.autopint.com.uy\/wp-content\/uploads\/2020\/05\/cropped-Logo-2.png","width":600,"height":150,"caption":"Autopint-Carrepairsystem"},"image":{"@id":"https:\/\/www.autopint.com.uy\/#\/schema\/logo\/image\/"}}]}},"_links":{"self":[{"href":"https:\/\/www.autopint.com.uy\/index.php?rest_route=\/wp\/v2\/product\/1483"}],"collection":[{"href":"https:\/\/www.autopint.com.uy\/index.php?rest_route=\/wp\/v2\/product"}],"about":[{"href":"https:\/\/www.autopint.com.uy\/index.php?rest_route=\/wp\/v2\/types\/product"}],"wp:featuredmedia":[{"embeddable":true,"href":"https:\/\/www.autopint.com.uy\/index.php?rest_route=\/wp\/v2\/media\/1484"}],"wp:attachment":[{"href":"https:\/\/www.autopint.com.uy\/index.php?rest_route=%2Fwp%2Fv2%2Fmedia&parent=1483"}],"wp:term":[{"taxonomy":"product_cat","embeddable":true,"href":"https:\/\/www.autopint.com.uy\/index.php?rest_route=%2Fwp%2Fv2%2Fproduct_cat&post=1483"},{"taxonomy":"product_tag","embeddable":true,"href":"https:\/\/www.autopint.com.uy\/index.php?rest_route=%2Fwp%2Fv2%2Fproduct_tag&post=1483"}],"curies":[{"name":"wp","href":"https:\/\/api.w.org\/{rel}","templated":true}]}}