{"id":1506,"date":"2023-05-05T19:44:37","date_gmt":"2023-05-05T22:44:37","guid":{"rendered":"https:\/\/www.autopint.com.uy\/?post_type=product&#038;p=1506"},"modified":"2026-02-11T10:03:09","modified_gmt":"2026-02-11T13:03:09","slug":"esponja-de-pulir-corte-extremo-verde-5","status":"publish","type":"product","link":"https:\/\/www.autopint.com.uy\/?product=esponja-de-pulir-corte-extremo-verde-5","title":{"rendered":"Esponja de Pulir Corte Extremo Verde 6&#8243;"},"content":{"rendered":"<h2 class=\"product_title entry-title show-product-nav\">ESPONJA DE PULIR EXTRA HIGH CUT VERDE<\/h2>\n<p>&nbsp;<\/p>\n<p class=\"p1\"><span class=\"fontstyle0\">Esponjas verdes high cut de un poder de corte extremo espec\u00edficas para el pulido y eliminaci\u00f3n de da\u00f1os profundos.<\/span><\/p>\n<p class=\"p1\"><span class=\"fontstyle0\">Disponibles en tres tama\u00f1os diferentes.<\/span><\/p>\n<p class=\"p1\"><span class=\"fontstyle0\">Su velcro est\u00e1 reforzado para soportar la fuerza ejercida por pulidoras profesionales.<\/span><\/p>\n","protected":false},"excerpt":{"rendered":"<p>ESPONJA DE PULIR EXTRA HIGH CUT VERDE &nbsp; Esponjas verdes high cut de un poder de corte extremo espec\u00edficas para el pulido y eliminaci\u00f3n de da\u00f1os profundos. Disponibles en tres tama\u00f1os diferentes. Su velcro est\u00e1 reforzado para soportar la fuerza ejercida por pulidoras profesionales.<\/p>\n","protected":false},"featured_media":1503,"template":"","meta":{"site-sidebar-layout":"default","site-content-layout":"default","ast-global-header-display":"","ast-main-header-display":"","ast-hfb-above-header-display":"","ast-hfb-below-header-display":"","ast-hfb-mobile-header-display":"","site-post-title":"","ast-breadcrumbs-content":"","ast-featured-img":"","footer-sml-layout":"","theme-transparent-header-meta":"default","adv-header-id-meta":"","stick-header-meta":"","header-above-stick-meta":"","header-main-stick-meta":"","header-below-stick-meta":"","_joinchat":[]},"product_cat":[37,35,42],"product_tag":[],"yoast_head":"<!-- This site is optimized with the Yoast SEO plugin v19.11 - https:\/\/yoast.com\/wordpress\/plugins\/seo\/ -->\n<title>Esponja de Pulir Corte Extremo Verde 6&quot; &bull; AUTOPINT SHOP- Car Repair System - Herramientas - Protecci\u00f3n - Pulidos - Detailing<\/title>\n<meta name=\"description\" content=\"Esponjas verdes high cut de un poder de corte extremo espec\u00edficas para el pulido y eliminaci\u00f3n de da\u00f1os profundos. su velcro esta reforzado. 6&quot;\" \/>\n<meta name=\"robots\" content=\"index, follow, max-snippet:-1, max-image-preview:large, max-video-preview:-1\" \/>\n<link rel=\"canonical\" href=\"https:\/\/www.autopint.com.uy\/?product=esponja-de-pulir-corte-extremo-verde-5\" \/>\n<meta property=\"og:locale\" content=\"es_ES\" \/>\n<meta property=\"og:type\" content=\"article\" \/>\n<meta property=\"og:title\" content=\"Esponja de Pulir Corte Extremo Verde 6&quot; &bull; AUTOPINT SHOP- Car Repair System - Herramientas - Protecci\u00f3n - Pulidos - Detailing\" \/>\n<meta property=\"og:description\" content=\"Esponjas verdes high cut de un poder de corte extremo espec\u00edficas para el pulido y eliminaci\u00f3n de da\u00f1os profundos. su velcro esta reforzado. 6&quot;\" \/>\n<meta property=\"og:url\" content=\"https:\/\/www.autopint.com.uy\/?product=esponja-de-pulir-corte-extremo-verde-5\" \/>\n<meta property=\"og:site_name\" content=\"AUTOPINT SHOP- Car Repair System - Herramientas - Protecci\u00f3n - Pulidos - Detailing\" \/>\n<meta property=\"article:modified_time\" content=\"2026-02-11T13:03:09+00:00\" \/>\n<meta property=\"og:image\" content=\"https:\/\/www.autopint.com.uy\/wp-content\/uploads\/2023\/05\/2004_007081_84_87_ESPONJA-DE-PULIR-EXTRA-HIGH-CUT-VERDE-600x600-1.jpg\" \/>\n\t<meta property=\"og:image:width\" content=\"600\" \/>\n\t<meta property=\"og:image:height\" content=\"600\" \/>\n\t<meta property=\"og:image:type\" content=\"image\/jpeg\" \/>\n<meta name=\"twitter:card\" content=\"summary_large_image\" \/>\n<meta name=\"twitter:label1\" content=\"Tiempo de lectura\" \/>\n\t<meta name=\"twitter:data1\" content=\"1 minuto\" \/>\n<script type=\"application\/ld+json\" class=\"yoast-schema-graph\">{\"@context\":\"https:\/\/schema.org\",\"@graph\":[{\"@type\":\"WebPage\",\"@id\":\"https:\/\/www.autopint.com.uy\/?product=esponja-de-pulir-corte-extremo-verde-5\",\"url\":\"https:\/\/www.autopint.com.uy\/?product=esponja-de-pulir-corte-extremo-verde-5\",\"name\":\"Esponja de Pulir Corte Extremo Verde 6\\\" &bull; AUTOPINT SHOP- Car Repair System - Herramientas - Protecci\u00f3n - Pulidos - Detailing\",\"isPartOf\":{\"@id\":\"https:\/\/www.autopint.com.uy\/#website\"},\"datePublished\":\"2023-05-05T22:44:37+00:00\",\"dateModified\":\"2026-02-11T13:03:09+00:00\",\"description\":\"Esponjas verdes high cut de un poder de corte extremo espec\u00edficas para el pulido y eliminaci\u00f3n de da\u00f1os profundos. su velcro esta reforzado. 6\\\"\",\"breadcrumb\":{\"@id\":\"https:\/\/www.autopint.com.uy\/?product=esponja-de-pulir-corte-extremo-verde-5#breadcrumb\"},\"inLanguage\":\"es\",\"potentialAction\":[{\"@type\":\"ReadAction\",\"target\":[\"https:\/\/www.autopint.com.uy\/?product=esponja-de-pulir-corte-extremo-verde-5\"]}]},{\"@type\":\"BreadcrumbList\",\"@id\":\"https:\/\/www.autopint.com.uy\/?product=esponja-de-pulir-corte-extremo-verde-5#breadcrumb\",\"itemListElement\":[{\"@type\":\"ListItem\",\"position\":1,\"name\":\"Portada\",\"item\":\"https:\/\/www.autopint.com.uy\/\"},{\"@type\":\"ListItem\",\"position\":2,\"name\":\"Tienda\",\"item\":\"https:\/\/www.autopint.com.uy\/?page_id=51\"},{\"@type\":\"ListItem\",\"position\":3,\"name\":\"Esponja de Pulir Corte Extremo Verde 6&#8243;\"}]},{\"@type\":\"WebSite\",\"@id\":\"https:\/\/www.autopint.com.uy\/#website\",\"url\":\"https:\/\/www.autopint.com.uy\/\",\"name\":\"AUTOPINT SHOP- Car Repair System - Herramientas - Protecci\u00f3n - Pulidos - Detailing\",\"description\":\"IMPORTACION Y VENTA DE INSUMOS PARA REPINTADO AUTOMOTRIZ\",\"publisher\":{\"@id\":\"https:\/\/www.autopint.com.uy\/#organization\"},\"potentialAction\":[{\"@type\":\"SearchAction\",\"target\":{\"@type\":\"EntryPoint\",\"urlTemplate\":\"https:\/\/www.autopint.com.uy\/?s={search_term_string}\"},\"query-input\":\"required name=search_term_string\"}],\"inLanguage\":\"es\"},{\"@type\":\"Organization\",\"@id\":\"https:\/\/www.autopint.com.uy\/#organization\",\"name\":\"Autopint-Carrepairsystem\",\"url\":\"https:\/\/www.autopint.com.uy\/\",\"logo\":{\"@type\":\"ImageObject\",\"inLanguage\":\"es\",\"@id\":\"https:\/\/www.autopint.com.uy\/#\/schema\/logo\/image\/\",\"url\":\"https:\/\/www.autopint.com.uy\/wp-content\/uploads\/2020\/05\/cropped-Logo-2.png\",\"contentUrl\":\"https:\/\/www.autopint.com.uy\/wp-content\/uploads\/2020\/05\/cropped-Logo-2.png\",\"width\":600,\"height\":150,\"caption\":\"Autopint-Carrepairsystem\"},\"image\":{\"@id\":\"https:\/\/www.autopint.com.uy\/#\/schema\/logo\/image\/\"}}]}<\/script>\n<!-- \/ Yoast SEO plugin. -->","yoast_head_json":{"title":"Esponja de Pulir Corte Extremo Verde 6\" &bull; AUTOPINT SHOP- Car Repair System - Herramientas - Protecci\u00f3n - Pulidos - Detailing","description":"Esponjas verdes high cut de un poder de corte extremo espec\u00edficas para el pulido y eliminaci\u00f3n de da\u00f1os profundos. su velcro esta reforzado. 6\"","robots":{"index":"index","follow":"follow","max-snippet":"max-snippet:-1","max-image-preview":"max-image-preview:large","max-video-preview":"max-video-preview:-1"},"canonical":"https:\/\/www.autopint.com.uy\/?product=esponja-de-pulir-corte-extremo-verde-5","og_locale":"es_ES","og_type":"article","og_title":"Esponja de Pulir Corte Extremo Verde 6\" &bull; AUTOPINT SHOP- Car Repair System - Herramientas - Protecci\u00f3n - Pulidos - Detailing","og_description":"Esponjas verdes high cut de un poder de corte extremo espec\u00edficas para el pulido y eliminaci\u00f3n de da\u00f1os profundos. su velcro esta reforzado. 6\"","og_url":"https:\/\/www.autopint.com.uy\/?product=esponja-de-pulir-corte-extremo-verde-5","og_site_name":"AUTOPINT SHOP- Car Repair System - Herramientas - Protecci\u00f3n - Pulidos - Detailing","article_modified_time":"2026-02-11T13:03:09+00:00","og_image":[{"width":600,"height":600,"url":"https:\/\/www.autopint.com.uy\/wp-content\/uploads\/2023\/05\/2004_007081_84_87_ESPONJA-DE-PULIR-EXTRA-HIGH-CUT-VERDE-600x600-1.jpg","type":"image\/jpeg"}],"twitter_card":"summary_large_image","twitter_misc":{"Tiempo de lectura":"1 minuto"},"schema":{"@context":"https:\/\/schema.org","@graph":[{"@type":"WebPage","@id":"https:\/\/www.autopint.com.uy\/?product=esponja-de-pulir-corte-extremo-verde-5","url":"https:\/\/www.autopint.com.uy\/?product=esponja-de-pulir-corte-extremo-verde-5","name":"Esponja de Pulir Corte Extremo Verde 6\" &bull; AUTOPINT SHOP- Car Repair System - Herramientas - Protecci\u00f3n - Pulidos - Detailing","isPartOf":{"@id":"https:\/\/www.autopint.com.uy\/#website"},"datePublished":"2023-05-05T22:44:37+00:00","dateModified":"2026-02-11T13:03:09+00:00","description":"Esponjas verdes high cut de un poder de corte extremo espec\u00edficas para el pulido y eliminaci\u00f3n de da\u00f1os profundos. su velcro esta reforzado. 6\"","breadcrumb":{"@id":"https:\/\/www.autopint.com.uy\/?product=esponja-de-pulir-corte-extremo-verde-5#breadcrumb"},"inLanguage":"es","potentialAction":[{"@type":"ReadAction","target":["https:\/\/www.autopint.com.uy\/?product=esponja-de-pulir-corte-extremo-verde-5"]}]},{"@type":"BreadcrumbList","@id":"https:\/\/www.autopint.com.uy\/?product=esponja-de-pulir-corte-extremo-verde-5#breadcrumb","itemListElement":[{"@type":"ListItem","position":1,"name":"Portada","item":"https:\/\/www.autopint.com.uy\/"},{"@type":"ListItem","position":2,"name":"Tienda","item":"https:\/\/www.autopint.com.uy\/?page_id=51"},{"@type":"ListItem","position":3,"name":"Esponja de Pulir Corte Extremo Verde 6&#8243;"}]},{"@type":"WebSite","@id":"https:\/\/www.autopint.com.uy\/#website","url":"https:\/\/www.autopint.com.uy\/","name":"AUTOPINT SHOP- Car Repair System - Herramientas - Protecci\u00f3n - Pulidos - Detailing","description":"IMPORTACION Y VENTA DE INSUMOS PARA REPINTADO AUTOMOTRIZ","publisher":{"@id":"https:\/\/www.autopint.com.uy\/#organization"},"potentialAction":[{"@type":"SearchAction","target":{"@type":"EntryPoint","urlTemplate":"https:\/\/www.autopint.com.uy\/?s={search_term_string}"},"query-input":"required name=search_term_string"}],"inLanguage":"es"},{"@type":"Organization","@id":"https:\/\/www.autopint.com.uy\/#organization","name":"Autopint-Carrepairsystem","url":"https:\/\/www.autopint.com.uy\/","logo":{"@type":"ImageObject","inLanguage":"es","@id":"https:\/\/www.autopint.com.uy\/#\/schema\/logo\/image\/","url":"https:\/\/www.autopint.com.uy\/wp-content\/uploads\/2020\/05\/cropped-Logo-2.png","contentUrl":"https:\/\/www.autopint.com.uy\/wp-content\/uploads\/2020\/05\/cropped-Logo-2.png","width":600,"height":150,"caption":"Autopint-Carrepairsystem"},"image":{"@id":"https:\/\/www.autopint.com.uy\/#\/schema\/logo\/image\/"}}]}},"_links":{"self":[{"href":"https:\/\/www.autopint.com.uy\/index.php?rest_route=\/wp\/v2\/product\/1506"}],"collection":[{"href":"https:\/\/www.autopint.com.uy\/index.php?rest_route=\/wp\/v2\/product"}],"about":[{"href":"https:\/\/www.autopint.com.uy\/index.php?rest_route=\/wp\/v2\/types\/product"}],"wp:featuredmedia":[{"embeddable":true,"href":"https:\/\/www.autopint.com.uy\/index.php?rest_route=\/wp\/v2\/media\/1503"}],"wp:attachment":[{"href":"https:\/\/www.autopint.com.uy\/index.php?rest_route=%2Fwp%2Fv2%2Fmedia&parent=1506"}],"wp:term":[{"taxonomy":"product_cat","embeddable":true,"href":"https:\/\/www.autopint.com.uy\/index.php?rest_route=%2Fwp%2Fv2%2Fproduct_cat&post=1506"},{"taxonomy":"product_tag","embeddable":true,"href":"https:\/\/www.autopint.com.uy\/index.php?rest_route=%2Fwp%2Fv2%2Fproduct_tag&post=1506"}],"curies":[{"name":"wp","href":"https:\/\/api.w.org\/{rel}","templated":true}]}}