{"id":1545,"date":"2023-05-22T20:50:59","date_gmt":"2023-05-22T23:50:59","guid":{"rendered":"https:\/\/www.autopint.com.uy\/?post_type=product&#038;p=1545"},"modified":"2026-03-05T16:46:33","modified_gmt":"2026-03-05T19:46:33","slug":"kit-maletin-de-martillos-para-chapista-9-pzas","status":"publish","type":"product","link":"https:\/\/www.autopint.com.uy\/?product=kit-maletin-de-martillos-para-chapista-9-pzas","title":{"rendered":"Kit Malet\u00edn De Martillos Para Chapista 9 pzas."},"content":{"rendered":"<p>Set De Martillos De Chapista<br \/>\nModelo: 73012<\/p>\n<p>Martillos con mango de fibra de vidrio<br \/>\nCon malet\u00edn pl\u00e1stico<br \/>\n9 Piezas<\/p>\n<p>es una extensa l\u00ednea de herramientas de calidad superior, enfocada al uso profesional en el taller y la industria.<img loading=\"lazy\" class=\"alignnone size-medium wp-image-1547\" src=\"https:\/\/www.autopint.com.uy\/wp-content\/uploads\/2023\/05\/maletin5-300x300.jpg\" alt=\"\" width=\"300\" height=\"300\" srcset=\"https:\/\/www.autopint.com.uy\/wp-content\/uploads\/2023\/05\/maletin5-300x300.jpg 300w, https:\/\/www.autopint.com.uy\/wp-content\/uploads\/2023\/05\/maletin5-1024x1024.jpg 1024w, https:\/\/www.autopint.com.uy\/wp-content\/uploads\/2023\/05\/maletin5-150x150.jpg 150w, https:\/\/www.autopint.com.uy\/wp-content\/uploads\/2023\/05\/maletin5-768x768.jpg 768w, https:\/\/www.autopint.com.uy\/wp-content\/uploads\/2023\/05\/maletin5-600x600.jpg 600w, https:\/\/www.autopint.com.uy\/wp-content\/uploads\/2023\/05\/maletin5-100x100.jpg 100w, https:\/\/www.autopint.com.uy\/wp-content\/uploads\/2023\/05\/maletin5-64x64.jpg 64w, https:\/\/www.autopint.com.uy\/wp-content\/uploads\/2023\/05\/maletin5.jpg 1080w\" sizes=\"(max-width: 300px) 100vw, 300px\" \/> <img loading=\"lazy\" class=\"alignnone size-medium wp-image-1548\" src=\"https:\/\/www.autopint.com.uy\/wp-content\/uploads\/2023\/05\/maletin3-300x300.jpg\" alt=\"\" width=\"300\" height=\"300\" srcset=\"https:\/\/www.autopint.com.uy\/wp-content\/uploads\/2023\/05\/maletin3-300x300.jpg 300w, https:\/\/www.autopint.com.uy\/wp-content\/uploads\/2023\/05\/maletin3-1024x1024.jpg 1024w, https:\/\/www.autopint.com.uy\/wp-content\/uploads\/2023\/05\/maletin3-150x150.jpg 150w, https:\/\/www.autopint.com.uy\/wp-content\/uploads\/2023\/05\/maletin3-768x768.jpg 768w, https:\/\/www.autopint.com.uy\/wp-content\/uploads\/2023\/05\/maletin3-600x600.jpg 600w, https:\/\/www.autopint.com.uy\/wp-content\/uploads\/2023\/05\/maletin3-100x100.jpg 100w, https:\/\/www.autopint.com.uy\/wp-content\/uploads\/2023\/05\/maletin3-64x64.jpg 64w, https:\/\/www.autopint.com.uy\/wp-content\/uploads\/2023\/05\/maletin3.jpg 1080w\" sizes=\"(max-width: 300px) 100vw, 300px\" \/> <img loading=\"lazy\" class=\"alignnone size-medium wp-image-1549\" src=\"https:\/\/www.autopint.com.uy\/wp-content\/uploads\/2023\/05\/meletin-3-300x300.jpg\" alt=\"\" width=\"300\" height=\"300\" srcset=\"https:\/\/www.autopint.com.uy\/wp-content\/uploads\/2023\/05\/meletin-3-300x300.jpg 300w, https:\/\/www.autopint.com.uy\/wp-content\/uploads\/2023\/05\/meletin-3-1024x1024.jpg 1024w, https:\/\/www.autopint.com.uy\/wp-content\/uploads\/2023\/05\/meletin-3-150x150.jpg 150w, https:\/\/www.autopint.com.uy\/wp-content\/uploads\/2023\/05\/meletin-3-768x768.jpg 768w, https:\/\/www.autopint.com.uy\/wp-content\/uploads\/2023\/05\/meletin-3-600x600.jpg 600w, https:\/\/www.autopint.com.uy\/wp-content\/uploads\/2023\/05\/meletin-3-100x100.jpg 100w, https:\/\/www.autopint.com.uy\/wp-content\/uploads\/2023\/05\/meletin-3-64x64.jpg 64w, https:\/\/www.autopint.com.uy\/wp-content\/uploads\/2023\/05\/meletin-3.jpg 1080w\" sizes=\"(max-width: 300px) 100vw, 300px\" \/> <img loading=\"lazy\" class=\"alignnone size-medium wp-image-1550\" src=\"https:\/\/www.autopint.com.uy\/wp-content\/uploads\/2023\/05\/meletin2-300x300.jpg\" alt=\"\" width=\"300\" height=\"300\" srcset=\"https:\/\/www.autopint.com.uy\/wp-content\/uploads\/2023\/05\/meletin2-300x300.jpg 300w, https:\/\/www.autopint.com.uy\/wp-content\/uploads\/2023\/05\/meletin2-1024x1024.jpg 1024w, https:\/\/www.autopint.com.uy\/wp-content\/uploads\/2023\/05\/meletin2-150x150.jpg 150w, https:\/\/www.autopint.com.uy\/wp-content\/uploads\/2023\/05\/meletin2-768x768.jpg 768w, https:\/\/www.autopint.com.uy\/wp-content\/uploads\/2023\/05\/meletin2-600x600.jpg 600w, https:\/\/www.autopint.com.uy\/wp-content\/uploads\/2023\/05\/meletin2-100x100.jpg 100w, https:\/\/www.autopint.com.uy\/wp-content\/uploads\/2023\/05\/meletin2-64x64.jpg 64w, https:\/\/www.autopint.com.uy\/wp-content\/uploads\/2023\/05\/meletin2.jpg 1080w\" sizes=\"(max-width: 300px) 100vw, 300px\" \/><\/p>\n","protected":false},"excerpt":{"rendered":"<p>Set De Martillos De Chapista Modelo: 73012 Martillos con mango de fibra de vidrio Con malet\u00edn pl\u00e1stico 9 Piezas es una extensa l\u00ednea de herramientas de calidad superior, enfocada al uso profesional en el taller y la industria.<\/p>\n","protected":false},"featured_media":1546,"template":"","meta":{"site-sidebar-layout":"default","site-content-layout":"default","ast-global-header-display":"","ast-main-header-display":"","ast-hfb-above-header-display":"","ast-hfb-below-header-display":"","ast-hfb-mobile-header-display":"","site-post-title":"","ast-breadcrumbs-content":"","ast-featured-img":"","footer-sml-layout":"","theme-transparent-header-meta":"default","adv-header-id-meta":"","stick-header-meta":"","header-above-stick-meta":"","header-main-stick-meta":"","header-below-stick-meta":"","_joinchat":[]},"product_cat":[22],"product_tag":[],"yoast_head":"<!-- This site is optimized with the Yoast SEO plugin v19.11 - https:\/\/yoast.com\/wordpress\/plugins\/seo\/ -->\n<title>Kit Malet\u00edn De Martillos Para Chapista 9 pzas. &bull; AUTOPINT SHOP- Car Repair System - Herramientas - Protecci\u00f3n - Pulidos - Detailing<\/title>\n<meta name=\"description\" content=\"set de martillos y aguantadores para chapista, incluye 7 piezas, los mangos de los martillos son de fibra de vidrio. el malet\u00edn viene incluido.\" \/>\n<meta name=\"robots\" content=\"index, follow, max-snippet:-1, max-image-preview:large, max-video-preview:-1\" \/>\n<link rel=\"canonical\" href=\"https:\/\/www.autopint.com.uy\/?product=kit-maletin-de-martillos-para-chapista-9-pzas\" \/>\n<meta property=\"og:locale\" content=\"es_ES\" \/>\n<meta property=\"og:type\" content=\"article\" \/>\n<meta property=\"og:title\" content=\"Kit Malet\u00edn De Martillos Para Chapista 9 pzas. &bull; AUTOPINT SHOP- Car Repair System - Herramientas - Protecci\u00f3n - Pulidos - Detailing\" \/>\n<meta property=\"og:description\" content=\"set de martillos y aguantadores para chapista, incluye 7 piezas, los mangos de los martillos son de fibra de vidrio. el malet\u00edn viene incluido.\" \/>\n<meta property=\"og:url\" content=\"https:\/\/www.autopint.com.uy\/?product=kit-maletin-de-martillos-para-chapista-9-pzas\" \/>\n<meta property=\"og:site_name\" content=\"AUTOPINT SHOP- Car Repair System - Herramientas - Protecci\u00f3n - Pulidos - Detailing\" \/>\n<meta property=\"article:modified_time\" content=\"2026-03-05T19:46:33+00:00\" \/>\n<meta property=\"og:image\" content=\"https:\/\/www.autopint.com.uy\/wp-content\/uploads\/2023\/05\/maletin.jpg\" \/>\n\t<meta property=\"og:image:width\" content=\"1080\" \/>\n\t<meta property=\"og:image:height\" content=\"1080\" \/>\n\t<meta property=\"og:image:type\" content=\"image\/jpeg\" \/>\n<meta name=\"twitter:card\" content=\"summary_large_image\" \/>\n<meta name=\"twitter:label1\" content=\"Tiempo de lectura\" \/>\n\t<meta name=\"twitter:data1\" content=\"1 minuto\" \/>\n<script type=\"application\/ld+json\" class=\"yoast-schema-graph\">{\"@context\":\"https:\/\/schema.org\",\"@graph\":[{\"@type\":\"WebPage\",\"@id\":\"https:\/\/www.autopint.com.uy\/?product=kit-maletin-de-martillos-para-chapista-9-pzas\",\"url\":\"https:\/\/www.autopint.com.uy\/?product=kit-maletin-de-martillos-para-chapista-9-pzas\",\"name\":\"Kit Malet\u00edn De Martillos Para Chapista 9 pzas. &bull; AUTOPINT SHOP- Car Repair System - Herramientas - Protecci\u00f3n - Pulidos - Detailing\",\"isPartOf\":{\"@id\":\"https:\/\/www.autopint.com.uy\/#website\"},\"datePublished\":\"2023-05-22T23:50:59+00:00\",\"dateModified\":\"2026-03-05T19:46:33+00:00\",\"description\":\"set de martillos y aguantadores para chapista, incluye 7 piezas, los mangos de los martillos son de fibra de vidrio. el malet\u00edn viene incluido.\",\"breadcrumb\":{\"@id\":\"https:\/\/www.autopint.com.uy\/?product=kit-maletin-de-martillos-para-chapista-9-pzas#breadcrumb\"},\"inLanguage\":\"es\",\"potentialAction\":[{\"@type\":\"ReadAction\",\"target\":[\"https:\/\/www.autopint.com.uy\/?product=kit-maletin-de-martillos-para-chapista-9-pzas\"]}]},{\"@type\":\"BreadcrumbList\",\"@id\":\"https:\/\/www.autopint.com.uy\/?product=kit-maletin-de-martillos-para-chapista-9-pzas#breadcrumb\",\"itemListElement\":[{\"@type\":\"ListItem\",\"position\":1,\"name\":\"Portada\",\"item\":\"https:\/\/www.autopint.com.uy\/\"},{\"@type\":\"ListItem\",\"position\":2,\"name\":\"Tienda\",\"item\":\"https:\/\/www.autopint.com.uy\/?page_id=51\"},{\"@type\":\"ListItem\",\"position\":3,\"name\":\"Kit Malet\u00edn De Martillos Para Chapista 9 pzas.\"}]},{\"@type\":\"WebSite\",\"@id\":\"https:\/\/www.autopint.com.uy\/#website\",\"url\":\"https:\/\/www.autopint.com.uy\/\",\"name\":\"AUTOPINT SHOP- Car Repair System - Herramientas - Protecci\u00f3n - Pulidos - Detailing\",\"description\":\"IMPORTACION Y VENTA DE INSUMOS PARA REPINTADO AUTOMOTRIZ\",\"publisher\":{\"@id\":\"https:\/\/www.autopint.com.uy\/#organization\"},\"potentialAction\":[{\"@type\":\"SearchAction\",\"target\":{\"@type\":\"EntryPoint\",\"urlTemplate\":\"https:\/\/www.autopint.com.uy\/?s={search_term_string}\"},\"query-input\":\"required name=search_term_string\"}],\"inLanguage\":\"es\"},{\"@type\":\"Organization\",\"@id\":\"https:\/\/www.autopint.com.uy\/#organization\",\"name\":\"Autopint-Carrepairsystem\",\"url\":\"https:\/\/www.autopint.com.uy\/\",\"logo\":{\"@type\":\"ImageObject\",\"inLanguage\":\"es\",\"@id\":\"https:\/\/www.autopint.com.uy\/#\/schema\/logo\/image\/\",\"url\":\"https:\/\/www.autopint.com.uy\/wp-content\/uploads\/2020\/05\/cropped-Logo-2.png\",\"contentUrl\":\"https:\/\/www.autopint.com.uy\/wp-content\/uploads\/2020\/05\/cropped-Logo-2.png\",\"width\":600,\"height\":150,\"caption\":\"Autopint-Carrepairsystem\"},\"image\":{\"@id\":\"https:\/\/www.autopint.com.uy\/#\/schema\/logo\/image\/\"}}]}<\/script>\n<!-- \/ Yoast SEO plugin. -->","yoast_head_json":{"title":"Kit Malet\u00edn De Martillos Para Chapista 9 pzas. &bull; AUTOPINT SHOP- Car Repair System - Herramientas - Protecci\u00f3n - Pulidos - Detailing","description":"set de martillos y aguantadores para chapista, incluye 7 piezas, los mangos de los martillos son de fibra de vidrio. el malet\u00edn viene incluido.","robots":{"index":"index","follow":"follow","max-snippet":"max-snippet:-1","max-image-preview":"max-image-preview:large","max-video-preview":"max-video-preview:-1"},"canonical":"https:\/\/www.autopint.com.uy\/?product=kit-maletin-de-martillos-para-chapista-9-pzas","og_locale":"es_ES","og_type":"article","og_title":"Kit Malet\u00edn De Martillos Para Chapista 9 pzas. &bull; AUTOPINT SHOP- Car Repair System - Herramientas - Protecci\u00f3n - Pulidos - Detailing","og_description":"set de martillos y aguantadores para chapista, incluye 7 piezas, los mangos de los martillos son de fibra de vidrio. el malet\u00edn viene incluido.","og_url":"https:\/\/www.autopint.com.uy\/?product=kit-maletin-de-martillos-para-chapista-9-pzas","og_site_name":"AUTOPINT SHOP- Car Repair System - Herramientas - Protecci\u00f3n - Pulidos - Detailing","article_modified_time":"2026-03-05T19:46:33+00:00","og_image":[{"width":1080,"height":1080,"url":"https:\/\/www.autopint.com.uy\/wp-content\/uploads\/2023\/05\/maletin.jpg","type":"image\/jpeg"}],"twitter_card":"summary_large_image","twitter_misc":{"Tiempo de lectura":"1 minuto"},"schema":{"@context":"https:\/\/schema.org","@graph":[{"@type":"WebPage","@id":"https:\/\/www.autopint.com.uy\/?product=kit-maletin-de-martillos-para-chapista-9-pzas","url":"https:\/\/www.autopint.com.uy\/?product=kit-maletin-de-martillos-para-chapista-9-pzas","name":"Kit Malet\u00edn De Martillos Para Chapista 9 pzas. &bull; AUTOPINT SHOP- Car Repair System - Herramientas - Protecci\u00f3n - Pulidos - Detailing","isPartOf":{"@id":"https:\/\/www.autopint.com.uy\/#website"},"datePublished":"2023-05-22T23:50:59+00:00","dateModified":"2026-03-05T19:46:33+00:00","description":"set de martillos y aguantadores para chapista, incluye 7 piezas, los mangos de los martillos son de fibra de vidrio. el malet\u00edn viene incluido.","breadcrumb":{"@id":"https:\/\/www.autopint.com.uy\/?product=kit-maletin-de-martillos-para-chapista-9-pzas#breadcrumb"},"inLanguage":"es","potentialAction":[{"@type":"ReadAction","target":["https:\/\/www.autopint.com.uy\/?product=kit-maletin-de-martillos-para-chapista-9-pzas"]}]},{"@type":"BreadcrumbList","@id":"https:\/\/www.autopint.com.uy\/?product=kit-maletin-de-martillos-para-chapista-9-pzas#breadcrumb","itemListElement":[{"@type":"ListItem","position":1,"name":"Portada","item":"https:\/\/www.autopint.com.uy\/"},{"@type":"ListItem","position":2,"name":"Tienda","item":"https:\/\/www.autopint.com.uy\/?page_id=51"},{"@type":"ListItem","position":3,"name":"Kit Malet\u00edn De Martillos Para Chapista 9 pzas."}]},{"@type":"WebSite","@id":"https:\/\/www.autopint.com.uy\/#website","url":"https:\/\/www.autopint.com.uy\/","name":"AUTOPINT SHOP- Car Repair System - Herramientas - Protecci\u00f3n - Pulidos - Detailing","description":"IMPORTACION Y VENTA DE INSUMOS PARA REPINTADO AUTOMOTRIZ","publisher":{"@id":"https:\/\/www.autopint.com.uy\/#organization"},"potentialAction":[{"@type":"SearchAction","target":{"@type":"EntryPoint","urlTemplate":"https:\/\/www.autopint.com.uy\/?s={search_term_string}"},"query-input":"required name=search_term_string"}],"inLanguage":"es"},{"@type":"Organization","@id":"https:\/\/www.autopint.com.uy\/#organization","name":"Autopint-Carrepairsystem","url":"https:\/\/www.autopint.com.uy\/","logo":{"@type":"ImageObject","inLanguage":"es","@id":"https:\/\/www.autopint.com.uy\/#\/schema\/logo\/image\/","url":"https:\/\/www.autopint.com.uy\/wp-content\/uploads\/2020\/05\/cropped-Logo-2.png","contentUrl":"https:\/\/www.autopint.com.uy\/wp-content\/uploads\/2020\/05\/cropped-Logo-2.png","width":600,"height":150,"caption":"Autopint-Carrepairsystem"},"image":{"@id":"https:\/\/www.autopint.com.uy\/#\/schema\/logo\/image\/"}}]}},"_links":{"self":[{"href":"https:\/\/www.autopint.com.uy\/index.php?rest_route=\/wp\/v2\/product\/1545"}],"collection":[{"href":"https:\/\/www.autopint.com.uy\/index.php?rest_route=\/wp\/v2\/product"}],"about":[{"href":"https:\/\/www.autopint.com.uy\/index.php?rest_route=\/wp\/v2\/types\/product"}],"wp:featuredmedia":[{"embeddable":true,"href":"https:\/\/www.autopint.com.uy\/index.php?rest_route=\/wp\/v2\/media\/1546"}],"wp:attachment":[{"href":"https:\/\/www.autopint.com.uy\/index.php?rest_route=%2Fwp%2Fv2%2Fmedia&parent=1545"}],"wp:term":[{"taxonomy":"product_cat","embeddable":true,"href":"https:\/\/www.autopint.com.uy\/index.php?rest_route=%2Fwp%2Fv2%2Fproduct_cat&post=1545"},{"taxonomy":"product_tag","embeddable":true,"href":"https:\/\/www.autopint.com.uy\/index.php?rest_route=%2Fwp%2Fv2%2Fproduct_tag&post=1545"}],"curies":[{"name":"wp","href":"https:\/\/api.w.org\/{rel}","templated":true}]}}