{"id":1606,"date":"2023-05-25T16:04:51","date_gmt":"2023-05-25T19:04:51","guid":{"rendered":"https:\/\/www.autopint.com.uy\/?post_type=product&#038;p=1606"},"modified":"2024-04-12T12:45:13","modified_gmt":"2024-04-12T15:45:13","slug":"limpia-espatulas-rojo","status":"publish","type":"product","link":"https:\/\/www.autopint.com.uy\/?product=limpia-espatulas-rojo","title":{"rendered":"Limpia Esp\u00e1tulas Rojo"},"content":{"rendered":"<h2 class=\"product_title entry-title show-product-nav\"><strong>SPATULA CLEANER<\/strong><\/h2>\n<div class=\"description woocommerce-product-details__short-description\">\n<h4><\/h4>\n<h4><strong>RECIPIENTE<\/strong><\/h4>\n<p><strong>Recipiente limpiador de esp\u00e1tulas de carrocero dise\u00f1ado para garantizar una limpieza r\u00e1pida y eficaz. Compatible con todos los disolventes de limpieza. Las esp\u00e1tulas se limpian al pasar a trav\u00e9s de la fibra interior sumergida en disolvente, quedando totalmente libre de residuos.<\/strong><\/p>\n<h4><strong>STAR BRITE<\/strong><\/h4>\n<p><strong><span class=\"fontstyle0\">Fibra de poli\u00e9ster compactada para la limpieza de esp\u00e1tulas con disolvente. Ideal para matizar.<\/span><\/strong><\/p>\n<\/div>\n","protected":false},"excerpt":{"rendered":"<p>SPATULA CLEANER RECIPIENTE Recipiente limpiador de esp\u00e1tulas de carrocero dise\u00f1ado para garantizar una limpieza r\u00e1pida y eficaz. Compatible con todos los disolventes de limpieza. Las esp\u00e1tulas se limpian al pasar a trav\u00e9s de la fibra interior sumergida en disolvente, quedando totalmente libre de residuos. STAR BRITE Fibra de poli\u00e9ster compactada para la limpieza de esp\u00e1tulas &hellip;<\/p>\n<p class=\"read-more\"> <a class=\"\" href=\"https:\/\/www.autopint.com.uy\/?product=limpia-espatulas-rojo\"> <span class=\"screen-reader-text\">Limpia Esp\u00e1tulas Rojo<\/span> Leer m\u00e1s &raquo;<\/a><\/p>\n","protected":false},"featured_media":1607,"template":"","meta":{"site-sidebar-layout":"default","site-content-layout":"default","ast-global-header-display":"","ast-main-header-display":"","ast-hfb-above-header-display":"","ast-hfb-below-header-display":"","ast-hfb-mobile-header-display":"","site-post-title":"","ast-breadcrumbs-content":"","ast-featured-img":"","footer-sml-layout":"","theme-transparent-header-meta":"default","adv-header-id-meta":"","stick-header-meta":"","header-above-stick-meta":"","header-main-stick-meta":"","header-below-stick-meta":"","_joinchat":[]},"product_cat":[22],"product_tag":[],"yoast_head":"<!-- This site is optimized with the Yoast SEO plugin v19.11 - https:\/\/yoast.com\/wordpress\/plugins\/seo\/ -->\n<title>Limpia Esp\u00e1tulas Rojo &bull; AUTOPINT SHOP- Car Repair System - Herramientas - Protecci\u00f3n - Pulidos - Detailing<\/title>\n<meta name=\"description\" content=\"Limpiador de esp\u00e1tulas. recipiente compatible con todos los disolventes de limpieza. fibra interior de poli\u00e9ster compactada para limpieza de la espatula.\" \/>\n<meta name=\"robots\" content=\"index, follow, max-snippet:-1, max-image-preview:large, max-video-preview:-1\" \/>\n<link rel=\"canonical\" href=\"https:\/\/www.autopint.com.uy\/?product=limpia-espatulas-rojo\" \/>\n<meta property=\"og:locale\" content=\"es_ES\" \/>\n<meta property=\"og:type\" content=\"article\" \/>\n<meta property=\"og:title\" content=\"Limpia Esp\u00e1tulas Rojo &bull; AUTOPINT SHOP- Car Repair System - Herramientas - Protecci\u00f3n - Pulidos - Detailing\" \/>\n<meta property=\"og:description\" content=\"Limpiador de esp\u00e1tulas. recipiente compatible con todos los disolventes de limpieza. fibra interior de poli\u00e9ster compactada para limpieza de la espatula.\" \/>\n<meta property=\"og:url\" content=\"https:\/\/www.autopint.com.uy\/?product=limpia-espatulas-rojo\" \/>\n<meta property=\"og:site_name\" content=\"AUTOPINT SHOP- Car Repair System - Herramientas - Protecci\u00f3n - Pulidos - Detailing\" \/>\n<meta property=\"article:modified_time\" content=\"2024-04-12T15:45:13+00:00\" \/>\n<meta property=\"og:image\" content=\"https:\/\/www.autopint.com.uy\/wp-content\/uploads\/2023\/05\/2004-1700-600x600-LIMPIA-ESPATULAS.jpg\" \/>\n\t<meta property=\"og:image:width\" content=\"600\" \/>\n\t<meta property=\"og:image:height\" content=\"600\" \/>\n\t<meta property=\"og:image:type\" content=\"image\/jpeg\" \/>\n<meta name=\"twitter:card\" content=\"summary_large_image\" \/>\n<meta name=\"twitter:label1\" content=\"Tiempo de lectura\" \/>\n\t<meta name=\"twitter:data1\" content=\"1 minuto\" \/>\n<script type=\"application\/ld+json\" class=\"yoast-schema-graph\">{\"@context\":\"https:\/\/schema.org\",\"@graph\":[{\"@type\":\"WebPage\",\"@id\":\"https:\/\/www.autopint.com.uy\/?product=limpia-espatulas-rojo\",\"url\":\"https:\/\/www.autopint.com.uy\/?product=limpia-espatulas-rojo\",\"name\":\"Limpia Esp\u00e1tulas Rojo &bull; AUTOPINT SHOP- Car Repair System - Herramientas - Protecci\u00f3n - Pulidos - Detailing\",\"isPartOf\":{\"@id\":\"https:\/\/www.autopint.com.uy\/#website\"},\"datePublished\":\"2023-05-25T19:04:51+00:00\",\"dateModified\":\"2024-04-12T15:45:13+00:00\",\"description\":\"Limpiador de esp\u00e1tulas. recipiente compatible con todos los disolventes de limpieza. fibra interior de poli\u00e9ster compactada para limpieza de la espatula.\",\"breadcrumb\":{\"@id\":\"https:\/\/www.autopint.com.uy\/?product=limpia-espatulas-rojo#breadcrumb\"},\"inLanguage\":\"es\",\"potentialAction\":[{\"@type\":\"ReadAction\",\"target\":[\"https:\/\/www.autopint.com.uy\/?product=limpia-espatulas-rojo\"]}]},{\"@type\":\"BreadcrumbList\",\"@id\":\"https:\/\/www.autopint.com.uy\/?product=limpia-espatulas-rojo#breadcrumb\",\"itemListElement\":[{\"@type\":\"ListItem\",\"position\":1,\"name\":\"Portada\",\"item\":\"https:\/\/www.autopint.com.uy\/\"},{\"@type\":\"ListItem\",\"position\":2,\"name\":\"Tienda\",\"item\":\"https:\/\/www.autopint.com.uy\/?page_id=51\"},{\"@type\":\"ListItem\",\"position\":3,\"name\":\"Limpia Esp\u00e1tulas Rojo\"}]},{\"@type\":\"WebSite\",\"@id\":\"https:\/\/www.autopint.com.uy\/#website\",\"url\":\"https:\/\/www.autopint.com.uy\/\",\"name\":\"AUTOPINT SHOP- Car Repair System - Herramientas - Protecci\u00f3n - Pulidos - Detailing\",\"description\":\"IMPORTACION Y VENTA DE INSUMOS PARA REPINTADO AUTOMOTRIZ\",\"publisher\":{\"@id\":\"https:\/\/www.autopint.com.uy\/#organization\"},\"potentialAction\":[{\"@type\":\"SearchAction\",\"target\":{\"@type\":\"EntryPoint\",\"urlTemplate\":\"https:\/\/www.autopint.com.uy\/?s={search_term_string}\"},\"query-input\":\"required name=search_term_string\"}],\"inLanguage\":\"es\"},{\"@type\":\"Organization\",\"@id\":\"https:\/\/www.autopint.com.uy\/#organization\",\"name\":\"Autopint-Carrepairsystem\",\"url\":\"https:\/\/www.autopint.com.uy\/\",\"logo\":{\"@type\":\"ImageObject\",\"inLanguage\":\"es\",\"@id\":\"https:\/\/www.autopint.com.uy\/#\/schema\/logo\/image\/\",\"url\":\"https:\/\/www.autopint.com.uy\/wp-content\/uploads\/2020\/05\/cropped-Logo-2.png\",\"contentUrl\":\"https:\/\/www.autopint.com.uy\/wp-content\/uploads\/2020\/05\/cropped-Logo-2.png\",\"width\":600,\"height\":150,\"caption\":\"Autopint-Carrepairsystem\"},\"image\":{\"@id\":\"https:\/\/www.autopint.com.uy\/#\/schema\/logo\/image\/\"}}]}<\/script>\n<!-- \/ Yoast SEO plugin. -->","yoast_head_json":{"title":"Limpia Esp\u00e1tulas Rojo &bull; AUTOPINT SHOP- Car Repair System - Herramientas - Protecci\u00f3n - Pulidos - Detailing","description":"Limpiador de esp\u00e1tulas. recipiente compatible con todos los disolventes de limpieza. fibra interior de poli\u00e9ster compactada para limpieza de la espatula.","robots":{"index":"index","follow":"follow","max-snippet":"max-snippet:-1","max-image-preview":"max-image-preview:large","max-video-preview":"max-video-preview:-1"},"canonical":"https:\/\/www.autopint.com.uy\/?product=limpia-espatulas-rojo","og_locale":"es_ES","og_type":"article","og_title":"Limpia Esp\u00e1tulas Rojo &bull; AUTOPINT SHOP- Car Repair System - Herramientas - Protecci\u00f3n - Pulidos - Detailing","og_description":"Limpiador de esp\u00e1tulas. recipiente compatible con todos los disolventes de limpieza. fibra interior de poli\u00e9ster compactada para limpieza de la espatula.","og_url":"https:\/\/www.autopint.com.uy\/?product=limpia-espatulas-rojo","og_site_name":"AUTOPINT SHOP- Car Repair System - Herramientas - Protecci\u00f3n - Pulidos - Detailing","article_modified_time":"2024-04-12T15:45:13+00:00","og_image":[{"width":600,"height":600,"url":"https:\/\/www.autopint.com.uy\/wp-content\/uploads\/2023\/05\/2004-1700-600x600-LIMPIA-ESPATULAS.jpg","type":"image\/jpeg"}],"twitter_card":"summary_large_image","twitter_misc":{"Tiempo de lectura":"1 minuto"},"schema":{"@context":"https:\/\/schema.org","@graph":[{"@type":"WebPage","@id":"https:\/\/www.autopint.com.uy\/?product=limpia-espatulas-rojo","url":"https:\/\/www.autopint.com.uy\/?product=limpia-espatulas-rojo","name":"Limpia Esp\u00e1tulas Rojo &bull; AUTOPINT SHOP- Car Repair System - Herramientas - Protecci\u00f3n - Pulidos - Detailing","isPartOf":{"@id":"https:\/\/www.autopint.com.uy\/#website"},"datePublished":"2023-05-25T19:04:51+00:00","dateModified":"2024-04-12T15:45:13+00:00","description":"Limpiador de esp\u00e1tulas. recipiente compatible con todos los disolventes de limpieza. fibra interior de poli\u00e9ster compactada para limpieza de la espatula.","breadcrumb":{"@id":"https:\/\/www.autopint.com.uy\/?product=limpia-espatulas-rojo#breadcrumb"},"inLanguage":"es","potentialAction":[{"@type":"ReadAction","target":["https:\/\/www.autopint.com.uy\/?product=limpia-espatulas-rojo"]}]},{"@type":"BreadcrumbList","@id":"https:\/\/www.autopint.com.uy\/?product=limpia-espatulas-rojo#breadcrumb","itemListElement":[{"@type":"ListItem","position":1,"name":"Portada","item":"https:\/\/www.autopint.com.uy\/"},{"@type":"ListItem","position":2,"name":"Tienda","item":"https:\/\/www.autopint.com.uy\/?page_id=51"},{"@type":"ListItem","position":3,"name":"Limpia Esp\u00e1tulas Rojo"}]},{"@type":"WebSite","@id":"https:\/\/www.autopint.com.uy\/#website","url":"https:\/\/www.autopint.com.uy\/","name":"AUTOPINT SHOP- Car Repair System - Herramientas - Protecci\u00f3n - Pulidos - Detailing","description":"IMPORTACION Y VENTA DE INSUMOS PARA REPINTADO AUTOMOTRIZ","publisher":{"@id":"https:\/\/www.autopint.com.uy\/#organization"},"potentialAction":[{"@type":"SearchAction","target":{"@type":"EntryPoint","urlTemplate":"https:\/\/www.autopint.com.uy\/?s={search_term_string}"},"query-input":"required name=search_term_string"}],"inLanguage":"es"},{"@type":"Organization","@id":"https:\/\/www.autopint.com.uy\/#organization","name":"Autopint-Carrepairsystem","url":"https:\/\/www.autopint.com.uy\/","logo":{"@type":"ImageObject","inLanguage":"es","@id":"https:\/\/www.autopint.com.uy\/#\/schema\/logo\/image\/","url":"https:\/\/www.autopint.com.uy\/wp-content\/uploads\/2020\/05\/cropped-Logo-2.png","contentUrl":"https:\/\/www.autopint.com.uy\/wp-content\/uploads\/2020\/05\/cropped-Logo-2.png","width":600,"height":150,"caption":"Autopint-Carrepairsystem"},"image":{"@id":"https:\/\/www.autopint.com.uy\/#\/schema\/logo\/image\/"}}]}},"_links":{"self":[{"href":"https:\/\/www.autopint.com.uy\/index.php?rest_route=\/wp\/v2\/product\/1606"}],"collection":[{"href":"https:\/\/www.autopint.com.uy\/index.php?rest_route=\/wp\/v2\/product"}],"about":[{"href":"https:\/\/www.autopint.com.uy\/index.php?rest_route=\/wp\/v2\/types\/product"}],"wp:featuredmedia":[{"embeddable":true,"href":"https:\/\/www.autopint.com.uy\/index.php?rest_route=\/wp\/v2\/media\/1607"}],"wp:attachment":[{"href":"https:\/\/www.autopint.com.uy\/index.php?rest_route=%2Fwp%2Fv2%2Fmedia&parent=1606"}],"wp:term":[{"taxonomy":"product_cat","embeddable":true,"href":"https:\/\/www.autopint.com.uy\/index.php?rest_route=%2Fwp%2Fv2%2Fproduct_cat&post=1606"},{"taxonomy":"product_tag","embeddable":true,"href":"https:\/\/www.autopint.com.uy\/index.php?rest_route=%2Fwp%2Fv2%2Fproduct_tag&post=1606"}],"curies":[{"name":"wp","href":"https:\/\/api.w.org\/{rel}","templated":true}]}}