{"id":1623,"date":"2023-05-26T20:11:37","date_gmt":"2023-05-26T23:11:37","guid":{"rendered":"https:\/\/www.autopint.com.uy\/?post_type=product&#038;p=1623"},"modified":"2025-10-07T16:29:01","modified_gmt":"2025-10-07T19:29:01","slug":"ceramico-mothers-cmx-700ml","status":"publish","type":"product","link":"https:\/\/www.autopint.com.uy\/?product=ceramico-mothers-cmx-700ml","title":{"rendered":"Cer\u00e1mico Mothers CMX 700ml"},"content":{"rendered":"<p><strong>Mothers CMX Recubrimiento Cer\u00e1mico<\/strong><\/p>\n<p>El recubrimiento cer\u00e1mico Mothers CMX \u2122, una f\u00f3rmula de protecci\u00f3n s\u00faper hidr\u00f3foba, asequible, f\u00e1cil de usar, de grado profesional, ultra duradera. Con la mezcla de SiO2 (di\u00f3xido de silicio) y TiO2 (di\u00f3xido de titanio)., esta poderosa combinaci\u00f3n proporciona una protecci\u00f3n a largo plazo contra los elementos, sin sacrificar la claridad \u00f3ptica real, la profundidad extrema y esa apariencia de cristal l\u00edquido. Util\u00edcelo como un producto independiente o como un refuerzo sobre su sellador o recubrimiento cer\u00e1mico existente. Lavar y cuidar su veh\u00edculo nunca ha sido tan f\u00e1cil.<br \/>\nMade in Usa<\/p>\n","protected":false},"excerpt":{"rendered":"<p>Mothers CMX Recubrimiento Cer\u00e1mico El recubrimiento cer\u00e1mico Mothers CMX \u2122, una f\u00f3rmula de protecci\u00f3n s\u00faper hidr\u00f3foba, asequible, f\u00e1cil de usar, de grado profesional, ultra duradera. Con la mezcla de SiO2 (di\u00f3xido de silicio) y TiO2 (di\u00f3xido de titanio)., esta poderosa combinaci\u00f3n proporciona una protecci\u00f3n a largo plazo contra los elementos, sin sacrificar la claridad \u00f3ptica &hellip;<\/p>\n<p class=\"read-more\"> <a class=\"\" href=\"https:\/\/www.autopint.com.uy\/?product=ceramico-mothers-cmx-700ml\"> <span class=\"screen-reader-text\">Cer\u00e1mico Mothers CMX 700ml<\/span> Leer m\u00e1s &raquo;<\/a><\/p>\n","protected":false},"featured_media":1624,"template":"","meta":{"site-sidebar-layout":"default","site-content-layout":"default","ast-global-header-display":"","ast-main-header-display":"","ast-hfb-above-header-display":"","ast-hfb-below-header-display":"","ast-hfb-mobile-header-display":"","site-post-title":"","ast-breadcrumbs-content":"","ast-featured-img":"","footer-sml-layout":"","theme-transparent-header-meta":"default","adv-header-id-meta":"","stick-header-meta":"","header-above-stick-meta":"","header-main-stick-meta":"","header-below-stick-meta":"","_joinchat":[]},"product_cat":[41,29],"product_tag":[],"yoast_head":"<!-- This site is optimized with the Yoast SEO plugin v19.11 - https:\/\/yoast.com\/wordpress\/plugins\/seo\/ -->\n<title>Cer\u00e1mico Mothers CMX 700ml &bull; AUTOPINT SHOP- Car Repair System - Herramientas - Protecci\u00f3n - Pulidos - Detailing<\/title>\n<meta name=\"description\" content=\"El recubrimiento cer\u00e1mico Mothers CMX \u2122, una f\u00f3rmula de protecci\u00f3n s\u00faper hidr\u00f3foba, asequible, f\u00e1cil de usar, de grado profesional, ultra duradera.\" \/>\n<meta name=\"robots\" content=\"index, follow, max-snippet:-1, max-image-preview:large, max-video-preview:-1\" \/>\n<link rel=\"canonical\" href=\"https:\/\/www.autopint.com.uy\/?product=ceramico-mothers-cmx-700ml\" \/>\n<meta property=\"og:locale\" content=\"es_ES\" \/>\n<meta property=\"og:type\" content=\"article\" \/>\n<meta property=\"og:title\" content=\"Cer\u00e1mico Mothers CMX 700ml &bull; AUTOPINT SHOP- Car Repair System - Herramientas - Protecci\u00f3n - Pulidos - Detailing\" \/>\n<meta property=\"og:description\" content=\"El recubrimiento cer\u00e1mico Mothers CMX \u2122, una f\u00f3rmula de protecci\u00f3n s\u00faper hidr\u00f3foba, asequible, f\u00e1cil de usar, de grado profesional, ultra duradera.\" \/>\n<meta property=\"og:url\" content=\"https:\/\/www.autopint.com.uy\/?product=ceramico-mothers-cmx-700ml\" \/>\n<meta property=\"og:site_name\" content=\"AUTOPINT SHOP- Car Repair System - Herramientas - Protecci\u00f3n - Pulidos - Detailing\" \/>\n<meta property=\"article:modified_time\" content=\"2025-10-07T19:29:01+00:00\" \/>\n<meta property=\"og:image\" content=\"https:\/\/www.autopint.com.uy\/wp-content\/uploads\/2023\/05\/CMXMOTHERS.jpg\" \/>\n\t<meta property=\"og:image:width\" content=\"1080\" \/>\n\t<meta property=\"og:image:height\" content=\"1080\" \/>\n\t<meta property=\"og:image:type\" content=\"image\/jpeg\" \/>\n<meta name=\"twitter:card\" content=\"summary_large_image\" \/>\n<meta name=\"twitter:label1\" content=\"Tiempo de lectura\" \/>\n\t<meta name=\"twitter:data1\" content=\"1 minuto\" \/>\n<script type=\"application\/ld+json\" class=\"yoast-schema-graph\">{\"@context\":\"https:\/\/schema.org\",\"@graph\":[{\"@type\":\"WebPage\",\"@id\":\"https:\/\/www.autopint.com.uy\/?product=ceramico-mothers-cmx-700ml\",\"url\":\"https:\/\/www.autopint.com.uy\/?product=ceramico-mothers-cmx-700ml\",\"name\":\"Cer\u00e1mico Mothers CMX 700ml &bull; AUTOPINT SHOP- Car Repair System - Herramientas - Protecci\u00f3n - Pulidos - Detailing\",\"isPartOf\":{\"@id\":\"https:\/\/www.autopint.com.uy\/#website\"},\"datePublished\":\"2023-05-26T23:11:37+00:00\",\"dateModified\":\"2025-10-07T19:29:01+00:00\",\"description\":\"El recubrimiento cer\u00e1mico Mothers CMX \u2122, una f\u00f3rmula de protecci\u00f3n s\u00faper hidr\u00f3foba, asequible, f\u00e1cil de usar, de grado profesional, ultra duradera.\",\"breadcrumb\":{\"@id\":\"https:\/\/www.autopint.com.uy\/?product=ceramico-mothers-cmx-700ml#breadcrumb\"},\"inLanguage\":\"es\",\"potentialAction\":[{\"@type\":\"ReadAction\",\"target\":[\"https:\/\/www.autopint.com.uy\/?product=ceramico-mothers-cmx-700ml\"]}]},{\"@type\":\"BreadcrumbList\",\"@id\":\"https:\/\/www.autopint.com.uy\/?product=ceramico-mothers-cmx-700ml#breadcrumb\",\"itemListElement\":[{\"@type\":\"ListItem\",\"position\":1,\"name\":\"Portada\",\"item\":\"https:\/\/www.autopint.com.uy\/\"},{\"@type\":\"ListItem\",\"position\":2,\"name\":\"Tienda\",\"item\":\"https:\/\/www.autopint.com.uy\/?page_id=51\"},{\"@type\":\"ListItem\",\"position\":3,\"name\":\"Cer\u00e1mico Mothers CMX 700ml\"}]},{\"@type\":\"WebSite\",\"@id\":\"https:\/\/www.autopint.com.uy\/#website\",\"url\":\"https:\/\/www.autopint.com.uy\/\",\"name\":\"AUTOPINT SHOP- Car Repair System - Herramientas - Protecci\u00f3n - Pulidos - Detailing\",\"description\":\"IMPORTACION Y VENTA DE INSUMOS PARA REPINTADO AUTOMOTRIZ\",\"publisher\":{\"@id\":\"https:\/\/www.autopint.com.uy\/#organization\"},\"potentialAction\":[{\"@type\":\"SearchAction\",\"target\":{\"@type\":\"EntryPoint\",\"urlTemplate\":\"https:\/\/www.autopint.com.uy\/?s={search_term_string}\"},\"query-input\":\"required name=search_term_string\"}],\"inLanguage\":\"es\"},{\"@type\":\"Organization\",\"@id\":\"https:\/\/www.autopint.com.uy\/#organization\",\"name\":\"Autopint-Carrepairsystem\",\"url\":\"https:\/\/www.autopint.com.uy\/\",\"logo\":{\"@type\":\"ImageObject\",\"inLanguage\":\"es\",\"@id\":\"https:\/\/www.autopint.com.uy\/#\/schema\/logo\/image\/\",\"url\":\"https:\/\/www.autopint.com.uy\/wp-content\/uploads\/2020\/05\/cropped-Logo-2.png\",\"contentUrl\":\"https:\/\/www.autopint.com.uy\/wp-content\/uploads\/2020\/05\/cropped-Logo-2.png\",\"width\":600,\"height\":150,\"caption\":\"Autopint-Carrepairsystem\"},\"image\":{\"@id\":\"https:\/\/www.autopint.com.uy\/#\/schema\/logo\/image\/\"}}]}<\/script>\n<!-- \/ Yoast SEO plugin. -->","yoast_head_json":{"title":"Cer\u00e1mico Mothers CMX 700ml &bull; AUTOPINT SHOP- Car Repair System - Herramientas - Protecci\u00f3n - Pulidos - Detailing","description":"El recubrimiento cer\u00e1mico Mothers CMX \u2122, una f\u00f3rmula de protecci\u00f3n s\u00faper hidr\u00f3foba, asequible, f\u00e1cil de usar, de grado profesional, ultra duradera.","robots":{"index":"index","follow":"follow","max-snippet":"max-snippet:-1","max-image-preview":"max-image-preview:large","max-video-preview":"max-video-preview:-1"},"canonical":"https:\/\/www.autopint.com.uy\/?product=ceramico-mothers-cmx-700ml","og_locale":"es_ES","og_type":"article","og_title":"Cer\u00e1mico Mothers CMX 700ml &bull; AUTOPINT SHOP- Car Repair System - Herramientas - Protecci\u00f3n - Pulidos - Detailing","og_description":"El recubrimiento cer\u00e1mico Mothers CMX \u2122, una f\u00f3rmula de protecci\u00f3n s\u00faper hidr\u00f3foba, asequible, f\u00e1cil de usar, de grado profesional, ultra duradera.","og_url":"https:\/\/www.autopint.com.uy\/?product=ceramico-mothers-cmx-700ml","og_site_name":"AUTOPINT SHOP- Car Repair System - Herramientas - Protecci\u00f3n - Pulidos - Detailing","article_modified_time":"2025-10-07T19:29:01+00:00","og_image":[{"width":1080,"height":1080,"url":"https:\/\/www.autopint.com.uy\/wp-content\/uploads\/2023\/05\/CMXMOTHERS.jpg","type":"image\/jpeg"}],"twitter_card":"summary_large_image","twitter_misc":{"Tiempo de lectura":"1 minuto"},"schema":{"@context":"https:\/\/schema.org","@graph":[{"@type":"WebPage","@id":"https:\/\/www.autopint.com.uy\/?product=ceramico-mothers-cmx-700ml","url":"https:\/\/www.autopint.com.uy\/?product=ceramico-mothers-cmx-700ml","name":"Cer\u00e1mico Mothers CMX 700ml &bull; AUTOPINT SHOP- Car Repair System - Herramientas - Protecci\u00f3n - Pulidos - Detailing","isPartOf":{"@id":"https:\/\/www.autopint.com.uy\/#website"},"datePublished":"2023-05-26T23:11:37+00:00","dateModified":"2025-10-07T19:29:01+00:00","description":"El recubrimiento cer\u00e1mico Mothers CMX \u2122, una f\u00f3rmula de protecci\u00f3n s\u00faper hidr\u00f3foba, asequible, f\u00e1cil de usar, de grado profesional, ultra duradera.","breadcrumb":{"@id":"https:\/\/www.autopint.com.uy\/?product=ceramico-mothers-cmx-700ml#breadcrumb"},"inLanguage":"es","potentialAction":[{"@type":"ReadAction","target":["https:\/\/www.autopint.com.uy\/?product=ceramico-mothers-cmx-700ml"]}]},{"@type":"BreadcrumbList","@id":"https:\/\/www.autopint.com.uy\/?product=ceramico-mothers-cmx-700ml#breadcrumb","itemListElement":[{"@type":"ListItem","position":1,"name":"Portada","item":"https:\/\/www.autopint.com.uy\/"},{"@type":"ListItem","position":2,"name":"Tienda","item":"https:\/\/www.autopint.com.uy\/?page_id=51"},{"@type":"ListItem","position":3,"name":"Cer\u00e1mico Mothers CMX 700ml"}]},{"@type":"WebSite","@id":"https:\/\/www.autopint.com.uy\/#website","url":"https:\/\/www.autopint.com.uy\/","name":"AUTOPINT SHOP- Car Repair System - Herramientas - Protecci\u00f3n - Pulidos - Detailing","description":"IMPORTACION Y VENTA DE INSUMOS PARA REPINTADO AUTOMOTRIZ","publisher":{"@id":"https:\/\/www.autopint.com.uy\/#organization"},"potentialAction":[{"@type":"SearchAction","target":{"@type":"EntryPoint","urlTemplate":"https:\/\/www.autopint.com.uy\/?s={search_term_string}"},"query-input":"required name=search_term_string"}],"inLanguage":"es"},{"@type":"Organization","@id":"https:\/\/www.autopint.com.uy\/#organization","name":"Autopint-Carrepairsystem","url":"https:\/\/www.autopint.com.uy\/","logo":{"@type":"ImageObject","inLanguage":"es","@id":"https:\/\/www.autopint.com.uy\/#\/schema\/logo\/image\/","url":"https:\/\/www.autopint.com.uy\/wp-content\/uploads\/2020\/05\/cropped-Logo-2.png","contentUrl":"https:\/\/www.autopint.com.uy\/wp-content\/uploads\/2020\/05\/cropped-Logo-2.png","width":600,"height":150,"caption":"Autopint-Carrepairsystem"},"image":{"@id":"https:\/\/www.autopint.com.uy\/#\/schema\/logo\/image\/"}}]}},"_links":{"self":[{"href":"https:\/\/www.autopint.com.uy\/index.php?rest_route=\/wp\/v2\/product\/1623"}],"collection":[{"href":"https:\/\/www.autopint.com.uy\/index.php?rest_route=\/wp\/v2\/product"}],"about":[{"href":"https:\/\/www.autopint.com.uy\/index.php?rest_route=\/wp\/v2\/types\/product"}],"wp:featuredmedia":[{"embeddable":true,"href":"https:\/\/www.autopint.com.uy\/index.php?rest_route=\/wp\/v2\/media\/1624"}],"wp:attachment":[{"href":"https:\/\/www.autopint.com.uy\/index.php?rest_route=%2Fwp%2Fv2%2Fmedia&parent=1623"}],"wp:term":[{"taxonomy":"product_cat","embeddable":true,"href":"https:\/\/www.autopint.com.uy\/index.php?rest_route=%2Fwp%2Fv2%2Fproduct_cat&post=1623"},{"taxonomy":"product_tag","embeddable":true,"href":"https:\/\/www.autopint.com.uy\/index.php?rest_route=%2Fwp%2Fv2%2Fproduct_tag&post=1623"}],"curies":[{"name":"wp","href":"https:\/\/api.w.org\/{rel}","templated":true}]}}