{"id":1692,"date":"2023-08-17T16:42:38","date_gmt":"2023-08-17T19:42:38","guid":{"rendered":"https:\/\/www.autopint.com.uy\/?post_type=product&#038;p=1692"},"modified":"2025-08-04T11:35:13","modified_gmt":"2025-08-04T14:35:13","slug":"mameluco-pintor-antiestatico-poliester-high-efficiency","status":"publish","type":"product","link":"https:\/\/www.autopint.com.uy\/?product=mameluco-pintor-antiestatico-poliester-high-efficiency","title":{"rendered":"Mameluco De Pintor Poli\u00e9ster Antiest\u00e1tico High Efficiency Carrepairsystem"},"content":{"rendered":"<div class=\"product-summary-wrap\">\n<div class=\"row\">\n<div class=\"summary entry-summary col-md-7\">\n<h2 class=\"product_title entry-title show-product-nav\">MAMELUCO DE PINTOR HIGH EFFICIENCY<\/h2>\n<div class=\"product-nav\">\n<div class=\"product-prev\"><\/div>\n<div class=\"product-next\"><\/div>\n<\/div>\n<div class=\"description woocommerce-product-details__short-description\">\n<p>Mono de pintor de poli\u00e9ster con caracter\u00edsticas de Alta Eficiencia que favorecen el trabajo en el taller.<\/p>\n<ul>\n<li>\n<h5>Capucha de ajuste ideal con campo visual del 100%<\/h5>\n<\/li>\n<li>\n<h5>Cremallera con solapa de protecci\u00f3n.<\/h5>\n<\/li>\n<li>\n<h5>Pu\u00f1os el\u00e1sticos de algod\u00f3n ajustables.<\/h5>\n<\/li>\n<\/ul>\n<p><img loading=\"lazy\" class=\"alignnone size-medium wp-image-1694\" src=\"https:\/\/www.autopint.com.uy\/wp-content\/uploads\/2023\/08\/WhatsApp-Image-2023-08-17-at-16.24.13-227x300.jpeg\" alt=\"\" width=\"227\" height=\"300\" srcset=\"https:\/\/www.autopint.com.uy\/wp-content\/uploads\/2023\/08\/WhatsApp-Image-2023-08-17-at-16.24.13-227x300.jpeg 227w, https:\/\/www.autopint.com.uy\/wp-content\/uploads\/2023\/08\/WhatsApp-Image-2023-08-17-at-16.24.13-600x792.jpeg 600w, https:\/\/www.autopint.com.uy\/wp-content\/uploads\/2023\/08\/WhatsApp-Image-2023-08-17-at-16.24.13-64x85.jpeg 64w, https:\/\/www.autopint.com.uy\/wp-content\/uploads\/2023\/08\/WhatsApp-Image-2023-08-17-at-16.24.13.jpeg 739w\" sizes=\"(max-width: 227px) 100vw, 227px\" \/> <img loading=\"lazy\" class=\"alignnone size-medium wp-image-1695\" src=\"https:\/\/www.autopint.com.uy\/wp-content\/uploads\/2023\/08\/mono-high-3-300x300.png\" alt=\"\" width=\"300\" height=\"300\" srcset=\"https:\/\/www.autopint.com.uy\/wp-content\/uploads\/2023\/08\/mono-high-3-300x300.png 300w, https:\/\/www.autopint.com.uy\/wp-content\/uploads\/2023\/08\/mono-high-3-150x150.png 150w, https:\/\/www.autopint.com.uy\/wp-content\/uploads\/2023\/08\/mono-high-3-100x100.png 100w, https:\/\/www.autopint.com.uy\/wp-content\/uploads\/2023\/08\/mono-high-3-64x64.png 64w, https:\/\/www.autopint.com.uy\/wp-content\/uploads\/2023\/08\/mono-high-3.png 600w\" sizes=\"(max-width: 300px) 100vw, 300px\" \/> <img loading=\"lazy\" class=\"alignnone size-medium wp-image-1696\" src=\"https:\/\/www.autopint.com.uy\/wp-content\/uploads\/2023\/08\/mono-high-2-300x300.png\" alt=\"\" width=\"300\" height=\"300\" srcset=\"https:\/\/www.autopint.com.uy\/wp-content\/uploads\/2023\/08\/mono-high-2-300x300.png 300w, https:\/\/www.autopint.com.uy\/wp-content\/uploads\/2023\/08\/mono-high-2-150x150.png 150w, https:\/\/www.autopint.com.uy\/wp-content\/uploads\/2023\/08\/mono-high-2-100x100.png 100w, https:\/\/www.autopint.com.uy\/wp-content\/uploads\/2023\/08\/mono-high-2-64x64.png 64w, https:\/\/www.autopint.com.uy\/wp-content\/uploads\/2023\/08\/mono-high-2.png 600w\" sizes=\"(max-width: 300px) 100vw, 300px\" \/><\/p>\n<\/div>\n<div class=\"product_meta\"><\/div>\n<\/div>\n<\/div>\n<\/div>\n<div id=\"product-tab\" class=\"woocommerce-tabs woocommerce-tabs-q145qldz resp-htabs\">\n<div class=\"resp-tabs-container\"><\/div>\n<\/div>\n","protected":false},"excerpt":{"rendered":"<p>MAMELUCO DE PINTOR HIGH EFFICIENCY Mono de pintor de poli\u00e9ster con caracter\u00edsticas de Alta Eficiencia que favorecen el trabajo en el taller. Capucha de ajuste ideal con campo visual del 100% Cremallera con solapa de protecci\u00f3n. Pu\u00f1os el\u00e1sticos de algod\u00f3n ajustables.<\/p>\n","protected":false},"featured_media":1693,"template":"","meta":{"site-sidebar-layout":"default","site-content-layout":"default","ast-global-header-display":"","ast-main-header-display":"","ast-hfb-above-header-display":"","ast-hfb-below-header-display":"","ast-hfb-mobile-header-display":"","site-post-title":"","ast-breadcrumbs-content":"","ast-featured-img":"","footer-sml-layout":"","theme-transparent-header-meta":"default","adv-header-id-meta":"","stick-header-meta":"","header-above-stick-meta":"","header-main-stick-meta":"","header-below-stick-meta":"","_joinchat":{"telephone":"+59898715457"}},"product_cat":[23],"product_tag":[],"yoast_head":"<!-- This site is optimized with the Yoast SEO plugin v19.11 - https:\/\/yoast.com\/wordpress\/plugins\/seo\/ -->\n<title>Mameluco De Pintor Poli\u00e9ster Antiest\u00e1tico High Efficiency Carrepairsystem &bull; AUTOPINT SHOP- Car Repair System - Herramientas - Protecci\u00f3n - Pulidos - Detailing<\/title>\n<meta name=\"description\" content=\"mameluco de pintor antiest\u00e1tico, poli\u00e9ster, color negro. hihg efficiency CAR REPAIR SYSTEM. cierre, manga larga y pu\u00f1os en los extremos. varios talles.\" \/>\n<meta name=\"robots\" content=\"index, follow, max-snippet:-1, max-image-preview:large, max-video-preview:-1\" \/>\n<link rel=\"canonical\" href=\"https:\/\/www.autopint.com.uy\/?product=mameluco-pintor-antiestatico-poliester-high-efficiency\" \/>\n<meta property=\"og:locale\" content=\"es_ES\" \/>\n<meta property=\"og:type\" content=\"article\" \/>\n<meta property=\"og:title\" content=\"Mameluco De Pintor Poli\u00e9ster Antiest\u00e1tico High Efficiency Carrepairsystem &bull; AUTOPINT SHOP- Car Repair System - Herramientas - Protecci\u00f3n - Pulidos - Detailing\" \/>\n<meta property=\"og:description\" content=\"mameluco de pintor antiest\u00e1tico, poli\u00e9ster, color negro. hihg efficiency CAR REPAIR SYSTEM. cierre, manga larga y pu\u00f1os en los extremos. varios talles.\" \/>\n<meta property=\"og:url\" content=\"https:\/\/www.autopint.com.uy\/?product=mameluco-pintor-antiestatico-poliester-high-efficiency\" \/>\n<meta property=\"og:site_name\" content=\"AUTOPINT SHOP- Car Repair System - Herramientas - Protecci\u00f3n - Pulidos - Detailing\" \/>\n<meta property=\"article:modified_time\" content=\"2025-08-04T14:35:13+00:00\" \/>\n<meta property=\"og:image\" content=\"https:\/\/www.autopint.com.uy\/wp-content\/uploads\/2023\/08\/mono-high-1.png\" \/>\n\t<meta property=\"og:image:width\" content=\"600\" \/>\n\t<meta property=\"og:image:height\" content=\"600\" \/>\n\t<meta property=\"og:image:type\" content=\"image\/png\" \/>\n<meta name=\"twitter:card\" content=\"summary_large_image\" \/>\n<meta name=\"twitter:label1\" content=\"Tiempo de lectura\" \/>\n\t<meta name=\"twitter:data1\" content=\"1 minuto\" \/>\n<script type=\"application\/ld+json\" class=\"yoast-schema-graph\">{\"@context\":\"https:\/\/schema.org\",\"@graph\":[{\"@type\":\"WebPage\",\"@id\":\"https:\/\/www.autopint.com.uy\/?product=mameluco-pintor-antiestatico-poliester-high-efficiency\",\"url\":\"https:\/\/www.autopint.com.uy\/?product=mameluco-pintor-antiestatico-poliester-high-efficiency\",\"name\":\"Mameluco De Pintor Poli\u00e9ster Antiest\u00e1tico High Efficiency Carrepairsystem &bull; AUTOPINT SHOP- Car Repair System - Herramientas - Protecci\u00f3n - Pulidos - Detailing\",\"isPartOf\":{\"@id\":\"https:\/\/www.autopint.com.uy\/#website\"},\"datePublished\":\"2023-08-17T19:42:38+00:00\",\"dateModified\":\"2025-08-04T14:35:13+00:00\",\"description\":\"mameluco de pintor antiest\u00e1tico, poli\u00e9ster, color negro. hihg efficiency CAR REPAIR SYSTEM. cierre, manga larga y pu\u00f1os en los extremos. varios talles.\",\"breadcrumb\":{\"@id\":\"https:\/\/www.autopint.com.uy\/?product=mameluco-pintor-antiestatico-poliester-high-efficiency#breadcrumb\"},\"inLanguage\":\"es\",\"potentialAction\":[{\"@type\":\"ReadAction\",\"target\":[\"https:\/\/www.autopint.com.uy\/?product=mameluco-pintor-antiestatico-poliester-high-efficiency\"]}]},{\"@type\":\"BreadcrumbList\",\"@id\":\"https:\/\/www.autopint.com.uy\/?product=mameluco-pintor-antiestatico-poliester-high-efficiency#breadcrumb\",\"itemListElement\":[{\"@type\":\"ListItem\",\"position\":1,\"name\":\"Portada\",\"item\":\"https:\/\/www.autopint.com.uy\/\"},{\"@type\":\"ListItem\",\"position\":2,\"name\":\"Tienda\",\"item\":\"https:\/\/www.autopint.com.uy\/?page_id=51\"},{\"@type\":\"ListItem\",\"position\":3,\"name\":\"Mameluco De Pintor Poli\u00e9ster Antiest\u00e1tico High Efficiency Carrepairsystem\"}]},{\"@type\":\"WebSite\",\"@id\":\"https:\/\/www.autopint.com.uy\/#website\",\"url\":\"https:\/\/www.autopint.com.uy\/\",\"name\":\"AUTOPINT SHOP- Car Repair System - Herramientas - Protecci\u00f3n - Pulidos - Detailing\",\"description\":\"IMPORTACION Y VENTA DE INSUMOS PARA REPINTADO AUTOMOTRIZ\",\"publisher\":{\"@id\":\"https:\/\/www.autopint.com.uy\/#organization\"},\"potentialAction\":[{\"@type\":\"SearchAction\",\"target\":{\"@type\":\"EntryPoint\",\"urlTemplate\":\"https:\/\/www.autopint.com.uy\/?s={search_term_string}\"},\"query-input\":\"required name=search_term_string\"}],\"inLanguage\":\"es\"},{\"@type\":\"Organization\",\"@id\":\"https:\/\/www.autopint.com.uy\/#organization\",\"name\":\"Autopint-Carrepairsystem\",\"url\":\"https:\/\/www.autopint.com.uy\/\",\"logo\":{\"@type\":\"ImageObject\",\"inLanguage\":\"es\",\"@id\":\"https:\/\/www.autopint.com.uy\/#\/schema\/logo\/image\/\",\"url\":\"https:\/\/www.autopint.com.uy\/wp-content\/uploads\/2020\/05\/cropped-Logo-2.png\",\"contentUrl\":\"https:\/\/www.autopint.com.uy\/wp-content\/uploads\/2020\/05\/cropped-Logo-2.png\",\"width\":600,\"height\":150,\"caption\":\"Autopint-Carrepairsystem\"},\"image\":{\"@id\":\"https:\/\/www.autopint.com.uy\/#\/schema\/logo\/image\/\"}}]}<\/script>\n<!-- \/ Yoast SEO plugin. -->","yoast_head_json":{"title":"Mameluco De Pintor Poli\u00e9ster Antiest\u00e1tico High Efficiency Carrepairsystem &bull; AUTOPINT SHOP- Car Repair System - Herramientas - Protecci\u00f3n - Pulidos - Detailing","description":"mameluco de pintor antiest\u00e1tico, poli\u00e9ster, color negro. hihg efficiency CAR REPAIR SYSTEM. cierre, manga larga y pu\u00f1os en los extremos. varios talles.","robots":{"index":"index","follow":"follow","max-snippet":"max-snippet:-1","max-image-preview":"max-image-preview:large","max-video-preview":"max-video-preview:-1"},"canonical":"https:\/\/www.autopint.com.uy\/?product=mameluco-pintor-antiestatico-poliester-high-efficiency","og_locale":"es_ES","og_type":"article","og_title":"Mameluco De Pintor Poli\u00e9ster Antiest\u00e1tico High Efficiency Carrepairsystem &bull; AUTOPINT SHOP- Car Repair System - Herramientas - Protecci\u00f3n - Pulidos - Detailing","og_description":"mameluco de pintor antiest\u00e1tico, poli\u00e9ster, color negro. hihg efficiency CAR REPAIR SYSTEM. cierre, manga larga y pu\u00f1os en los extremos. varios talles.","og_url":"https:\/\/www.autopint.com.uy\/?product=mameluco-pintor-antiestatico-poliester-high-efficiency","og_site_name":"AUTOPINT SHOP- Car Repair System - Herramientas - Protecci\u00f3n - Pulidos - Detailing","article_modified_time":"2025-08-04T14:35:13+00:00","og_image":[{"width":600,"height":600,"url":"https:\/\/www.autopint.com.uy\/wp-content\/uploads\/2023\/08\/mono-high-1.png","type":"image\/png"}],"twitter_card":"summary_large_image","twitter_misc":{"Tiempo de lectura":"1 minuto"},"schema":{"@context":"https:\/\/schema.org","@graph":[{"@type":"WebPage","@id":"https:\/\/www.autopint.com.uy\/?product=mameluco-pintor-antiestatico-poliester-high-efficiency","url":"https:\/\/www.autopint.com.uy\/?product=mameluco-pintor-antiestatico-poliester-high-efficiency","name":"Mameluco De Pintor Poli\u00e9ster Antiest\u00e1tico High Efficiency Carrepairsystem &bull; AUTOPINT SHOP- Car Repair System - Herramientas - Protecci\u00f3n - Pulidos - Detailing","isPartOf":{"@id":"https:\/\/www.autopint.com.uy\/#website"},"datePublished":"2023-08-17T19:42:38+00:00","dateModified":"2025-08-04T14:35:13+00:00","description":"mameluco de pintor antiest\u00e1tico, poli\u00e9ster, color negro. hihg efficiency CAR REPAIR SYSTEM. cierre, manga larga y pu\u00f1os en los extremos. varios talles.","breadcrumb":{"@id":"https:\/\/www.autopint.com.uy\/?product=mameluco-pintor-antiestatico-poliester-high-efficiency#breadcrumb"},"inLanguage":"es","potentialAction":[{"@type":"ReadAction","target":["https:\/\/www.autopint.com.uy\/?product=mameluco-pintor-antiestatico-poliester-high-efficiency"]}]},{"@type":"BreadcrumbList","@id":"https:\/\/www.autopint.com.uy\/?product=mameluco-pintor-antiestatico-poliester-high-efficiency#breadcrumb","itemListElement":[{"@type":"ListItem","position":1,"name":"Portada","item":"https:\/\/www.autopint.com.uy\/"},{"@type":"ListItem","position":2,"name":"Tienda","item":"https:\/\/www.autopint.com.uy\/?page_id=51"},{"@type":"ListItem","position":3,"name":"Mameluco De Pintor Poli\u00e9ster Antiest\u00e1tico High Efficiency Carrepairsystem"}]},{"@type":"WebSite","@id":"https:\/\/www.autopint.com.uy\/#website","url":"https:\/\/www.autopint.com.uy\/","name":"AUTOPINT SHOP- Car Repair System - Herramientas - Protecci\u00f3n - Pulidos - Detailing","description":"IMPORTACION Y VENTA DE INSUMOS PARA REPINTADO AUTOMOTRIZ","publisher":{"@id":"https:\/\/www.autopint.com.uy\/#organization"},"potentialAction":[{"@type":"SearchAction","target":{"@type":"EntryPoint","urlTemplate":"https:\/\/www.autopint.com.uy\/?s={search_term_string}"},"query-input":"required name=search_term_string"}],"inLanguage":"es"},{"@type":"Organization","@id":"https:\/\/www.autopint.com.uy\/#organization","name":"Autopint-Carrepairsystem","url":"https:\/\/www.autopint.com.uy\/","logo":{"@type":"ImageObject","inLanguage":"es","@id":"https:\/\/www.autopint.com.uy\/#\/schema\/logo\/image\/","url":"https:\/\/www.autopint.com.uy\/wp-content\/uploads\/2020\/05\/cropped-Logo-2.png","contentUrl":"https:\/\/www.autopint.com.uy\/wp-content\/uploads\/2020\/05\/cropped-Logo-2.png","width":600,"height":150,"caption":"Autopint-Carrepairsystem"},"image":{"@id":"https:\/\/www.autopint.com.uy\/#\/schema\/logo\/image\/"}}]}},"_links":{"self":[{"href":"https:\/\/www.autopint.com.uy\/index.php?rest_route=\/wp\/v2\/product\/1692"}],"collection":[{"href":"https:\/\/www.autopint.com.uy\/index.php?rest_route=\/wp\/v2\/product"}],"about":[{"href":"https:\/\/www.autopint.com.uy\/index.php?rest_route=\/wp\/v2\/types\/product"}],"wp:featuredmedia":[{"embeddable":true,"href":"https:\/\/www.autopint.com.uy\/index.php?rest_route=\/wp\/v2\/media\/1693"}],"wp:attachment":[{"href":"https:\/\/www.autopint.com.uy\/index.php?rest_route=%2Fwp%2Fv2%2Fmedia&parent=1692"}],"wp:term":[{"taxonomy":"product_cat","embeddable":true,"href":"https:\/\/www.autopint.com.uy\/index.php?rest_route=%2Fwp%2Fv2%2Fproduct_cat&post=1692"},{"taxonomy":"product_tag","embeddable":true,"href":"https:\/\/www.autopint.com.uy\/index.php?rest_route=%2Fwp%2Fv2%2Fproduct_tag&post=1692"}],"curies":[{"name":"wp","href":"https:\/\/api.w.org\/{rel}","templated":true}]}}