{"id":1737,"date":"2023-08-21T12:36:55","date_gmt":"2023-08-21T15:36:55","guid":{"rendered":"https:\/\/www.autopint.com.uy\/?post_type=product&#038;p=1737"},"modified":"2024-01-16T17:49:29","modified_gmt":"2024-01-16T20:49:29","slug":"pulverizador-para-hacer-espuma-1-5-litros-bomba","status":"publish","type":"product","link":"https:\/\/www.autopint.com.uy\/?product=pulverizador-para-hacer-espuma-1-5-litros-bomba","title":{"rendered":"Pulverizador Para Hacer Espuma 1.5 Litros Bomba"},"content":{"rendered":"<p>Espumadora Manual Max Shine.<br \/>\nPara el uso de todo tipo de shampoo y detergentes.<br \/>\nCapacidad: 1.5 Litros<\/p>\n<p>El Rociador de Espuma de MaxShine es la ideal para el cuidado del autom\u00f3vil, el hogar y la limpieza industrial, proporciona una soluci\u00f3n espumosa para limpiar ruedas, exterior, telas y tapicer\u00edas<\/p>\n<p>&nbsp;<\/p>\n<p><img loading=\"lazy\" class=\"alignnone size-medium wp-image-1739\" src=\"https:\/\/www.autopint.com.uy\/wp-content\/uploads\/2023\/08\/PULVMSJPG2-300x300.jpg\" alt=\"\" width=\"300\" height=\"300\" srcset=\"https:\/\/www.autopint.com.uy\/wp-content\/uploads\/2023\/08\/PULVMSJPG2-300x300.jpg 300w, https:\/\/www.autopint.com.uy\/wp-content\/uploads\/2023\/08\/PULVMSJPG2-1024x1024.jpg 1024w, https:\/\/www.autopint.com.uy\/wp-content\/uploads\/2023\/08\/PULVMSJPG2-150x150.jpg 150w, https:\/\/www.autopint.com.uy\/wp-content\/uploads\/2023\/08\/PULVMSJPG2-768x768.jpg 768w, https:\/\/www.autopint.com.uy\/wp-content\/uploads\/2023\/08\/PULVMSJPG2-600x600.jpg 600w, https:\/\/www.autopint.com.uy\/wp-content\/uploads\/2023\/08\/PULVMSJPG2-100x100.jpg 100w, https:\/\/www.autopint.com.uy\/wp-content\/uploads\/2023\/08\/PULVMSJPG2-64x64.jpg 64w, https:\/\/www.autopint.com.uy\/wp-content\/uploads\/2023\/08\/PULVMSJPG2.jpg 1080w\" sizes=\"(max-width: 300px) 100vw, 300px\" \/><\/p>\n","protected":false},"excerpt":{"rendered":"<p>Espumadora Manual Max Shine. Para el uso de todo tipo de shampoo y detergentes. Capacidad: 1.5 Litros El Rociador de Espuma de MaxShine es la ideal para el cuidado del autom\u00f3vil, el hogar y la limpieza industrial, proporciona una soluci\u00f3n espumosa para limpiar ruedas, exterior, telas y tapicer\u00edas &nbsp;<\/p>\n","protected":false},"featured_media":1738,"template":"","meta":{"site-sidebar-layout":"default","site-content-layout":"default","ast-global-header-display":"","ast-main-header-display":"","ast-hfb-above-header-display":"","ast-hfb-below-header-display":"","ast-hfb-mobile-header-display":"","site-post-title":"","ast-breadcrumbs-content":"","ast-featured-img":"","footer-sml-layout":"","theme-transparent-header-meta":"default","adv-header-id-meta":"","stick-header-meta":"","header-above-stick-meta":"","header-main-stick-meta":"","header-below-stick-meta":"","_joinchat":{"telephone":"+59898715457"}},"product_cat":[28],"product_tag":[],"yoast_head":"<!-- This site is optimized with the Yoast SEO plugin v19.11 - https:\/\/yoast.com\/wordpress\/plugins\/seo\/ -->\n<title>Pulverizador Para Hacer Espuma 1.5 Litros Bomba &bull; AUTOPINT SHOP- Car Repair System - Herramientas - Protecci\u00f3n - Pulidos - Detailing<\/title>\n<meta name=\"description\" content=\"El Rociador de Espuma de MaxShine es la ideal para el cuidado del autom\u00f3vil, el hogar y la limpieza industrial. Autopint Shop-\" \/>\n<meta name=\"robots\" content=\"index, follow, max-snippet:-1, max-image-preview:large, max-video-preview:-1\" \/>\n<link rel=\"canonical\" href=\"https:\/\/www.autopint.com.uy\/?product=pulverizador-para-hacer-espuma-1-5-litros-bomba\" \/>\n<meta property=\"og:locale\" content=\"es_ES\" \/>\n<meta property=\"og:type\" content=\"article\" \/>\n<meta property=\"og:title\" content=\"Pulverizador Para Hacer Espuma 1.5 Litros Bomba &bull; AUTOPINT SHOP- Car Repair System - Herramientas - Protecci\u00f3n - Pulidos - Detailing\" \/>\n<meta property=\"og:description\" content=\"El Rociador de Espuma de MaxShine es la ideal para el cuidado del autom\u00f3vil, el hogar y la limpieza industrial. Autopint Shop-\" \/>\n<meta property=\"og:url\" content=\"https:\/\/www.autopint.com.uy\/?product=pulverizador-para-hacer-espuma-1-5-litros-bomba\" \/>\n<meta property=\"og:site_name\" content=\"AUTOPINT SHOP- Car Repair System - Herramientas - Protecci\u00f3n - Pulidos - Detailing\" \/>\n<meta property=\"article:modified_time\" content=\"2024-01-16T20:49:29+00:00\" \/>\n<meta property=\"og:image\" content=\"https:\/\/www.autopint.com.uy\/wp-content\/uploads\/2023\/08\/PULVMSJPG.jpg\" \/>\n\t<meta property=\"og:image:width\" content=\"1080\" \/>\n\t<meta property=\"og:image:height\" content=\"1080\" \/>\n\t<meta property=\"og:image:type\" content=\"image\/jpeg\" \/>\n<meta name=\"twitter:card\" content=\"summary_large_image\" \/>\n<meta name=\"twitter:label1\" content=\"Tiempo de lectura\" \/>\n\t<meta name=\"twitter:data1\" content=\"1 minuto\" \/>\n<script type=\"application\/ld+json\" class=\"yoast-schema-graph\">{\"@context\":\"https:\/\/schema.org\",\"@graph\":[{\"@type\":\"WebPage\",\"@id\":\"https:\/\/www.autopint.com.uy\/?product=pulverizador-para-hacer-espuma-1-5-litros-bomba\",\"url\":\"https:\/\/www.autopint.com.uy\/?product=pulverizador-para-hacer-espuma-1-5-litros-bomba\",\"name\":\"Pulverizador Para Hacer Espuma 1.5 Litros Bomba &bull; AUTOPINT SHOP- Car Repair System - Herramientas - Protecci\u00f3n - Pulidos - Detailing\",\"isPartOf\":{\"@id\":\"https:\/\/www.autopint.com.uy\/#website\"},\"datePublished\":\"2023-08-21T15:36:55+00:00\",\"dateModified\":\"2024-01-16T20:49:29+00:00\",\"description\":\"El Rociador de Espuma de MaxShine es la ideal para el cuidado del autom\u00f3vil, el hogar y la limpieza industrial. Autopint Shop-\",\"breadcrumb\":{\"@id\":\"https:\/\/www.autopint.com.uy\/?product=pulverizador-para-hacer-espuma-1-5-litros-bomba#breadcrumb\"},\"inLanguage\":\"es\",\"potentialAction\":[{\"@type\":\"ReadAction\",\"target\":[\"https:\/\/www.autopint.com.uy\/?product=pulverizador-para-hacer-espuma-1-5-litros-bomba\"]}]},{\"@type\":\"BreadcrumbList\",\"@id\":\"https:\/\/www.autopint.com.uy\/?product=pulverizador-para-hacer-espuma-1-5-litros-bomba#breadcrumb\",\"itemListElement\":[{\"@type\":\"ListItem\",\"position\":1,\"name\":\"Portada\",\"item\":\"https:\/\/www.autopint.com.uy\/\"},{\"@type\":\"ListItem\",\"position\":2,\"name\":\"Tienda\",\"item\":\"https:\/\/www.autopint.com.uy\/?page_id=51\"},{\"@type\":\"ListItem\",\"position\":3,\"name\":\"Pulverizador Para Hacer Espuma 1.5 Litros Bomba\"}]},{\"@type\":\"WebSite\",\"@id\":\"https:\/\/www.autopint.com.uy\/#website\",\"url\":\"https:\/\/www.autopint.com.uy\/\",\"name\":\"AUTOPINT SHOP- Car Repair System - Herramientas - Protecci\u00f3n - Pulidos - Detailing\",\"description\":\"IMPORTACION Y VENTA DE INSUMOS PARA REPINTADO AUTOMOTRIZ\",\"publisher\":{\"@id\":\"https:\/\/www.autopint.com.uy\/#organization\"},\"potentialAction\":[{\"@type\":\"SearchAction\",\"target\":{\"@type\":\"EntryPoint\",\"urlTemplate\":\"https:\/\/www.autopint.com.uy\/?s={search_term_string}\"},\"query-input\":\"required name=search_term_string\"}],\"inLanguage\":\"es\"},{\"@type\":\"Organization\",\"@id\":\"https:\/\/www.autopint.com.uy\/#organization\",\"name\":\"Autopint-Carrepairsystem\",\"url\":\"https:\/\/www.autopint.com.uy\/\",\"logo\":{\"@type\":\"ImageObject\",\"inLanguage\":\"es\",\"@id\":\"https:\/\/www.autopint.com.uy\/#\/schema\/logo\/image\/\",\"url\":\"https:\/\/www.autopint.com.uy\/wp-content\/uploads\/2020\/05\/cropped-Logo-2.png\",\"contentUrl\":\"https:\/\/www.autopint.com.uy\/wp-content\/uploads\/2020\/05\/cropped-Logo-2.png\",\"width\":600,\"height\":150,\"caption\":\"Autopint-Carrepairsystem\"},\"image\":{\"@id\":\"https:\/\/www.autopint.com.uy\/#\/schema\/logo\/image\/\"}}]}<\/script>\n<!-- \/ Yoast SEO plugin. -->","yoast_head_json":{"title":"Pulverizador Para Hacer Espuma 1.5 Litros Bomba &bull; AUTOPINT SHOP- Car Repair System - Herramientas - Protecci\u00f3n - Pulidos - Detailing","description":"El Rociador de Espuma de MaxShine es la ideal para el cuidado del autom\u00f3vil, el hogar y la limpieza industrial. Autopint Shop-","robots":{"index":"index","follow":"follow","max-snippet":"max-snippet:-1","max-image-preview":"max-image-preview:large","max-video-preview":"max-video-preview:-1"},"canonical":"https:\/\/www.autopint.com.uy\/?product=pulverizador-para-hacer-espuma-1-5-litros-bomba","og_locale":"es_ES","og_type":"article","og_title":"Pulverizador Para Hacer Espuma 1.5 Litros Bomba &bull; AUTOPINT SHOP- Car Repair System - Herramientas - Protecci\u00f3n - Pulidos - Detailing","og_description":"El Rociador de Espuma de MaxShine es la ideal para el cuidado del autom\u00f3vil, el hogar y la limpieza industrial. Autopint Shop-","og_url":"https:\/\/www.autopint.com.uy\/?product=pulverizador-para-hacer-espuma-1-5-litros-bomba","og_site_name":"AUTOPINT SHOP- Car Repair System - Herramientas - Protecci\u00f3n - Pulidos - Detailing","article_modified_time":"2024-01-16T20:49:29+00:00","og_image":[{"width":1080,"height":1080,"url":"https:\/\/www.autopint.com.uy\/wp-content\/uploads\/2023\/08\/PULVMSJPG.jpg","type":"image\/jpeg"}],"twitter_card":"summary_large_image","twitter_misc":{"Tiempo de lectura":"1 minuto"},"schema":{"@context":"https:\/\/schema.org","@graph":[{"@type":"WebPage","@id":"https:\/\/www.autopint.com.uy\/?product=pulverizador-para-hacer-espuma-1-5-litros-bomba","url":"https:\/\/www.autopint.com.uy\/?product=pulverizador-para-hacer-espuma-1-5-litros-bomba","name":"Pulverizador Para Hacer Espuma 1.5 Litros Bomba &bull; AUTOPINT SHOP- Car Repair System - Herramientas - Protecci\u00f3n - Pulidos - Detailing","isPartOf":{"@id":"https:\/\/www.autopint.com.uy\/#website"},"datePublished":"2023-08-21T15:36:55+00:00","dateModified":"2024-01-16T20:49:29+00:00","description":"El Rociador de Espuma de MaxShine es la ideal para el cuidado del autom\u00f3vil, el hogar y la limpieza industrial. Autopint Shop-","breadcrumb":{"@id":"https:\/\/www.autopint.com.uy\/?product=pulverizador-para-hacer-espuma-1-5-litros-bomba#breadcrumb"},"inLanguage":"es","potentialAction":[{"@type":"ReadAction","target":["https:\/\/www.autopint.com.uy\/?product=pulverizador-para-hacer-espuma-1-5-litros-bomba"]}]},{"@type":"BreadcrumbList","@id":"https:\/\/www.autopint.com.uy\/?product=pulverizador-para-hacer-espuma-1-5-litros-bomba#breadcrumb","itemListElement":[{"@type":"ListItem","position":1,"name":"Portada","item":"https:\/\/www.autopint.com.uy\/"},{"@type":"ListItem","position":2,"name":"Tienda","item":"https:\/\/www.autopint.com.uy\/?page_id=51"},{"@type":"ListItem","position":3,"name":"Pulverizador Para Hacer Espuma 1.5 Litros Bomba"}]},{"@type":"WebSite","@id":"https:\/\/www.autopint.com.uy\/#website","url":"https:\/\/www.autopint.com.uy\/","name":"AUTOPINT SHOP- Car Repair System - Herramientas - Protecci\u00f3n - Pulidos - Detailing","description":"IMPORTACION Y VENTA DE INSUMOS PARA REPINTADO AUTOMOTRIZ","publisher":{"@id":"https:\/\/www.autopint.com.uy\/#organization"},"potentialAction":[{"@type":"SearchAction","target":{"@type":"EntryPoint","urlTemplate":"https:\/\/www.autopint.com.uy\/?s={search_term_string}"},"query-input":"required name=search_term_string"}],"inLanguage":"es"},{"@type":"Organization","@id":"https:\/\/www.autopint.com.uy\/#organization","name":"Autopint-Carrepairsystem","url":"https:\/\/www.autopint.com.uy\/","logo":{"@type":"ImageObject","inLanguage":"es","@id":"https:\/\/www.autopint.com.uy\/#\/schema\/logo\/image\/","url":"https:\/\/www.autopint.com.uy\/wp-content\/uploads\/2020\/05\/cropped-Logo-2.png","contentUrl":"https:\/\/www.autopint.com.uy\/wp-content\/uploads\/2020\/05\/cropped-Logo-2.png","width":600,"height":150,"caption":"Autopint-Carrepairsystem"},"image":{"@id":"https:\/\/www.autopint.com.uy\/#\/schema\/logo\/image\/"}}]}},"_links":{"self":[{"href":"https:\/\/www.autopint.com.uy\/index.php?rest_route=\/wp\/v2\/product\/1737"}],"collection":[{"href":"https:\/\/www.autopint.com.uy\/index.php?rest_route=\/wp\/v2\/product"}],"about":[{"href":"https:\/\/www.autopint.com.uy\/index.php?rest_route=\/wp\/v2\/types\/product"}],"wp:featuredmedia":[{"embeddable":true,"href":"https:\/\/www.autopint.com.uy\/index.php?rest_route=\/wp\/v2\/media\/1738"}],"wp:attachment":[{"href":"https:\/\/www.autopint.com.uy\/index.php?rest_route=%2Fwp%2Fv2%2Fmedia&parent=1737"}],"wp:term":[{"taxonomy":"product_cat","embeddable":true,"href":"https:\/\/www.autopint.com.uy\/index.php?rest_route=%2Fwp%2Fv2%2Fproduct_cat&post=1737"},{"taxonomy":"product_tag","embeddable":true,"href":"https:\/\/www.autopint.com.uy\/index.php?rest_route=%2Fwp%2Fv2%2Fproduct_tag&post=1737"}],"curies":[{"name":"wp","href":"https:\/\/api.w.org\/{rel}","templated":true}]}}