{"id":1741,"date":"2023-08-21T12:55:57","date_gmt":"2023-08-21T15:55:57","guid":{"rendered":"https:\/\/www.autopint.com.uy\/?post_type=product&#038;p=1741"},"modified":"2024-04-16T11:29:08","modified_gmt":"2024-04-16T14:29:08","slug":"pulverizador-1-l-ik-hc-tr-1-hidrocarburos-autopint","status":"publish","type":"product","link":"https:\/\/www.autopint.com.uy\/?product=pulverizador-1-l-ik-hc-tr-1-hidrocarburos-autopint","title":{"rendered":"Pulverizador 1 L Ik Hc Tr-1 (hidrocarburos) Autopint"},"content":{"rendered":"<p>IK HC TR 1<br \/>\nEl pulverizador profesional IK HC TRIGGER 1 ha sido dise\u00f1ado y fabricado con materiales de m\u00e1xima resistencia para ser utilizado con aceites vegetales y animales, disolventes en base a hidrocarburos, lubricantes y derivados de petr\u00f3leo.<\/p>\n<p>Es ideal para ser empleado en automoci\u00f3n en tareas como la limpieza de frenos, eliminaci\u00f3n de manchas de alquitr\u00e1n y eliminaci\u00f3n de siliconas en tareas previas al pintado de carrocer\u00edas.<\/p>\n<p>El Trigger HC 1.5 es \u00f3ptimo para aplicaciones industriales de protecci\u00f3n, desengrasado y lubricaci\u00f3n, as\u00ed como tratamientos de madera.<\/p>\n<p>Este pulverizador es el id\u00f3neo para trabajos puntuales en superficies de tama\u00f1o reducido.<\/p>\n<p>&nbsp;<\/p>\n<p>&nbsp;<\/p>\n<p><img loading=\"lazy\" class=\"alignnone size-medium wp-image-1743\" src=\"https:\/\/www.autopint.com.uy\/wp-content\/uploads\/2023\/08\/Project-21-2-300x300.png\" alt=\"\" width=\"300\" height=\"300\" srcset=\"https:\/\/www.autopint.com.uy\/wp-content\/uploads\/2023\/08\/Project-21-2-300x300.png 300w, https:\/\/www.autopint.com.uy\/wp-content\/uploads\/2023\/08\/Project-21-2-1024x1024.png 1024w, https:\/\/www.autopint.com.uy\/wp-content\/uploads\/2023\/08\/Project-21-2-150x150.png 150w, https:\/\/www.autopint.com.uy\/wp-content\/uploads\/2023\/08\/Project-21-2-768x768.png 768w, https:\/\/www.autopint.com.uy\/wp-content\/uploads\/2023\/08\/Project-21-2-1536x1536.png 1536w, https:\/\/www.autopint.com.uy\/wp-content\/uploads\/2023\/08\/Project-21-2-2048x2048.png 2048w, https:\/\/www.autopint.com.uy\/wp-content\/uploads\/2023\/08\/Project-21-2-600x600.png 600w, https:\/\/www.autopint.com.uy\/wp-content\/uploads\/2023\/08\/Project-21-2-100x100.png 100w, https:\/\/www.autopint.com.uy\/wp-content\/uploads\/2023\/08\/Project-21-2-64x64.png 64w\" sizes=\"(max-width: 300px) 100vw, 300px\" \/> <img loading=\"lazy\" class=\"alignnone size-medium wp-image-1744\" src=\"https:\/\/www.autopint.com.uy\/wp-content\/uploads\/2023\/08\/Project-21-1-300x300.png\" alt=\"\" width=\"300\" height=\"300\" srcset=\"https:\/\/www.autopint.com.uy\/wp-content\/uploads\/2023\/08\/Project-21-1-300x300.png 300w, https:\/\/www.autopint.com.uy\/wp-content\/uploads\/2023\/08\/Project-21-1-1024x1024.png 1024w, https:\/\/www.autopint.com.uy\/wp-content\/uploads\/2023\/08\/Project-21-1-150x150.png 150w, https:\/\/www.autopint.com.uy\/wp-content\/uploads\/2023\/08\/Project-21-1-768x768.png 768w, https:\/\/www.autopint.com.uy\/wp-content\/uploads\/2023\/08\/Project-21-1-1536x1536.png 1536w, https:\/\/www.autopint.com.uy\/wp-content\/uploads\/2023\/08\/Project-21-1-2048x2048.png 2048w, https:\/\/www.autopint.com.uy\/wp-content\/uploads\/2023\/08\/Project-21-1-600x600.png 600w, https:\/\/www.autopint.com.uy\/wp-content\/uploads\/2023\/08\/Project-21-1-100x100.png 100w, https:\/\/www.autopint.com.uy\/wp-content\/uploads\/2023\/08\/Project-21-1-64x64.png 64w\" sizes=\"(max-width: 300px) 100vw, 300px\" \/><\/p>\n","protected":false},"excerpt":{"rendered":"<p>IK HC TR 1 El pulverizador profesional IK HC TRIGGER 1 ha sido dise\u00f1ado y fabricado con materiales de m\u00e1xima resistencia para ser utilizado con aceites vegetales y animales, disolventes en base a hidrocarburos, lubricantes y derivados de petr\u00f3leo. Es ideal para ser empleado en automoci\u00f3n en tareas como la limpieza de frenos, eliminaci\u00f3n de &hellip;<\/p>\n<p class=\"read-more\"> <a class=\"\" href=\"https:\/\/www.autopint.com.uy\/?product=pulverizador-1-l-ik-hc-tr-1-hidrocarburos-autopint\"> <span class=\"screen-reader-text\">Pulverizador 1 L Ik Hc Tr-1 (hidrocarburos) Autopint<\/span> Leer m\u00e1s &raquo;<\/a><\/p>\n","protected":false},"featured_media":1742,"template":"","meta":{"site-sidebar-layout":"default","site-content-layout":"default","ast-global-header-display":"","ast-main-header-display":"","ast-hfb-above-header-display":"","ast-hfb-below-header-display":"","ast-hfb-mobile-header-display":"","site-post-title":"","ast-breadcrumbs-content":"","ast-featured-img":"","footer-sml-layout":"","theme-transparent-header-meta":"default","adv-header-id-meta":"","stick-header-meta":"","header-above-stick-meta":"","header-main-stick-meta":"","header-below-stick-meta":"","_joinchat":{"telephone":"+59898715457"}},"product_cat":[28],"product_tag":[],"yoast_head":"<!-- This site is optimized with the Yoast SEO plugin v19.11 - https:\/\/yoast.com\/wordpress\/plugins\/seo\/ -->\n<title>Pulverizador 1 L Ik Hc Tr-1 (hidrocarburos) Autopint &bull; AUTOPINT SHOP- Car Repair System - Herramientas - Protecci\u00f3n - Pulidos - Detailing<\/title>\n<meta name=\"description\" content=\"pulverizador profesional IK - disolventes en base a hidrocarburos, lubricantes y derivados de petr\u00f3leo. ENVASE RESISTENTE 1L- AutopintShop\" \/>\n<meta name=\"robots\" content=\"index, follow, max-snippet:-1, max-image-preview:large, max-video-preview:-1\" \/>\n<link rel=\"canonical\" href=\"https:\/\/www.autopint.com.uy\/?product=pulverizador-1-l-ik-hc-tr-1-hidrocarburos-autopint\" \/>\n<meta property=\"og:locale\" content=\"es_ES\" \/>\n<meta property=\"og:type\" content=\"article\" \/>\n<meta property=\"og:title\" content=\"Pulverizador 1 L Ik Hc Tr-1 (hidrocarburos) Autopint &bull; AUTOPINT SHOP- Car Repair System - Herramientas - Protecci\u00f3n - Pulidos - Detailing\" \/>\n<meta property=\"og:description\" content=\"pulverizador profesional IK - disolventes en base a hidrocarburos, lubricantes y derivados de petr\u00f3leo. ENVASE RESISTENTE 1L- AutopintShop\" \/>\n<meta property=\"og:url\" content=\"https:\/\/www.autopint.com.uy\/?product=pulverizador-1-l-ik-hc-tr-1-hidrocarburos-autopint\" \/>\n<meta property=\"og:site_name\" content=\"AUTOPINT SHOP- Car Repair System - Herramientas - Protecci\u00f3n - Pulidos - Detailing\" \/>\n<meta property=\"article:modified_time\" content=\"2024-04-16T14:29:08+00:00\" \/>\n<meta property=\"og:image\" content=\"https:\/\/www.autopint.com.uy\/wp-content\/uploads\/2023\/08\/Project-21-1024x1024.png\" \/>\n\t<meta property=\"og:image:width\" content=\"1024\" \/>\n\t<meta property=\"og:image:height\" content=\"1024\" \/>\n\t<meta property=\"og:image:type\" content=\"image\/png\" \/>\n<meta name=\"twitter:card\" content=\"summary_large_image\" \/>\n<meta name=\"twitter:label1\" content=\"Tiempo de lectura\" \/>\n\t<meta name=\"twitter:data1\" content=\"1 minuto\" \/>\n<script type=\"application\/ld+json\" class=\"yoast-schema-graph\">{\"@context\":\"https:\/\/schema.org\",\"@graph\":[{\"@type\":\"WebPage\",\"@id\":\"https:\/\/www.autopint.com.uy\/?product=pulverizador-1-l-ik-hc-tr-1-hidrocarburos-autopint\",\"url\":\"https:\/\/www.autopint.com.uy\/?product=pulverizador-1-l-ik-hc-tr-1-hidrocarburos-autopint\",\"name\":\"Pulverizador 1 L Ik Hc Tr-1 (hidrocarburos) Autopint &bull; AUTOPINT SHOP- Car Repair System - Herramientas - Protecci\u00f3n - Pulidos - Detailing\",\"isPartOf\":{\"@id\":\"https:\/\/www.autopint.com.uy\/#website\"},\"datePublished\":\"2023-08-21T15:55:57+00:00\",\"dateModified\":\"2024-04-16T14:29:08+00:00\",\"description\":\"pulverizador profesional IK - disolventes en base a hidrocarburos, lubricantes y derivados de petr\u00f3leo. ENVASE RESISTENTE 1L- AutopintShop\",\"breadcrumb\":{\"@id\":\"https:\/\/www.autopint.com.uy\/?product=pulverizador-1-l-ik-hc-tr-1-hidrocarburos-autopint#breadcrumb\"},\"inLanguage\":\"es\",\"potentialAction\":[{\"@type\":\"ReadAction\",\"target\":[\"https:\/\/www.autopint.com.uy\/?product=pulverizador-1-l-ik-hc-tr-1-hidrocarburos-autopint\"]}]},{\"@type\":\"BreadcrumbList\",\"@id\":\"https:\/\/www.autopint.com.uy\/?product=pulverizador-1-l-ik-hc-tr-1-hidrocarburos-autopint#breadcrumb\",\"itemListElement\":[{\"@type\":\"ListItem\",\"position\":1,\"name\":\"Portada\",\"item\":\"https:\/\/www.autopint.com.uy\/\"},{\"@type\":\"ListItem\",\"position\":2,\"name\":\"Tienda\",\"item\":\"https:\/\/www.autopint.com.uy\/?page_id=51\"},{\"@type\":\"ListItem\",\"position\":3,\"name\":\"Pulverizador 1 L Ik Hc Tr-1 (hidrocarburos) Autopint\"}]},{\"@type\":\"WebSite\",\"@id\":\"https:\/\/www.autopint.com.uy\/#website\",\"url\":\"https:\/\/www.autopint.com.uy\/\",\"name\":\"AUTOPINT SHOP- Car Repair System - Herramientas - Protecci\u00f3n - Pulidos - Detailing\",\"description\":\"IMPORTACION Y VENTA DE INSUMOS PARA REPINTADO AUTOMOTRIZ\",\"publisher\":{\"@id\":\"https:\/\/www.autopint.com.uy\/#organization\"},\"potentialAction\":[{\"@type\":\"SearchAction\",\"target\":{\"@type\":\"EntryPoint\",\"urlTemplate\":\"https:\/\/www.autopint.com.uy\/?s={search_term_string}\"},\"query-input\":\"required name=search_term_string\"}],\"inLanguage\":\"es\"},{\"@type\":\"Organization\",\"@id\":\"https:\/\/www.autopint.com.uy\/#organization\",\"name\":\"Autopint-Carrepairsystem\",\"url\":\"https:\/\/www.autopint.com.uy\/\",\"logo\":{\"@type\":\"ImageObject\",\"inLanguage\":\"es\",\"@id\":\"https:\/\/www.autopint.com.uy\/#\/schema\/logo\/image\/\",\"url\":\"https:\/\/www.autopint.com.uy\/wp-content\/uploads\/2020\/05\/cropped-Logo-2.png\",\"contentUrl\":\"https:\/\/www.autopint.com.uy\/wp-content\/uploads\/2020\/05\/cropped-Logo-2.png\",\"width\":600,\"height\":150,\"caption\":\"Autopint-Carrepairsystem\"},\"image\":{\"@id\":\"https:\/\/www.autopint.com.uy\/#\/schema\/logo\/image\/\"}}]}<\/script>\n<!-- \/ Yoast SEO plugin. -->","yoast_head_json":{"title":"Pulverizador 1 L Ik Hc Tr-1 (hidrocarburos) Autopint &bull; AUTOPINT SHOP- Car Repair System - Herramientas - Protecci\u00f3n - Pulidos - Detailing","description":"pulverizador profesional IK - disolventes en base a hidrocarburos, lubricantes y derivados de petr\u00f3leo. ENVASE RESISTENTE 1L- AutopintShop","robots":{"index":"index","follow":"follow","max-snippet":"max-snippet:-1","max-image-preview":"max-image-preview:large","max-video-preview":"max-video-preview:-1"},"canonical":"https:\/\/www.autopint.com.uy\/?product=pulverizador-1-l-ik-hc-tr-1-hidrocarburos-autopint","og_locale":"es_ES","og_type":"article","og_title":"Pulverizador 1 L Ik Hc Tr-1 (hidrocarburos) Autopint &bull; AUTOPINT SHOP- Car Repair System - Herramientas - Protecci\u00f3n - Pulidos - Detailing","og_description":"pulverizador profesional IK - disolventes en base a hidrocarburos, lubricantes y derivados de petr\u00f3leo. ENVASE RESISTENTE 1L- AutopintShop","og_url":"https:\/\/www.autopint.com.uy\/?product=pulverizador-1-l-ik-hc-tr-1-hidrocarburos-autopint","og_site_name":"AUTOPINT SHOP- Car Repair System - Herramientas - Protecci\u00f3n - Pulidos - Detailing","article_modified_time":"2024-04-16T14:29:08+00:00","og_image":[{"width":1024,"height":1024,"url":"https:\/\/www.autopint.com.uy\/wp-content\/uploads\/2023\/08\/Project-21-1024x1024.png","type":"image\/png"}],"twitter_card":"summary_large_image","twitter_misc":{"Tiempo de lectura":"1 minuto"},"schema":{"@context":"https:\/\/schema.org","@graph":[{"@type":"WebPage","@id":"https:\/\/www.autopint.com.uy\/?product=pulverizador-1-l-ik-hc-tr-1-hidrocarburos-autopint","url":"https:\/\/www.autopint.com.uy\/?product=pulverizador-1-l-ik-hc-tr-1-hidrocarburos-autopint","name":"Pulverizador 1 L Ik Hc Tr-1 (hidrocarburos) Autopint &bull; AUTOPINT SHOP- Car Repair System - Herramientas - Protecci\u00f3n - Pulidos - Detailing","isPartOf":{"@id":"https:\/\/www.autopint.com.uy\/#website"},"datePublished":"2023-08-21T15:55:57+00:00","dateModified":"2024-04-16T14:29:08+00:00","description":"pulverizador profesional IK - disolventes en base a hidrocarburos, lubricantes y derivados de petr\u00f3leo. ENVASE RESISTENTE 1L- AutopintShop","breadcrumb":{"@id":"https:\/\/www.autopint.com.uy\/?product=pulverizador-1-l-ik-hc-tr-1-hidrocarburos-autopint#breadcrumb"},"inLanguage":"es","potentialAction":[{"@type":"ReadAction","target":["https:\/\/www.autopint.com.uy\/?product=pulverizador-1-l-ik-hc-tr-1-hidrocarburos-autopint"]}]},{"@type":"BreadcrumbList","@id":"https:\/\/www.autopint.com.uy\/?product=pulverizador-1-l-ik-hc-tr-1-hidrocarburos-autopint#breadcrumb","itemListElement":[{"@type":"ListItem","position":1,"name":"Portada","item":"https:\/\/www.autopint.com.uy\/"},{"@type":"ListItem","position":2,"name":"Tienda","item":"https:\/\/www.autopint.com.uy\/?page_id=51"},{"@type":"ListItem","position":3,"name":"Pulverizador 1 L Ik Hc Tr-1 (hidrocarburos) Autopint"}]},{"@type":"WebSite","@id":"https:\/\/www.autopint.com.uy\/#website","url":"https:\/\/www.autopint.com.uy\/","name":"AUTOPINT SHOP- Car Repair System - Herramientas - Protecci\u00f3n - Pulidos - Detailing","description":"IMPORTACION Y VENTA DE INSUMOS PARA REPINTADO AUTOMOTRIZ","publisher":{"@id":"https:\/\/www.autopint.com.uy\/#organization"},"potentialAction":[{"@type":"SearchAction","target":{"@type":"EntryPoint","urlTemplate":"https:\/\/www.autopint.com.uy\/?s={search_term_string}"},"query-input":"required name=search_term_string"}],"inLanguage":"es"},{"@type":"Organization","@id":"https:\/\/www.autopint.com.uy\/#organization","name":"Autopint-Carrepairsystem","url":"https:\/\/www.autopint.com.uy\/","logo":{"@type":"ImageObject","inLanguage":"es","@id":"https:\/\/www.autopint.com.uy\/#\/schema\/logo\/image\/","url":"https:\/\/www.autopint.com.uy\/wp-content\/uploads\/2020\/05\/cropped-Logo-2.png","contentUrl":"https:\/\/www.autopint.com.uy\/wp-content\/uploads\/2020\/05\/cropped-Logo-2.png","width":600,"height":150,"caption":"Autopint-Carrepairsystem"},"image":{"@id":"https:\/\/www.autopint.com.uy\/#\/schema\/logo\/image\/"}}]}},"_links":{"self":[{"href":"https:\/\/www.autopint.com.uy\/index.php?rest_route=\/wp\/v2\/product\/1741"}],"collection":[{"href":"https:\/\/www.autopint.com.uy\/index.php?rest_route=\/wp\/v2\/product"}],"about":[{"href":"https:\/\/www.autopint.com.uy\/index.php?rest_route=\/wp\/v2\/types\/product"}],"wp:featuredmedia":[{"embeddable":true,"href":"https:\/\/www.autopint.com.uy\/index.php?rest_route=\/wp\/v2\/media\/1742"}],"wp:attachment":[{"href":"https:\/\/www.autopint.com.uy\/index.php?rest_route=%2Fwp%2Fv2%2Fmedia&parent=1741"}],"wp:term":[{"taxonomy":"product_cat","embeddable":true,"href":"https:\/\/www.autopint.com.uy\/index.php?rest_route=%2Fwp%2Fv2%2Fproduct_cat&post=1741"},{"taxonomy":"product_tag","embeddable":true,"href":"https:\/\/www.autopint.com.uy\/index.php?rest_route=%2Fwp%2Fv2%2Fproduct_tag&post=1741"}],"curies":[{"name":"wp","href":"https:\/\/api.w.org\/{rel}","templated":true}]}}