{"id":1745,"date":"2023-08-21T15:07:09","date_gmt":"2023-08-21T18:07:09","guid":{"rendered":"https:\/\/www.autopint.com.uy\/?post_type=product&#038;p=1745"},"modified":"2024-04-30T17:02:18","modified_gmt":"2024-04-30T20:02:18","slug":"pulverizador-multi-tr1-profesional-ik-autopint","status":"publish","type":"product","link":"https:\/\/www.autopint.com.uy\/?product=pulverizador-multi-tr1-profesional-ik-autopint","title":{"rendered":"Pulverizador Multi Tr1 Profesional Ik Autopint"},"content":{"rendered":"<p>IK MULTI TR 1<\/p>\n<p>El pulverizador de gatillo IK MULTI Trigger 1 ofrece una soluci\u00f3n profesional de pulverizado para conseguir resultados \u00f3ptimos en una gran variedad de sectores como la limpieza y desinfecci\u00f3n, la automoci\u00f3n y detallado de veh\u00edculos (detailing), el control de virus, plagas y epidemias, el bricolaje (DIY) o las aplicaciones industriales y la climatizaci\u00f3n (HVAC).<\/p>\n<p>Este pulverizador es el id\u00f3neo para trabajos puntuales en superficies de tama\u00f1o reducido.<\/p>\n<p>&nbsp;<\/p>\n<p><img loading=\"lazy\" class=\"alignnone size-medium wp-image-1746\" src=\"https:\/\/www.autopint.com.uy\/wp-content\/uploads\/2023\/08\/D_NQ_NP_953722-MLU49463365146_032022-O-300x200.webp\" alt=\"\" width=\"300\" height=\"200\" srcset=\"https:\/\/www.autopint.com.uy\/wp-content\/uploads\/2023\/08\/D_NQ_NP_953722-MLU49463365146_032022-O-300x200.webp 300w, https:\/\/www.autopint.com.uy\/wp-content\/uploads\/2023\/08\/D_NQ_NP_953722-MLU49463365146_032022-O-64x43.webp 64w, https:\/\/www.autopint.com.uy\/wp-content\/uploads\/2023\/08\/D_NQ_NP_953722-MLU49463365146_032022-O.webp 500w\" sizes=\"(max-width: 300px) 100vw, 300px\" \/> <img loading=\"lazy\" class=\"alignnone size-medium wp-image-1747\" src=\"https:\/\/www.autopint.com.uy\/wp-content\/uploads\/2023\/08\/D_NQ_NP_900222-MLU49463257101_032022-O-182x300.webp\" alt=\"\" width=\"182\" height=\"300\" srcset=\"https:\/\/www.autopint.com.uy\/wp-content\/uploads\/2023\/08\/D_NQ_NP_900222-MLU49463257101_032022-O-182x300.webp 182w, https:\/\/www.autopint.com.uy\/wp-content\/uploads\/2023\/08\/D_NQ_NP_900222-MLU49463257101_032022-O-64x105.webp 64w, https:\/\/www.autopint.com.uy\/wp-content\/uploads\/2023\/08\/D_NQ_NP_900222-MLU49463257101_032022-O.webp 304w\" sizes=\"(max-width: 182px) 100vw, 182px\" \/><\/p>\n","protected":false},"excerpt":{"rendered":"<p>IK MULTI TR 1 El pulverizador de gatillo IK MULTI Trigger 1 ofrece una soluci\u00f3n profesional de pulverizado para conseguir resultados \u00f3ptimos en una gran variedad de sectores como la limpieza y desinfecci\u00f3n, la automoci\u00f3n y detallado de veh\u00edculos (detailing), el control de virus, plagas y epidemias, el bricolaje (DIY) o las aplicaciones industriales y &hellip;<\/p>\n<p class=\"read-more\"> <a class=\"\" href=\"https:\/\/www.autopint.com.uy\/?product=pulverizador-multi-tr1-profesional-ik-autopint\"> <span class=\"screen-reader-text\">Pulverizador Multi Tr1 Profesional Ik Autopint<\/span> Leer m\u00e1s &raquo;<\/a><\/p>\n","protected":false},"featured_media":1748,"template":"","meta":{"site-sidebar-layout":"default","site-content-layout":"default","ast-global-header-display":"","ast-main-header-display":"","ast-hfb-above-header-display":"","ast-hfb-below-header-display":"","ast-hfb-mobile-header-display":"","site-post-title":"","ast-breadcrumbs-content":"","ast-featured-img":"","footer-sml-layout":"","theme-transparent-header-meta":"default","adv-header-id-meta":"","stick-header-meta":"","header-above-stick-meta":"","header-main-stick-meta":"","header-below-stick-meta":"","_joinchat":{"telephone":"+59898715457"}},"product_cat":[28],"product_tag":[],"yoast_head":"<!-- This site is optimized with the Yoast SEO plugin v19.11 - https:\/\/yoast.com\/wordpress\/plugins\/seo\/ -->\n<title>Pulverizador Multi Tr1 Profesional Ik Autopint &bull; AUTOPINT SHOP- Car Repair System - Herramientas - Protecci\u00f3n - Pulidos - Detailing<\/title>\n<meta name=\"description\" content=\"Este pulverizador es el id\u00f3neo para trabajos puntuales en superficies de tama\u00f1o reducido. USO GENERAL- IK- AUTOPINT SHOP-\" \/>\n<meta name=\"robots\" content=\"index, follow, max-snippet:-1, max-image-preview:large, max-video-preview:-1\" \/>\n<link rel=\"canonical\" href=\"https:\/\/www.autopint.com.uy\/?product=pulverizador-multi-tr1-profesional-ik-autopint\" \/>\n<meta property=\"og:locale\" content=\"es_ES\" \/>\n<meta property=\"og:type\" content=\"article\" \/>\n<meta property=\"og:title\" content=\"Pulverizador Multi Tr1 Profesional Ik Autopint &bull; AUTOPINT SHOP- Car Repair System - Herramientas - Protecci\u00f3n - Pulidos - Detailing\" \/>\n<meta property=\"og:description\" content=\"Este pulverizador es el id\u00f3neo para trabajos puntuales en superficies de tama\u00f1o reducido. USO GENERAL- IK- AUTOPINT SHOP-\" \/>\n<meta property=\"og:url\" content=\"https:\/\/www.autopint.com.uy\/?product=pulverizador-multi-tr1-profesional-ik-autopint\" \/>\n<meta property=\"og:site_name\" content=\"AUTOPINT SHOP- Car Repair System - Herramientas - Protecci\u00f3n - Pulidos - Detailing\" \/>\n<meta property=\"article:modified_time\" content=\"2024-04-30T20:02:18+00:00\" \/>\n<meta property=\"og:image\" content=\"https:\/\/www.autopint.com.uy\/wp-content\/uploads\/2023\/08\/D_NQ_NP_973307-MLU49463242230_032022-O.webp\" \/>\n\t<meta property=\"og:image:width\" content=\"412\" \/>\n\t<meta property=\"og:image:height\" content=\"500\" \/>\n\t<meta property=\"og:image:type\" content=\"image\/webp\" \/>\n<meta name=\"twitter:card\" content=\"summary_large_image\" \/>\n<meta name=\"twitter:label1\" content=\"Tiempo de lectura\" \/>\n\t<meta name=\"twitter:data1\" content=\"1 minuto\" \/>\n<script type=\"application\/ld+json\" class=\"yoast-schema-graph\">{\"@context\":\"https:\/\/schema.org\",\"@graph\":[{\"@type\":\"WebPage\",\"@id\":\"https:\/\/www.autopint.com.uy\/?product=pulverizador-multi-tr1-profesional-ik-autopint\",\"url\":\"https:\/\/www.autopint.com.uy\/?product=pulverizador-multi-tr1-profesional-ik-autopint\",\"name\":\"Pulverizador Multi Tr1 Profesional Ik Autopint &bull; AUTOPINT SHOP- Car Repair System - Herramientas - Protecci\u00f3n - Pulidos - Detailing\",\"isPartOf\":{\"@id\":\"https:\/\/www.autopint.com.uy\/#website\"},\"datePublished\":\"2023-08-21T18:07:09+00:00\",\"dateModified\":\"2024-04-30T20:02:18+00:00\",\"description\":\"Este pulverizador es el id\u00f3neo para trabajos puntuales en superficies de tama\u00f1o reducido. USO GENERAL- IK- AUTOPINT SHOP-\",\"breadcrumb\":{\"@id\":\"https:\/\/www.autopint.com.uy\/?product=pulverizador-multi-tr1-profesional-ik-autopint#breadcrumb\"},\"inLanguage\":\"es\",\"potentialAction\":[{\"@type\":\"ReadAction\",\"target\":[\"https:\/\/www.autopint.com.uy\/?product=pulverizador-multi-tr1-profesional-ik-autopint\"]}]},{\"@type\":\"BreadcrumbList\",\"@id\":\"https:\/\/www.autopint.com.uy\/?product=pulverizador-multi-tr1-profesional-ik-autopint#breadcrumb\",\"itemListElement\":[{\"@type\":\"ListItem\",\"position\":1,\"name\":\"Portada\",\"item\":\"https:\/\/www.autopint.com.uy\/\"},{\"@type\":\"ListItem\",\"position\":2,\"name\":\"Tienda\",\"item\":\"https:\/\/www.autopint.com.uy\/?page_id=51\"},{\"@type\":\"ListItem\",\"position\":3,\"name\":\"Pulverizador Multi Tr1 Profesional Ik Autopint\"}]},{\"@type\":\"WebSite\",\"@id\":\"https:\/\/www.autopint.com.uy\/#website\",\"url\":\"https:\/\/www.autopint.com.uy\/\",\"name\":\"AUTOPINT SHOP- Car Repair System - Herramientas - Protecci\u00f3n - Pulidos - Detailing\",\"description\":\"IMPORTACION Y VENTA DE INSUMOS PARA REPINTADO AUTOMOTRIZ\",\"publisher\":{\"@id\":\"https:\/\/www.autopint.com.uy\/#organization\"},\"potentialAction\":[{\"@type\":\"SearchAction\",\"target\":{\"@type\":\"EntryPoint\",\"urlTemplate\":\"https:\/\/www.autopint.com.uy\/?s={search_term_string}\"},\"query-input\":\"required name=search_term_string\"}],\"inLanguage\":\"es\"},{\"@type\":\"Organization\",\"@id\":\"https:\/\/www.autopint.com.uy\/#organization\",\"name\":\"Autopint-Carrepairsystem\",\"url\":\"https:\/\/www.autopint.com.uy\/\",\"logo\":{\"@type\":\"ImageObject\",\"inLanguage\":\"es\",\"@id\":\"https:\/\/www.autopint.com.uy\/#\/schema\/logo\/image\/\",\"url\":\"https:\/\/www.autopint.com.uy\/wp-content\/uploads\/2020\/05\/cropped-Logo-2.png\",\"contentUrl\":\"https:\/\/www.autopint.com.uy\/wp-content\/uploads\/2020\/05\/cropped-Logo-2.png\",\"width\":600,\"height\":150,\"caption\":\"Autopint-Carrepairsystem\"},\"image\":{\"@id\":\"https:\/\/www.autopint.com.uy\/#\/schema\/logo\/image\/\"}}]}<\/script>\n<!-- \/ Yoast SEO plugin. -->","yoast_head_json":{"title":"Pulverizador Multi Tr1 Profesional Ik Autopint &bull; AUTOPINT SHOP- Car Repair System - Herramientas - Protecci\u00f3n - Pulidos - Detailing","description":"Este pulverizador es el id\u00f3neo para trabajos puntuales en superficies de tama\u00f1o reducido. USO GENERAL- IK- AUTOPINT SHOP-","robots":{"index":"index","follow":"follow","max-snippet":"max-snippet:-1","max-image-preview":"max-image-preview:large","max-video-preview":"max-video-preview:-1"},"canonical":"https:\/\/www.autopint.com.uy\/?product=pulverizador-multi-tr1-profesional-ik-autopint","og_locale":"es_ES","og_type":"article","og_title":"Pulverizador Multi Tr1 Profesional Ik Autopint &bull; AUTOPINT SHOP- Car Repair System - Herramientas - Protecci\u00f3n - Pulidos - Detailing","og_description":"Este pulverizador es el id\u00f3neo para trabajos puntuales en superficies de tama\u00f1o reducido. USO GENERAL- IK- AUTOPINT SHOP-","og_url":"https:\/\/www.autopint.com.uy\/?product=pulverizador-multi-tr1-profesional-ik-autopint","og_site_name":"AUTOPINT SHOP- Car Repair System - Herramientas - Protecci\u00f3n - Pulidos - Detailing","article_modified_time":"2024-04-30T20:02:18+00:00","og_image":[{"width":412,"height":500,"url":"https:\/\/www.autopint.com.uy\/wp-content\/uploads\/2023\/08\/D_NQ_NP_973307-MLU49463242230_032022-O.webp","type":"image\/webp"}],"twitter_card":"summary_large_image","twitter_misc":{"Tiempo de lectura":"1 minuto"},"schema":{"@context":"https:\/\/schema.org","@graph":[{"@type":"WebPage","@id":"https:\/\/www.autopint.com.uy\/?product=pulverizador-multi-tr1-profesional-ik-autopint","url":"https:\/\/www.autopint.com.uy\/?product=pulverizador-multi-tr1-profesional-ik-autopint","name":"Pulverizador Multi Tr1 Profesional Ik Autopint &bull; AUTOPINT SHOP- Car Repair System - Herramientas - Protecci\u00f3n - Pulidos - Detailing","isPartOf":{"@id":"https:\/\/www.autopint.com.uy\/#website"},"datePublished":"2023-08-21T18:07:09+00:00","dateModified":"2024-04-30T20:02:18+00:00","description":"Este pulverizador es el id\u00f3neo para trabajos puntuales en superficies de tama\u00f1o reducido. USO GENERAL- IK- AUTOPINT SHOP-","breadcrumb":{"@id":"https:\/\/www.autopint.com.uy\/?product=pulverizador-multi-tr1-profesional-ik-autopint#breadcrumb"},"inLanguage":"es","potentialAction":[{"@type":"ReadAction","target":["https:\/\/www.autopint.com.uy\/?product=pulverizador-multi-tr1-profesional-ik-autopint"]}]},{"@type":"BreadcrumbList","@id":"https:\/\/www.autopint.com.uy\/?product=pulverizador-multi-tr1-profesional-ik-autopint#breadcrumb","itemListElement":[{"@type":"ListItem","position":1,"name":"Portada","item":"https:\/\/www.autopint.com.uy\/"},{"@type":"ListItem","position":2,"name":"Tienda","item":"https:\/\/www.autopint.com.uy\/?page_id=51"},{"@type":"ListItem","position":3,"name":"Pulverizador Multi Tr1 Profesional Ik Autopint"}]},{"@type":"WebSite","@id":"https:\/\/www.autopint.com.uy\/#website","url":"https:\/\/www.autopint.com.uy\/","name":"AUTOPINT SHOP- Car Repair System - Herramientas - Protecci\u00f3n - Pulidos - Detailing","description":"IMPORTACION Y VENTA DE INSUMOS PARA REPINTADO AUTOMOTRIZ","publisher":{"@id":"https:\/\/www.autopint.com.uy\/#organization"},"potentialAction":[{"@type":"SearchAction","target":{"@type":"EntryPoint","urlTemplate":"https:\/\/www.autopint.com.uy\/?s={search_term_string}"},"query-input":"required name=search_term_string"}],"inLanguage":"es"},{"@type":"Organization","@id":"https:\/\/www.autopint.com.uy\/#organization","name":"Autopint-Carrepairsystem","url":"https:\/\/www.autopint.com.uy\/","logo":{"@type":"ImageObject","inLanguage":"es","@id":"https:\/\/www.autopint.com.uy\/#\/schema\/logo\/image\/","url":"https:\/\/www.autopint.com.uy\/wp-content\/uploads\/2020\/05\/cropped-Logo-2.png","contentUrl":"https:\/\/www.autopint.com.uy\/wp-content\/uploads\/2020\/05\/cropped-Logo-2.png","width":600,"height":150,"caption":"Autopint-Carrepairsystem"},"image":{"@id":"https:\/\/www.autopint.com.uy\/#\/schema\/logo\/image\/"}}]}},"_links":{"self":[{"href":"https:\/\/www.autopint.com.uy\/index.php?rest_route=\/wp\/v2\/product\/1745"}],"collection":[{"href":"https:\/\/www.autopint.com.uy\/index.php?rest_route=\/wp\/v2\/product"}],"about":[{"href":"https:\/\/www.autopint.com.uy\/index.php?rest_route=\/wp\/v2\/types\/product"}],"wp:featuredmedia":[{"embeddable":true,"href":"https:\/\/www.autopint.com.uy\/index.php?rest_route=\/wp\/v2\/media\/1748"}],"wp:attachment":[{"href":"https:\/\/www.autopint.com.uy\/index.php?rest_route=%2Fwp%2Fv2%2Fmedia&parent=1745"}],"wp:term":[{"taxonomy":"product_cat","embeddable":true,"href":"https:\/\/www.autopint.com.uy\/index.php?rest_route=%2Fwp%2Fv2%2Fproduct_cat&post=1745"},{"taxonomy":"product_tag","embeddable":true,"href":"https:\/\/www.autopint.com.uy\/index.php?rest_route=%2Fwp%2Fv2%2Fproduct_tag&post=1745"}],"curies":[{"name":"wp","href":"https:\/\/api.w.org\/{rel}","templated":true}]}}