{"id":1846,"date":"2023-11-02T17:05:25","date_gmt":"2023-11-02T20:05:25","guid":{"rendered":"https:\/\/www.autopint.com.uy\/?post_type=product&#038;p=1846"},"modified":"2026-02-11T09:12:25","modified_gmt":"2026-02-11T12:12:25","slug":"cordero-de-pulir-doble-faz-bonete-8-pulgadas","status":"publish","type":"product","link":"https:\/\/www.autopint.com.uy\/?product=cordero-de-pulir-doble-faz-bonete-8-pulgadas","title":{"rendered":"Cordero De Pulir Doble Faz Bonete 8 Pulgadas"},"content":{"rendered":"<p>Nuestros pa\u00f1os de cordero son ideales para trabajos intensivos de corte.<br \/>\nLa lana est\u00e1 tejida de cierta manera para dejar la menor cantidad de pelusas posible. Siendo que el 100% de los pa\u00f1os de cordero dejan pelusa (aquellos que son naturales), hemos trabajado para reducir las tareas de limpieza luego del pulido, manteniendo la eficiencia del mismo.<\/p>\n","protected":false},"excerpt":{"rendered":"<p>Nuestros pa\u00f1os de cordero son ideales para trabajos intensivos de corte. La lana est\u00e1 tejida de cierta manera para dejar la menor cantidad de pelusas posible. Siendo que el 100% de los pa\u00f1os de cordero dejan pelusa (aquellos que son naturales), hemos trabajado para reducir las tareas de limpieza luego del pulido, manteniendo la eficiencia &hellip;<\/p>\n<p class=\"read-more\"> <a class=\"\" href=\"https:\/\/www.autopint.com.uy\/?product=cordero-de-pulir-doble-faz-bonete-8-pulgadas\"> <span class=\"screen-reader-text\">Cordero De Pulir Doble Faz Bonete 8 Pulgadas<\/span> Leer m\u00e1s &raquo;<\/a><\/p>\n","protected":false},"featured_media":1847,"template":"","meta":{"site-sidebar-layout":"default","site-content-layout":"default","ast-global-header-display":"","ast-main-header-display":"","ast-hfb-above-header-display":"","ast-hfb-below-header-display":"","ast-hfb-mobile-header-display":"","site-post-title":"","ast-breadcrumbs-content":"","ast-featured-img":"","footer-sml-layout":"","theme-transparent-header-meta":"default","adv-header-id-meta":"","stick-header-meta":"","header-above-stick-meta":"","header-main-stick-meta":"","header-below-stick-meta":"","_joinchat":{"telephone":"+59898715457"}},"product_cat":[41,29,42],"product_tag":[],"yoast_head":"<!-- This site is optimized with the Yoast SEO plugin v19.11 - https:\/\/yoast.com\/wordpress\/plugins\/seo\/ -->\n<title>Cordero De Pulir Doble Faz Bonete 8 Pulgadas &bull; AUTOPINT SHOP- Car Repair System - Herramientas - Protecci\u00f3n - Pulidos - Detailing<\/title>\n<meta name=\"robots\" content=\"index, follow, max-snippet:-1, max-image-preview:large, max-video-preview:-1\" \/>\n<link rel=\"canonical\" href=\"https:\/\/www.autopint.com.uy\/?product=cordero-de-pulir-doble-faz-bonete-8-pulgadas\" \/>\n<meta property=\"og:locale\" content=\"es_ES\" \/>\n<meta property=\"og:type\" content=\"article\" \/>\n<meta property=\"og:title\" content=\"Cordero De Pulir Doble Faz Bonete 8 Pulgadas &bull; AUTOPINT SHOP- Car Repair System - Herramientas - Protecci\u00f3n - Pulidos - Detailing\" \/>\n<meta property=\"og:description\" content=\"Nuestros pa\u00f1os de cordero son ideales para trabajos intensivos de corte. La lana est\u00e1 tejida de cierta manera para dejar la menor cantidad de pelusas posible. Siendo que el 100% de los pa\u00f1os de cordero dejan pelusa (aquellos que son naturales), hemos trabajado para reducir las tareas de limpieza luego del pulido, manteniendo la eficiencia &hellip; Cordero De Pulir Doble Faz Bonete 8 Pulgadas Leer m\u00e1s &raquo;\" \/>\n<meta property=\"og:url\" content=\"https:\/\/www.autopint.com.uy\/?product=cordero-de-pulir-doble-faz-bonete-8-pulgadas\" \/>\n<meta property=\"og:site_name\" content=\"AUTOPINT SHOP- Car Repair System - Herramientas - Protecci\u00f3n - Pulidos - Detailing\" \/>\n<meta property=\"article:modified_time\" content=\"2026-02-11T12:12:25+00:00\" \/>\n<meta property=\"og:image\" content=\"https:\/\/www.autopint.com.uy\/wp-content\/uploads\/2023\/11\/CORDERO-DE-PULIR-BONETE-DOBLE-FAZ.jpg\" \/>\n\t<meta property=\"og:image:width\" content=\"250\" \/>\n\t<meta property=\"og:image:height\" content=\"239\" \/>\n\t<meta property=\"og:image:type\" content=\"image\/jpeg\" \/>\n<meta name=\"twitter:card\" content=\"summary_large_image\" \/>\n<meta name=\"twitter:label1\" content=\"Tiempo de lectura\" \/>\n\t<meta name=\"twitter:data1\" content=\"1 minuto\" \/>\n<script type=\"application\/ld+json\" class=\"yoast-schema-graph\">{\"@context\":\"https:\/\/schema.org\",\"@graph\":[{\"@type\":\"WebPage\",\"@id\":\"https:\/\/www.autopint.com.uy\/?product=cordero-de-pulir-doble-faz-bonete-8-pulgadas\",\"url\":\"https:\/\/www.autopint.com.uy\/?product=cordero-de-pulir-doble-faz-bonete-8-pulgadas\",\"name\":\"Cordero De Pulir Doble Faz Bonete 8 Pulgadas &bull; AUTOPINT SHOP- Car Repair System - Herramientas - Protecci\u00f3n - Pulidos - Detailing\",\"isPartOf\":{\"@id\":\"https:\/\/www.autopint.com.uy\/#website\"},\"datePublished\":\"2023-11-02T20:05:25+00:00\",\"dateModified\":\"2026-02-11T12:12:25+00:00\",\"breadcrumb\":{\"@id\":\"https:\/\/www.autopint.com.uy\/?product=cordero-de-pulir-doble-faz-bonete-8-pulgadas#breadcrumb\"},\"inLanguage\":\"es\",\"potentialAction\":[{\"@type\":\"ReadAction\",\"target\":[\"https:\/\/www.autopint.com.uy\/?product=cordero-de-pulir-doble-faz-bonete-8-pulgadas\"]}]},{\"@type\":\"BreadcrumbList\",\"@id\":\"https:\/\/www.autopint.com.uy\/?product=cordero-de-pulir-doble-faz-bonete-8-pulgadas#breadcrumb\",\"itemListElement\":[{\"@type\":\"ListItem\",\"position\":1,\"name\":\"Portada\",\"item\":\"https:\/\/www.autopint.com.uy\/\"},{\"@type\":\"ListItem\",\"position\":2,\"name\":\"Tienda\",\"item\":\"https:\/\/www.autopint.com.uy\/?page_id=51\"},{\"@type\":\"ListItem\",\"position\":3,\"name\":\"Cordero De Pulir Doble Faz Bonete 8 Pulgadas\"}]},{\"@type\":\"WebSite\",\"@id\":\"https:\/\/www.autopint.com.uy\/#website\",\"url\":\"https:\/\/www.autopint.com.uy\/\",\"name\":\"AUTOPINT SHOP- Car Repair System - Herramientas - Protecci\u00f3n - Pulidos - Detailing\",\"description\":\"IMPORTACION Y VENTA DE INSUMOS PARA REPINTADO AUTOMOTRIZ\",\"publisher\":{\"@id\":\"https:\/\/www.autopint.com.uy\/#organization\"},\"potentialAction\":[{\"@type\":\"SearchAction\",\"target\":{\"@type\":\"EntryPoint\",\"urlTemplate\":\"https:\/\/www.autopint.com.uy\/?s={search_term_string}\"},\"query-input\":\"required name=search_term_string\"}],\"inLanguage\":\"es\"},{\"@type\":\"Organization\",\"@id\":\"https:\/\/www.autopint.com.uy\/#organization\",\"name\":\"Autopint-Carrepairsystem\",\"url\":\"https:\/\/www.autopint.com.uy\/\",\"logo\":{\"@type\":\"ImageObject\",\"inLanguage\":\"es\",\"@id\":\"https:\/\/www.autopint.com.uy\/#\/schema\/logo\/image\/\",\"url\":\"https:\/\/www.autopint.com.uy\/wp-content\/uploads\/2020\/05\/cropped-Logo-2.png\",\"contentUrl\":\"https:\/\/www.autopint.com.uy\/wp-content\/uploads\/2020\/05\/cropped-Logo-2.png\",\"width\":600,\"height\":150,\"caption\":\"Autopint-Carrepairsystem\"},\"image\":{\"@id\":\"https:\/\/www.autopint.com.uy\/#\/schema\/logo\/image\/\"}}]}<\/script>\n<!-- \/ Yoast SEO plugin. -->","yoast_head_json":{"title":"Cordero De Pulir Doble Faz Bonete 8 Pulgadas &bull; AUTOPINT SHOP- Car Repair System - Herramientas - Protecci\u00f3n - Pulidos - Detailing","robots":{"index":"index","follow":"follow","max-snippet":"max-snippet:-1","max-image-preview":"max-image-preview:large","max-video-preview":"max-video-preview:-1"},"canonical":"https:\/\/www.autopint.com.uy\/?product=cordero-de-pulir-doble-faz-bonete-8-pulgadas","og_locale":"es_ES","og_type":"article","og_title":"Cordero De Pulir Doble Faz Bonete 8 Pulgadas &bull; AUTOPINT SHOP- Car Repair System - Herramientas - Protecci\u00f3n - Pulidos - Detailing","og_description":"Nuestros pa\u00f1os de cordero son ideales para trabajos intensivos de corte. La lana est\u00e1 tejida de cierta manera para dejar la menor cantidad de pelusas posible. Siendo que el 100% de los pa\u00f1os de cordero dejan pelusa (aquellos que son naturales), hemos trabajado para reducir las tareas de limpieza luego del pulido, manteniendo la eficiencia &hellip; Cordero De Pulir Doble Faz Bonete 8 Pulgadas Leer m\u00e1s &raquo;","og_url":"https:\/\/www.autopint.com.uy\/?product=cordero-de-pulir-doble-faz-bonete-8-pulgadas","og_site_name":"AUTOPINT SHOP- Car Repair System - Herramientas - Protecci\u00f3n - Pulidos - Detailing","article_modified_time":"2026-02-11T12:12:25+00:00","og_image":[{"width":250,"height":239,"url":"https:\/\/www.autopint.com.uy\/wp-content\/uploads\/2023\/11\/CORDERO-DE-PULIR-BONETE-DOBLE-FAZ.jpg","type":"image\/jpeg"}],"twitter_card":"summary_large_image","twitter_misc":{"Tiempo de lectura":"1 minuto"},"schema":{"@context":"https:\/\/schema.org","@graph":[{"@type":"WebPage","@id":"https:\/\/www.autopint.com.uy\/?product=cordero-de-pulir-doble-faz-bonete-8-pulgadas","url":"https:\/\/www.autopint.com.uy\/?product=cordero-de-pulir-doble-faz-bonete-8-pulgadas","name":"Cordero De Pulir Doble Faz Bonete 8 Pulgadas &bull; AUTOPINT SHOP- Car Repair System - Herramientas - Protecci\u00f3n - Pulidos - Detailing","isPartOf":{"@id":"https:\/\/www.autopint.com.uy\/#website"},"datePublished":"2023-11-02T20:05:25+00:00","dateModified":"2026-02-11T12:12:25+00:00","breadcrumb":{"@id":"https:\/\/www.autopint.com.uy\/?product=cordero-de-pulir-doble-faz-bonete-8-pulgadas#breadcrumb"},"inLanguage":"es","potentialAction":[{"@type":"ReadAction","target":["https:\/\/www.autopint.com.uy\/?product=cordero-de-pulir-doble-faz-bonete-8-pulgadas"]}]},{"@type":"BreadcrumbList","@id":"https:\/\/www.autopint.com.uy\/?product=cordero-de-pulir-doble-faz-bonete-8-pulgadas#breadcrumb","itemListElement":[{"@type":"ListItem","position":1,"name":"Portada","item":"https:\/\/www.autopint.com.uy\/"},{"@type":"ListItem","position":2,"name":"Tienda","item":"https:\/\/www.autopint.com.uy\/?page_id=51"},{"@type":"ListItem","position":3,"name":"Cordero De Pulir Doble Faz Bonete 8 Pulgadas"}]},{"@type":"WebSite","@id":"https:\/\/www.autopint.com.uy\/#website","url":"https:\/\/www.autopint.com.uy\/","name":"AUTOPINT SHOP- Car Repair System - Herramientas - Protecci\u00f3n - Pulidos - Detailing","description":"IMPORTACION Y VENTA DE INSUMOS PARA REPINTADO AUTOMOTRIZ","publisher":{"@id":"https:\/\/www.autopint.com.uy\/#organization"},"potentialAction":[{"@type":"SearchAction","target":{"@type":"EntryPoint","urlTemplate":"https:\/\/www.autopint.com.uy\/?s={search_term_string}"},"query-input":"required name=search_term_string"}],"inLanguage":"es"},{"@type":"Organization","@id":"https:\/\/www.autopint.com.uy\/#organization","name":"Autopint-Carrepairsystem","url":"https:\/\/www.autopint.com.uy\/","logo":{"@type":"ImageObject","inLanguage":"es","@id":"https:\/\/www.autopint.com.uy\/#\/schema\/logo\/image\/","url":"https:\/\/www.autopint.com.uy\/wp-content\/uploads\/2020\/05\/cropped-Logo-2.png","contentUrl":"https:\/\/www.autopint.com.uy\/wp-content\/uploads\/2020\/05\/cropped-Logo-2.png","width":600,"height":150,"caption":"Autopint-Carrepairsystem"},"image":{"@id":"https:\/\/www.autopint.com.uy\/#\/schema\/logo\/image\/"}}]}},"_links":{"self":[{"href":"https:\/\/www.autopint.com.uy\/index.php?rest_route=\/wp\/v2\/product\/1846"}],"collection":[{"href":"https:\/\/www.autopint.com.uy\/index.php?rest_route=\/wp\/v2\/product"}],"about":[{"href":"https:\/\/www.autopint.com.uy\/index.php?rest_route=\/wp\/v2\/types\/product"}],"wp:featuredmedia":[{"embeddable":true,"href":"https:\/\/www.autopint.com.uy\/index.php?rest_route=\/wp\/v2\/media\/1847"}],"wp:attachment":[{"href":"https:\/\/www.autopint.com.uy\/index.php?rest_route=%2Fwp%2Fv2%2Fmedia&parent=1846"}],"wp:term":[{"taxonomy":"product_cat","embeddable":true,"href":"https:\/\/www.autopint.com.uy\/index.php?rest_route=%2Fwp%2Fv2%2Fproduct_cat&post=1846"},{"taxonomy":"product_tag","embeddable":true,"href":"https:\/\/www.autopint.com.uy\/index.php?rest_route=%2Fwp%2Fv2%2Fproduct_tag&post=1846"}],"curies":[{"name":"wp","href":"https:\/\/api.w.org\/{rel}","templated":true}]}}