{"id":1921,"date":"2023-11-16T17:11:57","date_gmt":"2023-11-16T20:11:57","guid":{"rendered":"https:\/\/www.autopint.com.uy\/?post_type=product&#038;p=1921"},"modified":"2024-09-06T15:26:21","modified_gmt":"2024-09-06T18:26:21","slug":"gancho-para-alfombra-lavaderos-autopint-4pza","status":"publish","type":"product","link":"https:\/\/www.autopint.com.uy\/?product=gancho-para-alfombra-lavaderos-autopint-4pza","title":{"rendered":"Gancho Para Alfombra Lavaderos Autopint. 4pza."},"content":{"rendered":"<p>Clip de lavado montado en la pared para lavaderos de autom\u00f3viles.<br \/>\nGancho colgante para secado r\u00e1pido.<\/p>\n<p>&nbsp;<\/p>\n<p><img loading=\"lazy\" class=\"alignnone size-medium wp-image-1923\" src=\"https:\/\/www.autopint.com.uy\/wp-content\/uploads\/2023\/11\/IMG_20230710_104126-225x300.png\" alt=\"\" width=\"225\" height=\"300\" srcset=\"https:\/\/www.autopint.com.uy\/wp-content\/uploads\/2023\/11\/IMG_20230710_104126-225x300.png 225w, https:\/\/www.autopint.com.uy\/wp-content\/uploads\/2023\/11\/IMG_20230710_104126-768x1024.png 768w, https:\/\/www.autopint.com.uy\/wp-content\/uploads\/2023\/11\/IMG_20230710_104126-1152x1536.png 1152w, https:\/\/www.autopint.com.uy\/wp-content\/uploads\/2023\/11\/IMG_20230710_104126-1536x2048.png 1536w, https:\/\/www.autopint.com.uy\/wp-content\/uploads\/2023\/11\/IMG_20230710_104126-600x800.png 600w, https:\/\/www.autopint.com.uy\/wp-content\/uploads\/2023\/11\/IMG_20230710_104126-64x85.png 64w\" sizes=\"(max-width: 225px) 100vw, 225px\" \/> <img loading=\"lazy\" class=\"alignnone size-medium wp-image-1924\" src=\"https:\/\/www.autopint.com.uy\/wp-content\/uploads\/2023\/11\/IMG_20230710_104140-225x300.png\" alt=\"\" width=\"225\" height=\"300\" srcset=\"https:\/\/www.autopint.com.uy\/wp-content\/uploads\/2023\/11\/IMG_20230710_104140-225x300.png 225w, https:\/\/www.autopint.com.uy\/wp-content\/uploads\/2023\/11\/IMG_20230710_104140-768x1024.png 768w, https:\/\/www.autopint.com.uy\/wp-content\/uploads\/2023\/11\/IMG_20230710_104140-1152x1536.png 1152w, https:\/\/www.autopint.com.uy\/wp-content\/uploads\/2023\/11\/IMG_20230710_104140-1536x2048.png 1536w, https:\/\/www.autopint.com.uy\/wp-content\/uploads\/2023\/11\/IMG_20230710_104140-600x800.png 600w, https:\/\/www.autopint.com.uy\/wp-content\/uploads\/2023\/11\/IMG_20230710_104140-64x85.png 64w\" sizes=\"(max-width: 225px) 100vw, 225px\" \/> <img loading=\"lazy\" class=\"alignnone size-medium wp-image-1925\" src=\"https:\/\/www.autopint.com.uy\/wp-content\/uploads\/2023\/11\/IMG_20230710_104150-225x300.png\" alt=\"\" width=\"225\" height=\"300\" srcset=\"https:\/\/www.autopint.com.uy\/wp-content\/uploads\/2023\/11\/IMG_20230710_104150-225x300.png 225w, https:\/\/www.autopint.com.uy\/wp-content\/uploads\/2023\/11\/IMG_20230710_104150-768x1024.png 768w, https:\/\/www.autopint.com.uy\/wp-content\/uploads\/2023\/11\/IMG_20230710_104150-1152x1536.png 1152w, https:\/\/www.autopint.com.uy\/wp-content\/uploads\/2023\/11\/IMG_20230710_104150-1536x2048.png 1536w, https:\/\/www.autopint.com.uy\/wp-content\/uploads\/2023\/11\/IMG_20230710_104150-600x800.png 600w, https:\/\/www.autopint.com.uy\/wp-content\/uploads\/2023\/11\/IMG_20230710_104150-64x85.png 64w\" sizes=\"(max-width: 225px) 100vw, 225px\" \/> <img loading=\"lazy\" class=\"alignnone size-medium wp-image-1926\" src=\"https:\/\/www.autopint.com.uy\/wp-content\/uploads\/2023\/11\/IMG_20230710_104201-225x300.png\" alt=\"\" width=\"225\" height=\"300\" srcset=\"https:\/\/www.autopint.com.uy\/wp-content\/uploads\/2023\/11\/IMG_20230710_104201-225x300.png 225w, https:\/\/www.autopint.com.uy\/wp-content\/uploads\/2023\/11\/IMG_20230710_104201-768x1024.png 768w, https:\/\/www.autopint.com.uy\/wp-content\/uploads\/2023\/11\/IMG_20230710_104201-1152x1536.png 1152w, https:\/\/www.autopint.com.uy\/wp-content\/uploads\/2023\/11\/IMG_20230710_104201-1536x2048.png 1536w, https:\/\/www.autopint.com.uy\/wp-content\/uploads\/2023\/11\/IMG_20230710_104201-600x800.png 600w, https:\/\/www.autopint.com.uy\/wp-content\/uploads\/2023\/11\/IMG_20230710_104201-64x85.png 64w\" sizes=\"(max-width: 225px) 100vw, 225px\" \/> <img loading=\"lazy\" class=\"alignnone size-medium wp-image-1927\" src=\"https:\/\/www.autopint.com.uy\/wp-content\/uploads\/2023\/11\/IMG_20230710_104741-225x300.png\" alt=\"\" width=\"225\" height=\"300\" srcset=\"https:\/\/www.autopint.com.uy\/wp-content\/uploads\/2023\/11\/IMG_20230710_104741-225x300.png 225w, https:\/\/www.autopint.com.uy\/wp-content\/uploads\/2023\/11\/IMG_20230710_104741-768x1024.png 768w, https:\/\/www.autopint.com.uy\/wp-content\/uploads\/2023\/11\/IMG_20230710_104741-1152x1536.png 1152w, https:\/\/www.autopint.com.uy\/wp-content\/uploads\/2023\/11\/IMG_20230710_104741-1536x2048.png 1536w, https:\/\/www.autopint.com.uy\/wp-content\/uploads\/2023\/11\/IMG_20230710_104741-600x800.png 600w, https:\/\/www.autopint.com.uy\/wp-content\/uploads\/2023\/11\/IMG_20230710_104741-64x85.png 64w\" sizes=\"(max-width: 225px) 100vw, 225px\" \/><\/p>\n","protected":false},"excerpt":{"rendered":"<p>Clip de lavado montado en la pared para lavaderos de autom\u00f3viles. Gancho colgante para secado r\u00e1pido. &nbsp;<\/p>\n","protected":false},"featured_media":1922,"template":"","meta":{"site-sidebar-layout":"default","site-content-layout":"default","ast-global-header-display":"","ast-main-header-display":"","ast-hfb-above-header-display":"","ast-hfb-below-header-display":"","ast-hfb-mobile-header-display":"","site-post-title":"","ast-breadcrumbs-content":"","ast-featured-img":"","footer-sml-layout":"","theme-transparent-header-meta":"default","adv-header-id-meta":"","stick-header-meta":"","header-above-stick-meta":"","header-main-stick-meta":"","header-below-stick-meta":"","_joinchat":{"telephone":"+59898715457"}},"product_cat":[22],"product_tag":[],"yoast_head":"<!-- This site is optimized with the Yoast SEO plugin v19.11 - https:\/\/yoast.com\/wordpress\/plugins\/seo\/ -->\n<title>Gancho Para Alfombra Lavaderos Autopint. 4pza. &bull; AUTOPINT SHOP- Car Repair System - Herramientas - Protecci\u00f3n - Pulidos - Detailing<\/title>\n<meta name=\"description\" content=\"Clip de lavado montado en la pared para lavaderos de autom\u00f3viles.Gancho colgante para secado r\u00e1pido. CARREPAIRSYSTEM- AUTOPINT SHOP\" \/>\n<meta name=\"robots\" content=\"index, follow, max-snippet:-1, max-image-preview:large, max-video-preview:-1\" \/>\n<link rel=\"canonical\" href=\"https:\/\/www.autopint.com.uy\/?product=gancho-para-alfombra-lavaderos-autopint-4pza\" \/>\n<meta property=\"og:locale\" content=\"es_ES\" \/>\n<meta property=\"og:type\" content=\"article\" \/>\n<meta property=\"og:title\" content=\"Gancho Para Alfombra Lavaderos Autopint. 4pza. &bull; AUTOPINT SHOP- Car Repair System - Herramientas - Protecci\u00f3n - Pulidos - Detailing\" \/>\n<meta property=\"og:description\" content=\"Clip de lavado montado en la pared para lavaderos de autom\u00f3viles.Gancho colgante para secado r\u00e1pido. CARREPAIRSYSTEM- AUTOPINT SHOP\" \/>\n<meta property=\"og:url\" content=\"https:\/\/www.autopint.com.uy\/?product=gancho-para-alfombra-lavaderos-autopint-4pza\" \/>\n<meta property=\"og:site_name\" content=\"AUTOPINT SHOP- Car Repair System - Herramientas - Protecci\u00f3n - Pulidos - Detailing\" \/>\n<meta property=\"article:modified_time\" content=\"2024-09-06T18:26:21+00:00\" \/>\n<meta property=\"og:image\" content=\"https:\/\/www.autopint.com.uy\/wp-content\/uploads\/2023\/11\/IMG_20230710_104750-768x1024.png\" \/>\n\t<meta property=\"og:image:width\" content=\"768\" \/>\n\t<meta property=\"og:image:height\" content=\"1024\" \/>\n\t<meta property=\"og:image:type\" content=\"image\/png\" \/>\n<meta name=\"twitter:card\" content=\"summary_large_image\" \/>\n<meta name=\"twitter:label1\" content=\"Tiempo de lectura\" \/>\n\t<meta name=\"twitter:data1\" content=\"2 minutos\" \/>\n<script type=\"application\/ld+json\" class=\"yoast-schema-graph\">{\"@context\":\"https:\/\/schema.org\",\"@graph\":[{\"@type\":\"WebPage\",\"@id\":\"https:\/\/www.autopint.com.uy\/?product=gancho-para-alfombra-lavaderos-autopint-4pza\",\"url\":\"https:\/\/www.autopint.com.uy\/?product=gancho-para-alfombra-lavaderos-autopint-4pza\",\"name\":\"Gancho Para Alfombra Lavaderos Autopint. 4pza. &bull; AUTOPINT SHOP- Car Repair System - Herramientas - Protecci\u00f3n - Pulidos - Detailing\",\"isPartOf\":{\"@id\":\"https:\/\/www.autopint.com.uy\/#website\"},\"datePublished\":\"2023-11-16T20:11:57+00:00\",\"dateModified\":\"2024-09-06T18:26:21+00:00\",\"description\":\"Clip de lavado montado en la pared para lavaderos de autom\u00f3viles.Gancho colgante para secado r\u00e1pido. CARREPAIRSYSTEM- AUTOPINT SHOP\",\"breadcrumb\":{\"@id\":\"https:\/\/www.autopint.com.uy\/?product=gancho-para-alfombra-lavaderos-autopint-4pza#breadcrumb\"},\"inLanguage\":\"es\",\"potentialAction\":[{\"@type\":\"ReadAction\",\"target\":[\"https:\/\/www.autopint.com.uy\/?product=gancho-para-alfombra-lavaderos-autopint-4pza\"]}]},{\"@type\":\"BreadcrumbList\",\"@id\":\"https:\/\/www.autopint.com.uy\/?product=gancho-para-alfombra-lavaderos-autopint-4pza#breadcrumb\",\"itemListElement\":[{\"@type\":\"ListItem\",\"position\":1,\"name\":\"Portada\",\"item\":\"https:\/\/www.autopint.com.uy\/\"},{\"@type\":\"ListItem\",\"position\":2,\"name\":\"Tienda\",\"item\":\"https:\/\/www.autopint.com.uy\/?page_id=51\"},{\"@type\":\"ListItem\",\"position\":3,\"name\":\"Gancho Para Alfombra Lavaderos Autopint. 4pza.\"}]},{\"@type\":\"WebSite\",\"@id\":\"https:\/\/www.autopint.com.uy\/#website\",\"url\":\"https:\/\/www.autopint.com.uy\/\",\"name\":\"AUTOPINT SHOP- Car Repair System - Herramientas - Protecci\u00f3n - Pulidos - Detailing\",\"description\":\"IMPORTACION Y VENTA DE INSUMOS PARA REPINTADO AUTOMOTRIZ\",\"publisher\":{\"@id\":\"https:\/\/www.autopint.com.uy\/#organization\"},\"potentialAction\":[{\"@type\":\"SearchAction\",\"target\":{\"@type\":\"EntryPoint\",\"urlTemplate\":\"https:\/\/www.autopint.com.uy\/?s={search_term_string}\"},\"query-input\":\"required name=search_term_string\"}],\"inLanguage\":\"es\"},{\"@type\":\"Organization\",\"@id\":\"https:\/\/www.autopint.com.uy\/#organization\",\"name\":\"Autopint-Carrepairsystem\",\"url\":\"https:\/\/www.autopint.com.uy\/\",\"logo\":{\"@type\":\"ImageObject\",\"inLanguage\":\"es\",\"@id\":\"https:\/\/www.autopint.com.uy\/#\/schema\/logo\/image\/\",\"url\":\"https:\/\/www.autopint.com.uy\/wp-content\/uploads\/2020\/05\/cropped-Logo-2.png\",\"contentUrl\":\"https:\/\/www.autopint.com.uy\/wp-content\/uploads\/2020\/05\/cropped-Logo-2.png\",\"width\":600,\"height\":150,\"caption\":\"Autopint-Carrepairsystem\"},\"image\":{\"@id\":\"https:\/\/www.autopint.com.uy\/#\/schema\/logo\/image\/\"}}]}<\/script>\n<!-- \/ Yoast SEO plugin. -->","yoast_head_json":{"title":"Gancho Para Alfombra Lavaderos Autopint. 4pza. &bull; AUTOPINT SHOP- Car Repair System - Herramientas - Protecci\u00f3n - Pulidos - Detailing","description":"Clip de lavado montado en la pared para lavaderos de autom\u00f3viles.Gancho colgante para secado r\u00e1pido. CARREPAIRSYSTEM- AUTOPINT SHOP","robots":{"index":"index","follow":"follow","max-snippet":"max-snippet:-1","max-image-preview":"max-image-preview:large","max-video-preview":"max-video-preview:-1"},"canonical":"https:\/\/www.autopint.com.uy\/?product=gancho-para-alfombra-lavaderos-autopint-4pza","og_locale":"es_ES","og_type":"article","og_title":"Gancho Para Alfombra Lavaderos Autopint. 4pza. &bull; AUTOPINT SHOP- Car Repair System - Herramientas - Protecci\u00f3n - Pulidos - Detailing","og_description":"Clip de lavado montado en la pared para lavaderos de autom\u00f3viles.Gancho colgante para secado r\u00e1pido. CARREPAIRSYSTEM- AUTOPINT SHOP","og_url":"https:\/\/www.autopint.com.uy\/?product=gancho-para-alfombra-lavaderos-autopint-4pza","og_site_name":"AUTOPINT SHOP- Car Repair System - Herramientas - Protecci\u00f3n - Pulidos - Detailing","article_modified_time":"2024-09-06T18:26:21+00:00","og_image":[{"width":768,"height":1024,"url":"https:\/\/www.autopint.com.uy\/wp-content\/uploads\/2023\/11\/IMG_20230710_104750-768x1024.png","type":"image\/png"}],"twitter_card":"summary_large_image","twitter_misc":{"Tiempo de lectura":"2 minutos"},"schema":{"@context":"https:\/\/schema.org","@graph":[{"@type":"WebPage","@id":"https:\/\/www.autopint.com.uy\/?product=gancho-para-alfombra-lavaderos-autopint-4pza","url":"https:\/\/www.autopint.com.uy\/?product=gancho-para-alfombra-lavaderos-autopint-4pza","name":"Gancho Para Alfombra Lavaderos Autopint. 4pza. &bull; AUTOPINT SHOP- Car Repair System - Herramientas - Protecci\u00f3n - Pulidos - Detailing","isPartOf":{"@id":"https:\/\/www.autopint.com.uy\/#website"},"datePublished":"2023-11-16T20:11:57+00:00","dateModified":"2024-09-06T18:26:21+00:00","description":"Clip de lavado montado en la pared para lavaderos de autom\u00f3viles.Gancho colgante para secado r\u00e1pido. CARREPAIRSYSTEM- AUTOPINT SHOP","breadcrumb":{"@id":"https:\/\/www.autopint.com.uy\/?product=gancho-para-alfombra-lavaderos-autopint-4pza#breadcrumb"},"inLanguage":"es","potentialAction":[{"@type":"ReadAction","target":["https:\/\/www.autopint.com.uy\/?product=gancho-para-alfombra-lavaderos-autopint-4pza"]}]},{"@type":"BreadcrumbList","@id":"https:\/\/www.autopint.com.uy\/?product=gancho-para-alfombra-lavaderos-autopint-4pza#breadcrumb","itemListElement":[{"@type":"ListItem","position":1,"name":"Portada","item":"https:\/\/www.autopint.com.uy\/"},{"@type":"ListItem","position":2,"name":"Tienda","item":"https:\/\/www.autopint.com.uy\/?page_id=51"},{"@type":"ListItem","position":3,"name":"Gancho Para Alfombra Lavaderos Autopint. 4pza."}]},{"@type":"WebSite","@id":"https:\/\/www.autopint.com.uy\/#website","url":"https:\/\/www.autopint.com.uy\/","name":"AUTOPINT SHOP- Car Repair System - Herramientas - Protecci\u00f3n - Pulidos - Detailing","description":"IMPORTACION Y VENTA DE INSUMOS PARA REPINTADO AUTOMOTRIZ","publisher":{"@id":"https:\/\/www.autopint.com.uy\/#organization"},"potentialAction":[{"@type":"SearchAction","target":{"@type":"EntryPoint","urlTemplate":"https:\/\/www.autopint.com.uy\/?s={search_term_string}"},"query-input":"required name=search_term_string"}],"inLanguage":"es"},{"@type":"Organization","@id":"https:\/\/www.autopint.com.uy\/#organization","name":"Autopint-Carrepairsystem","url":"https:\/\/www.autopint.com.uy\/","logo":{"@type":"ImageObject","inLanguage":"es","@id":"https:\/\/www.autopint.com.uy\/#\/schema\/logo\/image\/","url":"https:\/\/www.autopint.com.uy\/wp-content\/uploads\/2020\/05\/cropped-Logo-2.png","contentUrl":"https:\/\/www.autopint.com.uy\/wp-content\/uploads\/2020\/05\/cropped-Logo-2.png","width":600,"height":150,"caption":"Autopint-Carrepairsystem"},"image":{"@id":"https:\/\/www.autopint.com.uy\/#\/schema\/logo\/image\/"}}]}},"_links":{"self":[{"href":"https:\/\/www.autopint.com.uy\/index.php?rest_route=\/wp\/v2\/product\/1921"}],"collection":[{"href":"https:\/\/www.autopint.com.uy\/index.php?rest_route=\/wp\/v2\/product"}],"about":[{"href":"https:\/\/www.autopint.com.uy\/index.php?rest_route=\/wp\/v2\/types\/product"}],"wp:featuredmedia":[{"embeddable":true,"href":"https:\/\/www.autopint.com.uy\/index.php?rest_route=\/wp\/v2\/media\/1922"}],"wp:attachment":[{"href":"https:\/\/www.autopint.com.uy\/index.php?rest_route=%2Fwp%2Fv2%2Fmedia&parent=1921"}],"wp:term":[{"taxonomy":"product_cat","embeddable":true,"href":"https:\/\/www.autopint.com.uy\/index.php?rest_route=%2Fwp%2Fv2%2Fproduct_cat&post=1921"},{"taxonomy":"product_tag","embeddable":true,"href":"https:\/\/www.autopint.com.uy\/index.php?rest_route=%2Fwp%2Fv2%2Fproduct_tag&post=1921"}],"curies":[{"name":"wp","href":"https:\/\/api.w.org\/{rel}","templated":true}]}}