{"id":2052,"date":"2024-04-17T17:10:42","date_gmt":"2024-04-17T20:10:42","guid":{"rendered":"https:\/\/www.autopint.com.uy\/?post_type=product&#038;p=2052"},"modified":"2026-03-05T16:38:39","modified_gmt":"2026-03-05T19:38:39","slug":"pintura-para-plasticos-en-spray-400ml-gris-oscuro","status":"publish","type":"product","link":"https:\/\/www.autopint.com.uy\/?product=pintura-para-plasticos-en-spray-400ml-gris-oscuro","title":{"rendered":"Pintura Para Pl\u00e1sticos En Spray 400ml Gris Oscuro"},"content":{"rendered":"<h2 class=\"product_title entry-title show-product-nav\">QUICK TEX 400 ML<\/h2>\n<div class=\"product-nav\">\n<div class=\"product-next\"><\/div>\n<\/div>\n<div class=\"description woocommerce-product-details__short-description\">\n<p>Pintura texturizada monocomponente en spray para pintar parachoques y superficies pl\u00e1sticas permitiendo un acabado rugoso. Forma una fina pel\u00edcula de protecci\u00f3n. Puede pintarse encima.<\/p>\n<\/div>\n","protected":false},"excerpt":{"rendered":"<p>QUICK TEX 400 ML Pintura texturizada monocomponente en spray para pintar parachoques y superficies pl\u00e1sticas permitiendo un acabado rugoso. Forma una fina pel\u00edcula de protecci\u00f3n. Puede pintarse encima.<\/p>\n","protected":false},"featured_media":2053,"template":"","meta":{"site-sidebar-layout":"default","site-content-layout":"default","ast-global-header-display":"","ast-main-header-display":"","ast-hfb-above-header-display":"","ast-hfb-below-header-display":"","ast-hfb-mobile-header-display":"","site-post-title":"","ast-breadcrumbs-content":"","ast-featured-img":"","footer-sml-layout":"","theme-transparent-header-meta":"default","adv-header-id-meta":"","stick-header-meta":"","header-above-stick-meta":"","header-main-stick-meta":"","header-below-stick-meta":"","_joinchat":{"telephone":"+59898715457"}},"product_cat":[20],"product_tag":[],"yoast_head":"<!-- This site is optimized with the Yoast SEO plugin v19.11 - https:\/\/yoast.com\/wordpress\/plugins\/seo\/ -->\n<title>Pintura Para Pl\u00e1sticos En Spray 400ml Gris Oscuro &bull; AUTOPINT SHOP- Car Repair System - Herramientas - Protecci\u00f3n - Pulidos - Detailing<\/title>\n<meta name=\"description\" content=\"Pintura texturizada monocomponente en spray para pintar parachoques y superficies pl\u00e1sticas permitiendo un acabado rugoso. AUTOPINT SHOP\" \/>\n<meta name=\"robots\" content=\"index, follow, max-snippet:-1, max-image-preview:large, max-video-preview:-1\" \/>\n<link rel=\"canonical\" href=\"https:\/\/www.autopint.com.uy\/?product=pintura-para-plasticos-en-spray-400ml-gris-oscuro\" \/>\n<meta property=\"og:locale\" content=\"es_ES\" \/>\n<meta property=\"og:type\" content=\"article\" \/>\n<meta property=\"og:title\" content=\"Pintura Para Pl\u00e1sticos En Spray 400ml Gris Oscuro &bull; AUTOPINT SHOP- Car Repair System - Herramientas - Protecci\u00f3n - Pulidos - Detailing\" \/>\n<meta property=\"og:description\" content=\"Pintura texturizada monocomponente en spray para pintar parachoques y superficies pl\u00e1sticas permitiendo un acabado rugoso. AUTOPINT SHOP\" \/>\n<meta property=\"og:url\" content=\"https:\/\/www.autopint.com.uy\/?product=pintura-para-plasticos-en-spray-400ml-gris-oscuro\" \/>\n<meta property=\"og:site_name\" content=\"AUTOPINT SHOP- Car Repair System - Herramientas - Protecci\u00f3n - Pulidos - Detailing\" \/>\n<meta property=\"article:modified_time\" content=\"2026-03-05T19:38:39+00:00\" \/>\n<meta property=\"og:image\" content=\"https:\/\/www.autopint.com.uy\/wp-content\/uploads\/2024\/04\/5004-001049-QUICK-TEX-GRIS-400-ML-600x600-1.jpg\" \/>\n\t<meta property=\"og:image:width\" content=\"600\" \/>\n\t<meta property=\"og:image:height\" content=\"600\" \/>\n\t<meta property=\"og:image:type\" content=\"image\/jpeg\" \/>\n<meta name=\"twitter:card\" content=\"summary_large_image\" \/>\n<meta name=\"twitter:label1\" content=\"Tiempo de lectura\" \/>\n\t<meta name=\"twitter:data1\" content=\"1 minuto\" \/>\n<script type=\"application\/ld+json\" class=\"yoast-schema-graph\">{\"@context\":\"https:\/\/schema.org\",\"@graph\":[{\"@type\":\"WebPage\",\"@id\":\"https:\/\/www.autopint.com.uy\/?product=pintura-para-plasticos-en-spray-400ml-gris-oscuro\",\"url\":\"https:\/\/www.autopint.com.uy\/?product=pintura-para-plasticos-en-spray-400ml-gris-oscuro\",\"name\":\"Pintura Para Pl\u00e1sticos En Spray 400ml Gris Oscuro &bull; AUTOPINT SHOP- Car Repair System - Herramientas - Protecci\u00f3n - Pulidos - Detailing\",\"isPartOf\":{\"@id\":\"https:\/\/www.autopint.com.uy\/#website\"},\"datePublished\":\"2024-04-17T20:10:42+00:00\",\"dateModified\":\"2026-03-05T19:38:39+00:00\",\"description\":\"Pintura texturizada monocomponente en spray para pintar parachoques y superficies pl\u00e1sticas permitiendo un acabado rugoso. AUTOPINT SHOP\",\"breadcrumb\":{\"@id\":\"https:\/\/www.autopint.com.uy\/?product=pintura-para-plasticos-en-spray-400ml-gris-oscuro#breadcrumb\"},\"inLanguage\":\"es\",\"potentialAction\":[{\"@type\":\"ReadAction\",\"target\":[\"https:\/\/www.autopint.com.uy\/?product=pintura-para-plasticos-en-spray-400ml-gris-oscuro\"]}]},{\"@type\":\"BreadcrumbList\",\"@id\":\"https:\/\/www.autopint.com.uy\/?product=pintura-para-plasticos-en-spray-400ml-gris-oscuro#breadcrumb\",\"itemListElement\":[{\"@type\":\"ListItem\",\"position\":1,\"name\":\"Portada\",\"item\":\"https:\/\/www.autopint.com.uy\/\"},{\"@type\":\"ListItem\",\"position\":2,\"name\":\"Tienda\",\"item\":\"https:\/\/www.autopint.com.uy\/?page_id=51\"},{\"@type\":\"ListItem\",\"position\":3,\"name\":\"Pintura Para Pl\u00e1sticos En Spray 400ml Gris Oscuro\"}]},{\"@type\":\"WebSite\",\"@id\":\"https:\/\/www.autopint.com.uy\/#website\",\"url\":\"https:\/\/www.autopint.com.uy\/\",\"name\":\"AUTOPINT SHOP- Car Repair System - Herramientas - Protecci\u00f3n - Pulidos - Detailing\",\"description\":\"IMPORTACION Y VENTA DE INSUMOS PARA REPINTADO AUTOMOTRIZ\",\"publisher\":{\"@id\":\"https:\/\/www.autopint.com.uy\/#organization\"},\"potentialAction\":[{\"@type\":\"SearchAction\",\"target\":{\"@type\":\"EntryPoint\",\"urlTemplate\":\"https:\/\/www.autopint.com.uy\/?s={search_term_string}\"},\"query-input\":\"required name=search_term_string\"}],\"inLanguage\":\"es\"},{\"@type\":\"Organization\",\"@id\":\"https:\/\/www.autopint.com.uy\/#organization\",\"name\":\"Autopint-Carrepairsystem\",\"url\":\"https:\/\/www.autopint.com.uy\/\",\"logo\":{\"@type\":\"ImageObject\",\"inLanguage\":\"es\",\"@id\":\"https:\/\/www.autopint.com.uy\/#\/schema\/logo\/image\/\",\"url\":\"https:\/\/www.autopint.com.uy\/wp-content\/uploads\/2020\/05\/cropped-Logo-2.png\",\"contentUrl\":\"https:\/\/www.autopint.com.uy\/wp-content\/uploads\/2020\/05\/cropped-Logo-2.png\",\"width\":600,\"height\":150,\"caption\":\"Autopint-Carrepairsystem\"},\"image\":{\"@id\":\"https:\/\/www.autopint.com.uy\/#\/schema\/logo\/image\/\"}}]}<\/script>\n<!-- \/ Yoast SEO plugin. -->","yoast_head_json":{"title":"Pintura Para Pl\u00e1sticos En Spray 400ml Gris Oscuro &bull; AUTOPINT SHOP- Car Repair System - Herramientas - Protecci\u00f3n - Pulidos - Detailing","description":"Pintura texturizada monocomponente en spray para pintar parachoques y superficies pl\u00e1sticas permitiendo un acabado rugoso. AUTOPINT SHOP","robots":{"index":"index","follow":"follow","max-snippet":"max-snippet:-1","max-image-preview":"max-image-preview:large","max-video-preview":"max-video-preview:-1"},"canonical":"https:\/\/www.autopint.com.uy\/?product=pintura-para-plasticos-en-spray-400ml-gris-oscuro","og_locale":"es_ES","og_type":"article","og_title":"Pintura Para Pl\u00e1sticos En Spray 400ml Gris Oscuro &bull; AUTOPINT SHOP- Car Repair System - Herramientas - Protecci\u00f3n - Pulidos - Detailing","og_description":"Pintura texturizada monocomponente en spray para pintar parachoques y superficies pl\u00e1sticas permitiendo un acabado rugoso. AUTOPINT SHOP","og_url":"https:\/\/www.autopint.com.uy\/?product=pintura-para-plasticos-en-spray-400ml-gris-oscuro","og_site_name":"AUTOPINT SHOP- Car Repair System - Herramientas - Protecci\u00f3n - Pulidos - Detailing","article_modified_time":"2026-03-05T19:38:39+00:00","og_image":[{"width":600,"height":600,"url":"https:\/\/www.autopint.com.uy\/wp-content\/uploads\/2024\/04\/5004-001049-QUICK-TEX-GRIS-400-ML-600x600-1.jpg","type":"image\/jpeg"}],"twitter_card":"summary_large_image","twitter_misc":{"Tiempo de lectura":"1 minuto"},"schema":{"@context":"https:\/\/schema.org","@graph":[{"@type":"WebPage","@id":"https:\/\/www.autopint.com.uy\/?product=pintura-para-plasticos-en-spray-400ml-gris-oscuro","url":"https:\/\/www.autopint.com.uy\/?product=pintura-para-plasticos-en-spray-400ml-gris-oscuro","name":"Pintura Para Pl\u00e1sticos En Spray 400ml Gris Oscuro &bull; AUTOPINT SHOP- Car Repair System - Herramientas - Protecci\u00f3n - Pulidos - Detailing","isPartOf":{"@id":"https:\/\/www.autopint.com.uy\/#website"},"datePublished":"2024-04-17T20:10:42+00:00","dateModified":"2026-03-05T19:38:39+00:00","description":"Pintura texturizada monocomponente en spray para pintar parachoques y superficies pl\u00e1sticas permitiendo un acabado rugoso. AUTOPINT SHOP","breadcrumb":{"@id":"https:\/\/www.autopint.com.uy\/?product=pintura-para-plasticos-en-spray-400ml-gris-oscuro#breadcrumb"},"inLanguage":"es","potentialAction":[{"@type":"ReadAction","target":["https:\/\/www.autopint.com.uy\/?product=pintura-para-plasticos-en-spray-400ml-gris-oscuro"]}]},{"@type":"BreadcrumbList","@id":"https:\/\/www.autopint.com.uy\/?product=pintura-para-plasticos-en-spray-400ml-gris-oscuro#breadcrumb","itemListElement":[{"@type":"ListItem","position":1,"name":"Portada","item":"https:\/\/www.autopint.com.uy\/"},{"@type":"ListItem","position":2,"name":"Tienda","item":"https:\/\/www.autopint.com.uy\/?page_id=51"},{"@type":"ListItem","position":3,"name":"Pintura Para Pl\u00e1sticos En Spray 400ml Gris Oscuro"}]},{"@type":"WebSite","@id":"https:\/\/www.autopint.com.uy\/#website","url":"https:\/\/www.autopint.com.uy\/","name":"AUTOPINT SHOP- Car Repair System - Herramientas - Protecci\u00f3n - Pulidos - Detailing","description":"IMPORTACION Y VENTA DE INSUMOS PARA REPINTADO AUTOMOTRIZ","publisher":{"@id":"https:\/\/www.autopint.com.uy\/#organization"},"potentialAction":[{"@type":"SearchAction","target":{"@type":"EntryPoint","urlTemplate":"https:\/\/www.autopint.com.uy\/?s={search_term_string}"},"query-input":"required name=search_term_string"}],"inLanguage":"es"},{"@type":"Organization","@id":"https:\/\/www.autopint.com.uy\/#organization","name":"Autopint-Carrepairsystem","url":"https:\/\/www.autopint.com.uy\/","logo":{"@type":"ImageObject","inLanguage":"es","@id":"https:\/\/www.autopint.com.uy\/#\/schema\/logo\/image\/","url":"https:\/\/www.autopint.com.uy\/wp-content\/uploads\/2020\/05\/cropped-Logo-2.png","contentUrl":"https:\/\/www.autopint.com.uy\/wp-content\/uploads\/2020\/05\/cropped-Logo-2.png","width":600,"height":150,"caption":"Autopint-Carrepairsystem"},"image":{"@id":"https:\/\/www.autopint.com.uy\/#\/schema\/logo\/image\/"}}]}},"_links":{"self":[{"href":"https:\/\/www.autopint.com.uy\/index.php?rest_route=\/wp\/v2\/product\/2052"}],"collection":[{"href":"https:\/\/www.autopint.com.uy\/index.php?rest_route=\/wp\/v2\/product"}],"about":[{"href":"https:\/\/www.autopint.com.uy\/index.php?rest_route=\/wp\/v2\/types\/product"}],"wp:featuredmedia":[{"embeddable":true,"href":"https:\/\/www.autopint.com.uy\/index.php?rest_route=\/wp\/v2\/media\/2053"}],"wp:attachment":[{"href":"https:\/\/www.autopint.com.uy\/index.php?rest_route=%2Fwp%2Fv2%2Fmedia&parent=2052"}],"wp:term":[{"taxonomy":"product_cat","embeddable":true,"href":"https:\/\/www.autopint.com.uy\/index.php?rest_route=%2Fwp%2Fv2%2Fproduct_cat&post=2052"},{"taxonomy":"product_tag","embeddable":true,"href":"https:\/\/www.autopint.com.uy\/index.php?rest_route=%2Fwp%2Fv2%2Fproduct_tag&post=2052"}],"curies":[{"name":"wp","href":"https:\/\/api.w.org\/{rel}","templated":true}]}}