{"id":2070,"date":"2024-05-10T17:49:52","date_gmt":"2024-05-10T20:49:52","guid":{"rendered":"https:\/\/www.autopint.com.uy\/?post_type=product&#038;p=2070"},"modified":"2025-10-07T16:24:27","modified_gmt":"2025-10-07T19:24:27","slug":"cquartz-lite-150-cc-kit-ceramico-carpro","status":"publish","type":"product","link":"https:\/\/www.autopint.com.uy\/?product=cquartz-lite-150-cc-kit-ceramico-carpro","title":{"rendered":"Cquartz Lite 150 Cc Kit Cer\u00e1mico Carpro"},"content":{"rendered":"<p>CQUARTZ LITE | CER\u00c1MICO EXTERIOR 150 cc KIT<\/p>\n<p>CQuartz Lite es un recubrimiento de seis meses que puede ser aplicado f\u00e1cilmente. Este producto est\u00e1 basado en nuestra ic\u00f3nica tecnolog\u00eda Cquartz UK.<\/p>\n<p>CQuartz Lite ofrece durabilidad y protecci\u00f3n mientras que es extremadamente f\u00e1cil de instalar.<\/p>\n<p>Esta es, por mucho, la mejor opci\u00f3n para los detailers novatos que buscan instalar su primer revestimiento.<\/p>\n<p>Beneficios de CQ Lite:<\/p>\n<p>\u2022 Aplicaci\u00f3n r\u00e1pida y f\u00e1cil<\/p>\n<p>\u2022 Deja una superficie f\u00e1cil de limpiar<\/p>\n<p>\u2022 Resistente a l\u00edquidos con un rango de ph entre 3 a 12<\/p>\n<p>\u2022 Protecci\u00f3n de rayos UV<\/p>\n<p>\u2022 Excelente hidrofobia<\/p>\n<p>\u2022 Durabilidad 6-12 meses<\/p>\n<p>\u2022 Protege pintura, aros, pl\u00e1sticos y vidrios (excepto el delantero)<\/p>\n<p>EL KIT INCLUYE:<\/p>\n<p>(1) Botella CQuartz Lite de 150 ml<\/p>\n<p>(2) Aplicador de microfibra<\/p>\n<p>(1) Toalla sin pelusa CarPro 2Face<\/p>\n<p>(1) Manual de usuario<\/p>\n<p>INDICACIONES:<\/p>\n<p>1. Aseg\u00farese de que la superficie est\u00e9 limpia y completamente descontaminada. Use CARPRO IronX , TarX y arcilla en la superficie para asegurarse de que se elimine toda la contaminaci\u00f3n.<\/p>\n<p>2. Utilice CARPRO Eraser (o similar) para eliminar los aceites antes de la aplicaci\u00f3n. Aseg\u00farese de que la superficie est\u00e9 fresca y seca. Es posible que desee pulir la superficie con CARPRO Essence o Reflect para crear un mayor brillo antes de usar Eraser o para garantizar la m\u00e1xima durabilidad.<\/p>\n<p>3. Aplique 10-12 gotas en un aplicador de microfibra; aplique el producto uniformemente en un \u00e1rea peque\u00f1a de aproximadamente 60 cm x 60 cm con una cobertura completa y una capa uniforme.<\/p>\n<p>4. Use una toalla CARPRO 2Face para eliminar cualquier exceso. CQUARTZ Lite no necesita dejarse curar en la superficie, por lo que debe eliminarse de inmediato. Verifique bien con una fuente de luz adecuada para asegurarse de eliminar cualquier punto alto (exceso de producto que no se nivel\u00f3 ) o residuos. Nota: Durante un breve per\u00edodo de tiempo despu\u00e9s de la aplicaci\u00f3n, los puntos altos que no se eliminaron de inmediato se pueden corregir aplicando m\u00e1s CQUARTZ Lite en esa \u00e1rea y limpiando de inmediato.<\/p>\n<p>5. Una vez que la pintura est\u00e9 libre de residuos, d\u00e9jela secar durante 4 horas antes de mojarla. Cualquier gota de agua durante las primeras 48 horas debe eliminarse antes del secado para evitar manchas de agua. Tambi\u00e9n recomendamos el uso de CARPRO Reload 1 hora despu\u00e9s de la aplicaci\u00f3n para proteger de las manchas de agua durante las primeras 48h.<\/p>\n<p>Producto totalmente sellado de f\u00e1brica<br \/>\nFabricado en Korea<\/p>\n<p>Quienes vieron este producto tambi\u00e9n comprar<\/p>\n","protected":false},"excerpt":{"rendered":"<p>CQUARTZ LITE | CER\u00c1MICO EXTERIOR 150 cc KIT CQuartz Lite es un recubrimiento de seis meses que puede ser aplicado f\u00e1cilmente. Este producto est\u00e1 basado en nuestra ic\u00f3nica tecnolog\u00eda Cquartz UK. CQuartz Lite ofrece durabilidad y protecci\u00f3n mientras que es extremadamente f\u00e1cil de instalar. Esta es, por mucho, la mejor opci\u00f3n para los detailers novatos &hellip;<\/p>\n<p class=\"read-more\"> <a class=\"\" href=\"https:\/\/www.autopint.com.uy\/?product=cquartz-lite-150-cc-kit-ceramico-carpro\"> <span class=\"screen-reader-text\">Cquartz Lite 150 Cc Kit Cer\u00e1mico Carpro<\/span> Leer m\u00e1s &raquo;<\/a><\/p>\n","protected":false},"featured_media":2071,"template":"","meta":{"site-sidebar-layout":"default","site-content-layout":"default","ast-global-header-display":"","ast-main-header-display":"","ast-hfb-above-header-display":"","ast-hfb-below-header-display":"","ast-hfb-mobile-header-display":"","site-post-title":"","ast-breadcrumbs-content":"","ast-featured-img":"","footer-sml-layout":"","theme-transparent-header-meta":"default","adv-header-id-meta":"","stick-header-meta":"","header-above-stick-meta":"","header-main-stick-meta":"","header-below-stick-meta":"","_joinchat":{"telephone":"+59898715457"}},"product_cat":[41,29],"product_tag":[],"yoast_head":"<!-- This site is optimized with the Yoast SEO plugin v19.11 - https:\/\/yoast.com\/wordpress\/plugins\/seo\/ -->\n<title>Cquartz Lite 150 Cc Kit Cer\u00e1mico Carpro &bull; AUTOPINT SHOP- Car Repair System - Herramientas - Protecci\u00f3n - Pulidos - Detailing<\/title>\n<meta name=\"description\" content=\"Ceramico de alta calidad, 6 meses, Protege pintura, aros, pl\u00e1sticos y vidrios (excepto el delantero) Kit de 150mm. Carpro - AUTOPINT SHOP\" \/>\n<meta name=\"robots\" content=\"index, follow, max-snippet:-1, max-image-preview:large, max-video-preview:-1\" \/>\n<link rel=\"canonical\" href=\"https:\/\/www.autopint.com.uy\/?product=cquartz-lite-150-cc-kit-ceramico-carpro\" \/>\n<meta property=\"og:locale\" content=\"es_ES\" \/>\n<meta property=\"og:type\" content=\"article\" \/>\n<meta property=\"og:title\" content=\"Cquartz Lite 150 Cc Kit Cer\u00e1mico Carpro &bull; AUTOPINT SHOP- Car Repair System - Herramientas - Protecci\u00f3n - Pulidos - Detailing\" \/>\n<meta property=\"og:description\" content=\"Ceramico de alta calidad, 6 meses, Protege pintura, aros, pl\u00e1sticos y vidrios (excepto el delantero) Kit de 150mm. Carpro - AUTOPINT SHOP\" \/>\n<meta property=\"og:url\" content=\"https:\/\/www.autopint.com.uy\/?product=cquartz-lite-150-cc-kit-ceramico-carpro\" \/>\n<meta property=\"og:site_name\" content=\"AUTOPINT SHOP- Car Repair System - Herramientas - Protecci\u00f3n - Pulidos - Detailing\" \/>\n<meta property=\"article:modified_time\" content=\"2025-10-07T19:24:27+00:00\" \/>\n<meta property=\"og:image\" content=\"https:\/\/www.autopint.com.uy\/wp-content\/uploads\/2024\/05\/CARPRO_CQLite_img2.jpg\" \/>\n\t<meta property=\"og:image:width\" content=\"800\" \/>\n\t<meta property=\"og:image:height\" content=\"1000\" \/>\n\t<meta property=\"og:image:type\" content=\"image\/jpeg\" \/>\n<meta name=\"twitter:card\" content=\"summary_large_image\" \/>\n<meta name=\"twitter:label1\" content=\"Tiempo de lectura\" \/>\n\t<meta name=\"twitter:data1\" content=\"2 minutos\" \/>\n<script type=\"application\/ld+json\" class=\"yoast-schema-graph\">{\"@context\":\"https:\/\/schema.org\",\"@graph\":[{\"@type\":\"WebPage\",\"@id\":\"https:\/\/www.autopint.com.uy\/?product=cquartz-lite-150-cc-kit-ceramico-carpro\",\"url\":\"https:\/\/www.autopint.com.uy\/?product=cquartz-lite-150-cc-kit-ceramico-carpro\",\"name\":\"Cquartz Lite 150 Cc Kit Cer\u00e1mico Carpro &bull; AUTOPINT SHOP- Car Repair System - Herramientas - Protecci\u00f3n - Pulidos - Detailing\",\"isPartOf\":{\"@id\":\"https:\/\/www.autopint.com.uy\/#website\"},\"datePublished\":\"2024-05-10T20:49:52+00:00\",\"dateModified\":\"2025-10-07T19:24:27+00:00\",\"description\":\"Ceramico de alta calidad, 6 meses, Protege pintura, aros, pl\u00e1sticos y vidrios (excepto el delantero) Kit de 150mm. Carpro - AUTOPINT SHOP\",\"breadcrumb\":{\"@id\":\"https:\/\/www.autopint.com.uy\/?product=cquartz-lite-150-cc-kit-ceramico-carpro#breadcrumb\"},\"inLanguage\":\"es\",\"potentialAction\":[{\"@type\":\"ReadAction\",\"target\":[\"https:\/\/www.autopint.com.uy\/?product=cquartz-lite-150-cc-kit-ceramico-carpro\"]}]},{\"@type\":\"BreadcrumbList\",\"@id\":\"https:\/\/www.autopint.com.uy\/?product=cquartz-lite-150-cc-kit-ceramico-carpro#breadcrumb\",\"itemListElement\":[{\"@type\":\"ListItem\",\"position\":1,\"name\":\"Portada\",\"item\":\"https:\/\/www.autopint.com.uy\/\"},{\"@type\":\"ListItem\",\"position\":2,\"name\":\"Tienda\",\"item\":\"https:\/\/www.autopint.com.uy\/?page_id=51\"},{\"@type\":\"ListItem\",\"position\":3,\"name\":\"Cquartz Lite 150 Cc Kit Cer\u00e1mico Carpro\"}]},{\"@type\":\"WebSite\",\"@id\":\"https:\/\/www.autopint.com.uy\/#website\",\"url\":\"https:\/\/www.autopint.com.uy\/\",\"name\":\"AUTOPINT SHOP- Car Repair System - Herramientas - Protecci\u00f3n - Pulidos - Detailing\",\"description\":\"IMPORTACION Y VENTA DE INSUMOS PARA REPINTADO AUTOMOTRIZ\",\"publisher\":{\"@id\":\"https:\/\/www.autopint.com.uy\/#organization\"},\"potentialAction\":[{\"@type\":\"SearchAction\",\"target\":{\"@type\":\"EntryPoint\",\"urlTemplate\":\"https:\/\/www.autopint.com.uy\/?s={search_term_string}\"},\"query-input\":\"required name=search_term_string\"}],\"inLanguage\":\"es\"},{\"@type\":\"Organization\",\"@id\":\"https:\/\/www.autopint.com.uy\/#organization\",\"name\":\"Autopint-Carrepairsystem\",\"url\":\"https:\/\/www.autopint.com.uy\/\",\"logo\":{\"@type\":\"ImageObject\",\"inLanguage\":\"es\",\"@id\":\"https:\/\/www.autopint.com.uy\/#\/schema\/logo\/image\/\",\"url\":\"https:\/\/www.autopint.com.uy\/wp-content\/uploads\/2020\/05\/cropped-Logo-2.png\",\"contentUrl\":\"https:\/\/www.autopint.com.uy\/wp-content\/uploads\/2020\/05\/cropped-Logo-2.png\",\"width\":600,\"height\":150,\"caption\":\"Autopint-Carrepairsystem\"},\"image\":{\"@id\":\"https:\/\/www.autopint.com.uy\/#\/schema\/logo\/image\/\"}}]}<\/script>\n<!-- \/ Yoast SEO plugin. -->","yoast_head_json":{"title":"Cquartz Lite 150 Cc Kit Cer\u00e1mico Carpro &bull; AUTOPINT SHOP- Car Repair System - Herramientas - Protecci\u00f3n - Pulidos - Detailing","description":"Ceramico de alta calidad, 6 meses, Protege pintura, aros, pl\u00e1sticos y vidrios (excepto el delantero) Kit de 150mm. Carpro - AUTOPINT SHOP","robots":{"index":"index","follow":"follow","max-snippet":"max-snippet:-1","max-image-preview":"max-image-preview:large","max-video-preview":"max-video-preview:-1"},"canonical":"https:\/\/www.autopint.com.uy\/?product=cquartz-lite-150-cc-kit-ceramico-carpro","og_locale":"es_ES","og_type":"article","og_title":"Cquartz Lite 150 Cc Kit Cer\u00e1mico Carpro &bull; AUTOPINT SHOP- Car Repair System - Herramientas - Protecci\u00f3n - Pulidos - Detailing","og_description":"Ceramico de alta calidad, 6 meses, Protege pintura, aros, pl\u00e1sticos y vidrios (excepto el delantero) Kit de 150mm. Carpro - AUTOPINT SHOP","og_url":"https:\/\/www.autopint.com.uy\/?product=cquartz-lite-150-cc-kit-ceramico-carpro","og_site_name":"AUTOPINT SHOP- Car Repair System - Herramientas - Protecci\u00f3n - Pulidos - Detailing","article_modified_time":"2025-10-07T19:24:27+00:00","og_image":[{"width":800,"height":1000,"url":"https:\/\/www.autopint.com.uy\/wp-content\/uploads\/2024\/05\/CARPRO_CQLite_img2.jpg","type":"image\/jpeg"}],"twitter_card":"summary_large_image","twitter_misc":{"Tiempo de lectura":"2 minutos"},"schema":{"@context":"https:\/\/schema.org","@graph":[{"@type":"WebPage","@id":"https:\/\/www.autopint.com.uy\/?product=cquartz-lite-150-cc-kit-ceramico-carpro","url":"https:\/\/www.autopint.com.uy\/?product=cquartz-lite-150-cc-kit-ceramico-carpro","name":"Cquartz Lite 150 Cc Kit Cer\u00e1mico Carpro &bull; AUTOPINT SHOP- Car Repair System - Herramientas - Protecci\u00f3n - Pulidos - Detailing","isPartOf":{"@id":"https:\/\/www.autopint.com.uy\/#website"},"datePublished":"2024-05-10T20:49:52+00:00","dateModified":"2025-10-07T19:24:27+00:00","description":"Ceramico de alta calidad, 6 meses, Protege pintura, aros, pl\u00e1sticos y vidrios (excepto el delantero) Kit de 150mm. Carpro - AUTOPINT SHOP","breadcrumb":{"@id":"https:\/\/www.autopint.com.uy\/?product=cquartz-lite-150-cc-kit-ceramico-carpro#breadcrumb"},"inLanguage":"es","potentialAction":[{"@type":"ReadAction","target":["https:\/\/www.autopint.com.uy\/?product=cquartz-lite-150-cc-kit-ceramico-carpro"]}]},{"@type":"BreadcrumbList","@id":"https:\/\/www.autopint.com.uy\/?product=cquartz-lite-150-cc-kit-ceramico-carpro#breadcrumb","itemListElement":[{"@type":"ListItem","position":1,"name":"Portada","item":"https:\/\/www.autopint.com.uy\/"},{"@type":"ListItem","position":2,"name":"Tienda","item":"https:\/\/www.autopint.com.uy\/?page_id=51"},{"@type":"ListItem","position":3,"name":"Cquartz Lite 150 Cc Kit Cer\u00e1mico Carpro"}]},{"@type":"WebSite","@id":"https:\/\/www.autopint.com.uy\/#website","url":"https:\/\/www.autopint.com.uy\/","name":"AUTOPINT SHOP- Car Repair System - Herramientas - Protecci\u00f3n - Pulidos - Detailing","description":"IMPORTACION Y VENTA DE INSUMOS PARA REPINTADO AUTOMOTRIZ","publisher":{"@id":"https:\/\/www.autopint.com.uy\/#organization"},"potentialAction":[{"@type":"SearchAction","target":{"@type":"EntryPoint","urlTemplate":"https:\/\/www.autopint.com.uy\/?s={search_term_string}"},"query-input":"required name=search_term_string"}],"inLanguage":"es"},{"@type":"Organization","@id":"https:\/\/www.autopint.com.uy\/#organization","name":"Autopint-Carrepairsystem","url":"https:\/\/www.autopint.com.uy\/","logo":{"@type":"ImageObject","inLanguage":"es","@id":"https:\/\/www.autopint.com.uy\/#\/schema\/logo\/image\/","url":"https:\/\/www.autopint.com.uy\/wp-content\/uploads\/2020\/05\/cropped-Logo-2.png","contentUrl":"https:\/\/www.autopint.com.uy\/wp-content\/uploads\/2020\/05\/cropped-Logo-2.png","width":600,"height":150,"caption":"Autopint-Carrepairsystem"},"image":{"@id":"https:\/\/www.autopint.com.uy\/#\/schema\/logo\/image\/"}}]}},"_links":{"self":[{"href":"https:\/\/www.autopint.com.uy\/index.php?rest_route=\/wp\/v2\/product\/2070"}],"collection":[{"href":"https:\/\/www.autopint.com.uy\/index.php?rest_route=\/wp\/v2\/product"}],"about":[{"href":"https:\/\/www.autopint.com.uy\/index.php?rest_route=\/wp\/v2\/types\/product"}],"wp:featuredmedia":[{"embeddable":true,"href":"https:\/\/www.autopint.com.uy\/index.php?rest_route=\/wp\/v2\/media\/2071"}],"wp:attachment":[{"href":"https:\/\/www.autopint.com.uy\/index.php?rest_route=%2Fwp%2Fv2%2Fmedia&parent=2070"}],"wp:term":[{"taxonomy":"product_cat","embeddable":true,"href":"https:\/\/www.autopint.com.uy\/index.php?rest_route=%2Fwp%2Fv2%2Fproduct_cat&post=2070"},{"taxonomy":"product_tag","embeddable":true,"href":"https:\/\/www.autopint.com.uy\/index.php?rest_route=%2Fwp%2Fv2%2Fproduct_tag&post=2070"}],"curies":[{"name":"wp","href":"https:\/\/api.w.org\/{rel}","templated":true}]}}