{"id":2072,"date":"2024-05-13T14:40:03","date_gmt":"2024-05-13T17:40:03","guid":{"rendered":"https:\/\/www.autopint.com.uy\/?post_type=product&#038;p=2072"},"modified":"2024-09-18T09:35:03","modified_gmt":"2024-09-18T12:35:03","slug":"cquartz-lite-100-cc-coating-ceramico-carpro","status":"publish","type":"product","link":"https:\/\/www.autopint.com.uy\/?product=cquartz-lite-100-cc-coating-ceramico-carpro","title":{"rendered":"Cquartz Lite 100 Cc Coating Cer\u00e1mico Carpro"},"content":{"rendered":"<p>CQUARTZ LITE | CER\u00c1MICO EXTERIOR 100 cc<\/p>\n<p>\u2022 Las capacidades de CQ Lite incluyen: superficies m\u00e1s f\u00e1ciles de limpiar, resistencia a las salpicaduras de insectos, derrames de gasolina, solventes livianos, \u00e1cidos, \u00e1lcalis en un rango de PH 3-12 y rayos UV da\u00f1inos, al mismo tiempo que proporciona un \u00e1ngulo de contacto de 110 grados.<\/p>\n<p>\u2022 CQUARTZ Lite se puede usar en cualquier superficie exterior de su autom\u00f3vil, incluida la pintura, los pl\u00e1sticos, las ruedas y los vidrios (excepto el parabrisas).<\/p>\n<p>\u2022 \u00a1Lite tambi\u00e9n sirve para superficie mate!<\/p>\n<p>&nbsp;<\/p>\n<p><img loading=\"lazy\" class=\"alignnone size-medium wp-image-2074\" src=\"https:\/\/www.autopint.com.uy\/wp-content\/uploads\/2024\/05\/carpro-logo-300x300.jpg\" alt=\"\" width=\"300\" height=\"300\" srcset=\"https:\/\/www.autopint.com.uy\/wp-content\/uploads\/2024\/05\/carpro-logo-300x300.jpg 300w, https:\/\/www.autopint.com.uy\/wp-content\/uploads\/2024\/05\/carpro-logo-1024x1024.jpg 1024w, https:\/\/www.autopint.com.uy\/wp-content\/uploads\/2024\/05\/carpro-logo-150x150.jpg 150w, https:\/\/www.autopint.com.uy\/wp-content\/uploads\/2024\/05\/carpro-logo-768x768.jpg 768w, https:\/\/www.autopint.com.uy\/wp-content\/uploads\/2024\/05\/carpro-logo-600x600.jpg 600w, https:\/\/www.autopint.com.uy\/wp-content\/uploads\/2024\/05\/carpro-logo-100x100.jpg 100w, https:\/\/www.autopint.com.uy\/wp-content\/uploads\/2024\/05\/carpro-logo-64x64.jpg 64w, https:\/\/www.autopint.com.uy\/wp-content\/uploads\/2024\/05\/carpro-logo.jpg 1080w\" sizes=\"(max-width: 300px) 100vw, 300px\" \/> <img loading=\"lazy\" class=\"alignnone size-medium wp-image-2075\" src=\"https:\/\/www.autopint.com.uy\/wp-content\/uploads\/2024\/05\/LITE-100CC-1-300x300.png\" alt=\"\" width=\"300\" height=\"300\" srcset=\"https:\/\/www.autopint.com.uy\/wp-content\/uploads\/2024\/05\/LITE-100CC-1-300x300.png 300w, https:\/\/www.autopint.com.uy\/wp-content\/uploads\/2024\/05\/LITE-100CC-1-1024x1024.png 1024w, https:\/\/www.autopint.com.uy\/wp-content\/uploads\/2024\/05\/LITE-100CC-1-150x150.png 150w, https:\/\/www.autopint.com.uy\/wp-content\/uploads\/2024\/05\/LITE-100CC-1-768x768.png 768w, https:\/\/www.autopint.com.uy\/wp-content\/uploads\/2024\/05\/LITE-100CC-1-1536x1536.png 1536w, https:\/\/www.autopint.com.uy\/wp-content\/uploads\/2024\/05\/LITE-100CC-1-2048x2048.png 2048w, https:\/\/www.autopint.com.uy\/wp-content\/uploads\/2024\/05\/LITE-100CC-1-600x600.png 600w, https:\/\/www.autopint.com.uy\/wp-content\/uploads\/2024\/05\/LITE-100CC-1-100x100.png 100w, https:\/\/www.autopint.com.uy\/wp-content\/uploads\/2024\/05\/LITE-100CC-1-64x64.png 64w\" sizes=\"(max-width: 300px) 100vw, 300px\" \/><\/p>\n","protected":false},"excerpt":{"rendered":"<p>CQUARTZ LITE | CER\u00c1MICO EXTERIOR 100 cc \u2022 Las capacidades de CQ Lite incluyen: superficies m\u00e1s f\u00e1ciles de limpiar, resistencia a las salpicaduras de insectos, derrames de gasolina, solventes livianos, \u00e1cidos, \u00e1lcalis en un rango de PH 3-12 y rayos UV da\u00f1inos, al mismo tiempo que proporciona un \u00e1ngulo de contacto de 110 grados. \u2022 &hellip;<\/p>\n<p class=\"read-more\"> <a class=\"\" href=\"https:\/\/www.autopint.com.uy\/?product=cquartz-lite-100-cc-coating-ceramico-carpro\"> <span class=\"screen-reader-text\">Cquartz Lite 100 Cc Coating Cer\u00e1mico Carpro<\/span> Leer m\u00e1s &raquo;<\/a><\/p>\n","protected":false},"featured_media":2073,"template":"","meta":{"site-sidebar-layout":"default","site-content-layout":"default","ast-global-header-display":"","ast-main-header-display":"","ast-hfb-above-header-display":"","ast-hfb-below-header-display":"","ast-hfb-mobile-header-display":"","site-post-title":"","ast-breadcrumbs-content":"","ast-featured-img":"","footer-sml-layout":"","theme-transparent-header-meta":"default","adv-header-id-meta":"","stick-header-meta":"","header-above-stick-meta":"","header-main-stick-meta":"","header-below-stick-meta":"","_joinchat":{"telephone":"+59898715457"}},"product_cat":[41,29],"product_tag":[],"yoast_head":"<!-- This site is optimized with the Yoast SEO plugin v19.11 - https:\/\/yoast.com\/wordpress\/plugins\/seo\/ -->\n<title>Cquartz Lite 100 Cc Coating Cer\u00e1mico Carpro &bull; AUTOPINT SHOP- Car Repair System - Herramientas - Protecci\u00f3n - Pulidos - Detailing<\/title>\n<meta name=\"description\" content=\"Cer\u00e1mico de alta calidad, 6 meses, Protege pintura, aros, pl\u00e1sticos y vidrios (excepto el delantero) botella 100mm. Carpro - AUTOPINT SHOP\" \/>\n<meta name=\"robots\" content=\"index, follow, max-snippet:-1, max-image-preview:large, max-video-preview:-1\" \/>\n<link rel=\"canonical\" href=\"https:\/\/www.autopint.com.uy\/?product=cquartz-lite-100-cc-coating-ceramico-carpro\" \/>\n<meta property=\"og:locale\" content=\"es_ES\" \/>\n<meta property=\"og:type\" content=\"article\" \/>\n<meta property=\"og:title\" content=\"Cquartz Lite 100 Cc Coating Cer\u00e1mico Carpro &bull; AUTOPINT SHOP- Car Repair System - Herramientas - Protecci\u00f3n - Pulidos - Detailing\" \/>\n<meta property=\"og:description\" content=\"Cer\u00e1mico de alta calidad, 6 meses, Protege pintura, aros, pl\u00e1sticos y vidrios (excepto el delantero) botella 100mm. Carpro - AUTOPINT SHOP\" \/>\n<meta property=\"og:url\" content=\"https:\/\/www.autopint.com.uy\/?product=cquartz-lite-100-cc-coating-ceramico-carpro\" \/>\n<meta property=\"og:site_name\" content=\"AUTOPINT SHOP- Car Repair System - Herramientas - Protecci\u00f3n - Pulidos - Detailing\" \/>\n<meta property=\"article:modified_time\" content=\"2024-09-18T12:35:03+00:00\" \/>\n<meta property=\"og:image\" content=\"https:\/\/www.autopint.com.uy\/wp-content\/uploads\/2024\/05\/LITE-100CC-1024x1024.png\" \/>\n\t<meta property=\"og:image:width\" content=\"1024\" \/>\n\t<meta property=\"og:image:height\" content=\"1024\" \/>\n\t<meta property=\"og:image:type\" content=\"image\/png\" \/>\n<meta name=\"twitter:card\" content=\"summary_large_image\" \/>\n<meta name=\"twitter:label1\" content=\"Tiempo de lectura\" \/>\n\t<meta name=\"twitter:data1\" content=\"1 minuto\" \/>\n<script type=\"application\/ld+json\" class=\"yoast-schema-graph\">{\"@context\":\"https:\/\/schema.org\",\"@graph\":[{\"@type\":\"WebPage\",\"@id\":\"https:\/\/www.autopint.com.uy\/?product=cquartz-lite-100-cc-coating-ceramico-carpro\",\"url\":\"https:\/\/www.autopint.com.uy\/?product=cquartz-lite-100-cc-coating-ceramico-carpro\",\"name\":\"Cquartz Lite 100 Cc Coating Cer\u00e1mico Carpro &bull; AUTOPINT SHOP- Car Repair System - Herramientas - Protecci\u00f3n - Pulidos - Detailing\",\"isPartOf\":{\"@id\":\"https:\/\/www.autopint.com.uy\/#website\"},\"datePublished\":\"2024-05-13T17:40:03+00:00\",\"dateModified\":\"2024-09-18T12:35:03+00:00\",\"description\":\"Cer\u00e1mico de alta calidad, 6 meses, Protege pintura, aros, pl\u00e1sticos y vidrios (excepto el delantero) botella 100mm. Carpro - AUTOPINT SHOP\",\"breadcrumb\":{\"@id\":\"https:\/\/www.autopint.com.uy\/?product=cquartz-lite-100-cc-coating-ceramico-carpro#breadcrumb\"},\"inLanguage\":\"es\",\"potentialAction\":[{\"@type\":\"ReadAction\",\"target\":[\"https:\/\/www.autopint.com.uy\/?product=cquartz-lite-100-cc-coating-ceramico-carpro\"]}]},{\"@type\":\"BreadcrumbList\",\"@id\":\"https:\/\/www.autopint.com.uy\/?product=cquartz-lite-100-cc-coating-ceramico-carpro#breadcrumb\",\"itemListElement\":[{\"@type\":\"ListItem\",\"position\":1,\"name\":\"Portada\",\"item\":\"https:\/\/www.autopint.com.uy\/\"},{\"@type\":\"ListItem\",\"position\":2,\"name\":\"Tienda\",\"item\":\"https:\/\/www.autopint.com.uy\/?page_id=51\"},{\"@type\":\"ListItem\",\"position\":3,\"name\":\"Cquartz Lite 100 Cc Coating Cer\u00e1mico Carpro\"}]},{\"@type\":\"WebSite\",\"@id\":\"https:\/\/www.autopint.com.uy\/#website\",\"url\":\"https:\/\/www.autopint.com.uy\/\",\"name\":\"AUTOPINT SHOP- Car Repair System - Herramientas - Protecci\u00f3n - Pulidos - Detailing\",\"description\":\"IMPORTACION Y VENTA DE INSUMOS PARA REPINTADO AUTOMOTRIZ\",\"publisher\":{\"@id\":\"https:\/\/www.autopint.com.uy\/#organization\"},\"potentialAction\":[{\"@type\":\"SearchAction\",\"target\":{\"@type\":\"EntryPoint\",\"urlTemplate\":\"https:\/\/www.autopint.com.uy\/?s={search_term_string}\"},\"query-input\":\"required name=search_term_string\"}],\"inLanguage\":\"es\"},{\"@type\":\"Organization\",\"@id\":\"https:\/\/www.autopint.com.uy\/#organization\",\"name\":\"Autopint-Carrepairsystem\",\"url\":\"https:\/\/www.autopint.com.uy\/\",\"logo\":{\"@type\":\"ImageObject\",\"inLanguage\":\"es\",\"@id\":\"https:\/\/www.autopint.com.uy\/#\/schema\/logo\/image\/\",\"url\":\"https:\/\/www.autopint.com.uy\/wp-content\/uploads\/2020\/05\/cropped-Logo-2.png\",\"contentUrl\":\"https:\/\/www.autopint.com.uy\/wp-content\/uploads\/2020\/05\/cropped-Logo-2.png\",\"width\":600,\"height\":150,\"caption\":\"Autopint-Carrepairsystem\"},\"image\":{\"@id\":\"https:\/\/www.autopint.com.uy\/#\/schema\/logo\/image\/\"}}]}<\/script>\n<!-- \/ Yoast SEO plugin. -->","yoast_head_json":{"title":"Cquartz Lite 100 Cc Coating Cer\u00e1mico Carpro &bull; AUTOPINT SHOP- Car Repair System - Herramientas - Protecci\u00f3n - Pulidos - Detailing","description":"Cer\u00e1mico de alta calidad, 6 meses, Protege pintura, aros, pl\u00e1sticos y vidrios (excepto el delantero) botella 100mm. Carpro - AUTOPINT SHOP","robots":{"index":"index","follow":"follow","max-snippet":"max-snippet:-1","max-image-preview":"max-image-preview:large","max-video-preview":"max-video-preview:-1"},"canonical":"https:\/\/www.autopint.com.uy\/?product=cquartz-lite-100-cc-coating-ceramico-carpro","og_locale":"es_ES","og_type":"article","og_title":"Cquartz Lite 100 Cc Coating Cer\u00e1mico Carpro &bull; AUTOPINT SHOP- Car Repair System - Herramientas - Protecci\u00f3n - Pulidos - Detailing","og_description":"Cer\u00e1mico de alta calidad, 6 meses, Protege pintura, aros, pl\u00e1sticos y vidrios (excepto el delantero) botella 100mm. Carpro - AUTOPINT SHOP","og_url":"https:\/\/www.autopint.com.uy\/?product=cquartz-lite-100-cc-coating-ceramico-carpro","og_site_name":"AUTOPINT SHOP- Car Repair System - Herramientas - Protecci\u00f3n - Pulidos - Detailing","article_modified_time":"2024-09-18T12:35:03+00:00","og_image":[{"width":1024,"height":1024,"url":"https:\/\/www.autopint.com.uy\/wp-content\/uploads\/2024\/05\/LITE-100CC-1024x1024.png","type":"image\/png"}],"twitter_card":"summary_large_image","twitter_misc":{"Tiempo de lectura":"1 minuto"},"schema":{"@context":"https:\/\/schema.org","@graph":[{"@type":"WebPage","@id":"https:\/\/www.autopint.com.uy\/?product=cquartz-lite-100-cc-coating-ceramico-carpro","url":"https:\/\/www.autopint.com.uy\/?product=cquartz-lite-100-cc-coating-ceramico-carpro","name":"Cquartz Lite 100 Cc Coating Cer\u00e1mico Carpro &bull; AUTOPINT SHOP- Car Repair System - Herramientas - Protecci\u00f3n - Pulidos - Detailing","isPartOf":{"@id":"https:\/\/www.autopint.com.uy\/#website"},"datePublished":"2024-05-13T17:40:03+00:00","dateModified":"2024-09-18T12:35:03+00:00","description":"Cer\u00e1mico de alta calidad, 6 meses, Protege pintura, aros, pl\u00e1sticos y vidrios (excepto el delantero) botella 100mm. Carpro - AUTOPINT SHOP","breadcrumb":{"@id":"https:\/\/www.autopint.com.uy\/?product=cquartz-lite-100-cc-coating-ceramico-carpro#breadcrumb"},"inLanguage":"es","potentialAction":[{"@type":"ReadAction","target":["https:\/\/www.autopint.com.uy\/?product=cquartz-lite-100-cc-coating-ceramico-carpro"]}]},{"@type":"BreadcrumbList","@id":"https:\/\/www.autopint.com.uy\/?product=cquartz-lite-100-cc-coating-ceramico-carpro#breadcrumb","itemListElement":[{"@type":"ListItem","position":1,"name":"Portada","item":"https:\/\/www.autopint.com.uy\/"},{"@type":"ListItem","position":2,"name":"Tienda","item":"https:\/\/www.autopint.com.uy\/?page_id=51"},{"@type":"ListItem","position":3,"name":"Cquartz Lite 100 Cc Coating Cer\u00e1mico Carpro"}]},{"@type":"WebSite","@id":"https:\/\/www.autopint.com.uy\/#website","url":"https:\/\/www.autopint.com.uy\/","name":"AUTOPINT SHOP- Car Repair System - Herramientas - Protecci\u00f3n - Pulidos - Detailing","description":"IMPORTACION Y VENTA DE INSUMOS PARA REPINTADO AUTOMOTRIZ","publisher":{"@id":"https:\/\/www.autopint.com.uy\/#organization"},"potentialAction":[{"@type":"SearchAction","target":{"@type":"EntryPoint","urlTemplate":"https:\/\/www.autopint.com.uy\/?s={search_term_string}"},"query-input":"required name=search_term_string"}],"inLanguage":"es"},{"@type":"Organization","@id":"https:\/\/www.autopint.com.uy\/#organization","name":"Autopint-Carrepairsystem","url":"https:\/\/www.autopint.com.uy\/","logo":{"@type":"ImageObject","inLanguage":"es","@id":"https:\/\/www.autopint.com.uy\/#\/schema\/logo\/image\/","url":"https:\/\/www.autopint.com.uy\/wp-content\/uploads\/2020\/05\/cropped-Logo-2.png","contentUrl":"https:\/\/www.autopint.com.uy\/wp-content\/uploads\/2020\/05\/cropped-Logo-2.png","width":600,"height":150,"caption":"Autopint-Carrepairsystem"},"image":{"@id":"https:\/\/www.autopint.com.uy\/#\/schema\/logo\/image\/"}}]}},"_links":{"self":[{"href":"https:\/\/www.autopint.com.uy\/index.php?rest_route=\/wp\/v2\/product\/2072"}],"collection":[{"href":"https:\/\/www.autopint.com.uy\/index.php?rest_route=\/wp\/v2\/product"}],"about":[{"href":"https:\/\/www.autopint.com.uy\/index.php?rest_route=\/wp\/v2\/types\/product"}],"wp:featuredmedia":[{"embeddable":true,"href":"https:\/\/www.autopint.com.uy\/index.php?rest_route=\/wp\/v2\/media\/2073"}],"wp:attachment":[{"href":"https:\/\/www.autopint.com.uy\/index.php?rest_route=%2Fwp%2Fv2%2Fmedia&parent=2072"}],"wp:term":[{"taxonomy":"product_cat","embeddable":true,"href":"https:\/\/www.autopint.com.uy\/index.php?rest_route=%2Fwp%2Fv2%2Fproduct_cat&post=2072"},{"taxonomy":"product_tag","embeddable":true,"href":"https:\/\/www.autopint.com.uy\/index.php?rest_route=%2Fwp%2Fv2%2Fproduct_tag&post=2072"}],"curies":[{"name":"wp","href":"https:\/\/api.w.org\/{rel}","templated":true}]}}