{"id":2077,"date":"2024-05-13T15:08:46","date_gmt":"2024-05-13T18:08:46","guid":{"rendered":"https:\/\/www.autopint.com.uy\/?post_type=product&#038;p=2077"},"modified":"2025-03-26T10:29:17","modified_gmt":"2025-03-26T13:29:17","slug":"gliss-kit-30ml-ceramico-top-coating-carpro","status":"publish","type":"product","link":"https:\/\/www.autopint.com.uy\/?product=gliss-kit-30ml-ceramico-top-coating-carpro","title":{"rendered":"Gliss Kit 30ml Ceramico Top Coating CarPro"},"content":{"rendered":"<p>CARPRO Gliss &#8211; 30ml Kit<\/p>\n<p>Top coat para aplicar tras el tratamiento cer\u00e1mico coche CarPro Cquartz UK 3.0.<br \/>\nAporta brillo y suavidad extremos.<\/p>\n<p>Existen 2 factores que nos encantan a los entusiastas.<\/p>\n<p>M\u00e1ximo Brillo<br \/>\nSuavidad de la pintura<br \/>\nEstos son los 2 objetivos que persigue el nuevo Top Coat CarPro GLISS.<\/p>\n<p>Se trata de un coating que puede aplicarse sobre pintura o sobre los coatings de CarPro, ya sea el Cquartz UK o bien los coatings profesionales Cquartz Professional o FINEST Reserve.<\/p>\n<p>Con el CarPro GLISS mantendremos nuestro veh\u00edculo limpio durante m\u00e1s tiempo al repeler el polvo, adem\u00e1s de proteger efectivamente la pintura de marcas de cal y otros minerales.<\/p>\n<p>CARACTER\u00cdSTICAS<\/p>\n<p>Brillo extremo y gran suavidad<br \/>\nFunciona genial tambi\u00e9n como coating \u00fanico<br \/>\nAntiest\u00e1ticio: no es aceitoso, por lo que no retiene la suciedad o el polvo<br \/>\nA\u00f1ade grosor al coating ya aplicado en caso de usar el GLISS como Top Coat<br \/>\nAlt\u00edsima capacidad de repelencia al agua<br \/>\nAumenta el brillo y la duraci\u00f3n de cualquier coating cer\u00e1mico<\/p>\n<p>MODO DE USO<\/p>\n<p>La superficie debe estar seca previa a la aplicaci\u00f3n del GLISS aplicar una l\u00ednea de producto a lo largo de la toalla suede rodeando el aplicador (ambos se suministran)<br \/>\nExtender por la superficie (unos 60&#215;60 cm cada vez) dejando una capa fina de producto<br \/>\nuna vez veamos que el producto forma un halo blanquecino lo retiraremos inmediatamente con una toalla de microfibras de pelo corto.<br \/>\nSi hemos dejado secar demasiado tiempo el producto, reaplicaremos el GLISS sobre la zona que no podamos retirar y retiraremos de inmediato<br \/>\nSi deseamos aplicar m\u00e1s de una capa de GLISS esperaremos 1 h entre capas. Si usamos una l\u00e1mpara de infrarrojos podremos aplicar la posterior capa inmediatamente<br \/>\nEl tiempo de curado total es de 12 horas.<\/p>\n<p>CONSEJOS DE APLICACI\u00d3N SOBRE CQUARTZ UK 3.0<\/p>\n<p>Podremos aplicar el GLISS 4 horas despu\u00e9s de retirar el CarPro Cquartz<br \/>\nsi hemos curado el Cquartz con l\u00e1mpara de infrarrojos podremos aplicar el GLISS transcurrida 1 hora<br \/>\nEl GLISS puede secarse antes en el caso de aplicarlo sobre Cquartz<\/p>\n<p>CONSEJOS DE MANTENIMIENTO DEL GLISS v2<\/p>\n<p>Lavar el coche regularmente con CarPro Reset o ECH2O<br \/>\nDuraci\u00f3n: 6-12 meses<br \/>\nAlmacenar entre 15 y 35 \u00baC<\/p>\n<p>IMPORTANTE: si almacenamos el producto por debajo de esa temperatura y se convierte en un gel calentaremos el contenido (por ejemplo al ba\u00f1o Mar\u00eda) para reactivarlo<\/p>\n<p><img loading=\"lazy\" class=\"alignnone size-medium wp-image-2078\" src=\"https:\/\/www.autopint.com.uy\/wp-content\/uploads\/2024\/05\/CARPRO_CQGliss_img2-240x300.jpg\" alt=\"\" width=\"240\" height=\"300\" srcset=\"https:\/\/www.autopint.com.uy\/wp-content\/uploads\/2024\/05\/CARPRO_CQGliss_img2-240x300.jpg 240w, https:\/\/www.autopint.com.uy\/wp-content\/uploads\/2024\/05\/CARPRO_CQGliss_img2-768x960.jpg 768w, https:\/\/www.autopint.com.uy\/wp-content\/uploads\/2024\/05\/CARPRO_CQGliss_img2-600x750.jpg 600w, https:\/\/www.autopint.com.uy\/wp-content\/uploads\/2024\/05\/CARPRO_CQGliss_img2-64x80.jpg 64w, https:\/\/www.autopint.com.uy\/wp-content\/uploads\/2024\/05\/CARPRO_CQGliss_img2.jpg 800w\" sizes=\"(max-width: 240px) 100vw, 240px\" \/> <img loading=\"lazy\" class=\"alignnone size-medium wp-image-2074\" src=\"https:\/\/www.autopint.com.uy\/wp-content\/uploads\/2024\/05\/carpro-logo-300x300.jpg\" alt=\"\" width=\"300\" height=\"300\" srcset=\"https:\/\/www.autopint.com.uy\/wp-content\/uploads\/2024\/05\/carpro-logo-300x300.jpg 300w, https:\/\/www.autopint.com.uy\/wp-content\/uploads\/2024\/05\/carpro-logo-1024x1024.jpg 1024w, https:\/\/www.autopint.com.uy\/wp-content\/uploads\/2024\/05\/carpro-logo-150x150.jpg 150w, https:\/\/www.autopint.com.uy\/wp-content\/uploads\/2024\/05\/carpro-logo-768x768.jpg 768w, https:\/\/www.autopint.com.uy\/wp-content\/uploads\/2024\/05\/carpro-logo-600x600.jpg 600w, https:\/\/www.autopint.com.uy\/wp-content\/uploads\/2024\/05\/carpro-logo-100x100.jpg 100w, https:\/\/www.autopint.com.uy\/wp-content\/uploads\/2024\/05\/carpro-logo-64x64.jpg 64w, https:\/\/www.autopint.com.uy\/wp-content\/uploads\/2024\/05\/carpro-logo.jpg 1080w\" sizes=\"(max-width: 300px) 100vw, 300px\" \/><\/p>\n","protected":false},"excerpt":{"rendered":"<p>CARPRO Gliss &#8211; 30ml Kit Top coat para aplicar tras el tratamiento cer\u00e1mico coche CarPro Cquartz UK 3.0. Aporta brillo y suavidad extremos. Existen 2 factores que nos encantan a los entusiastas. M\u00e1ximo Brillo Suavidad de la pintura Estos son los 2 objetivos que persigue el nuevo Top Coat CarPro GLISS. Se trata de un &hellip;<\/p>\n<p class=\"read-more\"> <a class=\"\" href=\"https:\/\/www.autopint.com.uy\/?product=gliss-kit-30ml-ceramico-top-coating-carpro\"> <span class=\"screen-reader-text\">Gliss Kit 30ml Ceramico Top Coating CarPro<\/span> Leer m\u00e1s &raquo;<\/a><\/p>\n","protected":false},"featured_media":2078,"template":"","meta":{"site-sidebar-layout":"default","site-content-layout":"default","ast-global-header-display":"","ast-main-header-display":"","ast-hfb-above-header-display":"","ast-hfb-below-header-display":"","ast-hfb-mobile-header-display":"","site-post-title":"","ast-breadcrumbs-content":"","ast-featured-img":"","footer-sml-layout":"","theme-transparent-header-meta":"default","adv-header-id-meta":"","stick-header-meta":"","header-above-stick-meta":"","header-main-stick-meta":"","header-below-stick-meta":"","_joinchat":{"telephone":"+59898715457"}},"product_cat":[41,29],"product_tag":[],"yoast_head":"<!-- This site is optimized with the Yoast SEO plugin v19.11 - https:\/\/yoast.com\/wordpress\/plugins\/seo\/ -->\n<title>Gliss Kit 30ml Ceramico Top Coating CarPro &bull; AUTOPINT SHOP- Car Repair System - Herramientas - Protecci\u00f3n - Pulidos - Detailing<\/title>\n<meta name=\"description\" content=\"Se trata de un coating que puede aplicarse sobre pintura o sobre los coatings de CarPro. kit 30ml. Antiest\u00e9tico. repele al agua. AUTOPINT SHOP\" \/>\n<meta name=\"robots\" content=\"index, follow, max-snippet:-1, max-image-preview:large, max-video-preview:-1\" \/>\n<link rel=\"canonical\" href=\"https:\/\/www.autopint.com.uy\/?product=gliss-kit-30ml-ceramico-top-coating-carpro\" \/>\n<meta property=\"og:locale\" content=\"es_ES\" \/>\n<meta property=\"og:type\" content=\"article\" \/>\n<meta property=\"og:title\" content=\"Gliss Kit 30ml Ceramico Top Coating CarPro &bull; AUTOPINT SHOP- Car Repair System - Herramientas - Protecci\u00f3n - Pulidos - Detailing\" \/>\n<meta property=\"og:description\" content=\"Se trata de un coating que puede aplicarse sobre pintura o sobre los coatings de CarPro. kit 30ml. Antiest\u00e9tico. repele al agua. AUTOPINT SHOP\" \/>\n<meta property=\"og:url\" content=\"https:\/\/www.autopint.com.uy\/?product=gliss-kit-30ml-ceramico-top-coating-carpro\" \/>\n<meta property=\"og:site_name\" content=\"AUTOPINT SHOP- Car Repair System - Herramientas - Protecci\u00f3n - Pulidos - Detailing\" \/>\n<meta property=\"article:modified_time\" content=\"2025-03-26T13:29:17+00:00\" \/>\n<meta property=\"og:image\" content=\"https:\/\/www.autopint.com.uy\/wp-content\/uploads\/2024\/05\/CARPRO_CQGliss_img2.jpg\" \/>\n\t<meta property=\"og:image:width\" content=\"800\" \/>\n\t<meta property=\"og:image:height\" content=\"1000\" \/>\n\t<meta property=\"og:image:type\" content=\"image\/jpeg\" \/>\n<meta name=\"twitter:card\" content=\"summary_large_image\" \/>\n<meta name=\"twitter:label1\" content=\"Tiempo de lectura\" \/>\n\t<meta name=\"twitter:data1\" content=\"3 minutos\" \/>\n<script type=\"application\/ld+json\" class=\"yoast-schema-graph\">{\"@context\":\"https:\/\/schema.org\",\"@graph\":[{\"@type\":\"WebPage\",\"@id\":\"https:\/\/www.autopint.com.uy\/?product=gliss-kit-30ml-ceramico-top-coating-carpro\",\"url\":\"https:\/\/www.autopint.com.uy\/?product=gliss-kit-30ml-ceramico-top-coating-carpro\",\"name\":\"Gliss Kit 30ml Ceramico Top Coating CarPro &bull; AUTOPINT SHOP- Car Repair System - Herramientas - Protecci\u00f3n - Pulidos - Detailing\",\"isPartOf\":{\"@id\":\"https:\/\/www.autopint.com.uy\/#website\"},\"datePublished\":\"2024-05-13T18:08:46+00:00\",\"dateModified\":\"2025-03-26T13:29:17+00:00\",\"description\":\"Se trata de un coating que puede aplicarse sobre pintura o sobre los coatings de CarPro. kit 30ml. Antiest\u00e9tico. repele al agua. AUTOPINT SHOP\",\"breadcrumb\":{\"@id\":\"https:\/\/www.autopint.com.uy\/?product=gliss-kit-30ml-ceramico-top-coating-carpro#breadcrumb\"},\"inLanguage\":\"es\",\"potentialAction\":[{\"@type\":\"ReadAction\",\"target\":[\"https:\/\/www.autopint.com.uy\/?product=gliss-kit-30ml-ceramico-top-coating-carpro\"]}]},{\"@type\":\"BreadcrumbList\",\"@id\":\"https:\/\/www.autopint.com.uy\/?product=gliss-kit-30ml-ceramico-top-coating-carpro#breadcrumb\",\"itemListElement\":[{\"@type\":\"ListItem\",\"position\":1,\"name\":\"Portada\",\"item\":\"https:\/\/www.autopint.com.uy\/\"},{\"@type\":\"ListItem\",\"position\":2,\"name\":\"Tienda\",\"item\":\"https:\/\/www.autopint.com.uy\/?page_id=51\"},{\"@type\":\"ListItem\",\"position\":3,\"name\":\"Gliss Kit 30ml Ceramico Top Coating CarPro\"}]},{\"@type\":\"WebSite\",\"@id\":\"https:\/\/www.autopint.com.uy\/#website\",\"url\":\"https:\/\/www.autopint.com.uy\/\",\"name\":\"AUTOPINT SHOP- Car Repair System - Herramientas - Protecci\u00f3n - Pulidos - Detailing\",\"description\":\"IMPORTACION Y VENTA DE INSUMOS PARA REPINTADO AUTOMOTRIZ\",\"publisher\":{\"@id\":\"https:\/\/www.autopint.com.uy\/#organization\"},\"potentialAction\":[{\"@type\":\"SearchAction\",\"target\":{\"@type\":\"EntryPoint\",\"urlTemplate\":\"https:\/\/www.autopint.com.uy\/?s={search_term_string}\"},\"query-input\":\"required name=search_term_string\"}],\"inLanguage\":\"es\"},{\"@type\":\"Organization\",\"@id\":\"https:\/\/www.autopint.com.uy\/#organization\",\"name\":\"Autopint-Carrepairsystem\",\"url\":\"https:\/\/www.autopint.com.uy\/\",\"logo\":{\"@type\":\"ImageObject\",\"inLanguage\":\"es\",\"@id\":\"https:\/\/www.autopint.com.uy\/#\/schema\/logo\/image\/\",\"url\":\"https:\/\/www.autopint.com.uy\/wp-content\/uploads\/2020\/05\/cropped-Logo-2.png\",\"contentUrl\":\"https:\/\/www.autopint.com.uy\/wp-content\/uploads\/2020\/05\/cropped-Logo-2.png\",\"width\":600,\"height\":150,\"caption\":\"Autopint-Carrepairsystem\"},\"image\":{\"@id\":\"https:\/\/www.autopint.com.uy\/#\/schema\/logo\/image\/\"}}]}<\/script>\n<!-- \/ Yoast SEO plugin. -->","yoast_head_json":{"title":"Gliss Kit 30ml Ceramico Top Coating CarPro &bull; AUTOPINT SHOP- Car Repair System - Herramientas - Protecci\u00f3n - Pulidos - Detailing","description":"Se trata de un coating que puede aplicarse sobre pintura o sobre los coatings de CarPro. kit 30ml. Antiest\u00e9tico. repele al agua. AUTOPINT SHOP","robots":{"index":"index","follow":"follow","max-snippet":"max-snippet:-1","max-image-preview":"max-image-preview:large","max-video-preview":"max-video-preview:-1"},"canonical":"https:\/\/www.autopint.com.uy\/?product=gliss-kit-30ml-ceramico-top-coating-carpro","og_locale":"es_ES","og_type":"article","og_title":"Gliss Kit 30ml Ceramico Top Coating CarPro &bull; AUTOPINT SHOP- Car Repair System - Herramientas - Protecci\u00f3n - Pulidos - Detailing","og_description":"Se trata de un coating que puede aplicarse sobre pintura o sobre los coatings de CarPro. kit 30ml. Antiest\u00e9tico. repele al agua. AUTOPINT SHOP","og_url":"https:\/\/www.autopint.com.uy\/?product=gliss-kit-30ml-ceramico-top-coating-carpro","og_site_name":"AUTOPINT SHOP- Car Repair System - Herramientas - Protecci\u00f3n - Pulidos - Detailing","article_modified_time":"2025-03-26T13:29:17+00:00","og_image":[{"width":800,"height":1000,"url":"https:\/\/www.autopint.com.uy\/wp-content\/uploads\/2024\/05\/CARPRO_CQGliss_img2.jpg","type":"image\/jpeg"}],"twitter_card":"summary_large_image","twitter_misc":{"Tiempo de lectura":"3 minutos"},"schema":{"@context":"https:\/\/schema.org","@graph":[{"@type":"WebPage","@id":"https:\/\/www.autopint.com.uy\/?product=gliss-kit-30ml-ceramico-top-coating-carpro","url":"https:\/\/www.autopint.com.uy\/?product=gliss-kit-30ml-ceramico-top-coating-carpro","name":"Gliss Kit 30ml Ceramico Top Coating CarPro &bull; AUTOPINT SHOP- Car Repair System - Herramientas - Protecci\u00f3n - Pulidos - Detailing","isPartOf":{"@id":"https:\/\/www.autopint.com.uy\/#website"},"datePublished":"2024-05-13T18:08:46+00:00","dateModified":"2025-03-26T13:29:17+00:00","description":"Se trata de un coating que puede aplicarse sobre pintura o sobre los coatings de CarPro. kit 30ml. Antiest\u00e9tico. repele al agua. AUTOPINT SHOP","breadcrumb":{"@id":"https:\/\/www.autopint.com.uy\/?product=gliss-kit-30ml-ceramico-top-coating-carpro#breadcrumb"},"inLanguage":"es","potentialAction":[{"@type":"ReadAction","target":["https:\/\/www.autopint.com.uy\/?product=gliss-kit-30ml-ceramico-top-coating-carpro"]}]},{"@type":"BreadcrumbList","@id":"https:\/\/www.autopint.com.uy\/?product=gliss-kit-30ml-ceramico-top-coating-carpro#breadcrumb","itemListElement":[{"@type":"ListItem","position":1,"name":"Portada","item":"https:\/\/www.autopint.com.uy\/"},{"@type":"ListItem","position":2,"name":"Tienda","item":"https:\/\/www.autopint.com.uy\/?page_id=51"},{"@type":"ListItem","position":3,"name":"Gliss Kit 30ml Ceramico Top Coating CarPro"}]},{"@type":"WebSite","@id":"https:\/\/www.autopint.com.uy\/#website","url":"https:\/\/www.autopint.com.uy\/","name":"AUTOPINT SHOP- Car Repair System - Herramientas - Protecci\u00f3n - Pulidos - Detailing","description":"IMPORTACION Y VENTA DE INSUMOS PARA REPINTADO AUTOMOTRIZ","publisher":{"@id":"https:\/\/www.autopint.com.uy\/#organization"},"potentialAction":[{"@type":"SearchAction","target":{"@type":"EntryPoint","urlTemplate":"https:\/\/www.autopint.com.uy\/?s={search_term_string}"},"query-input":"required name=search_term_string"}],"inLanguage":"es"},{"@type":"Organization","@id":"https:\/\/www.autopint.com.uy\/#organization","name":"Autopint-Carrepairsystem","url":"https:\/\/www.autopint.com.uy\/","logo":{"@type":"ImageObject","inLanguage":"es","@id":"https:\/\/www.autopint.com.uy\/#\/schema\/logo\/image\/","url":"https:\/\/www.autopint.com.uy\/wp-content\/uploads\/2020\/05\/cropped-Logo-2.png","contentUrl":"https:\/\/www.autopint.com.uy\/wp-content\/uploads\/2020\/05\/cropped-Logo-2.png","width":600,"height":150,"caption":"Autopint-Carrepairsystem"},"image":{"@id":"https:\/\/www.autopint.com.uy\/#\/schema\/logo\/image\/"}}]}},"_links":{"self":[{"href":"https:\/\/www.autopint.com.uy\/index.php?rest_route=\/wp\/v2\/product\/2077"}],"collection":[{"href":"https:\/\/www.autopint.com.uy\/index.php?rest_route=\/wp\/v2\/product"}],"about":[{"href":"https:\/\/www.autopint.com.uy\/index.php?rest_route=\/wp\/v2\/types\/product"}],"wp:featuredmedia":[{"embeddable":true,"href":"https:\/\/www.autopint.com.uy\/index.php?rest_route=\/wp\/v2\/media\/2078"}],"wp:attachment":[{"href":"https:\/\/www.autopint.com.uy\/index.php?rest_route=%2Fwp%2Fv2%2Fmedia&parent=2077"}],"wp:term":[{"taxonomy":"product_cat","embeddable":true,"href":"https:\/\/www.autopint.com.uy\/index.php?rest_route=%2Fwp%2Fv2%2Fproduct_cat&post=2077"},{"taxonomy":"product_tag","embeddable":true,"href":"https:\/\/www.autopint.com.uy\/index.php?rest_route=%2Fwp%2Fv2%2Fproduct_tag&post=2077"}],"curies":[{"name":"wp","href":"https:\/\/api.w.org\/{rel}","templated":true}]}}