{"id":2103,"date":"2025-01-10T17:56:53","date_gmt":"2025-01-10T20:56:53","guid":{"rendered":"https:\/\/www.autopint.com.uy\/?post_type=product&#038;p=2103"},"modified":"2025-12-08T12:04:03","modified_gmt":"2025-12-08T15:04:03","slug":"lijadora-electrica-orbital-garlopa","status":"publish","type":"product","link":"https:\/\/www.autopint.com.uy\/?product=lijadora-electrica-orbital-garlopa","title":{"rendered":"Lijadora Electrica Orbital Garlopa"},"content":{"rendered":"<div id='gallery-1' class='gallery galleryid-2103 gallery-columns-3 gallery-size-thumbnail'><figure class='gallery-item'>\n\t\t\t<div class='gallery-icon landscape'>\n\t\t\t\t<a href='https:\/\/www.autopint.com.uy\/?attachment_id=2113'><img width=\"150\" height=\"150\" src=\"https:\/\/www.autopint.com.uy\/wp-content\/uploads\/2025\/01\/1014-000300_LIJADORA-ELECTRICA-ORBITAL-400-X-70-MM-SEGO-8105-2-150x150.png\" class=\"attachment-thumbnail size-thumbnail\" alt=\"\" loading=\"lazy\" srcset=\"https:\/\/www.autopint.com.uy\/wp-content\/uploads\/2025\/01\/1014-000300_LIJADORA-ELECTRICA-ORBITAL-400-X-70-MM-SEGO-8105-2-150x150.png 150w, https:\/\/www.autopint.com.uy\/wp-content\/uploads\/2025\/01\/1014-000300_LIJADORA-ELECTRICA-ORBITAL-400-X-70-MM-SEGO-8105-2-300x300.png 300w, https:\/\/www.autopint.com.uy\/wp-content\/uploads\/2025\/01\/1014-000300_LIJADORA-ELECTRICA-ORBITAL-400-X-70-MM-SEGO-8105-2-100x100.png 100w, https:\/\/www.autopint.com.uy\/wp-content\/uploads\/2025\/01\/1014-000300_LIJADORA-ELECTRICA-ORBITAL-400-X-70-MM-SEGO-8105-2-64x64.png 64w, https:\/\/www.autopint.com.uy\/wp-content\/uploads\/2025\/01\/1014-000300_LIJADORA-ELECTRICA-ORBITAL-400-X-70-MM-SEGO-8105-2.png 600w\" sizes=\"(max-width: 150px) 100vw, 150px\" \/><\/a>\n\t\t\t<\/div><\/figure><figure class='gallery-item'>\n\t\t\t<div class='gallery-icon landscape'>\n\t\t\t\t<a href='https:\/\/www.autopint.com.uy\/?attachment_id=2114'><img width=\"150\" height=\"150\" src=\"https:\/\/www.autopint.com.uy\/wp-content\/uploads\/2025\/01\/1014-000300_LIJADORA-ELECTRICA-ORBITAL-400-X-70-MM-SEGO-8105-3-150x150.png\" class=\"attachment-thumbnail size-thumbnail\" alt=\"\" loading=\"lazy\" srcset=\"https:\/\/www.autopint.com.uy\/wp-content\/uploads\/2025\/01\/1014-000300_LIJADORA-ELECTRICA-ORBITAL-400-X-70-MM-SEGO-8105-3-150x150.png 150w, https:\/\/www.autopint.com.uy\/wp-content\/uploads\/2025\/01\/1014-000300_LIJADORA-ELECTRICA-ORBITAL-400-X-70-MM-SEGO-8105-3-300x300.png 300w, https:\/\/www.autopint.com.uy\/wp-content\/uploads\/2025\/01\/1014-000300_LIJADORA-ELECTRICA-ORBITAL-400-X-70-MM-SEGO-8105-3-100x100.png 100w, https:\/\/www.autopint.com.uy\/wp-content\/uploads\/2025\/01\/1014-000300_LIJADORA-ELECTRICA-ORBITAL-400-X-70-MM-SEGO-8105-3-64x64.png 64w, https:\/\/www.autopint.com.uy\/wp-content\/uploads\/2025\/01\/1014-000300_LIJADORA-ELECTRICA-ORBITAL-400-X-70-MM-SEGO-8105-3.png 600w\" sizes=\"(max-width: 150px) 100vw, 150px\" \/><\/a>\n\t\t\t<\/div><\/figure><figure class='gallery-item'>\n\t\t\t<div class='gallery-icon landscape'>\n\t\t\t\t<a href='https:\/\/www.autopint.com.uy\/?attachment_id=2115'><img width=\"150\" height=\"150\" src=\"https:\/\/www.autopint.com.uy\/wp-content\/uploads\/2025\/01\/1014-000300_LIJADORA-ELECTRICA-ORBITAL-400-X-70-MM-SEGO-8105-8-150x150.png\" class=\"attachment-thumbnail size-thumbnail\" alt=\"\" loading=\"lazy\" srcset=\"https:\/\/www.autopint.com.uy\/wp-content\/uploads\/2025\/01\/1014-000300_LIJADORA-ELECTRICA-ORBITAL-400-X-70-MM-SEGO-8105-8-150x150.png 150w, https:\/\/www.autopint.com.uy\/wp-content\/uploads\/2025\/01\/1014-000300_LIJADORA-ELECTRICA-ORBITAL-400-X-70-MM-SEGO-8105-8-300x300.png 300w, https:\/\/www.autopint.com.uy\/wp-content\/uploads\/2025\/01\/1014-000300_LIJADORA-ELECTRICA-ORBITAL-400-X-70-MM-SEGO-8105-8-100x100.png 100w, https:\/\/www.autopint.com.uy\/wp-content\/uploads\/2025\/01\/1014-000300_LIJADORA-ELECTRICA-ORBITAL-400-X-70-MM-SEGO-8105-8-64x64.png 64w, https:\/\/www.autopint.com.uy\/wp-content\/uploads\/2025\/01\/1014-000300_LIJADORA-ELECTRICA-ORBITAL-400-X-70-MM-SEGO-8105-8.png 600w\" sizes=\"(max-width: 150px) 100vw, 150px\" \/><\/a>\n\t\t\t<\/div><\/figure><figure class='gallery-item'>\n\t\t\t<div class='gallery-icon landscape'>\n\t\t\t\t<a href='https:\/\/www.autopint.com.uy\/?attachment_id=2116'><img width=\"150\" height=\"150\" src=\"https:\/\/www.autopint.com.uy\/wp-content\/uploads\/2025\/01\/1014-000300_LIJADORA-ELECTRICA-ORBITAL-400-X-70-MM-SEGO-8105-150x150.png\" class=\"attachment-thumbnail size-thumbnail\" alt=\"Lijadora Orbital Electrica Garlopa\" loading=\"lazy\" srcset=\"https:\/\/www.autopint.com.uy\/wp-content\/uploads\/2025\/01\/1014-000300_LIJADORA-ELECTRICA-ORBITAL-400-X-70-MM-SEGO-8105-150x150.png 150w, https:\/\/www.autopint.com.uy\/wp-content\/uploads\/2025\/01\/1014-000300_LIJADORA-ELECTRICA-ORBITAL-400-X-70-MM-SEGO-8105-300x300.png 300w, https:\/\/www.autopint.com.uy\/wp-content\/uploads\/2025\/01\/1014-000300_LIJADORA-ELECTRICA-ORBITAL-400-X-70-MM-SEGO-8105-100x100.png 100w, https:\/\/www.autopint.com.uy\/wp-content\/uploads\/2025\/01\/1014-000300_LIJADORA-ELECTRICA-ORBITAL-400-X-70-MM-SEGO-8105-64x64.png 64w, https:\/\/www.autopint.com.uy\/wp-content\/uploads\/2025\/01\/1014-000300_LIJADORA-ELECTRICA-ORBITAL-400-X-70-MM-SEGO-8105.png 600w\" sizes=\"(max-width: 150px) 100vw, 150px\" \/><\/a>\n\t\t\t<\/div><\/figure>\n\t\t<\/div>\n\n","protected":false},"excerpt":{"rendered":"","protected":false},"featured_media":2116,"template":"","meta":{"site-sidebar-layout":"default","site-content-layout":"default","ast-global-header-display":"","ast-main-header-display":"","ast-hfb-above-header-display":"","ast-hfb-below-header-display":"","ast-hfb-mobile-header-display":"","site-post-title":"","ast-breadcrumbs-content":"","ast-featured-img":"","footer-sml-layout":"","theme-transparent-header-meta":"default","adv-header-id-meta":"","stick-header-meta":"","header-above-stick-meta":"","header-main-stick-meta":"","header-below-stick-meta":"","_joinchat":[]},"product_cat":[15],"product_tag":[],"yoast_head":"<!-- This site is optimized with the Yoast SEO plugin v19.11 - https:\/\/yoast.com\/wordpress\/plugins\/seo\/ -->\n<title>Lijadora Electrica Orbital Garlopa &bull; AUTOPINT SHOP- Car Repair System - Herramientas - Protecci\u00f3n - Pulidos - Detailing<\/title>\n<meta name=\"description\" content=\"Lijadora Electrica Orbital Garlopa Ergon\u00f3mica y Ligera Peso aproximado de 3.2 kg, es f\u00e1cil de manejar, reduciendo la fatiga del operario y permitiendo un trabajo sin esfuerzo\" \/>\n<meta name=\"robots\" content=\"index, follow, max-snippet:-1, max-image-preview:large, max-video-preview:-1\" \/>\n<link rel=\"canonical\" href=\"https:\/\/www.autopint.com.uy\/?product=lijadora-electrica-orbital-garlopa\" \/>\n<meta property=\"og:locale\" content=\"es_ES\" \/>\n<meta property=\"og:type\" content=\"article\" \/>\n<meta property=\"og:title\" content=\"Lijadora Electrica Orbital Garlopa &bull; AUTOPINT SHOP- Car Repair System - Herramientas - Protecci\u00f3n - Pulidos - Detailing\" \/>\n<meta property=\"og:description\" content=\"Lijadora Electrica Orbital Garlopa Ergon\u00f3mica y Ligera Peso aproximado de 3.2 kg, es f\u00e1cil de manejar, reduciendo la fatiga del operario y permitiendo un trabajo sin esfuerzo\" \/>\n<meta property=\"og:url\" content=\"https:\/\/www.autopint.com.uy\/?product=lijadora-electrica-orbital-garlopa\" \/>\n<meta property=\"og:site_name\" content=\"AUTOPINT SHOP- Car Repair System - Herramientas - Protecci\u00f3n - Pulidos - Detailing\" \/>\n<meta property=\"article:modified_time\" content=\"2025-12-08T15:04:03+00:00\" \/>\n<meta property=\"og:image\" content=\"https:\/\/www.autopint.com.uy\/wp-content\/uploads\/2025\/01\/1014-000300_LIJADORA-ELECTRICA-ORBITAL-400-X-70-MM-SEGO-8105.png\" \/>\n\t<meta property=\"og:image:width\" content=\"600\" \/>\n\t<meta property=\"og:image:height\" content=\"600\" \/>\n\t<meta property=\"og:image:type\" content=\"image\/png\" \/>\n<meta name=\"twitter:card\" content=\"summary_large_image\" \/>\n<meta name=\"twitter:label1\" content=\"Tiempo de lectura\" \/>\n\t<meta name=\"twitter:data1\" content=\"1 minuto\" \/>\n<script type=\"application\/ld+json\" class=\"yoast-schema-graph\">{\"@context\":\"https:\/\/schema.org\",\"@graph\":[{\"@type\":\"WebPage\",\"@id\":\"https:\/\/www.autopint.com.uy\/?product=lijadora-electrica-orbital-garlopa\",\"url\":\"https:\/\/www.autopint.com.uy\/?product=lijadora-electrica-orbital-garlopa\",\"name\":\"Lijadora Electrica Orbital Garlopa &bull; AUTOPINT SHOP- Car Repair System - Herramientas - Protecci\u00f3n - Pulidos - Detailing\",\"isPartOf\":{\"@id\":\"https:\/\/www.autopint.com.uy\/#website\"},\"datePublished\":\"2025-01-10T20:56:53+00:00\",\"dateModified\":\"2025-12-08T15:04:03+00:00\",\"description\":\"Lijadora Electrica Orbital Garlopa Ergon\u00f3mica y Ligera Peso aproximado de 3.2 kg, es f\u00e1cil de manejar, reduciendo la fatiga del operario y permitiendo un trabajo sin esfuerzo\",\"breadcrumb\":{\"@id\":\"https:\/\/www.autopint.com.uy\/?product=lijadora-electrica-orbital-garlopa#breadcrumb\"},\"inLanguage\":\"es\",\"potentialAction\":[{\"@type\":\"ReadAction\",\"target\":[\"https:\/\/www.autopint.com.uy\/?product=lijadora-electrica-orbital-garlopa\"]}]},{\"@type\":\"BreadcrumbList\",\"@id\":\"https:\/\/www.autopint.com.uy\/?product=lijadora-electrica-orbital-garlopa#breadcrumb\",\"itemListElement\":[{\"@type\":\"ListItem\",\"position\":1,\"name\":\"Portada\",\"item\":\"https:\/\/www.autopint.com.uy\/\"},{\"@type\":\"ListItem\",\"position\":2,\"name\":\"Tienda\",\"item\":\"https:\/\/www.autopint.com.uy\/?page_id=51\"},{\"@type\":\"ListItem\",\"position\":3,\"name\":\"Lijadora Electrica Orbital Garlopa\"}]},{\"@type\":\"WebSite\",\"@id\":\"https:\/\/www.autopint.com.uy\/#website\",\"url\":\"https:\/\/www.autopint.com.uy\/\",\"name\":\"AUTOPINT SHOP- Car Repair System - Herramientas - Protecci\u00f3n - Pulidos - Detailing\",\"description\":\"IMPORTACION Y VENTA DE INSUMOS PARA REPINTADO AUTOMOTRIZ\",\"publisher\":{\"@id\":\"https:\/\/www.autopint.com.uy\/#organization\"},\"potentialAction\":[{\"@type\":\"SearchAction\",\"target\":{\"@type\":\"EntryPoint\",\"urlTemplate\":\"https:\/\/www.autopint.com.uy\/?s={search_term_string}\"},\"query-input\":\"required name=search_term_string\"}],\"inLanguage\":\"es\"},{\"@type\":\"Organization\",\"@id\":\"https:\/\/www.autopint.com.uy\/#organization\",\"name\":\"Autopint-Carrepairsystem\",\"url\":\"https:\/\/www.autopint.com.uy\/\",\"logo\":{\"@type\":\"ImageObject\",\"inLanguage\":\"es\",\"@id\":\"https:\/\/www.autopint.com.uy\/#\/schema\/logo\/image\/\",\"url\":\"https:\/\/www.autopint.com.uy\/wp-content\/uploads\/2020\/05\/cropped-Logo-2.png\",\"contentUrl\":\"https:\/\/www.autopint.com.uy\/wp-content\/uploads\/2020\/05\/cropped-Logo-2.png\",\"width\":600,\"height\":150,\"caption\":\"Autopint-Carrepairsystem\"},\"image\":{\"@id\":\"https:\/\/www.autopint.com.uy\/#\/schema\/logo\/image\/\"}}]}<\/script>\n<!-- \/ Yoast SEO plugin. -->","yoast_head_json":{"title":"Lijadora Electrica Orbital Garlopa &bull; AUTOPINT SHOP- Car Repair System - Herramientas - Protecci\u00f3n - Pulidos - Detailing","description":"Lijadora Electrica Orbital Garlopa Ergon\u00f3mica y Ligera Peso aproximado de 3.2 kg, es f\u00e1cil de manejar, reduciendo la fatiga del operario y permitiendo un trabajo sin esfuerzo","robots":{"index":"index","follow":"follow","max-snippet":"max-snippet:-1","max-image-preview":"max-image-preview:large","max-video-preview":"max-video-preview:-1"},"canonical":"https:\/\/www.autopint.com.uy\/?product=lijadora-electrica-orbital-garlopa","og_locale":"es_ES","og_type":"article","og_title":"Lijadora Electrica Orbital Garlopa &bull; AUTOPINT SHOP- Car Repair System - Herramientas - Protecci\u00f3n - Pulidos - Detailing","og_description":"Lijadora Electrica Orbital Garlopa Ergon\u00f3mica y Ligera Peso aproximado de 3.2 kg, es f\u00e1cil de manejar, reduciendo la fatiga del operario y permitiendo un trabajo sin esfuerzo","og_url":"https:\/\/www.autopint.com.uy\/?product=lijadora-electrica-orbital-garlopa","og_site_name":"AUTOPINT SHOP- Car Repair System - Herramientas - Protecci\u00f3n - Pulidos - Detailing","article_modified_time":"2025-12-08T15:04:03+00:00","og_image":[{"width":600,"height":600,"url":"https:\/\/www.autopint.com.uy\/wp-content\/uploads\/2025\/01\/1014-000300_LIJADORA-ELECTRICA-ORBITAL-400-X-70-MM-SEGO-8105.png","type":"image\/png"}],"twitter_card":"summary_large_image","twitter_misc":{"Tiempo de lectura":"1 minuto"},"schema":{"@context":"https:\/\/schema.org","@graph":[{"@type":"WebPage","@id":"https:\/\/www.autopint.com.uy\/?product=lijadora-electrica-orbital-garlopa","url":"https:\/\/www.autopint.com.uy\/?product=lijadora-electrica-orbital-garlopa","name":"Lijadora Electrica Orbital Garlopa &bull; AUTOPINT SHOP- Car Repair System - Herramientas - Protecci\u00f3n - Pulidos - Detailing","isPartOf":{"@id":"https:\/\/www.autopint.com.uy\/#website"},"datePublished":"2025-01-10T20:56:53+00:00","dateModified":"2025-12-08T15:04:03+00:00","description":"Lijadora Electrica Orbital Garlopa Ergon\u00f3mica y Ligera Peso aproximado de 3.2 kg, es f\u00e1cil de manejar, reduciendo la fatiga del operario y permitiendo un trabajo sin esfuerzo","breadcrumb":{"@id":"https:\/\/www.autopint.com.uy\/?product=lijadora-electrica-orbital-garlopa#breadcrumb"},"inLanguage":"es","potentialAction":[{"@type":"ReadAction","target":["https:\/\/www.autopint.com.uy\/?product=lijadora-electrica-orbital-garlopa"]}]},{"@type":"BreadcrumbList","@id":"https:\/\/www.autopint.com.uy\/?product=lijadora-electrica-orbital-garlopa#breadcrumb","itemListElement":[{"@type":"ListItem","position":1,"name":"Portada","item":"https:\/\/www.autopint.com.uy\/"},{"@type":"ListItem","position":2,"name":"Tienda","item":"https:\/\/www.autopint.com.uy\/?page_id=51"},{"@type":"ListItem","position":3,"name":"Lijadora Electrica Orbital Garlopa"}]},{"@type":"WebSite","@id":"https:\/\/www.autopint.com.uy\/#website","url":"https:\/\/www.autopint.com.uy\/","name":"AUTOPINT SHOP- Car Repair System - Herramientas - Protecci\u00f3n - Pulidos - Detailing","description":"IMPORTACION Y VENTA DE INSUMOS PARA REPINTADO AUTOMOTRIZ","publisher":{"@id":"https:\/\/www.autopint.com.uy\/#organization"},"potentialAction":[{"@type":"SearchAction","target":{"@type":"EntryPoint","urlTemplate":"https:\/\/www.autopint.com.uy\/?s={search_term_string}"},"query-input":"required name=search_term_string"}],"inLanguage":"es"},{"@type":"Organization","@id":"https:\/\/www.autopint.com.uy\/#organization","name":"Autopint-Carrepairsystem","url":"https:\/\/www.autopint.com.uy\/","logo":{"@type":"ImageObject","inLanguage":"es","@id":"https:\/\/www.autopint.com.uy\/#\/schema\/logo\/image\/","url":"https:\/\/www.autopint.com.uy\/wp-content\/uploads\/2020\/05\/cropped-Logo-2.png","contentUrl":"https:\/\/www.autopint.com.uy\/wp-content\/uploads\/2020\/05\/cropped-Logo-2.png","width":600,"height":150,"caption":"Autopint-Carrepairsystem"},"image":{"@id":"https:\/\/www.autopint.com.uy\/#\/schema\/logo\/image\/"}}]}},"_links":{"self":[{"href":"https:\/\/www.autopint.com.uy\/index.php?rest_route=\/wp\/v2\/product\/2103"}],"collection":[{"href":"https:\/\/www.autopint.com.uy\/index.php?rest_route=\/wp\/v2\/product"}],"about":[{"href":"https:\/\/www.autopint.com.uy\/index.php?rest_route=\/wp\/v2\/types\/product"}],"wp:featuredmedia":[{"embeddable":true,"href":"https:\/\/www.autopint.com.uy\/index.php?rest_route=\/wp\/v2\/media\/2116"}],"wp:attachment":[{"href":"https:\/\/www.autopint.com.uy\/index.php?rest_route=%2Fwp%2Fv2%2Fmedia&parent=2103"}],"wp:term":[{"taxonomy":"product_cat","embeddable":true,"href":"https:\/\/www.autopint.com.uy\/index.php?rest_route=%2Fwp%2Fv2%2Fproduct_cat&post=2103"},{"taxonomy":"product_tag","embeddable":true,"href":"https:\/\/www.autopint.com.uy\/index.php?rest_route=%2Fwp%2Fv2%2Fproduct_tag&post=2103"}],"curies":[{"name":"wp","href":"https:\/\/api.w.org\/{rel}","templated":true}]}}