{"id":2121,"date":"2025-01-10T18:58:02","date_gmt":"2025-01-10T21:58:02","guid":{"rendered":"https:\/\/www.autopint.com.uy\/?post_type=product&#038;p=2121"},"modified":"2025-01-10T19:06:51","modified_gmt":"2025-01-10T22:06:51","slug":"taco-de-lijado-regulable-2","status":"publish","type":"product","link":"https:\/\/www.autopint.com.uy\/?product=taco-de-lijado-regulable-2","title":{"rendered":"Taco De Lijado Regulable"},"content":{"rendered":"<p><span data-contrast=\"auto\">Tacos de Lijado Multi regulable\u00a0 de 70 x 198 MM. <\/span><span data-ccp-props=\"{&quot;201341983&quot;:0,&quot;335551550&quot;:6,&quot;335551620&quot;:6,&quot;335559739&quot;:160,&quot;335559740&quot;:259}\">\u00a0<\/span><\/p>\n<p><span data-contrast=\"auto\">Dise\u00f1ados para abordar el problema de lijar superficies irregulares con diferentes concavidades y convexidades, estos tacos de lijado pueden adaptarse a las diversas formas de la superficie del autom\u00f3vi gracias a su caracter\u00edstica regulable que permite al operario elegir el grado de curvatura deseado. El taco de lijado est\u00e1 equipado con una salida para la extracci\u00f3n de polvo.<\/span><span data-ccp-props=\"{&quot;201341983&quot;:0,&quot;335551550&quot;:6,&quot;335551620&quot;:6,&quot;335559739&quot;:160,&quot;335559740&quot;:259}\">\u00a0<\/span><\/p>\n<p><span data-contrast=\"auto\">Su dise\u00f1o regulable, ergon\u00f3mico y ligero facilita el lijado, asegurando un mejor rendimiento y excelentes resultados para el operario.\u00a0<\/span><span data-ccp-props=\"{&quot;201341983&quot;:0,&quot;335551550&quot;:6,&quot;335551620&quot;:6,&quot;335559739&quot;:160,&quot;335559740&quot;:259}\">\u00a0<\/span><\/p>\n<p><b>CARACTERISTICAS<\/b><\/p>\n<ul>\n<li>\n<h5><b><span data-contrast=\"auto\">Peso:<\/span><\/b><span data-contrast=\"auto\">\u00a0250G.<\/span><\/h5>\n<\/li>\n<li>\n<h5><b><span data-contrast=\"auto\">Temperatura de uso<\/span><\/b><span data-contrast=\"auto\">: -10 \u00baC \u2013 70 \u00baC.<\/span><\/h5>\n<\/li>\n<li>\n<h5><b><span data-contrast=\"auto\">Importante*<\/span><\/b><span data-contrast=\"auto\">\u00a0No apto para uso con agua.<\/span><\/h5>\n<\/li>\n<\/ul>\n","protected":false},"excerpt":{"rendered":"<p>Tacos de Lijado Multi regulable\u00a0 de 70 x 198 MM. \u00a0 Dise\u00f1ados para abordar el problema de lijar superficies irregulares con diferentes concavidades y convexidades, estos tacos de lijado pueden adaptarse a las diversas formas de la superficie del autom\u00f3vi gracias a su caracter\u00edstica regulable que permite al operario elegir el grado de curvatura deseado. &hellip;<\/p>\n<p class=\"read-more\"> <a class=\"\" href=\"https:\/\/www.autopint.com.uy\/?product=taco-de-lijado-regulable-2\"> <span class=\"screen-reader-text\">Taco De Lijado Regulable<\/span> Leer m\u00e1s &raquo;<\/a><\/p>\n","protected":false},"featured_media":2118,"template":"","meta":{"site-sidebar-layout":"default","site-content-layout":"default","ast-global-header-display":"","ast-main-header-display":"","ast-hfb-above-header-display":"","ast-hfb-below-header-display":"","ast-hfb-mobile-header-display":"","site-post-title":"","ast-breadcrumbs-content":"","ast-featured-img":"","footer-sml-layout":"","theme-transparent-header-meta":"default","adv-header-id-meta":"","stick-header-meta":"","header-above-stick-meta":"","header-main-stick-meta":"","header-below-stick-meta":"","_joinchat":[]},"product_cat":[22],"product_tag":[],"yoast_head":"<!-- This site is optimized with the Yoast SEO plugin v19.11 - https:\/\/yoast.com\/wordpress\/plugins\/seo\/ -->\n<title>Taco De Lijado Regulable &bull; AUTOPINT SHOP- Car Repair System - Herramientas - Protecci\u00f3n - Pulidos - Detailing<\/title>\n<meta name=\"description\" content=\"Dise\u00f1ados para abordar el problema de lijar superficies irregulares con diferentes concavidades y convexidades, estos tacos de lijado pueden adaptarse a las diversas formas de la superficie\" \/>\n<meta name=\"robots\" content=\"index, follow, max-snippet:-1, max-image-preview:large, max-video-preview:-1\" \/>\n<link rel=\"canonical\" href=\"https:\/\/www.autopint.com.uy\/?product=taco-de-lijado-regulable-2\" \/>\n<meta property=\"og:locale\" content=\"es_ES\" \/>\n<meta property=\"og:type\" content=\"article\" \/>\n<meta property=\"og:title\" content=\"Taco De Lijado Regulable &bull; AUTOPINT SHOP- Car Repair System - Herramientas - Protecci\u00f3n - Pulidos - Detailing\" \/>\n<meta property=\"og:description\" content=\"Dise\u00f1ados para abordar el problema de lijar superficies irregulares con diferentes concavidades y convexidades, estos tacos de lijado pueden adaptarse a las diversas formas de la superficie\" \/>\n<meta property=\"og:url\" content=\"https:\/\/www.autopint.com.uy\/?product=taco-de-lijado-regulable-2\" \/>\n<meta property=\"og:site_name\" content=\"AUTOPINT SHOP- Car Repair System - Herramientas - Protecci\u00f3n - Pulidos - Detailing\" \/>\n<meta property=\"article:modified_time\" content=\"2025-01-10T22:06:51+00:00\" \/>\n<meta property=\"og:image\" content=\"https:\/\/www.autopint.com.uy\/wp-content\/uploads\/2025\/01\/taco-regulable-largo.png\" \/>\n\t<meta property=\"og:image:width\" content=\"600\" \/>\n\t<meta property=\"og:image:height\" content=\"600\" \/>\n\t<meta property=\"og:image:type\" content=\"image\/png\" \/>\n<meta name=\"twitter:card\" content=\"summary_large_image\" \/>\n<meta name=\"twitter:label1\" content=\"Tiempo de lectura\" \/>\n\t<meta name=\"twitter:data1\" content=\"1 minuto\" \/>\n<script type=\"application\/ld+json\" class=\"yoast-schema-graph\">{\"@context\":\"https:\/\/schema.org\",\"@graph\":[{\"@type\":\"WebPage\",\"@id\":\"https:\/\/www.autopint.com.uy\/?product=taco-de-lijado-regulable-2\",\"url\":\"https:\/\/www.autopint.com.uy\/?product=taco-de-lijado-regulable-2\",\"name\":\"Taco De Lijado Regulable &bull; AUTOPINT SHOP- Car Repair System - Herramientas - Protecci\u00f3n - Pulidos - Detailing\",\"isPartOf\":{\"@id\":\"https:\/\/www.autopint.com.uy\/#website\"},\"datePublished\":\"2025-01-10T21:58:02+00:00\",\"dateModified\":\"2025-01-10T22:06:51+00:00\",\"description\":\"Dise\u00f1ados para abordar el problema de lijar superficies irregulares con diferentes concavidades y convexidades, estos tacos de lijado pueden adaptarse a las diversas formas de la superficie\",\"breadcrumb\":{\"@id\":\"https:\/\/www.autopint.com.uy\/?product=taco-de-lijado-regulable-2#breadcrumb\"},\"inLanguage\":\"es\",\"potentialAction\":[{\"@type\":\"ReadAction\",\"target\":[\"https:\/\/www.autopint.com.uy\/?product=taco-de-lijado-regulable-2\"]}]},{\"@type\":\"BreadcrumbList\",\"@id\":\"https:\/\/www.autopint.com.uy\/?product=taco-de-lijado-regulable-2#breadcrumb\",\"itemListElement\":[{\"@type\":\"ListItem\",\"position\":1,\"name\":\"Portada\",\"item\":\"https:\/\/www.autopint.com.uy\/\"},{\"@type\":\"ListItem\",\"position\":2,\"name\":\"Tienda\",\"item\":\"https:\/\/www.autopint.com.uy\/?page_id=51\"},{\"@type\":\"ListItem\",\"position\":3,\"name\":\"Taco De Lijado Regulable\"}]},{\"@type\":\"WebSite\",\"@id\":\"https:\/\/www.autopint.com.uy\/#website\",\"url\":\"https:\/\/www.autopint.com.uy\/\",\"name\":\"AUTOPINT SHOP- Car Repair System - Herramientas - Protecci\u00f3n - Pulidos - Detailing\",\"description\":\"IMPORTACION Y VENTA DE INSUMOS PARA REPINTADO AUTOMOTRIZ\",\"publisher\":{\"@id\":\"https:\/\/www.autopint.com.uy\/#organization\"},\"potentialAction\":[{\"@type\":\"SearchAction\",\"target\":{\"@type\":\"EntryPoint\",\"urlTemplate\":\"https:\/\/www.autopint.com.uy\/?s={search_term_string}\"},\"query-input\":\"required name=search_term_string\"}],\"inLanguage\":\"es\"},{\"@type\":\"Organization\",\"@id\":\"https:\/\/www.autopint.com.uy\/#organization\",\"name\":\"Autopint-Carrepairsystem\",\"url\":\"https:\/\/www.autopint.com.uy\/\",\"logo\":{\"@type\":\"ImageObject\",\"inLanguage\":\"es\",\"@id\":\"https:\/\/www.autopint.com.uy\/#\/schema\/logo\/image\/\",\"url\":\"https:\/\/www.autopint.com.uy\/wp-content\/uploads\/2020\/05\/cropped-Logo-2.png\",\"contentUrl\":\"https:\/\/www.autopint.com.uy\/wp-content\/uploads\/2020\/05\/cropped-Logo-2.png\",\"width\":600,\"height\":150,\"caption\":\"Autopint-Carrepairsystem\"},\"image\":{\"@id\":\"https:\/\/www.autopint.com.uy\/#\/schema\/logo\/image\/\"}}]}<\/script>\n<!-- \/ Yoast SEO plugin. -->","yoast_head_json":{"title":"Taco De Lijado Regulable &bull; AUTOPINT SHOP- Car Repair System - Herramientas - Protecci\u00f3n - Pulidos - Detailing","description":"Dise\u00f1ados para abordar el problema de lijar superficies irregulares con diferentes concavidades y convexidades, estos tacos de lijado pueden adaptarse a las diversas formas de la superficie","robots":{"index":"index","follow":"follow","max-snippet":"max-snippet:-1","max-image-preview":"max-image-preview:large","max-video-preview":"max-video-preview:-1"},"canonical":"https:\/\/www.autopint.com.uy\/?product=taco-de-lijado-regulable-2","og_locale":"es_ES","og_type":"article","og_title":"Taco De Lijado Regulable &bull; AUTOPINT SHOP- Car Repair System - Herramientas - Protecci\u00f3n - Pulidos - Detailing","og_description":"Dise\u00f1ados para abordar el problema de lijar superficies irregulares con diferentes concavidades y convexidades, estos tacos de lijado pueden adaptarse a las diversas formas de la superficie","og_url":"https:\/\/www.autopint.com.uy\/?product=taco-de-lijado-regulable-2","og_site_name":"AUTOPINT SHOP- Car Repair System - Herramientas - Protecci\u00f3n - Pulidos - Detailing","article_modified_time":"2025-01-10T22:06:51+00:00","og_image":[{"width":600,"height":600,"url":"https:\/\/www.autopint.com.uy\/wp-content\/uploads\/2025\/01\/taco-regulable-largo.png","type":"image\/png"}],"twitter_card":"summary_large_image","twitter_misc":{"Tiempo de lectura":"1 minuto"},"schema":{"@context":"https:\/\/schema.org","@graph":[{"@type":"WebPage","@id":"https:\/\/www.autopint.com.uy\/?product=taco-de-lijado-regulable-2","url":"https:\/\/www.autopint.com.uy\/?product=taco-de-lijado-regulable-2","name":"Taco De Lijado Regulable &bull; AUTOPINT SHOP- Car Repair System - Herramientas - Protecci\u00f3n - Pulidos - Detailing","isPartOf":{"@id":"https:\/\/www.autopint.com.uy\/#website"},"datePublished":"2025-01-10T21:58:02+00:00","dateModified":"2025-01-10T22:06:51+00:00","description":"Dise\u00f1ados para abordar el problema de lijar superficies irregulares con diferentes concavidades y convexidades, estos tacos de lijado pueden adaptarse a las diversas formas de la superficie","breadcrumb":{"@id":"https:\/\/www.autopint.com.uy\/?product=taco-de-lijado-regulable-2#breadcrumb"},"inLanguage":"es","potentialAction":[{"@type":"ReadAction","target":["https:\/\/www.autopint.com.uy\/?product=taco-de-lijado-regulable-2"]}]},{"@type":"BreadcrumbList","@id":"https:\/\/www.autopint.com.uy\/?product=taco-de-lijado-regulable-2#breadcrumb","itemListElement":[{"@type":"ListItem","position":1,"name":"Portada","item":"https:\/\/www.autopint.com.uy\/"},{"@type":"ListItem","position":2,"name":"Tienda","item":"https:\/\/www.autopint.com.uy\/?page_id=51"},{"@type":"ListItem","position":3,"name":"Taco De Lijado Regulable"}]},{"@type":"WebSite","@id":"https:\/\/www.autopint.com.uy\/#website","url":"https:\/\/www.autopint.com.uy\/","name":"AUTOPINT SHOP- Car Repair System - Herramientas - Protecci\u00f3n - Pulidos - Detailing","description":"IMPORTACION Y VENTA DE INSUMOS PARA REPINTADO AUTOMOTRIZ","publisher":{"@id":"https:\/\/www.autopint.com.uy\/#organization"},"potentialAction":[{"@type":"SearchAction","target":{"@type":"EntryPoint","urlTemplate":"https:\/\/www.autopint.com.uy\/?s={search_term_string}"},"query-input":"required name=search_term_string"}],"inLanguage":"es"},{"@type":"Organization","@id":"https:\/\/www.autopint.com.uy\/#organization","name":"Autopint-Carrepairsystem","url":"https:\/\/www.autopint.com.uy\/","logo":{"@type":"ImageObject","inLanguage":"es","@id":"https:\/\/www.autopint.com.uy\/#\/schema\/logo\/image\/","url":"https:\/\/www.autopint.com.uy\/wp-content\/uploads\/2020\/05\/cropped-Logo-2.png","contentUrl":"https:\/\/www.autopint.com.uy\/wp-content\/uploads\/2020\/05\/cropped-Logo-2.png","width":600,"height":150,"caption":"Autopint-Carrepairsystem"},"image":{"@id":"https:\/\/www.autopint.com.uy\/#\/schema\/logo\/image\/"}}]}},"_links":{"self":[{"href":"https:\/\/www.autopint.com.uy\/index.php?rest_route=\/wp\/v2\/product\/2121"}],"collection":[{"href":"https:\/\/www.autopint.com.uy\/index.php?rest_route=\/wp\/v2\/product"}],"about":[{"href":"https:\/\/www.autopint.com.uy\/index.php?rest_route=\/wp\/v2\/types\/product"}],"wp:featuredmedia":[{"embeddable":true,"href":"https:\/\/www.autopint.com.uy\/index.php?rest_route=\/wp\/v2\/media\/2118"}],"wp:attachment":[{"href":"https:\/\/www.autopint.com.uy\/index.php?rest_route=%2Fwp%2Fv2%2Fmedia&parent=2121"}],"wp:term":[{"taxonomy":"product_cat","embeddable":true,"href":"https:\/\/www.autopint.com.uy\/index.php?rest_route=%2Fwp%2Fv2%2Fproduct_cat&post=2121"},{"taxonomy":"product_tag","embeddable":true,"href":"https:\/\/www.autopint.com.uy\/index.php?rest_route=%2Fwp%2Fv2%2Fproduct_tag&post=2121"}],"curies":[{"name":"wp","href":"https:\/\/api.w.org\/{rel}","templated":true}]}}