{"id":2143,"date":"2025-09-24T14:27:12","date_gmt":"2025-09-24T17:27:12","guid":{"rendered":"https:\/\/www.autopint.com.uy\/?post_type=product&#038;p=2143"},"modified":"2025-12-16T10:46:52","modified_gmt":"2025-12-16T13:46:52","slug":"lampara-infrarroja-de-secado-de-pintura-2-paneles","status":"publish","type":"product","link":"https:\/\/www.autopint.com.uy\/?product=lampara-infrarroja-de-secado-de-pintura-2-paneles","title":{"rendered":"Lampara Infrarroja De Secado De Pintura 2 Paneles"},"content":{"rendered":"<p>ESPECIFICACIONES:<br \/>\nColor: Disponible en color Amarillo (primera foto)<br \/>\nVoltaje: 220V<br \/>\nCapacidad de calentamiento: 2x1000w<br \/>\nAltura de elevaci\u00f3n: 0,1- 1,7 M<br \/>\nInterruptor de tiempo: 6-60 min ajustable,<br \/>\nTemperatura: 40\u00b0C &#8211; 75\u00b0C<br \/>\nDurante el \u00e1rea: 80x80cm<br \/>\nTama\u00f1o del paquete: 74x66x25cm (EN CASO DE ENVIO)<\/p>\n<p>CARACTERISTICAS:<br \/>\n&#8211; Carcasa de lampara giratoria.<br \/>\n&#8211; Construcci\u00f3n de tubo de metal ajustable.<br \/>\n&#8211; 2x1000v de infrarrojo <span style=\"font-size: 16px;\">de onda cor<span style=\"font-size: 16px; font-style: normal; font-weight: 400;\">ta<\/span>.<\/span><\/p>\n<p>&#8211; Velocidades de tiempo de secado 60% a 80% m\u00e1s r\u00e1pido.<br \/>\n&#8211; Se ajusta para adaptarse pr\u00e1cticamente a cualquier trabajo con control de potencia de estado solido de 0% a 100%.<br \/>\n&#8211; Altura de elevaci\u00f3n de 0,1 -1,7m puede funcionar en la parte superior de la camioneta.<br \/>\n&#8211; Ruedas giratorias con freno.<br \/>\n&#8211; Fabricado con aleaci\u00f3n de aluminio, ratent 304 acero inoxidable brillante .<br \/>\n&#8211; Tiempo mec\u00e1nico \u00fanico.<br \/>\n&#8211; Puede usarse como sistema independiente.<br \/>\n&#8211; Luz baja, brillo bajo tambi\u00e9n mejora la seguridad en la tienda.<br \/>\n&#8211; Ideal para reparaciones puntuales, secado de motores, eliminaci\u00f3n de rayas adhesivas, secado, imprimaci\u00f3n de secado o simplemente precalentamiento antes de pulverizar.<\/p>\n","protected":false},"excerpt":{"rendered":"<p>ESPECIFICACIONES: Color: Disponible en color Amarillo (primera foto) Voltaje: 220V Capacidad de calentamiento: 2x1000w Altura de elevaci\u00f3n: 0,1- 1,7 M Interruptor de tiempo: 6-60 min ajustable, Temperatura: 40\u00b0C &#8211; 75\u00b0C Durante el \u00e1rea: 80x80cm Tama\u00f1o del paquete: 74x66x25cm (EN CASO DE ENVIO) CARACTERISTICAS: &#8211; Carcasa de lampara giratoria. &#8211; Construcci\u00f3n de tubo de metal ajustable. &hellip;<\/p>\n<p class=\"read-more\"> <a class=\"\" href=\"https:\/\/www.autopint.com.uy\/?product=lampara-infrarroja-de-secado-de-pintura-2-paneles\"> <span class=\"screen-reader-text\">Lampara Infrarroja De Secado De Pintura 2 Paneles<\/span> Leer m\u00e1s &raquo;<\/a><\/p>\n","protected":false},"featured_media":2144,"template":"","meta":{"site-sidebar-layout":"default","site-content-layout":"default","ast-global-header-display":"","ast-main-header-display":"","ast-hfb-above-header-display":"","ast-hfb-below-header-display":"","ast-hfb-mobile-header-display":"","site-post-title":"","ast-breadcrumbs-content":"","ast-featured-img":"","footer-sml-layout":"","theme-transparent-header-meta":"default","adv-header-id-meta":"","stick-header-meta":"","header-above-stick-meta":"","header-main-stick-meta":"","header-below-stick-meta":"","_joinchat":[]},"product_cat":[15,22],"product_tag":[],"yoast_head":"<!-- This site is optimized with the Yoast SEO plugin v19.11 - https:\/\/yoast.com\/wordpress\/plugins\/seo\/ -->\n<title>Lampara Infrarroja De Secado De Pintura 2 Paneles &bull; AUTOPINT SHOP- Car Repair System - Herramientas - Protecci\u00f3n - Pulidos - Detailing<\/title>\n<meta name=\"description\" content=\"Lampara Infrarroja De Secado De Pintura 2 Paneles, lampara giratoria, construcci\u00f3n de tubo de metal ajustable, 2x1000v de infrarrojo de onda corta\" \/>\n<meta name=\"robots\" content=\"index, follow, max-snippet:-1, max-image-preview:large, max-video-preview:-1\" \/>\n<link rel=\"canonical\" href=\"https:\/\/www.autopint.com.uy\/?product=lampara-infrarroja-de-secado-de-pintura-2-paneles\" \/>\n<meta property=\"og:locale\" content=\"es_ES\" \/>\n<meta property=\"og:type\" content=\"article\" \/>\n<meta property=\"og:title\" content=\"Lampara Infrarroja De Secado De Pintura 2 Paneles &bull; AUTOPINT SHOP- Car Repair System - Herramientas - Protecci\u00f3n - Pulidos - Detailing\" \/>\n<meta property=\"og:description\" content=\"Lampara Infrarroja De Secado De Pintura 2 Paneles, lampara giratoria, construcci\u00f3n de tubo de metal ajustable, 2x1000v de infrarrojo de onda corta\" \/>\n<meta property=\"og:url\" content=\"https:\/\/www.autopint.com.uy\/?product=lampara-infrarroja-de-secado-de-pintura-2-paneles\" \/>\n<meta property=\"og:site_name\" content=\"AUTOPINT SHOP- Car Repair System - Herramientas - Protecci\u00f3n - Pulidos - Detailing\" \/>\n<meta property=\"article:modified_time\" content=\"2025-12-16T13:46:52+00:00\" \/>\n<meta property=\"og:image\" content=\"https:\/\/www.autopint.com.uy\/wp-content\/uploads\/2025\/09\/D_NQ_NP_2X_755195-MLU82012547124_022025-F-e1758734992507.webp\" \/>\n\t<meta property=\"og:image:width\" content=\"200\" \/>\n\t<meta property=\"og:image:height\" content=\"513\" \/>\n\t<meta property=\"og:image:type\" content=\"image\/webp\" \/>\n<meta name=\"twitter:card\" content=\"summary_large_image\" \/>\n<meta name=\"twitter:label1\" content=\"Tiempo de lectura\" \/>\n\t<meta name=\"twitter:data1\" content=\"1 minuto\" \/>\n<script type=\"application\/ld+json\" class=\"yoast-schema-graph\">{\"@context\":\"https:\/\/schema.org\",\"@graph\":[{\"@type\":\"WebPage\",\"@id\":\"https:\/\/www.autopint.com.uy\/?product=lampara-infrarroja-de-secado-de-pintura-2-paneles\",\"url\":\"https:\/\/www.autopint.com.uy\/?product=lampara-infrarroja-de-secado-de-pintura-2-paneles\",\"name\":\"Lampara Infrarroja De Secado De Pintura 2 Paneles &bull; AUTOPINT SHOP- Car Repair System - Herramientas - Protecci\u00f3n - Pulidos - Detailing\",\"isPartOf\":{\"@id\":\"https:\/\/www.autopint.com.uy\/#website\"},\"datePublished\":\"2025-09-24T17:27:12+00:00\",\"dateModified\":\"2025-12-16T13:46:52+00:00\",\"description\":\"Lampara Infrarroja De Secado De Pintura 2 Paneles, lampara giratoria, construcci\u00f3n de tubo de metal ajustable, 2x1000v de infrarrojo de onda corta\",\"breadcrumb\":{\"@id\":\"https:\/\/www.autopint.com.uy\/?product=lampara-infrarroja-de-secado-de-pintura-2-paneles#breadcrumb\"},\"inLanguage\":\"es\",\"potentialAction\":[{\"@type\":\"ReadAction\",\"target\":[\"https:\/\/www.autopint.com.uy\/?product=lampara-infrarroja-de-secado-de-pintura-2-paneles\"]}]},{\"@type\":\"BreadcrumbList\",\"@id\":\"https:\/\/www.autopint.com.uy\/?product=lampara-infrarroja-de-secado-de-pintura-2-paneles#breadcrumb\",\"itemListElement\":[{\"@type\":\"ListItem\",\"position\":1,\"name\":\"Portada\",\"item\":\"https:\/\/www.autopint.com.uy\/\"},{\"@type\":\"ListItem\",\"position\":2,\"name\":\"Tienda\",\"item\":\"https:\/\/www.autopint.com.uy\/?page_id=51\"},{\"@type\":\"ListItem\",\"position\":3,\"name\":\"Lampara Infrarroja De Secado De Pintura 2 Paneles\"}]},{\"@type\":\"WebSite\",\"@id\":\"https:\/\/www.autopint.com.uy\/#website\",\"url\":\"https:\/\/www.autopint.com.uy\/\",\"name\":\"AUTOPINT SHOP- Car Repair System - Herramientas - Protecci\u00f3n - Pulidos - Detailing\",\"description\":\"IMPORTACION Y VENTA DE INSUMOS PARA REPINTADO AUTOMOTRIZ\",\"publisher\":{\"@id\":\"https:\/\/www.autopint.com.uy\/#organization\"},\"potentialAction\":[{\"@type\":\"SearchAction\",\"target\":{\"@type\":\"EntryPoint\",\"urlTemplate\":\"https:\/\/www.autopint.com.uy\/?s={search_term_string}\"},\"query-input\":\"required name=search_term_string\"}],\"inLanguage\":\"es\"},{\"@type\":\"Organization\",\"@id\":\"https:\/\/www.autopint.com.uy\/#organization\",\"name\":\"Autopint-Carrepairsystem\",\"url\":\"https:\/\/www.autopint.com.uy\/\",\"logo\":{\"@type\":\"ImageObject\",\"inLanguage\":\"es\",\"@id\":\"https:\/\/www.autopint.com.uy\/#\/schema\/logo\/image\/\",\"url\":\"https:\/\/www.autopint.com.uy\/wp-content\/uploads\/2020\/05\/cropped-Logo-2.png\",\"contentUrl\":\"https:\/\/www.autopint.com.uy\/wp-content\/uploads\/2020\/05\/cropped-Logo-2.png\",\"width\":600,\"height\":150,\"caption\":\"Autopint-Carrepairsystem\"},\"image\":{\"@id\":\"https:\/\/www.autopint.com.uy\/#\/schema\/logo\/image\/\"}}]}<\/script>\n<!-- \/ Yoast SEO plugin. -->","yoast_head_json":{"title":"Lampara Infrarroja De Secado De Pintura 2 Paneles &bull; AUTOPINT SHOP- Car Repair System - Herramientas - Protecci\u00f3n - Pulidos - Detailing","description":"Lampara Infrarroja De Secado De Pintura 2 Paneles, lampara giratoria, construcci\u00f3n de tubo de metal ajustable, 2x1000v de infrarrojo de onda corta","robots":{"index":"index","follow":"follow","max-snippet":"max-snippet:-1","max-image-preview":"max-image-preview:large","max-video-preview":"max-video-preview:-1"},"canonical":"https:\/\/www.autopint.com.uy\/?product=lampara-infrarroja-de-secado-de-pintura-2-paneles","og_locale":"es_ES","og_type":"article","og_title":"Lampara Infrarroja De Secado De Pintura 2 Paneles &bull; AUTOPINT SHOP- Car Repair System - Herramientas - Protecci\u00f3n - Pulidos - Detailing","og_description":"Lampara Infrarroja De Secado De Pintura 2 Paneles, lampara giratoria, construcci\u00f3n de tubo de metal ajustable, 2x1000v de infrarrojo de onda corta","og_url":"https:\/\/www.autopint.com.uy\/?product=lampara-infrarroja-de-secado-de-pintura-2-paneles","og_site_name":"AUTOPINT SHOP- Car Repair System - Herramientas - Protecci\u00f3n - Pulidos - Detailing","article_modified_time":"2025-12-16T13:46:52+00:00","og_image":[{"width":200,"height":513,"url":"https:\/\/www.autopint.com.uy\/wp-content\/uploads\/2025\/09\/D_NQ_NP_2X_755195-MLU82012547124_022025-F-e1758734992507.webp","type":"image\/webp"}],"twitter_card":"summary_large_image","twitter_misc":{"Tiempo de lectura":"1 minuto"},"schema":{"@context":"https:\/\/schema.org","@graph":[{"@type":"WebPage","@id":"https:\/\/www.autopint.com.uy\/?product=lampara-infrarroja-de-secado-de-pintura-2-paneles","url":"https:\/\/www.autopint.com.uy\/?product=lampara-infrarroja-de-secado-de-pintura-2-paneles","name":"Lampara Infrarroja De Secado De Pintura 2 Paneles &bull; AUTOPINT SHOP- Car Repair System - Herramientas - Protecci\u00f3n - Pulidos - Detailing","isPartOf":{"@id":"https:\/\/www.autopint.com.uy\/#website"},"datePublished":"2025-09-24T17:27:12+00:00","dateModified":"2025-12-16T13:46:52+00:00","description":"Lampara Infrarroja De Secado De Pintura 2 Paneles, lampara giratoria, construcci\u00f3n de tubo de metal ajustable, 2x1000v de infrarrojo de onda corta","breadcrumb":{"@id":"https:\/\/www.autopint.com.uy\/?product=lampara-infrarroja-de-secado-de-pintura-2-paneles#breadcrumb"},"inLanguage":"es","potentialAction":[{"@type":"ReadAction","target":["https:\/\/www.autopint.com.uy\/?product=lampara-infrarroja-de-secado-de-pintura-2-paneles"]}]},{"@type":"BreadcrumbList","@id":"https:\/\/www.autopint.com.uy\/?product=lampara-infrarroja-de-secado-de-pintura-2-paneles#breadcrumb","itemListElement":[{"@type":"ListItem","position":1,"name":"Portada","item":"https:\/\/www.autopint.com.uy\/"},{"@type":"ListItem","position":2,"name":"Tienda","item":"https:\/\/www.autopint.com.uy\/?page_id=51"},{"@type":"ListItem","position":3,"name":"Lampara Infrarroja De Secado De Pintura 2 Paneles"}]},{"@type":"WebSite","@id":"https:\/\/www.autopint.com.uy\/#website","url":"https:\/\/www.autopint.com.uy\/","name":"AUTOPINT SHOP- Car Repair System - Herramientas - Protecci\u00f3n - Pulidos - Detailing","description":"IMPORTACION Y VENTA DE INSUMOS PARA REPINTADO AUTOMOTRIZ","publisher":{"@id":"https:\/\/www.autopint.com.uy\/#organization"},"potentialAction":[{"@type":"SearchAction","target":{"@type":"EntryPoint","urlTemplate":"https:\/\/www.autopint.com.uy\/?s={search_term_string}"},"query-input":"required name=search_term_string"}],"inLanguage":"es"},{"@type":"Organization","@id":"https:\/\/www.autopint.com.uy\/#organization","name":"Autopint-Carrepairsystem","url":"https:\/\/www.autopint.com.uy\/","logo":{"@type":"ImageObject","inLanguage":"es","@id":"https:\/\/www.autopint.com.uy\/#\/schema\/logo\/image\/","url":"https:\/\/www.autopint.com.uy\/wp-content\/uploads\/2020\/05\/cropped-Logo-2.png","contentUrl":"https:\/\/www.autopint.com.uy\/wp-content\/uploads\/2020\/05\/cropped-Logo-2.png","width":600,"height":150,"caption":"Autopint-Carrepairsystem"},"image":{"@id":"https:\/\/www.autopint.com.uy\/#\/schema\/logo\/image\/"}}]}},"_links":{"self":[{"href":"https:\/\/www.autopint.com.uy\/index.php?rest_route=\/wp\/v2\/product\/2143"}],"collection":[{"href":"https:\/\/www.autopint.com.uy\/index.php?rest_route=\/wp\/v2\/product"}],"about":[{"href":"https:\/\/www.autopint.com.uy\/index.php?rest_route=\/wp\/v2\/types\/product"}],"wp:featuredmedia":[{"embeddable":true,"href":"https:\/\/www.autopint.com.uy\/index.php?rest_route=\/wp\/v2\/media\/2144"}],"wp:attachment":[{"href":"https:\/\/www.autopint.com.uy\/index.php?rest_route=%2Fwp%2Fv2%2Fmedia&parent=2143"}],"wp:term":[{"taxonomy":"product_cat","embeddable":true,"href":"https:\/\/www.autopint.com.uy\/index.php?rest_route=%2Fwp%2Fv2%2Fproduct_cat&post=2143"},{"taxonomy":"product_tag","embeddable":true,"href":"https:\/\/www.autopint.com.uy\/index.php?rest_route=%2Fwp%2Fv2%2Fproduct_tag&post=2143"}],"curies":[{"name":"wp","href":"https:\/\/api.w.org\/{rel}","templated":true}]}}