{"id":2145,"date":"2025-09-24T14:35:17","date_gmt":"2025-09-24T17:35:17","guid":{"rendered":"https:\/\/www.autopint.com.uy\/?post_type=product&#038;p=2145"},"modified":"2025-12-16T10:42:29","modified_gmt":"2025-12-16T13:42:29","slug":"pulidora-roto-orbital-electrica-epro-8121","status":"publish","type":"product","link":"https:\/\/www.autopint.com.uy\/?product=pulidora-roto-orbital-electrica-epro-8121","title":{"rendered":"Pulidora Roto Orbital El\u00e9ctrica Epro 8121"},"content":{"rendered":"<p><img loading=\"lazy\" class=\"alignnone size-medium wp-image-2146\" src=\"https:\/\/www.autopint.com.uy\/wp-content\/uploads\/2025\/09\/pulidora-EPRO8121-300x300.png\" alt=\"\" width=\"300\" height=\"300\" srcset=\"https:\/\/www.autopint.com.uy\/wp-content\/uploads\/2025\/09\/pulidora-EPRO8121-300x300.png 300w, https:\/\/www.autopint.com.uy\/wp-content\/uploads\/2025\/09\/pulidora-EPRO8121-150x150.png 150w, https:\/\/www.autopint.com.uy\/wp-content\/uploads\/2025\/09\/pulidora-EPRO8121-100x100.png 100w, https:\/\/www.autopint.com.uy\/wp-content\/uploads\/2025\/09\/pulidora-EPRO8121-64x64.png 64w, https:\/\/www.autopint.com.uy\/wp-content\/uploads\/2025\/09\/pulidora-EPRO8121.png 600w\" sizes=\"(max-width: 300px) 100vw, 300px\" \/><\/p>\n<p>La pulidora el\u00e9ctrica EPRO 8121 es una pulidora roto-orbital dise\u00f1ada para un pulido preciso, confortable y exigente. Por ello, es especialmente indicada para trabajos de precisi\u00f3n, colores oscuros y eliminar marcas \u00f3pticas y hologramas.<\/p>\n<p>Cuenta con un plato m\u00falti orificios para mantener baja la temperatura de la esponja y de este modo reducir dilataciones en el \u00e1rea de pulido y tambi\u00e9n evitar un mayor desgaste de la misma.<\/p>\n<p>Dispone de motor con escobillas de carb\u00f3n y un estabilizador de velocidad, que ofrece una salida de revoluciones constante.<\/p>\n<p>Modelo: EPRO 8121<br \/>\nPlato de apoyo: 6 pulgadas<br \/>\nPeso: 2.6KG<br \/>\nVelocidad: 2500-4500\/min<br \/>\nSistema de engranaje: Doble reducci\u00f3n<br \/>\nEje de salida: M8<br \/>\nPotencia de entrada: 500W (m\u00e1x.750W)<br \/>\nTama\u00f1o de la \u00f3rbita: 21mm<\/p>\n","protected":false},"excerpt":{"rendered":"<p>La pulidora el\u00e9ctrica EPRO 8121 es una pulidora roto-orbital dise\u00f1ada para un pulido preciso, confortable y exigente. Por ello, es especialmente indicada para trabajos de precisi\u00f3n, colores oscuros y eliminar marcas \u00f3pticas y hologramas. Cuenta con un plato m\u00falti orificios para mantener baja la temperatura de la esponja y de este modo reducir dilataciones en &hellip;<\/p>\n<p class=\"read-more\"> <a class=\"\" href=\"https:\/\/www.autopint.com.uy\/?product=pulidora-roto-orbital-electrica-epro-8121\"> <span class=\"screen-reader-text\">Pulidora Roto Orbital El\u00e9ctrica Epro 8121<\/span> Leer m\u00e1s &raquo;<\/a><\/p>\n","protected":false},"featured_media":2146,"template":"","meta":{"site-sidebar-layout":"default","site-content-layout":"default","ast-global-header-display":"","ast-main-header-display":"","ast-hfb-above-header-display":"","ast-hfb-below-header-display":"","ast-hfb-mobile-header-display":"","site-post-title":"","ast-breadcrumbs-content":"","ast-featured-img":"","footer-sml-layout":"","theme-transparent-header-meta":"default","adv-header-id-meta":"","stick-header-meta":"","header-above-stick-meta":"","header-main-stick-meta":"","header-below-stick-meta":"","_joinchat":[]},"product_cat":[15,42],"product_tag":[],"yoast_head":"<!-- This site is optimized with the Yoast SEO plugin v19.11 - https:\/\/yoast.com\/wordpress\/plugins\/seo\/ -->\n<title>Pulidora Roto Orbital El\u00e9ctrica Epro 8121 &bull; AUTOPINT SHOP- Car Repair System - Herramientas - Protecci\u00f3n - Pulidos - Detailing<\/title>\n<meta name=\"description\" content=\"La pulidora el\u00e9ctrica EPRO 8121 roto-orbital esta dise\u00f1ada para un pulido preciso, confortable y exigente. Cuenta con un plato m\u00falti orificios de 6&quot;\" \/>\n<meta name=\"robots\" content=\"index, follow, max-snippet:-1, max-image-preview:large, max-video-preview:-1\" \/>\n<link rel=\"canonical\" href=\"https:\/\/www.autopint.com.uy\/?product=pulidora-roto-orbital-electrica-epro-8121\" \/>\n<meta property=\"og:locale\" content=\"es_ES\" \/>\n<meta property=\"og:type\" content=\"article\" \/>\n<meta property=\"og:title\" content=\"Pulidora Roto Orbital El\u00e9ctrica Epro 8121 &bull; AUTOPINT SHOP- Car Repair System - Herramientas - Protecci\u00f3n - Pulidos - Detailing\" \/>\n<meta property=\"og:description\" content=\"La pulidora el\u00e9ctrica EPRO 8121 roto-orbital esta dise\u00f1ada para un pulido preciso, confortable y exigente. Cuenta con un plato m\u00falti orificios de 6&quot;\" \/>\n<meta property=\"og:url\" content=\"https:\/\/www.autopint.com.uy\/?product=pulidora-roto-orbital-electrica-epro-8121\" \/>\n<meta property=\"og:site_name\" content=\"AUTOPINT SHOP- Car Repair System - Herramientas - Protecci\u00f3n - Pulidos - Detailing\" \/>\n<meta property=\"article:modified_time\" content=\"2025-12-16T13:42:29+00:00\" \/>\n<meta property=\"og:image\" content=\"https:\/\/www.autopint.com.uy\/wp-content\/uploads\/2025\/09\/pulidora-EPRO8121.png\" \/>\n\t<meta property=\"og:image:width\" content=\"600\" \/>\n\t<meta property=\"og:image:height\" content=\"600\" \/>\n\t<meta property=\"og:image:type\" content=\"image\/png\" \/>\n<meta name=\"twitter:card\" content=\"summary_large_image\" \/>\n<meta name=\"twitter:label1\" content=\"Tiempo de lectura\" \/>\n\t<meta name=\"twitter:data1\" content=\"1 minuto\" \/>\n<script type=\"application\/ld+json\" class=\"yoast-schema-graph\">{\"@context\":\"https:\/\/schema.org\",\"@graph\":[{\"@type\":\"WebPage\",\"@id\":\"https:\/\/www.autopint.com.uy\/?product=pulidora-roto-orbital-electrica-epro-8121\",\"url\":\"https:\/\/www.autopint.com.uy\/?product=pulidora-roto-orbital-electrica-epro-8121\",\"name\":\"Pulidora Roto Orbital El\u00e9ctrica Epro 8121 &bull; AUTOPINT SHOP- Car Repair System - Herramientas - Protecci\u00f3n - Pulidos - Detailing\",\"isPartOf\":{\"@id\":\"https:\/\/www.autopint.com.uy\/#website\"},\"datePublished\":\"2025-09-24T17:35:17+00:00\",\"dateModified\":\"2025-12-16T13:42:29+00:00\",\"description\":\"La pulidora el\u00e9ctrica EPRO 8121 roto-orbital esta dise\u00f1ada para un pulido preciso, confortable y exigente. Cuenta con un plato m\u00falti orificios de 6\\\"\",\"breadcrumb\":{\"@id\":\"https:\/\/www.autopint.com.uy\/?product=pulidora-roto-orbital-electrica-epro-8121#breadcrumb\"},\"inLanguage\":\"es\",\"potentialAction\":[{\"@type\":\"ReadAction\",\"target\":[\"https:\/\/www.autopint.com.uy\/?product=pulidora-roto-orbital-electrica-epro-8121\"]}]},{\"@type\":\"BreadcrumbList\",\"@id\":\"https:\/\/www.autopint.com.uy\/?product=pulidora-roto-orbital-electrica-epro-8121#breadcrumb\",\"itemListElement\":[{\"@type\":\"ListItem\",\"position\":1,\"name\":\"Portada\",\"item\":\"https:\/\/www.autopint.com.uy\/\"},{\"@type\":\"ListItem\",\"position\":2,\"name\":\"Tienda\",\"item\":\"https:\/\/www.autopint.com.uy\/?page_id=51\"},{\"@type\":\"ListItem\",\"position\":3,\"name\":\"Pulidora Roto Orbital El\u00e9ctrica Epro 8121\"}]},{\"@type\":\"WebSite\",\"@id\":\"https:\/\/www.autopint.com.uy\/#website\",\"url\":\"https:\/\/www.autopint.com.uy\/\",\"name\":\"AUTOPINT SHOP- Car Repair System - Herramientas - Protecci\u00f3n - Pulidos - Detailing\",\"description\":\"IMPORTACION Y VENTA DE INSUMOS PARA REPINTADO AUTOMOTRIZ\",\"publisher\":{\"@id\":\"https:\/\/www.autopint.com.uy\/#organization\"},\"potentialAction\":[{\"@type\":\"SearchAction\",\"target\":{\"@type\":\"EntryPoint\",\"urlTemplate\":\"https:\/\/www.autopint.com.uy\/?s={search_term_string}\"},\"query-input\":\"required name=search_term_string\"}],\"inLanguage\":\"es\"},{\"@type\":\"Organization\",\"@id\":\"https:\/\/www.autopint.com.uy\/#organization\",\"name\":\"Autopint-Carrepairsystem\",\"url\":\"https:\/\/www.autopint.com.uy\/\",\"logo\":{\"@type\":\"ImageObject\",\"inLanguage\":\"es\",\"@id\":\"https:\/\/www.autopint.com.uy\/#\/schema\/logo\/image\/\",\"url\":\"https:\/\/www.autopint.com.uy\/wp-content\/uploads\/2020\/05\/cropped-Logo-2.png\",\"contentUrl\":\"https:\/\/www.autopint.com.uy\/wp-content\/uploads\/2020\/05\/cropped-Logo-2.png\",\"width\":600,\"height\":150,\"caption\":\"Autopint-Carrepairsystem\"},\"image\":{\"@id\":\"https:\/\/www.autopint.com.uy\/#\/schema\/logo\/image\/\"}}]}<\/script>\n<!-- \/ Yoast SEO plugin. -->","yoast_head_json":{"title":"Pulidora Roto Orbital El\u00e9ctrica Epro 8121 &bull; AUTOPINT SHOP- Car Repair System - Herramientas - Protecci\u00f3n - Pulidos - Detailing","description":"La pulidora el\u00e9ctrica EPRO 8121 roto-orbital esta dise\u00f1ada para un pulido preciso, confortable y exigente. Cuenta con un plato m\u00falti orificios de 6\"","robots":{"index":"index","follow":"follow","max-snippet":"max-snippet:-1","max-image-preview":"max-image-preview:large","max-video-preview":"max-video-preview:-1"},"canonical":"https:\/\/www.autopint.com.uy\/?product=pulidora-roto-orbital-electrica-epro-8121","og_locale":"es_ES","og_type":"article","og_title":"Pulidora Roto Orbital El\u00e9ctrica Epro 8121 &bull; AUTOPINT SHOP- Car Repair System - Herramientas - Protecci\u00f3n - Pulidos - Detailing","og_description":"La pulidora el\u00e9ctrica EPRO 8121 roto-orbital esta dise\u00f1ada para un pulido preciso, confortable y exigente. Cuenta con un plato m\u00falti orificios de 6\"","og_url":"https:\/\/www.autopint.com.uy\/?product=pulidora-roto-orbital-electrica-epro-8121","og_site_name":"AUTOPINT SHOP- Car Repair System - Herramientas - Protecci\u00f3n - Pulidos - Detailing","article_modified_time":"2025-12-16T13:42:29+00:00","og_image":[{"width":600,"height":600,"url":"https:\/\/www.autopint.com.uy\/wp-content\/uploads\/2025\/09\/pulidora-EPRO8121.png","type":"image\/png"}],"twitter_card":"summary_large_image","twitter_misc":{"Tiempo de lectura":"1 minuto"},"schema":{"@context":"https:\/\/schema.org","@graph":[{"@type":"WebPage","@id":"https:\/\/www.autopint.com.uy\/?product=pulidora-roto-orbital-electrica-epro-8121","url":"https:\/\/www.autopint.com.uy\/?product=pulidora-roto-orbital-electrica-epro-8121","name":"Pulidora Roto Orbital El\u00e9ctrica Epro 8121 &bull; AUTOPINT SHOP- Car Repair System - Herramientas - Protecci\u00f3n - Pulidos - Detailing","isPartOf":{"@id":"https:\/\/www.autopint.com.uy\/#website"},"datePublished":"2025-09-24T17:35:17+00:00","dateModified":"2025-12-16T13:42:29+00:00","description":"La pulidora el\u00e9ctrica EPRO 8121 roto-orbital esta dise\u00f1ada para un pulido preciso, confortable y exigente. Cuenta con un plato m\u00falti orificios de 6\"","breadcrumb":{"@id":"https:\/\/www.autopint.com.uy\/?product=pulidora-roto-orbital-electrica-epro-8121#breadcrumb"},"inLanguage":"es","potentialAction":[{"@type":"ReadAction","target":["https:\/\/www.autopint.com.uy\/?product=pulidora-roto-orbital-electrica-epro-8121"]}]},{"@type":"BreadcrumbList","@id":"https:\/\/www.autopint.com.uy\/?product=pulidora-roto-orbital-electrica-epro-8121#breadcrumb","itemListElement":[{"@type":"ListItem","position":1,"name":"Portada","item":"https:\/\/www.autopint.com.uy\/"},{"@type":"ListItem","position":2,"name":"Tienda","item":"https:\/\/www.autopint.com.uy\/?page_id=51"},{"@type":"ListItem","position":3,"name":"Pulidora Roto Orbital El\u00e9ctrica Epro 8121"}]},{"@type":"WebSite","@id":"https:\/\/www.autopint.com.uy\/#website","url":"https:\/\/www.autopint.com.uy\/","name":"AUTOPINT SHOP- Car Repair System - Herramientas - Protecci\u00f3n - Pulidos - Detailing","description":"IMPORTACION Y VENTA DE INSUMOS PARA REPINTADO AUTOMOTRIZ","publisher":{"@id":"https:\/\/www.autopint.com.uy\/#organization"},"potentialAction":[{"@type":"SearchAction","target":{"@type":"EntryPoint","urlTemplate":"https:\/\/www.autopint.com.uy\/?s={search_term_string}"},"query-input":"required name=search_term_string"}],"inLanguage":"es"},{"@type":"Organization","@id":"https:\/\/www.autopint.com.uy\/#organization","name":"Autopint-Carrepairsystem","url":"https:\/\/www.autopint.com.uy\/","logo":{"@type":"ImageObject","inLanguage":"es","@id":"https:\/\/www.autopint.com.uy\/#\/schema\/logo\/image\/","url":"https:\/\/www.autopint.com.uy\/wp-content\/uploads\/2020\/05\/cropped-Logo-2.png","contentUrl":"https:\/\/www.autopint.com.uy\/wp-content\/uploads\/2020\/05\/cropped-Logo-2.png","width":600,"height":150,"caption":"Autopint-Carrepairsystem"},"image":{"@id":"https:\/\/www.autopint.com.uy\/#\/schema\/logo\/image\/"}}]}},"_links":{"self":[{"href":"https:\/\/www.autopint.com.uy\/index.php?rest_route=\/wp\/v2\/product\/2145"}],"collection":[{"href":"https:\/\/www.autopint.com.uy\/index.php?rest_route=\/wp\/v2\/product"}],"about":[{"href":"https:\/\/www.autopint.com.uy\/index.php?rest_route=\/wp\/v2\/types\/product"}],"wp:featuredmedia":[{"embeddable":true,"href":"https:\/\/www.autopint.com.uy\/index.php?rest_route=\/wp\/v2\/media\/2146"}],"wp:attachment":[{"href":"https:\/\/www.autopint.com.uy\/index.php?rest_route=%2Fwp%2Fv2%2Fmedia&parent=2145"}],"wp:term":[{"taxonomy":"product_cat","embeddable":true,"href":"https:\/\/www.autopint.com.uy\/index.php?rest_route=%2Fwp%2Fv2%2Fproduct_cat&post=2145"},{"taxonomy":"product_tag","embeddable":true,"href":"https:\/\/www.autopint.com.uy\/index.php?rest_route=%2Fwp%2Fv2%2Fproduct_tag&post=2145"}],"curies":[{"name":"wp","href":"https:\/\/api.w.org\/{rel}","templated":true}]}}