{"id":2162,"date":"2025-10-27T12:38:40","date_gmt":"2025-10-27T15:38:40","guid":{"rendered":"https:\/\/www.autopint.com.uy\/?post_type=product&#038;p=2162"},"modified":"2025-12-16T10:39:51","modified_gmt":"2025-12-16T13:39:51","slug":"kit-pulidora-lijadora-multifuncion-bpc-5112","status":"publish","type":"product","link":"https:\/\/www.autopint.com.uy\/?product=kit-pulidora-lijadora-multifuncion-bpc-5112","title":{"rendered":"KIT PULIDORA LIJADORA MULTIFUNCI\u00d3N BPC 5112"},"content":{"rendered":"<p><img loading=\"lazy\" class=\"alignnone size-medium wp-image-2163\" src=\"https:\/\/www.autopint.com.uy\/wp-content\/uploads\/2025\/10\/1014-006100-KIT-PULIDORA-MULTIFUNCION-BPC-5121-9-300x300.png\" alt=\"\" width=\"300\" height=\"300\" srcset=\"https:\/\/www.autopint.com.uy\/wp-content\/uploads\/2025\/10\/1014-006100-KIT-PULIDORA-MULTIFUNCION-BPC-5121-9-300x300.png 300w, https:\/\/www.autopint.com.uy\/wp-content\/uploads\/2025\/10\/1014-006100-KIT-PULIDORA-MULTIFUNCION-BPC-5121-9-150x150.png 150w, https:\/\/www.autopint.com.uy\/wp-content\/uploads\/2025\/10\/1014-006100-KIT-PULIDORA-MULTIFUNCION-BPC-5121-9-100x100.png 100w, https:\/\/www.autopint.com.uy\/wp-content\/uploads\/2025\/10\/1014-006100-KIT-PULIDORA-MULTIFUNCION-BPC-5121-9-64x64.png 64w, https:\/\/www.autopint.com.uy\/wp-content\/uploads\/2025\/10\/1014-006100-KIT-PULIDORA-MULTIFUNCION-BPC-5121-9.png 600w\" sizes=\"(max-width: 300px) 100vw, 300px\" \/> <img loading=\"lazy\" class=\"alignnone size-medium wp-image-2164\" src=\"https:\/\/www.autopint.com.uy\/wp-content\/uploads\/2025\/10\/1014-006100-KIT-PULIDORA-MULTIFUNCION-BPC-5121-11-300x300.png\" alt=\"\" width=\"300\" height=\"300\" srcset=\"https:\/\/www.autopint.com.uy\/wp-content\/uploads\/2025\/10\/1014-006100-KIT-PULIDORA-MULTIFUNCION-BPC-5121-11-300x300.png 300w, https:\/\/www.autopint.com.uy\/wp-content\/uploads\/2025\/10\/1014-006100-KIT-PULIDORA-MULTIFUNCION-BPC-5121-11-150x150.png 150w, https:\/\/www.autopint.com.uy\/wp-content\/uploads\/2025\/10\/1014-006100-KIT-PULIDORA-MULTIFUNCION-BPC-5121-11-100x100.png 100w, https:\/\/www.autopint.com.uy\/wp-content\/uploads\/2025\/10\/1014-006100-KIT-PULIDORA-MULTIFUNCION-BPC-5121-11-64x64.png 64w, https:\/\/www.autopint.com.uy\/wp-content\/uploads\/2025\/10\/1014-006100-KIT-PULIDORA-MULTIFUNCION-BPC-5121-11.png 600w\" sizes=\"(max-width: 300px) 100vw, 300px\" \/><\/p>\n<p>Descubra la versatilidad total con la nueva\u00a0<strong>Pulidora Multifunci\u00f3n BPC 5112<\/strong>. Se trata de un\u00a0<strong>sistema completo con m\u00faltiples cabezales rotativos para pulido y lijado<\/strong>, tanto rotativo como orbital.<\/p>\n<p>Ideal para\u00a0<strong>retoques, zonas de dif\u00edcil acceso y trabajos de alta precisi\u00f3n<\/strong>\u00a0en la reparaci\u00f3n de carrocer\u00edas.<\/p>\n<p>Este kit ha sido desarrollado para ofrecer potencia, control y flexibilidad en un \u00fanico sistema modular de alto rendimiento, con alimentaci\u00f3n inal\u00e1mbrica. El kit\u00a0<strong>incluye la pulidora, bater\u00eda, cargador, 3 cabezales rotativos, adaptador, 3 platos de velcro y 2 extensiones<\/strong>.<\/p>\n","protected":false},"excerpt":{"rendered":"<p>Descubra la versatilidad total con la nueva\u00a0Pulidora Multifunci\u00f3n BPC 5112. Se trata de un\u00a0sistema completo con m\u00faltiples cabezales rotativos para pulido y lijado, tanto rotativo como orbital. Ideal para\u00a0retoques, zonas de dif\u00edcil acceso y trabajos de alta precisi\u00f3n\u00a0en la reparaci\u00f3n de carrocer\u00edas. Este kit ha sido desarrollado para ofrecer potencia, control y flexibilidad en un &hellip;<\/p>\n<p class=\"read-more\"> <a class=\"\" href=\"https:\/\/www.autopint.com.uy\/?product=kit-pulidora-lijadora-multifuncion-bpc-5112\"> <span class=\"screen-reader-text\">KIT PULIDORA LIJADORA MULTIFUNCI\u00d3N BPC 5112<\/span> Leer m\u00e1s &raquo;<\/a><\/p>\n","protected":false},"featured_media":2164,"template":"","meta":{"site-sidebar-layout":"default","site-content-layout":"default","ast-global-header-display":"","ast-main-header-display":"","ast-hfb-above-header-display":"","ast-hfb-below-header-display":"","ast-hfb-mobile-header-display":"","site-post-title":"","ast-breadcrumbs-content":"","ast-featured-img":"","footer-sml-layout":"","theme-transparent-header-meta":"default","adv-header-id-meta":"","stick-header-meta":"","header-above-stick-meta":"","header-main-stick-meta":"","header-below-stick-meta":"","_joinchat":[]},"product_cat":[15,42],"product_tag":[],"yoast_head":"<!-- This site is optimized with the Yoast SEO plugin v19.11 - https:\/\/yoast.com\/wordpress\/plugins\/seo\/ -->\n<title>KIT PULIDORA LIJADORA MULTIFUNCI\u00d3N BPC 5112 &bull; AUTOPINT SHOP- Car Repair System - Herramientas - Protecci\u00f3n - Pulidos - Detailing<\/title>\n<meta name=\"description\" content=\"Pulidora Multifunci\u00f3n BPC 5112. Se trata de un\u00a0sistema completo con m\u00faltiples cabezales rotativos para pulido y lijado, tanto rotativo como orbital.\" \/>\n<meta name=\"robots\" content=\"index, follow, max-snippet:-1, max-image-preview:large, max-video-preview:-1\" \/>\n<link rel=\"canonical\" href=\"https:\/\/www.autopint.com.uy\/?product=kit-pulidora-lijadora-multifuncion-bpc-5112\" \/>\n<meta property=\"og:locale\" content=\"es_ES\" \/>\n<meta property=\"og:type\" content=\"article\" \/>\n<meta property=\"og:title\" content=\"KIT PULIDORA LIJADORA MULTIFUNCI\u00d3N BPC 5112 &bull; AUTOPINT SHOP- Car Repair System - Herramientas - Protecci\u00f3n - Pulidos - Detailing\" \/>\n<meta property=\"og:description\" content=\"Pulidora Multifunci\u00f3n BPC 5112. Se trata de un\u00a0sistema completo con m\u00faltiples cabezales rotativos para pulido y lijado, tanto rotativo como orbital.\" \/>\n<meta property=\"og:url\" content=\"https:\/\/www.autopint.com.uy\/?product=kit-pulidora-lijadora-multifuncion-bpc-5112\" \/>\n<meta property=\"og:site_name\" content=\"AUTOPINT SHOP- Car Repair System - Herramientas - Protecci\u00f3n - Pulidos - Detailing\" \/>\n<meta property=\"article:modified_time\" content=\"2025-12-16T13:39:51+00:00\" \/>\n<meta property=\"og:image\" content=\"https:\/\/www.autopint.com.uy\/wp-content\/uploads\/2025\/10\/1014-006100-KIT-PULIDORA-MULTIFUNCION-BPC-5121-11.png\" \/>\n\t<meta property=\"og:image:width\" content=\"600\" \/>\n\t<meta property=\"og:image:height\" content=\"600\" \/>\n\t<meta property=\"og:image:type\" content=\"image\/png\" \/>\n<meta name=\"twitter:card\" content=\"summary_large_image\" \/>\n<meta name=\"twitter:label1\" content=\"Tiempo de lectura\" \/>\n\t<meta name=\"twitter:data1\" content=\"1 minuto\" \/>\n<script type=\"application\/ld+json\" class=\"yoast-schema-graph\">{\"@context\":\"https:\/\/schema.org\",\"@graph\":[{\"@type\":\"WebPage\",\"@id\":\"https:\/\/www.autopint.com.uy\/?product=kit-pulidora-lijadora-multifuncion-bpc-5112\",\"url\":\"https:\/\/www.autopint.com.uy\/?product=kit-pulidora-lijadora-multifuncion-bpc-5112\",\"name\":\"KIT PULIDORA LIJADORA MULTIFUNCI\u00d3N BPC 5112 &bull; AUTOPINT SHOP- Car Repair System - Herramientas - Protecci\u00f3n - Pulidos - Detailing\",\"isPartOf\":{\"@id\":\"https:\/\/www.autopint.com.uy\/#website\"},\"datePublished\":\"2025-10-27T15:38:40+00:00\",\"dateModified\":\"2025-12-16T13:39:51+00:00\",\"description\":\"Pulidora Multifunci\u00f3n BPC 5112. Se trata de un\u00a0sistema completo con m\u00faltiples cabezales rotativos para pulido y lijado, tanto rotativo como orbital.\",\"breadcrumb\":{\"@id\":\"https:\/\/www.autopint.com.uy\/?product=kit-pulidora-lijadora-multifuncion-bpc-5112#breadcrumb\"},\"inLanguage\":\"es\",\"potentialAction\":[{\"@type\":\"ReadAction\",\"target\":[\"https:\/\/www.autopint.com.uy\/?product=kit-pulidora-lijadora-multifuncion-bpc-5112\"]}]},{\"@type\":\"BreadcrumbList\",\"@id\":\"https:\/\/www.autopint.com.uy\/?product=kit-pulidora-lijadora-multifuncion-bpc-5112#breadcrumb\",\"itemListElement\":[{\"@type\":\"ListItem\",\"position\":1,\"name\":\"Portada\",\"item\":\"https:\/\/www.autopint.com.uy\/\"},{\"@type\":\"ListItem\",\"position\":2,\"name\":\"Tienda\",\"item\":\"https:\/\/www.autopint.com.uy\/?page_id=51\"},{\"@type\":\"ListItem\",\"position\":3,\"name\":\"KIT PULIDORA LIJADORA MULTIFUNCI\u00d3N BPC 5112\"}]},{\"@type\":\"WebSite\",\"@id\":\"https:\/\/www.autopint.com.uy\/#website\",\"url\":\"https:\/\/www.autopint.com.uy\/\",\"name\":\"AUTOPINT SHOP- Car Repair System - Herramientas - Protecci\u00f3n - Pulidos - Detailing\",\"description\":\"IMPORTACION Y VENTA DE INSUMOS PARA REPINTADO AUTOMOTRIZ\",\"publisher\":{\"@id\":\"https:\/\/www.autopint.com.uy\/#organization\"},\"potentialAction\":[{\"@type\":\"SearchAction\",\"target\":{\"@type\":\"EntryPoint\",\"urlTemplate\":\"https:\/\/www.autopint.com.uy\/?s={search_term_string}\"},\"query-input\":\"required name=search_term_string\"}],\"inLanguage\":\"es\"},{\"@type\":\"Organization\",\"@id\":\"https:\/\/www.autopint.com.uy\/#organization\",\"name\":\"Autopint-Carrepairsystem\",\"url\":\"https:\/\/www.autopint.com.uy\/\",\"logo\":{\"@type\":\"ImageObject\",\"inLanguage\":\"es\",\"@id\":\"https:\/\/www.autopint.com.uy\/#\/schema\/logo\/image\/\",\"url\":\"https:\/\/www.autopint.com.uy\/wp-content\/uploads\/2020\/05\/cropped-Logo-2.png\",\"contentUrl\":\"https:\/\/www.autopint.com.uy\/wp-content\/uploads\/2020\/05\/cropped-Logo-2.png\",\"width\":600,\"height\":150,\"caption\":\"Autopint-Carrepairsystem\"},\"image\":{\"@id\":\"https:\/\/www.autopint.com.uy\/#\/schema\/logo\/image\/\"}}]}<\/script>\n<!-- \/ Yoast SEO plugin. -->","yoast_head_json":{"title":"KIT PULIDORA LIJADORA MULTIFUNCI\u00d3N BPC 5112 &bull; AUTOPINT SHOP- Car Repair System - Herramientas - Protecci\u00f3n - Pulidos - Detailing","description":"Pulidora Multifunci\u00f3n BPC 5112. Se trata de un\u00a0sistema completo con m\u00faltiples cabezales rotativos para pulido y lijado, tanto rotativo como orbital.","robots":{"index":"index","follow":"follow","max-snippet":"max-snippet:-1","max-image-preview":"max-image-preview:large","max-video-preview":"max-video-preview:-1"},"canonical":"https:\/\/www.autopint.com.uy\/?product=kit-pulidora-lijadora-multifuncion-bpc-5112","og_locale":"es_ES","og_type":"article","og_title":"KIT PULIDORA LIJADORA MULTIFUNCI\u00d3N BPC 5112 &bull; AUTOPINT SHOP- Car Repair System - Herramientas - Protecci\u00f3n - Pulidos - Detailing","og_description":"Pulidora Multifunci\u00f3n BPC 5112. Se trata de un\u00a0sistema completo con m\u00faltiples cabezales rotativos para pulido y lijado, tanto rotativo como orbital.","og_url":"https:\/\/www.autopint.com.uy\/?product=kit-pulidora-lijadora-multifuncion-bpc-5112","og_site_name":"AUTOPINT SHOP- Car Repair System - Herramientas - Protecci\u00f3n - Pulidos - Detailing","article_modified_time":"2025-12-16T13:39:51+00:00","og_image":[{"width":600,"height":600,"url":"https:\/\/www.autopint.com.uy\/wp-content\/uploads\/2025\/10\/1014-006100-KIT-PULIDORA-MULTIFUNCION-BPC-5121-11.png","type":"image\/png"}],"twitter_card":"summary_large_image","twitter_misc":{"Tiempo de lectura":"1 minuto"},"schema":{"@context":"https:\/\/schema.org","@graph":[{"@type":"WebPage","@id":"https:\/\/www.autopint.com.uy\/?product=kit-pulidora-lijadora-multifuncion-bpc-5112","url":"https:\/\/www.autopint.com.uy\/?product=kit-pulidora-lijadora-multifuncion-bpc-5112","name":"KIT PULIDORA LIJADORA MULTIFUNCI\u00d3N BPC 5112 &bull; AUTOPINT SHOP- Car Repair System - Herramientas - Protecci\u00f3n - Pulidos - Detailing","isPartOf":{"@id":"https:\/\/www.autopint.com.uy\/#website"},"datePublished":"2025-10-27T15:38:40+00:00","dateModified":"2025-12-16T13:39:51+00:00","description":"Pulidora Multifunci\u00f3n BPC 5112. Se trata de un\u00a0sistema completo con m\u00faltiples cabezales rotativos para pulido y lijado, tanto rotativo como orbital.","breadcrumb":{"@id":"https:\/\/www.autopint.com.uy\/?product=kit-pulidora-lijadora-multifuncion-bpc-5112#breadcrumb"},"inLanguage":"es","potentialAction":[{"@type":"ReadAction","target":["https:\/\/www.autopint.com.uy\/?product=kit-pulidora-lijadora-multifuncion-bpc-5112"]}]},{"@type":"BreadcrumbList","@id":"https:\/\/www.autopint.com.uy\/?product=kit-pulidora-lijadora-multifuncion-bpc-5112#breadcrumb","itemListElement":[{"@type":"ListItem","position":1,"name":"Portada","item":"https:\/\/www.autopint.com.uy\/"},{"@type":"ListItem","position":2,"name":"Tienda","item":"https:\/\/www.autopint.com.uy\/?page_id=51"},{"@type":"ListItem","position":3,"name":"KIT PULIDORA LIJADORA MULTIFUNCI\u00d3N BPC 5112"}]},{"@type":"WebSite","@id":"https:\/\/www.autopint.com.uy\/#website","url":"https:\/\/www.autopint.com.uy\/","name":"AUTOPINT SHOP- Car Repair System - Herramientas - Protecci\u00f3n - Pulidos - Detailing","description":"IMPORTACION Y VENTA DE INSUMOS PARA REPINTADO AUTOMOTRIZ","publisher":{"@id":"https:\/\/www.autopint.com.uy\/#organization"},"potentialAction":[{"@type":"SearchAction","target":{"@type":"EntryPoint","urlTemplate":"https:\/\/www.autopint.com.uy\/?s={search_term_string}"},"query-input":"required name=search_term_string"}],"inLanguage":"es"},{"@type":"Organization","@id":"https:\/\/www.autopint.com.uy\/#organization","name":"Autopint-Carrepairsystem","url":"https:\/\/www.autopint.com.uy\/","logo":{"@type":"ImageObject","inLanguage":"es","@id":"https:\/\/www.autopint.com.uy\/#\/schema\/logo\/image\/","url":"https:\/\/www.autopint.com.uy\/wp-content\/uploads\/2020\/05\/cropped-Logo-2.png","contentUrl":"https:\/\/www.autopint.com.uy\/wp-content\/uploads\/2020\/05\/cropped-Logo-2.png","width":600,"height":150,"caption":"Autopint-Carrepairsystem"},"image":{"@id":"https:\/\/www.autopint.com.uy\/#\/schema\/logo\/image\/"}}]}},"_links":{"self":[{"href":"https:\/\/www.autopint.com.uy\/index.php?rest_route=\/wp\/v2\/product\/2162"}],"collection":[{"href":"https:\/\/www.autopint.com.uy\/index.php?rest_route=\/wp\/v2\/product"}],"about":[{"href":"https:\/\/www.autopint.com.uy\/index.php?rest_route=\/wp\/v2\/types\/product"}],"wp:featuredmedia":[{"embeddable":true,"href":"https:\/\/www.autopint.com.uy\/index.php?rest_route=\/wp\/v2\/media\/2164"}],"wp:attachment":[{"href":"https:\/\/www.autopint.com.uy\/index.php?rest_route=%2Fwp%2Fv2%2Fmedia&parent=2162"}],"wp:term":[{"taxonomy":"product_cat","embeddable":true,"href":"https:\/\/www.autopint.com.uy\/index.php?rest_route=%2Fwp%2Fv2%2Fproduct_cat&post=2162"},{"taxonomy":"product_tag","embeddable":true,"href":"https:\/\/www.autopint.com.uy\/index.php?rest_route=%2Fwp%2Fv2%2Fproduct_tag&post=2162"}],"curies":[{"name":"wp","href":"https:\/\/api.w.org\/{rel}","templated":true}]}}