{"id":584,"date":"2020-06-10T17:18:21","date_gmt":"2020-06-10T20:18:21","guid":{"rendered":"https:\/\/www.autopint.com.uy\/index.php\/producto\/fill-plas-1500-gr\/"},"modified":"2025-07-01T13:15:36","modified_gmt":"2025-07-01T16:15:36","slug":"masilla-para-plasticos","status":"publish","type":"product","link":"https:\/\/www.autopint.com.uy\/?product=masilla-para-plasticos","title":{"rendered":"Masilla Flexible Para Pl\u00e1sticos Fill Flex"},"content":{"rendered":"<h2 class=\"product_title entry-title show-product-nav\">FILL FLEX<\/h2>\n<div class=\"product-nav\">\n<div class=\"product-next\"><span style=\"font-size: 1.1em; font-weight: bold;\">Masilla multifuncional altamente el\u00e1stica dise\u00f1ada especialmente para su aplicaci\u00f3n en sustratos pl\u00e1sticos, incluido el polipropileno. Tambi\u00e9n se adhiere a sustratos met\u00e1licos, como acero, acero galvanizado y aluminio, as\u00ed como a superficies de poli\u00e9ster.<\/span><\/div>\n<\/div>\n<div class=\"description woocommerce-product-details__short-description\">\n<h4>CARACTER\u00cdSTICAS<\/h4>\n<ul>\n<li>\n<h6>F\u00e1cil aplicaci\u00f3n y modelado.<\/h6>\n<\/li>\n<li>\n<h6>Puede ser utilizado como relleno y como masilla fina.<\/h6>\n<\/li>\n<li>\n<h6>Proporciona un recubrimiento sin lijar y f\u00e1cil de lijar<\/h6>\n<\/li>\n<\/ul>\n<\/div>\n","protected":false},"excerpt":{"rendered":"<p>FILL FLEX Masilla multifuncional altamente el\u00e1stica dise\u00f1ada especialmente para su aplicaci\u00f3n en sustratos pl\u00e1sticos, incluido el polipropileno. Tambi\u00e9n se adhiere a sustratos met\u00e1licos, como acero, acero galvanizado y aluminio, as\u00ed como a superficies de poli\u00e9ster. CARACTER\u00cdSTICAS F\u00e1cil aplicaci\u00f3n y modelado. Puede ser utilizado como relleno y como masilla fina. Proporciona un recubrimiento sin lijar y &hellip;<\/p>\n<p class=\"read-more\"> <a class=\"\" href=\"https:\/\/www.autopint.com.uy\/?product=masilla-para-plasticos\"> <span class=\"screen-reader-text\">Masilla Flexible Para Pl\u00e1sticos Fill Flex<\/span> Leer m\u00e1s &raquo;<\/a><\/p>\n","protected":false},"featured_media":1322,"template":"","meta":{"site-sidebar-layout":"default","site-content-layout":"default","ast-global-header-display":"","ast-main-header-display":"","ast-hfb-above-header-display":"","ast-hfb-below-header-display":"","ast-hfb-mobile-header-display":"","site-post-title":"","ast-breadcrumbs-content":"","ast-featured-img":"","footer-sml-layout":"","theme-transparent-header-meta":"default","adv-header-id-meta":"","stick-header-meta":"","header-above-stick-meta":"","header-main-stick-meta":"","header-below-stick-meta":"","_joinchat":{"telephone":"+59898715457"}},"product_cat":[17,20],"product_tag":[69,72,71,73,66,70],"yoast_head":"<!-- This site is optimized with the Yoast SEO plugin v19.11 - https:\/\/yoast.com\/wordpress\/plugins\/seo\/ -->\n<title>Masilla Flexible Para Pl\u00e1sticos Fill Flex &bull; AUTOPINT SHOP- Car Repair System - Herramientas - Protecci\u00f3n - Pulidos - Detailing<\/title>\n<meta name=\"description\" content=\"Necesitas reparar plasticos, Autopint es el lugar indicado para comprar tus productos. Masilla flexible para reparacion de partes plasticas, Origen Espa\u00f1a\" \/>\n<meta name=\"robots\" content=\"index, follow, max-snippet:-1, max-image-preview:large, max-video-preview:-1\" \/>\n<link rel=\"canonical\" href=\"https:\/\/www.autopint.com.uy\/?product=masilla-para-plasticos\" \/>\n<meta property=\"og:locale\" content=\"es_ES\" \/>\n<meta property=\"og:type\" content=\"article\" \/>\n<meta property=\"og:title\" content=\"Masilla Flexible Para Pl\u00e1sticos Fill Flex &bull; AUTOPINT SHOP- Car Repair System - Herramientas - Protecci\u00f3n - Pulidos - Detailing\" \/>\n<meta property=\"og:description\" content=\"Necesitas reparar plasticos, Autopint es el lugar indicado para comprar tus productos. Masilla flexible para reparacion de partes plasticas, Origen Espa\u00f1a\" \/>\n<meta property=\"og:url\" content=\"https:\/\/www.autopint.com.uy\/?product=masilla-para-plasticos\" \/>\n<meta property=\"og:site_name\" content=\"AUTOPINT SHOP- Car Repair System - Herramientas - Protecci\u00f3n - Pulidos - Detailing\" \/>\n<meta property=\"article:modified_time\" content=\"2025-07-01T16:15:36+00:00\" \/>\n<meta property=\"og:image\" content=\"https:\/\/www.autopint.com.uy\/wp-content\/uploads\/2020\/06\/Project-77.jpg\" \/>\n\t<meta property=\"og:image:width\" content=\"1080\" \/>\n\t<meta property=\"og:image:height\" content=\"1080\" \/>\n\t<meta property=\"og:image:type\" content=\"image\/jpeg\" \/>\n<meta name=\"twitter:card\" content=\"summary_large_image\" \/>\n<meta name=\"twitter:label1\" content=\"Tiempo de lectura\" \/>\n\t<meta name=\"twitter:data1\" content=\"1 minuto\" \/>\n<script type=\"application\/ld+json\" class=\"yoast-schema-graph\">{\"@context\":\"https:\/\/schema.org\",\"@graph\":[{\"@type\":\"WebPage\",\"@id\":\"https:\/\/www.autopint.com.uy\/?product=masilla-para-plasticos\",\"url\":\"https:\/\/www.autopint.com.uy\/?product=masilla-para-plasticos\",\"name\":\"Masilla Flexible Para Pl\u00e1sticos Fill Flex &bull; AUTOPINT SHOP- Car Repair System - Herramientas - Protecci\u00f3n - Pulidos - Detailing\",\"isPartOf\":{\"@id\":\"https:\/\/www.autopint.com.uy\/#website\"},\"datePublished\":\"2020-06-10T20:18:21+00:00\",\"dateModified\":\"2025-07-01T16:15:36+00:00\",\"description\":\"Necesitas reparar plasticos, Autopint es el lugar indicado para comprar tus productos. Masilla flexible para reparacion de partes plasticas, Origen Espa\u00f1a\",\"breadcrumb\":{\"@id\":\"https:\/\/www.autopint.com.uy\/?product=masilla-para-plasticos#breadcrumb\"},\"inLanguage\":\"es\",\"potentialAction\":[{\"@type\":\"ReadAction\",\"target\":[\"https:\/\/www.autopint.com.uy\/?product=masilla-para-plasticos\"]}]},{\"@type\":\"BreadcrumbList\",\"@id\":\"https:\/\/www.autopint.com.uy\/?product=masilla-para-plasticos#breadcrumb\",\"itemListElement\":[{\"@type\":\"ListItem\",\"position\":1,\"name\":\"Portada\",\"item\":\"https:\/\/www.autopint.com.uy\/\"},{\"@type\":\"ListItem\",\"position\":2,\"name\":\"Tienda\",\"item\":\"https:\/\/www.autopint.com.uy\/?page_id=51\"},{\"@type\":\"ListItem\",\"position\":3,\"name\":\"Masilla Flexible Para Pl\u00e1sticos Fill Flex\"}]},{\"@type\":\"WebSite\",\"@id\":\"https:\/\/www.autopint.com.uy\/#website\",\"url\":\"https:\/\/www.autopint.com.uy\/\",\"name\":\"AUTOPINT SHOP- Car Repair System - Herramientas - Protecci\u00f3n - Pulidos - Detailing\",\"description\":\"IMPORTACION Y VENTA DE INSUMOS PARA REPINTADO AUTOMOTRIZ\",\"publisher\":{\"@id\":\"https:\/\/www.autopint.com.uy\/#organization\"},\"potentialAction\":[{\"@type\":\"SearchAction\",\"target\":{\"@type\":\"EntryPoint\",\"urlTemplate\":\"https:\/\/www.autopint.com.uy\/?s={search_term_string}\"},\"query-input\":\"required name=search_term_string\"}],\"inLanguage\":\"es\"},{\"@type\":\"Organization\",\"@id\":\"https:\/\/www.autopint.com.uy\/#organization\",\"name\":\"Autopint-Carrepairsystem\",\"url\":\"https:\/\/www.autopint.com.uy\/\",\"logo\":{\"@type\":\"ImageObject\",\"inLanguage\":\"es\",\"@id\":\"https:\/\/www.autopint.com.uy\/#\/schema\/logo\/image\/\",\"url\":\"https:\/\/www.autopint.com.uy\/wp-content\/uploads\/2020\/05\/cropped-Logo-2.png\",\"contentUrl\":\"https:\/\/www.autopint.com.uy\/wp-content\/uploads\/2020\/05\/cropped-Logo-2.png\",\"width\":600,\"height\":150,\"caption\":\"Autopint-Carrepairsystem\"},\"image\":{\"@id\":\"https:\/\/www.autopint.com.uy\/#\/schema\/logo\/image\/\"}}]}<\/script>\n<!-- \/ Yoast SEO plugin. -->","yoast_head_json":{"title":"Masilla Flexible Para Pl\u00e1sticos Fill Flex &bull; AUTOPINT SHOP- Car Repair System - Herramientas - Protecci\u00f3n - Pulidos - Detailing","description":"Necesitas reparar plasticos, Autopint es el lugar indicado para comprar tus productos. Masilla flexible para reparacion de partes plasticas, Origen Espa\u00f1a","robots":{"index":"index","follow":"follow","max-snippet":"max-snippet:-1","max-image-preview":"max-image-preview:large","max-video-preview":"max-video-preview:-1"},"canonical":"https:\/\/www.autopint.com.uy\/?product=masilla-para-plasticos","og_locale":"es_ES","og_type":"article","og_title":"Masilla Flexible Para Pl\u00e1sticos Fill Flex &bull; AUTOPINT SHOP- Car Repair System - Herramientas - Protecci\u00f3n - Pulidos - Detailing","og_description":"Necesitas reparar plasticos, Autopint es el lugar indicado para comprar tus productos. Masilla flexible para reparacion de partes plasticas, Origen Espa\u00f1a","og_url":"https:\/\/www.autopint.com.uy\/?product=masilla-para-plasticos","og_site_name":"AUTOPINT SHOP- Car Repair System - Herramientas - Protecci\u00f3n - Pulidos - Detailing","article_modified_time":"2025-07-01T16:15:36+00:00","og_image":[{"width":1080,"height":1080,"url":"https:\/\/www.autopint.com.uy\/wp-content\/uploads\/2020\/06\/Project-77.jpg","type":"image\/jpeg"}],"twitter_card":"summary_large_image","twitter_misc":{"Tiempo de lectura":"1 minuto"},"schema":{"@context":"https:\/\/schema.org","@graph":[{"@type":"WebPage","@id":"https:\/\/www.autopint.com.uy\/?product=masilla-para-plasticos","url":"https:\/\/www.autopint.com.uy\/?product=masilla-para-plasticos","name":"Masilla Flexible Para Pl\u00e1sticos Fill Flex &bull; AUTOPINT SHOP- Car Repair System - Herramientas - Protecci\u00f3n - Pulidos - Detailing","isPartOf":{"@id":"https:\/\/www.autopint.com.uy\/#website"},"datePublished":"2020-06-10T20:18:21+00:00","dateModified":"2025-07-01T16:15:36+00:00","description":"Necesitas reparar plasticos, Autopint es el lugar indicado para comprar tus productos. Masilla flexible para reparacion de partes plasticas, Origen Espa\u00f1a","breadcrumb":{"@id":"https:\/\/www.autopint.com.uy\/?product=masilla-para-plasticos#breadcrumb"},"inLanguage":"es","potentialAction":[{"@type":"ReadAction","target":["https:\/\/www.autopint.com.uy\/?product=masilla-para-plasticos"]}]},{"@type":"BreadcrumbList","@id":"https:\/\/www.autopint.com.uy\/?product=masilla-para-plasticos#breadcrumb","itemListElement":[{"@type":"ListItem","position":1,"name":"Portada","item":"https:\/\/www.autopint.com.uy\/"},{"@type":"ListItem","position":2,"name":"Tienda","item":"https:\/\/www.autopint.com.uy\/?page_id=51"},{"@type":"ListItem","position":3,"name":"Masilla Flexible Para Pl\u00e1sticos Fill Flex"}]},{"@type":"WebSite","@id":"https:\/\/www.autopint.com.uy\/#website","url":"https:\/\/www.autopint.com.uy\/","name":"AUTOPINT SHOP- Car Repair System - Herramientas - Protecci\u00f3n - Pulidos - Detailing","description":"IMPORTACION Y VENTA DE INSUMOS PARA REPINTADO AUTOMOTRIZ","publisher":{"@id":"https:\/\/www.autopint.com.uy\/#organization"},"potentialAction":[{"@type":"SearchAction","target":{"@type":"EntryPoint","urlTemplate":"https:\/\/www.autopint.com.uy\/?s={search_term_string}"},"query-input":"required name=search_term_string"}],"inLanguage":"es"},{"@type":"Organization","@id":"https:\/\/www.autopint.com.uy\/#organization","name":"Autopint-Carrepairsystem","url":"https:\/\/www.autopint.com.uy\/","logo":{"@type":"ImageObject","inLanguage":"es","@id":"https:\/\/www.autopint.com.uy\/#\/schema\/logo\/image\/","url":"https:\/\/www.autopint.com.uy\/wp-content\/uploads\/2020\/05\/cropped-Logo-2.png","contentUrl":"https:\/\/www.autopint.com.uy\/wp-content\/uploads\/2020\/05\/cropped-Logo-2.png","width":600,"height":150,"caption":"Autopint-Carrepairsystem"},"image":{"@id":"https:\/\/www.autopint.com.uy\/#\/schema\/logo\/image\/"}}]}},"_links":{"self":[{"href":"https:\/\/www.autopint.com.uy\/index.php?rest_route=\/wp\/v2\/product\/584"}],"collection":[{"href":"https:\/\/www.autopint.com.uy\/index.php?rest_route=\/wp\/v2\/product"}],"about":[{"href":"https:\/\/www.autopint.com.uy\/index.php?rest_route=\/wp\/v2\/types\/product"}],"wp:featuredmedia":[{"embeddable":true,"href":"https:\/\/www.autopint.com.uy\/index.php?rest_route=\/wp\/v2\/media\/1322"}],"wp:attachment":[{"href":"https:\/\/www.autopint.com.uy\/index.php?rest_route=%2Fwp%2Fv2%2Fmedia&parent=584"}],"wp:term":[{"taxonomy":"product_cat","embeddable":true,"href":"https:\/\/www.autopint.com.uy\/index.php?rest_route=%2Fwp%2Fv2%2Fproduct_cat&post=584"},{"taxonomy":"product_tag","embeddable":true,"href":"https:\/\/www.autopint.com.uy\/index.php?rest_route=%2Fwp%2Fv2%2Fproduct_tag&post=584"}],"curies":[{"name":"wp","href":"https:\/\/api.w.org\/{rel}","templated":true}]}}