{"id":603,"date":"2020-06-10T17:18:23","date_gmt":"2020-06-10T20:18:23","guid":{"rendered":"https:\/\/www.autopint.com.uy\/index.php\/producto\/sp-welding\/"},"modified":"2025-08-27T17:32:41","modified_gmt":"2025-08-27T20:32:41","slug":"sp-welding","status":"publish","type":"product","link":"https:\/\/www.autopint.com.uy\/?product=sp-welding","title":{"rendered":"Soldadora De Grapas En Plasticos"},"content":{"rendered":"<p>M\u00e1quina de soldadura de pl\u00e1sticos. Repara cualquier pieza y\/o componente<br \/>\nde la carrocer\u00eda de autom\u00f3viles y motocicletas (paragolpes, aletas, faros,<br \/>\nestriberas, rejillas, salpicaderos, molduras, pasos de rueda, etc.). Repara,<br \/>\nrefuerza o redise\u00f1a cualquier pieza de una forma r\u00e1pida y sencilla.<br \/>\nRealiza reparaciones sin necesidad de desmontar. Reduce el tiempo de<br \/>\ntrabajo y los materiales de reparaci\u00f3n.<br \/>\nTiene tres intensidades de potencia y tres \u00e1ngulos de reparaci\u00f3n lo que<br \/>\npermite el acceso a cualquier parte da\u00f1ada por dif\u00edcil que parezca.<\/p>\n","protected":false},"excerpt":{"rendered":"<p>M\u00e1quina de soldadura de pl\u00e1sticos. Repara cualquier pieza y\/o componente de la carrocer\u00eda de autom\u00f3viles y motocicletas (paragolpes, aletas, faros, estriberas, rejillas, salpicaderos, molduras, pasos de rueda, etc.). Repara, refuerza o redise\u00f1a cualquier pieza de una forma r\u00e1pida y sencilla. Realiza reparaciones sin necesidad de desmontar. Reduce el tiempo de trabajo y los materiales de &hellip;<\/p>\n<p class=\"read-more\"> <a class=\"\" href=\"https:\/\/www.autopint.com.uy\/?product=sp-welding\"> <span class=\"screen-reader-text\">Soldadora De Grapas En Plasticos<\/span> Leer m\u00e1s &raquo;<\/a><\/p>\n","protected":false},"featured_media":1697,"template":"","meta":{"site-sidebar-layout":"default","site-content-layout":"default","ast-global-header-display":"","ast-main-header-display":"","ast-hfb-above-header-display":"","ast-hfb-below-header-display":"","ast-hfb-mobile-header-display":"","site-post-title":"","ast-breadcrumbs-content":"","ast-featured-img":"","footer-sml-layout":"","theme-transparent-header-meta":"default","adv-header-id-meta":"","stick-header-meta":"","header-above-stick-meta":"","header-main-stick-meta":"","header-below-stick-meta":"","_joinchat":{"telephone":"+59898715457"}},"product_cat":[22,20],"product_tag":[],"yoast_head":"<!-- This site is optimized with the Yoast SEO plugin v19.11 - https:\/\/yoast.com\/wordpress\/plugins\/seo\/ -->\n<title>Soldadora De Grapas En Plasticos &bull; AUTOPINT SHOP- Car Repair System - Herramientas - Protecci\u00f3n - Pulidos - Detailing<\/title>\n<meta name=\"description\" content=\"SOLDADORA DE GRAPAS EN PLASTICOS M\u00e1quina de soldadura de pl\u00e1sticos. Repara cualquier pieza y\/o componentede la carrocer\u00eda de autom\u00f3viles y motocicletas\" \/>\n<meta name=\"robots\" content=\"index, follow, max-snippet:-1, max-image-preview:large, max-video-preview:-1\" \/>\n<link rel=\"canonical\" href=\"https:\/\/www.autopint.com.uy\/?product=sp-welding\" \/>\n<meta property=\"og:locale\" content=\"es_ES\" \/>\n<meta property=\"og:type\" content=\"article\" \/>\n<meta property=\"og:title\" content=\"Soldadora De Grapas En Plasticos &bull; AUTOPINT SHOP- Car Repair System - Herramientas - Protecci\u00f3n - Pulidos - Detailing\" \/>\n<meta property=\"og:description\" content=\"SOLDADORA DE GRAPAS EN PLASTICOS M\u00e1quina de soldadura de pl\u00e1sticos. Repara cualquier pieza y\/o componentede la carrocer\u00eda de autom\u00f3viles y motocicletas\" \/>\n<meta property=\"og:url\" content=\"https:\/\/www.autopint.com.uy\/?product=sp-welding\" \/>\n<meta property=\"og:site_name\" content=\"AUTOPINT SHOP- Car Repair System - Herramientas - Protecci\u00f3n - Pulidos - Detailing\" \/>\n<meta property=\"article:modified_time\" content=\"2025-08-27T20:32:41+00:00\" \/>\n<meta property=\"og:image\" content=\"https:\/\/www.autopint.com.uy\/wp-content\/uploads\/2020\/06\/IMG_20221202_113203-768x1024.png\" \/>\n\t<meta property=\"og:image:width\" content=\"768\" \/>\n\t<meta property=\"og:image:height\" content=\"1024\" \/>\n\t<meta property=\"og:image:type\" content=\"image\/png\" \/>\n<meta name=\"twitter:card\" content=\"summary_large_image\" \/>\n<meta name=\"twitter:label1\" content=\"Tiempo de lectura\" \/>\n\t<meta name=\"twitter:data1\" content=\"1 minuto\" \/>\n<script type=\"application\/ld+json\" class=\"yoast-schema-graph\">{\"@context\":\"https:\/\/schema.org\",\"@graph\":[{\"@type\":\"WebPage\",\"@id\":\"https:\/\/www.autopint.com.uy\/?product=sp-welding\",\"url\":\"https:\/\/www.autopint.com.uy\/?product=sp-welding\",\"name\":\"Soldadora De Grapas En Plasticos &bull; AUTOPINT SHOP- Car Repair System - Herramientas - Protecci\u00f3n - Pulidos - Detailing\",\"isPartOf\":{\"@id\":\"https:\/\/www.autopint.com.uy\/#website\"},\"datePublished\":\"2020-06-10T20:18:23+00:00\",\"dateModified\":\"2025-08-27T20:32:41+00:00\",\"description\":\"SOLDADORA DE GRAPAS EN PLASTICOS M\u00e1quina de soldadura de pl\u00e1sticos. Repara cualquier pieza y\/o componentede la carrocer\u00eda de autom\u00f3viles y motocicletas\",\"breadcrumb\":{\"@id\":\"https:\/\/www.autopint.com.uy\/?product=sp-welding#breadcrumb\"},\"inLanguage\":\"es\",\"potentialAction\":[{\"@type\":\"ReadAction\",\"target\":[\"https:\/\/www.autopint.com.uy\/?product=sp-welding\"]}]},{\"@type\":\"BreadcrumbList\",\"@id\":\"https:\/\/www.autopint.com.uy\/?product=sp-welding#breadcrumb\",\"itemListElement\":[{\"@type\":\"ListItem\",\"position\":1,\"name\":\"Portada\",\"item\":\"https:\/\/www.autopint.com.uy\/\"},{\"@type\":\"ListItem\",\"position\":2,\"name\":\"Tienda\",\"item\":\"https:\/\/www.autopint.com.uy\/?page_id=51\"},{\"@type\":\"ListItem\",\"position\":3,\"name\":\"Soldadora De Grapas En Plasticos\"}]},{\"@type\":\"WebSite\",\"@id\":\"https:\/\/www.autopint.com.uy\/#website\",\"url\":\"https:\/\/www.autopint.com.uy\/\",\"name\":\"AUTOPINT SHOP- Car Repair System - Herramientas - Protecci\u00f3n - Pulidos - Detailing\",\"description\":\"IMPORTACION Y VENTA DE INSUMOS PARA REPINTADO AUTOMOTRIZ\",\"publisher\":{\"@id\":\"https:\/\/www.autopint.com.uy\/#organization\"},\"potentialAction\":[{\"@type\":\"SearchAction\",\"target\":{\"@type\":\"EntryPoint\",\"urlTemplate\":\"https:\/\/www.autopint.com.uy\/?s={search_term_string}\"},\"query-input\":\"required name=search_term_string\"}],\"inLanguage\":\"es\"},{\"@type\":\"Organization\",\"@id\":\"https:\/\/www.autopint.com.uy\/#organization\",\"name\":\"Autopint-Carrepairsystem\",\"url\":\"https:\/\/www.autopint.com.uy\/\",\"logo\":{\"@type\":\"ImageObject\",\"inLanguage\":\"es\",\"@id\":\"https:\/\/www.autopint.com.uy\/#\/schema\/logo\/image\/\",\"url\":\"https:\/\/www.autopint.com.uy\/wp-content\/uploads\/2020\/05\/cropped-Logo-2.png\",\"contentUrl\":\"https:\/\/www.autopint.com.uy\/wp-content\/uploads\/2020\/05\/cropped-Logo-2.png\",\"width\":600,\"height\":150,\"caption\":\"Autopint-Carrepairsystem\"},\"image\":{\"@id\":\"https:\/\/www.autopint.com.uy\/#\/schema\/logo\/image\/\"}}]}<\/script>\n<!-- \/ Yoast SEO plugin. -->","yoast_head_json":{"title":"Soldadora De Grapas En Plasticos &bull; AUTOPINT SHOP- Car Repair System - Herramientas - Protecci\u00f3n - Pulidos - Detailing","description":"SOLDADORA DE GRAPAS EN PLASTICOS M\u00e1quina de soldadura de pl\u00e1sticos. Repara cualquier pieza y\/o componentede la carrocer\u00eda de autom\u00f3viles y motocicletas","robots":{"index":"index","follow":"follow","max-snippet":"max-snippet:-1","max-image-preview":"max-image-preview:large","max-video-preview":"max-video-preview:-1"},"canonical":"https:\/\/www.autopint.com.uy\/?product=sp-welding","og_locale":"es_ES","og_type":"article","og_title":"Soldadora De Grapas En Plasticos &bull; AUTOPINT SHOP- Car Repair System - Herramientas - Protecci\u00f3n - Pulidos - Detailing","og_description":"SOLDADORA DE GRAPAS EN PLASTICOS M\u00e1quina de soldadura de pl\u00e1sticos. Repara cualquier pieza y\/o componentede la carrocer\u00eda de autom\u00f3viles y motocicletas","og_url":"https:\/\/www.autopint.com.uy\/?product=sp-welding","og_site_name":"AUTOPINT SHOP- Car Repair System - Herramientas - Protecci\u00f3n - Pulidos - Detailing","article_modified_time":"2025-08-27T20:32:41+00:00","og_image":[{"width":768,"height":1024,"url":"https:\/\/www.autopint.com.uy\/wp-content\/uploads\/2020\/06\/IMG_20221202_113203-768x1024.png","type":"image\/png"}],"twitter_card":"summary_large_image","twitter_misc":{"Tiempo de lectura":"1 minuto"},"schema":{"@context":"https:\/\/schema.org","@graph":[{"@type":"WebPage","@id":"https:\/\/www.autopint.com.uy\/?product=sp-welding","url":"https:\/\/www.autopint.com.uy\/?product=sp-welding","name":"Soldadora De Grapas En Plasticos &bull; AUTOPINT SHOP- Car Repair System - Herramientas - Protecci\u00f3n - Pulidos - Detailing","isPartOf":{"@id":"https:\/\/www.autopint.com.uy\/#website"},"datePublished":"2020-06-10T20:18:23+00:00","dateModified":"2025-08-27T20:32:41+00:00","description":"SOLDADORA DE GRAPAS EN PLASTICOS M\u00e1quina de soldadura de pl\u00e1sticos. Repara cualquier pieza y\/o componentede la carrocer\u00eda de autom\u00f3viles y motocicletas","breadcrumb":{"@id":"https:\/\/www.autopint.com.uy\/?product=sp-welding#breadcrumb"},"inLanguage":"es","potentialAction":[{"@type":"ReadAction","target":["https:\/\/www.autopint.com.uy\/?product=sp-welding"]}]},{"@type":"BreadcrumbList","@id":"https:\/\/www.autopint.com.uy\/?product=sp-welding#breadcrumb","itemListElement":[{"@type":"ListItem","position":1,"name":"Portada","item":"https:\/\/www.autopint.com.uy\/"},{"@type":"ListItem","position":2,"name":"Tienda","item":"https:\/\/www.autopint.com.uy\/?page_id=51"},{"@type":"ListItem","position":3,"name":"Soldadora De Grapas En Plasticos"}]},{"@type":"WebSite","@id":"https:\/\/www.autopint.com.uy\/#website","url":"https:\/\/www.autopint.com.uy\/","name":"AUTOPINT SHOP- Car Repair System - Herramientas - Protecci\u00f3n - Pulidos - Detailing","description":"IMPORTACION Y VENTA DE INSUMOS PARA REPINTADO AUTOMOTRIZ","publisher":{"@id":"https:\/\/www.autopint.com.uy\/#organization"},"potentialAction":[{"@type":"SearchAction","target":{"@type":"EntryPoint","urlTemplate":"https:\/\/www.autopint.com.uy\/?s={search_term_string}"},"query-input":"required name=search_term_string"}],"inLanguage":"es"},{"@type":"Organization","@id":"https:\/\/www.autopint.com.uy\/#organization","name":"Autopint-Carrepairsystem","url":"https:\/\/www.autopint.com.uy\/","logo":{"@type":"ImageObject","inLanguage":"es","@id":"https:\/\/www.autopint.com.uy\/#\/schema\/logo\/image\/","url":"https:\/\/www.autopint.com.uy\/wp-content\/uploads\/2020\/05\/cropped-Logo-2.png","contentUrl":"https:\/\/www.autopint.com.uy\/wp-content\/uploads\/2020\/05\/cropped-Logo-2.png","width":600,"height":150,"caption":"Autopint-Carrepairsystem"},"image":{"@id":"https:\/\/www.autopint.com.uy\/#\/schema\/logo\/image\/"}}]}},"_links":{"self":[{"href":"https:\/\/www.autopint.com.uy\/index.php?rest_route=\/wp\/v2\/product\/603"}],"collection":[{"href":"https:\/\/www.autopint.com.uy\/index.php?rest_route=\/wp\/v2\/product"}],"about":[{"href":"https:\/\/www.autopint.com.uy\/index.php?rest_route=\/wp\/v2\/types\/product"}],"wp:featuredmedia":[{"embeddable":true,"href":"https:\/\/www.autopint.com.uy\/index.php?rest_route=\/wp\/v2\/media\/1697"}],"wp:attachment":[{"href":"https:\/\/www.autopint.com.uy\/index.php?rest_route=%2Fwp%2Fv2%2Fmedia&parent=603"}],"wp:term":[{"taxonomy":"product_cat","embeddable":true,"href":"https:\/\/www.autopint.com.uy\/index.php?rest_route=%2Fwp%2Fv2%2Fproduct_cat&post=603"},{"taxonomy":"product_tag","embeddable":true,"href":"https:\/\/www.autopint.com.uy\/index.php?rest_route=%2Fwp%2Fv2%2Fproduct_tag&post=603"}],"curies":[{"name":"wp","href":"https:\/\/api.w.org\/{rel}","templated":true}]}}