{"id":607,"date":"2020-06-10T17:18:27","date_gmt":"2020-06-10T20:18:27","guid":{"rendered":"https:\/\/www.autopint.com.uy\/index.php\/producto\/grapas-spw-18-bolsa-100-ud\/"},"modified":"2026-02-03T10:32:56","modified_gmt":"2026-02-03T13:32:56","slug":"grapas-spw-18-bolsa-100-ud","status":"publish","type":"product","link":"https:\/\/www.autopint.com.uy\/?product=grapas-spw-18-bolsa-100-ud","title":{"rendered":"Grapa Para Soldadora De Pl\u00e1sticos SPW 18 (bolsa 100 ud)"},"content":{"rendered":"<p>Grapas SPW (Est\u00e1ndar grueso)<\/p>\n","protected":false},"excerpt":{"rendered":"<p>Grapas SPW (Est\u00e1ndar grueso)<\/p>\n","protected":false},"featured_media":606,"template":"","meta":{"site-sidebar-layout":"default","site-content-layout":"default","ast-global-header-display":"","ast-main-header-display":"","ast-hfb-above-header-display":"","ast-hfb-below-header-display":"","ast-hfb-mobile-header-display":"","site-post-title":"","ast-breadcrumbs-content":"","ast-featured-img":"","footer-sml-layout":"","theme-transparent-header-meta":"default","adv-header-id-meta":"","stick-header-meta":"","header-above-stick-meta":"","header-main-stick-meta":"","header-below-stick-meta":"","_joinchat":[]},"product_cat":[20],"product_tag":[90],"yoast_head":"<!-- This site is optimized with the Yoast SEO plugin v19.11 - https:\/\/yoast.com\/wordpress\/plugins\/seo\/ -->\n<title>Grapa Para Soldadora De Pl\u00e1sticos SPW 18 (bolsa 100 ud) &bull; AUTOPINT SHOP- Car Repair System - Herramientas - Protecci\u00f3n - Pulidos - Detailing<\/title>\n<meta name=\"description\" content=\"grapa para soldar pl\u00e1sticos, contamos con varios grosores y dise\u00f1os, tambi\u00e9n contamos con la soldadora para las mismas. paquetes de 100 unidades. Autopint\" \/>\n<meta name=\"robots\" content=\"index, follow, max-snippet:-1, max-image-preview:large, max-video-preview:-1\" \/>\n<link rel=\"canonical\" href=\"https:\/\/www.autopint.com.uy\/?product=grapas-spw-18-bolsa-100-ud\" \/>\n<meta property=\"og:locale\" content=\"es_ES\" \/>\n<meta property=\"og:type\" content=\"article\" \/>\n<meta property=\"og:title\" content=\"Grapa Para Soldadora De Pl\u00e1sticos SPW 18 (bolsa 100 ud) &bull; AUTOPINT SHOP- Car Repair System - Herramientas - Protecci\u00f3n - Pulidos - Detailing\" \/>\n<meta property=\"og:description\" content=\"grapa para soldar pl\u00e1sticos, contamos con varios grosores y dise\u00f1os, tambi\u00e9n contamos con la soldadora para las mismas. paquetes de 100 unidades. Autopint\" \/>\n<meta property=\"og:url\" content=\"https:\/\/www.autopint.com.uy\/?product=grapas-spw-18-bolsa-100-ud\" \/>\n<meta property=\"og:site_name\" content=\"AUTOPINT SHOP- Car Repair System - Herramientas - Protecci\u00f3n - Pulidos - Detailing\" \/>\n<meta property=\"article:modified_time\" content=\"2026-02-03T13:32:56+00:00\" \/>\n<meta property=\"og:image\" content=\"https:\/\/www.autopint.com.uy\/wp-content\/uploads\/2020\/06\/111-1.jpg\" \/>\n\t<meta property=\"og:image:width\" content=\"214\" \/>\n\t<meta property=\"og:image:height\" content=\"154\" \/>\n\t<meta property=\"og:image:type\" content=\"image\/jpeg\" \/>\n<meta name=\"twitter:card\" content=\"summary_large_image\" \/>\n<meta name=\"twitter:label1\" content=\"Tiempo de lectura\" \/>\n\t<meta name=\"twitter:data1\" content=\"1 minuto\" \/>\n<script type=\"application\/ld+json\" class=\"yoast-schema-graph\">{\"@context\":\"https:\/\/schema.org\",\"@graph\":[{\"@type\":\"WebPage\",\"@id\":\"https:\/\/www.autopint.com.uy\/?product=grapas-spw-18-bolsa-100-ud\",\"url\":\"https:\/\/www.autopint.com.uy\/?product=grapas-spw-18-bolsa-100-ud\",\"name\":\"Grapa Para Soldadora De Pl\u00e1sticos SPW 18 (bolsa 100 ud) &bull; AUTOPINT SHOP- Car Repair System - Herramientas - Protecci\u00f3n - Pulidos - Detailing\",\"isPartOf\":{\"@id\":\"https:\/\/www.autopint.com.uy\/#website\"},\"datePublished\":\"2020-06-10T20:18:27+00:00\",\"dateModified\":\"2026-02-03T13:32:56+00:00\",\"description\":\"grapa para soldar pl\u00e1sticos, contamos con varios grosores y dise\u00f1os, tambi\u00e9n contamos con la soldadora para las mismas. paquetes de 100 unidades. Autopint\",\"breadcrumb\":{\"@id\":\"https:\/\/www.autopint.com.uy\/?product=grapas-spw-18-bolsa-100-ud#breadcrumb\"},\"inLanguage\":\"es\",\"potentialAction\":[{\"@type\":\"ReadAction\",\"target\":[\"https:\/\/www.autopint.com.uy\/?product=grapas-spw-18-bolsa-100-ud\"]}]},{\"@type\":\"BreadcrumbList\",\"@id\":\"https:\/\/www.autopint.com.uy\/?product=grapas-spw-18-bolsa-100-ud#breadcrumb\",\"itemListElement\":[{\"@type\":\"ListItem\",\"position\":1,\"name\":\"Portada\",\"item\":\"https:\/\/www.autopint.com.uy\/\"},{\"@type\":\"ListItem\",\"position\":2,\"name\":\"Tienda\",\"item\":\"https:\/\/www.autopint.com.uy\/?page_id=51\"},{\"@type\":\"ListItem\",\"position\":3,\"name\":\"Grapa Para Soldadora De Pl\u00e1sticos SPW 18 (bolsa 100 ud)\"}]},{\"@type\":\"WebSite\",\"@id\":\"https:\/\/www.autopint.com.uy\/#website\",\"url\":\"https:\/\/www.autopint.com.uy\/\",\"name\":\"AUTOPINT SHOP- Car Repair System - Herramientas - Protecci\u00f3n - Pulidos - Detailing\",\"description\":\"IMPORTACION Y VENTA DE INSUMOS PARA REPINTADO AUTOMOTRIZ\",\"publisher\":{\"@id\":\"https:\/\/www.autopint.com.uy\/#organization\"},\"potentialAction\":[{\"@type\":\"SearchAction\",\"target\":{\"@type\":\"EntryPoint\",\"urlTemplate\":\"https:\/\/www.autopint.com.uy\/?s={search_term_string}\"},\"query-input\":\"required name=search_term_string\"}],\"inLanguage\":\"es\"},{\"@type\":\"Organization\",\"@id\":\"https:\/\/www.autopint.com.uy\/#organization\",\"name\":\"Autopint-Carrepairsystem\",\"url\":\"https:\/\/www.autopint.com.uy\/\",\"logo\":{\"@type\":\"ImageObject\",\"inLanguage\":\"es\",\"@id\":\"https:\/\/www.autopint.com.uy\/#\/schema\/logo\/image\/\",\"url\":\"https:\/\/www.autopint.com.uy\/wp-content\/uploads\/2020\/05\/cropped-Logo-2.png\",\"contentUrl\":\"https:\/\/www.autopint.com.uy\/wp-content\/uploads\/2020\/05\/cropped-Logo-2.png\",\"width\":600,\"height\":150,\"caption\":\"Autopint-Carrepairsystem\"},\"image\":{\"@id\":\"https:\/\/www.autopint.com.uy\/#\/schema\/logo\/image\/\"}}]}<\/script>\n<!-- \/ Yoast SEO plugin. -->","yoast_head_json":{"title":"Grapa Para Soldadora De Pl\u00e1sticos SPW 18 (bolsa 100 ud) &bull; AUTOPINT SHOP- Car Repair System - Herramientas - Protecci\u00f3n - Pulidos - Detailing","description":"grapa para soldar pl\u00e1sticos, contamos con varios grosores y dise\u00f1os, tambi\u00e9n contamos con la soldadora para las mismas. paquetes de 100 unidades. Autopint","robots":{"index":"index","follow":"follow","max-snippet":"max-snippet:-1","max-image-preview":"max-image-preview:large","max-video-preview":"max-video-preview:-1"},"canonical":"https:\/\/www.autopint.com.uy\/?product=grapas-spw-18-bolsa-100-ud","og_locale":"es_ES","og_type":"article","og_title":"Grapa Para Soldadora De Pl\u00e1sticos SPW 18 (bolsa 100 ud) &bull; AUTOPINT SHOP- Car Repair System - Herramientas - Protecci\u00f3n - Pulidos - Detailing","og_description":"grapa para soldar pl\u00e1sticos, contamos con varios grosores y dise\u00f1os, tambi\u00e9n contamos con la soldadora para las mismas. paquetes de 100 unidades. Autopint","og_url":"https:\/\/www.autopint.com.uy\/?product=grapas-spw-18-bolsa-100-ud","og_site_name":"AUTOPINT SHOP- Car Repair System - Herramientas - Protecci\u00f3n - Pulidos - Detailing","article_modified_time":"2026-02-03T13:32:56+00:00","og_image":[{"width":214,"height":154,"url":"https:\/\/www.autopint.com.uy\/wp-content\/uploads\/2020\/06\/111-1.jpg","type":"image\/jpeg"}],"twitter_card":"summary_large_image","twitter_misc":{"Tiempo de lectura":"1 minuto"},"schema":{"@context":"https:\/\/schema.org","@graph":[{"@type":"WebPage","@id":"https:\/\/www.autopint.com.uy\/?product=grapas-spw-18-bolsa-100-ud","url":"https:\/\/www.autopint.com.uy\/?product=grapas-spw-18-bolsa-100-ud","name":"Grapa Para Soldadora De Pl\u00e1sticos SPW 18 (bolsa 100 ud) &bull; AUTOPINT SHOP- Car Repair System - Herramientas - Protecci\u00f3n - Pulidos - Detailing","isPartOf":{"@id":"https:\/\/www.autopint.com.uy\/#website"},"datePublished":"2020-06-10T20:18:27+00:00","dateModified":"2026-02-03T13:32:56+00:00","description":"grapa para soldar pl\u00e1sticos, contamos con varios grosores y dise\u00f1os, tambi\u00e9n contamos con la soldadora para las mismas. paquetes de 100 unidades. Autopint","breadcrumb":{"@id":"https:\/\/www.autopint.com.uy\/?product=grapas-spw-18-bolsa-100-ud#breadcrumb"},"inLanguage":"es","potentialAction":[{"@type":"ReadAction","target":["https:\/\/www.autopint.com.uy\/?product=grapas-spw-18-bolsa-100-ud"]}]},{"@type":"BreadcrumbList","@id":"https:\/\/www.autopint.com.uy\/?product=grapas-spw-18-bolsa-100-ud#breadcrumb","itemListElement":[{"@type":"ListItem","position":1,"name":"Portada","item":"https:\/\/www.autopint.com.uy\/"},{"@type":"ListItem","position":2,"name":"Tienda","item":"https:\/\/www.autopint.com.uy\/?page_id=51"},{"@type":"ListItem","position":3,"name":"Grapa Para Soldadora De Pl\u00e1sticos SPW 18 (bolsa 100 ud)"}]},{"@type":"WebSite","@id":"https:\/\/www.autopint.com.uy\/#website","url":"https:\/\/www.autopint.com.uy\/","name":"AUTOPINT SHOP- Car Repair System - Herramientas - Protecci\u00f3n - Pulidos - Detailing","description":"IMPORTACION Y VENTA DE INSUMOS PARA REPINTADO AUTOMOTRIZ","publisher":{"@id":"https:\/\/www.autopint.com.uy\/#organization"},"potentialAction":[{"@type":"SearchAction","target":{"@type":"EntryPoint","urlTemplate":"https:\/\/www.autopint.com.uy\/?s={search_term_string}"},"query-input":"required name=search_term_string"}],"inLanguage":"es"},{"@type":"Organization","@id":"https:\/\/www.autopint.com.uy\/#organization","name":"Autopint-Carrepairsystem","url":"https:\/\/www.autopint.com.uy\/","logo":{"@type":"ImageObject","inLanguage":"es","@id":"https:\/\/www.autopint.com.uy\/#\/schema\/logo\/image\/","url":"https:\/\/www.autopint.com.uy\/wp-content\/uploads\/2020\/05\/cropped-Logo-2.png","contentUrl":"https:\/\/www.autopint.com.uy\/wp-content\/uploads\/2020\/05\/cropped-Logo-2.png","width":600,"height":150,"caption":"Autopint-Carrepairsystem"},"image":{"@id":"https:\/\/www.autopint.com.uy\/#\/schema\/logo\/image\/"}}]}},"_links":{"self":[{"href":"https:\/\/www.autopint.com.uy\/index.php?rest_route=\/wp\/v2\/product\/607"}],"collection":[{"href":"https:\/\/www.autopint.com.uy\/index.php?rest_route=\/wp\/v2\/product"}],"about":[{"href":"https:\/\/www.autopint.com.uy\/index.php?rest_route=\/wp\/v2\/types\/product"}],"wp:featuredmedia":[{"embeddable":true,"href":"https:\/\/www.autopint.com.uy\/index.php?rest_route=\/wp\/v2\/media\/606"}],"wp:attachment":[{"href":"https:\/\/www.autopint.com.uy\/index.php?rest_route=%2Fwp%2Fv2%2Fmedia&parent=607"}],"wp:term":[{"taxonomy":"product_cat","embeddable":true,"href":"https:\/\/www.autopint.com.uy\/index.php?rest_route=%2Fwp%2Fv2%2Fproduct_cat&post=607"},{"taxonomy":"product_tag","embeddable":true,"href":"https:\/\/www.autopint.com.uy\/index.php?rest_route=%2Fwp%2Fv2%2Fproduct_tag&post=607"}],"curies":[{"name":"wp","href":"https:\/\/api.w.org\/{rel}","templated":true}]}}