{"id":616,"date":"2020-06-10T17:18:38","date_gmt":"2020-06-10T20:18:38","guid":{"rendered":"https:\/\/www.autopint.com.uy\/index.php\/producto\/quick-mix-4013-2-tubos-de-250-gr\/"},"modified":"2026-02-11T09:57:36","modified_gmt":"2026-02-11T12:57:36","slug":"pegamento-epoxy-para-reparar-plasticos","status":"publish","type":"product","link":"https:\/\/www.autopint.com.uy\/?product=pegamento-epoxy-para-reparar-plasticos","title":{"rendered":"Pegamento Epoxy Para Reparar Pl\u00e1stico Quick Mix 4013  (2 tubos de 250 gr)"},"content":{"rendered":"<h2 class=\"product_title entry-title show-product-nav\">QUICK MIX 4013<\/h2>\n<div class=\"product-nav\">\n<div class=\"product-next\"><\/div>\n<\/div>\n<div class=\"description woocommerce-product-details__short-description\">\n<h6>Epoxy compuesto de 2 tubos para usar en reparaciones de todo tipo de pl\u00e1sticos (incluyendo los oleof\u00ednicos como TPO, PP, XENOY y PPO). Contenido en VOC: 0 %.<\/h6>\n<h4>CARACTER\u00cdSTICAS<\/h4>\n<ul>\n<li>\n<h6>Mezclado 1:1 (aprobado y usado por OEM).<\/h6>\n<\/li>\n<li>\n<h6>F\u00e1cil lijado.<\/h6>\n<\/li>\n<li>\n<h6>Tiempo de trabajo a 22 \u00b0C (75 \u00b0F): 10 a 12 min.<\/h6>\n<\/li>\n<li>\n<h6>Lijado en 30 minutes a 22\u00b0C (75 \u00b0F).<\/h6>\n<\/li>\n<li>\n<h6>Adhesivo multifunci\u00f3n (une: vidrio, metal, madera, fibra de vidrio, SMC y pl\u00e1sticos).<\/h6>\n<\/li>\n<li>\n<h6>No deja agujeros.<\/h6>\n<\/li>\n<li>\n<h6>Compatible con todo tipo de imprimaciones.<\/h6>\n<\/li>\n<li>\n<h6>Permite un acabado perfecto.<\/h6>\n<\/li>\n<li>\n<h6>Excelente conservaci\u00f3n.<\/h6>\n<\/li>\n<li>\n<h6>100% s\u00f3lido.<\/h6>\n<\/li>\n<\/ul>\n<\/div>\n","protected":false},"excerpt":{"rendered":"<p>QUICK MIX 4013 Epoxy compuesto de 2 tubos para usar en reparaciones de todo tipo de pl\u00e1sticos (incluyendo los oleof\u00ednicos como TPO, PP, XENOY y PPO). Contenido en VOC: 0 %. CARACTER\u00cdSTICAS Mezclado 1:1 (aprobado y usado por OEM). F\u00e1cil lijado. Tiempo de trabajo a 22 \u00b0C (75 \u00b0F): 10 a 12 min. Lijado en &hellip;<\/p>\n<p class=\"read-more\"> <a class=\"\" href=\"https:\/\/www.autopint.com.uy\/?product=pegamento-epoxy-para-reparar-plasticos\"> <span class=\"screen-reader-text\">Pegamento Epoxy Para Reparar Pl\u00e1stico Quick Mix 4013  (2 tubos de 250 gr)<\/span> Leer m\u00e1s &raquo;<\/a><\/p>\n","protected":false},"featured_media":1667,"template":"","meta":{"site-sidebar-layout":"default","site-content-layout":"default","ast-global-header-display":"","ast-main-header-display":"","ast-hfb-above-header-display":"","ast-hfb-below-header-display":"","ast-hfb-mobile-header-display":"","site-post-title":"","ast-breadcrumbs-content":"","ast-featured-img":"","footer-sml-layout":"","theme-transparent-header-meta":"default","adv-header-id-meta":"","stick-header-meta":"","header-above-stick-meta":"","header-main-stick-meta":"","header-below-stick-meta":"","_joinchat":{"telephone":"+59898715457"}},"product_cat":[20],"product_tag":[148,149,70],"yoast_head":"<!-- This site is optimized with the Yoast SEO plugin v19.11 - https:\/\/yoast.com\/wordpress\/plugins\/seo\/ -->\n<title>Pegamento Epoxy Para Reparar Pl\u00e1stico Quick Mix 4013 (2 tubos de 250 gr) &bull; AUTOPINT SHOP- Car Repair System - Herramientas - Protecci\u00f3n - Pulidos - Detailing<\/title>\n<meta name=\"description\" content=\"Epoxy compuesto de 2 tubos para usar en reparaciones de todo tipo de pl\u00e1sticos (incluyendo los oleof\u00ednicos como TPO, PP, XENOY y PPO). Contenido en VOC: 0 %\" \/>\n<meta name=\"robots\" content=\"index, follow, max-snippet:-1, max-image-preview:large, max-video-preview:-1\" \/>\n<link rel=\"canonical\" href=\"https:\/\/www.autopint.com.uy\/?product=pegamento-epoxy-para-reparar-plasticos\" \/>\n<meta property=\"og:locale\" content=\"es_ES\" \/>\n<meta property=\"og:type\" content=\"article\" \/>\n<meta property=\"og:title\" content=\"Pegamento Epoxy Para Reparar Pl\u00e1stico Quick Mix 4013 (2 tubos de 250 gr) &bull; AUTOPINT SHOP- Car Repair System - Herramientas - Protecci\u00f3n - Pulidos - Detailing\" \/>\n<meta property=\"og:description\" content=\"Epoxy compuesto de 2 tubos para usar en reparaciones de todo tipo de pl\u00e1sticos (incluyendo los oleof\u00ednicos como TPO, PP, XENOY y PPO). Contenido en VOC: 0 %\" \/>\n<meta property=\"og:url\" content=\"https:\/\/www.autopint.com.uy\/?product=pegamento-epoxy-para-reparar-plasticos\" \/>\n<meta property=\"og:site_name\" content=\"AUTOPINT SHOP- Car Repair System - Herramientas - Protecci\u00f3n - Pulidos - Detailing\" \/>\n<meta property=\"article:modified_time\" content=\"2026-02-11T12:57:36+00:00\" \/>\n<meta property=\"og:image\" content=\"https:\/\/www.autopint.com.uy\/wp-content\/uploads\/2020\/06\/5006-006029-quick-mix-4013-_part-AyB.jpg\" \/>\n\t<meta property=\"og:image:width\" content=\"500\" \/>\n\t<meta property=\"og:image:height\" content=\"500\" \/>\n\t<meta property=\"og:image:type\" content=\"image\/jpeg\" \/>\n<meta name=\"twitter:card\" content=\"summary_large_image\" \/>\n<meta name=\"twitter:label1\" content=\"Tiempo de lectura\" \/>\n\t<meta name=\"twitter:data1\" content=\"1 minuto\" \/>\n<script type=\"application\/ld+json\" class=\"yoast-schema-graph\">{\"@context\":\"https:\/\/schema.org\",\"@graph\":[{\"@type\":\"WebPage\",\"@id\":\"https:\/\/www.autopint.com.uy\/?product=pegamento-epoxy-para-reparar-plasticos\",\"url\":\"https:\/\/www.autopint.com.uy\/?product=pegamento-epoxy-para-reparar-plasticos\",\"name\":\"Pegamento Epoxy Para Reparar Pl\u00e1stico Quick Mix 4013 (2 tubos de 250 gr) &bull; AUTOPINT SHOP- Car Repair System - Herramientas - Protecci\u00f3n - Pulidos - Detailing\",\"isPartOf\":{\"@id\":\"https:\/\/www.autopint.com.uy\/#website\"},\"datePublished\":\"2020-06-10T20:18:38+00:00\",\"dateModified\":\"2026-02-11T12:57:36+00:00\",\"description\":\"Epoxy compuesto de 2 tubos para usar en reparaciones de todo tipo de pl\u00e1sticos (incluyendo los oleof\u00ednicos como TPO, PP, XENOY y PPO). Contenido en VOC: 0 %\",\"breadcrumb\":{\"@id\":\"https:\/\/www.autopint.com.uy\/?product=pegamento-epoxy-para-reparar-plasticos#breadcrumb\"},\"inLanguage\":\"es\",\"potentialAction\":[{\"@type\":\"ReadAction\",\"target\":[\"https:\/\/www.autopint.com.uy\/?product=pegamento-epoxy-para-reparar-plasticos\"]}]},{\"@type\":\"BreadcrumbList\",\"@id\":\"https:\/\/www.autopint.com.uy\/?product=pegamento-epoxy-para-reparar-plasticos#breadcrumb\",\"itemListElement\":[{\"@type\":\"ListItem\",\"position\":1,\"name\":\"Portada\",\"item\":\"https:\/\/www.autopint.com.uy\/\"},{\"@type\":\"ListItem\",\"position\":2,\"name\":\"Tienda\",\"item\":\"https:\/\/www.autopint.com.uy\/?page_id=51\"},{\"@type\":\"ListItem\",\"position\":3,\"name\":\"Pegamento Epoxy Para Reparar Pl\u00e1stico Quick Mix 4013 (2 tubos de 250 gr)\"}]},{\"@type\":\"WebSite\",\"@id\":\"https:\/\/www.autopint.com.uy\/#website\",\"url\":\"https:\/\/www.autopint.com.uy\/\",\"name\":\"AUTOPINT SHOP- Car Repair System - Herramientas - Protecci\u00f3n - Pulidos - Detailing\",\"description\":\"IMPORTACION Y VENTA DE INSUMOS PARA REPINTADO AUTOMOTRIZ\",\"publisher\":{\"@id\":\"https:\/\/www.autopint.com.uy\/#organization\"},\"potentialAction\":[{\"@type\":\"SearchAction\",\"target\":{\"@type\":\"EntryPoint\",\"urlTemplate\":\"https:\/\/www.autopint.com.uy\/?s={search_term_string}\"},\"query-input\":\"required name=search_term_string\"}],\"inLanguage\":\"es\"},{\"@type\":\"Organization\",\"@id\":\"https:\/\/www.autopint.com.uy\/#organization\",\"name\":\"Autopint-Carrepairsystem\",\"url\":\"https:\/\/www.autopint.com.uy\/\",\"logo\":{\"@type\":\"ImageObject\",\"inLanguage\":\"es\",\"@id\":\"https:\/\/www.autopint.com.uy\/#\/schema\/logo\/image\/\",\"url\":\"https:\/\/www.autopint.com.uy\/wp-content\/uploads\/2020\/05\/cropped-Logo-2.png\",\"contentUrl\":\"https:\/\/www.autopint.com.uy\/wp-content\/uploads\/2020\/05\/cropped-Logo-2.png\",\"width\":600,\"height\":150,\"caption\":\"Autopint-Carrepairsystem\"},\"image\":{\"@id\":\"https:\/\/www.autopint.com.uy\/#\/schema\/logo\/image\/\"}}]}<\/script>\n<!-- \/ Yoast SEO plugin. -->","yoast_head_json":{"title":"Pegamento Epoxy Para Reparar Pl\u00e1stico Quick Mix 4013 (2 tubos de 250 gr) &bull; AUTOPINT SHOP- Car Repair System - Herramientas - Protecci\u00f3n - Pulidos - Detailing","description":"Epoxy compuesto de 2 tubos para usar en reparaciones de todo tipo de pl\u00e1sticos (incluyendo los oleof\u00ednicos como TPO, PP, XENOY y PPO). Contenido en VOC: 0 %","robots":{"index":"index","follow":"follow","max-snippet":"max-snippet:-1","max-image-preview":"max-image-preview:large","max-video-preview":"max-video-preview:-1"},"canonical":"https:\/\/www.autopint.com.uy\/?product=pegamento-epoxy-para-reparar-plasticos","og_locale":"es_ES","og_type":"article","og_title":"Pegamento Epoxy Para Reparar Pl\u00e1stico Quick Mix 4013 (2 tubos de 250 gr) &bull; AUTOPINT SHOP- Car Repair System - Herramientas - Protecci\u00f3n - Pulidos - Detailing","og_description":"Epoxy compuesto de 2 tubos para usar en reparaciones de todo tipo de pl\u00e1sticos (incluyendo los oleof\u00ednicos como TPO, PP, XENOY y PPO). Contenido en VOC: 0 %","og_url":"https:\/\/www.autopint.com.uy\/?product=pegamento-epoxy-para-reparar-plasticos","og_site_name":"AUTOPINT SHOP- Car Repair System - Herramientas - Protecci\u00f3n - Pulidos - Detailing","article_modified_time":"2026-02-11T12:57:36+00:00","og_image":[{"width":500,"height":500,"url":"https:\/\/www.autopint.com.uy\/wp-content\/uploads\/2020\/06\/5006-006029-quick-mix-4013-_part-AyB.jpg","type":"image\/jpeg"}],"twitter_card":"summary_large_image","twitter_misc":{"Tiempo de lectura":"1 minuto"},"schema":{"@context":"https:\/\/schema.org","@graph":[{"@type":"WebPage","@id":"https:\/\/www.autopint.com.uy\/?product=pegamento-epoxy-para-reparar-plasticos","url":"https:\/\/www.autopint.com.uy\/?product=pegamento-epoxy-para-reparar-plasticos","name":"Pegamento Epoxy Para Reparar Pl\u00e1stico Quick Mix 4013 (2 tubos de 250 gr) &bull; AUTOPINT SHOP- Car Repair System - Herramientas - Protecci\u00f3n - Pulidos - Detailing","isPartOf":{"@id":"https:\/\/www.autopint.com.uy\/#website"},"datePublished":"2020-06-10T20:18:38+00:00","dateModified":"2026-02-11T12:57:36+00:00","description":"Epoxy compuesto de 2 tubos para usar en reparaciones de todo tipo de pl\u00e1sticos (incluyendo los oleof\u00ednicos como TPO, PP, XENOY y PPO). Contenido en VOC: 0 %","breadcrumb":{"@id":"https:\/\/www.autopint.com.uy\/?product=pegamento-epoxy-para-reparar-plasticos#breadcrumb"},"inLanguage":"es","potentialAction":[{"@type":"ReadAction","target":["https:\/\/www.autopint.com.uy\/?product=pegamento-epoxy-para-reparar-plasticos"]}]},{"@type":"BreadcrumbList","@id":"https:\/\/www.autopint.com.uy\/?product=pegamento-epoxy-para-reparar-plasticos#breadcrumb","itemListElement":[{"@type":"ListItem","position":1,"name":"Portada","item":"https:\/\/www.autopint.com.uy\/"},{"@type":"ListItem","position":2,"name":"Tienda","item":"https:\/\/www.autopint.com.uy\/?page_id=51"},{"@type":"ListItem","position":3,"name":"Pegamento Epoxy Para Reparar Pl\u00e1stico Quick Mix 4013 (2 tubos de 250 gr)"}]},{"@type":"WebSite","@id":"https:\/\/www.autopint.com.uy\/#website","url":"https:\/\/www.autopint.com.uy\/","name":"AUTOPINT SHOP- Car Repair System - Herramientas - Protecci\u00f3n - Pulidos - Detailing","description":"IMPORTACION Y VENTA DE INSUMOS PARA REPINTADO AUTOMOTRIZ","publisher":{"@id":"https:\/\/www.autopint.com.uy\/#organization"},"potentialAction":[{"@type":"SearchAction","target":{"@type":"EntryPoint","urlTemplate":"https:\/\/www.autopint.com.uy\/?s={search_term_string}"},"query-input":"required name=search_term_string"}],"inLanguage":"es"},{"@type":"Organization","@id":"https:\/\/www.autopint.com.uy\/#organization","name":"Autopint-Carrepairsystem","url":"https:\/\/www.autopint.com.uy\/","logo":{"@type":"ImageObject","inLanguage":"es","@id":"https:\/\/www.autopint.com.uy\/#\/schema\/logo\/image\/","url":"https:\/\/www.autopint.com.uy\/wp-content\/uploads\/2020\/05\/cropped-Logo-2.png","contentUrl":"https:\/\/www.autopint.com.uy\/wp-content\/uploads\/2020\/05\/cropped-Logo-2.png","width":600,"height":150,"caption":"Autopint-Carrepairsystem"},"image":{"@id":"https:\/\/www.autopint.com.uy\/#\/schema\/logo\/image\/"}}]}},"_links":{"self":[{"href":"https:\/\/www.autopint.com.uy\/index.php?rest_route=\/wp\/v2\/product\/616"}],"collection":[{"href":"https:\/\/www.autopint.com.uy\/index.php?rest_route=\/wp\/v2\/product"}],"about":[{"href":"https:\/\/www.autopint.com.uy\/index.php?rest_route=\/wp\/v2\/types\/product"}],"wp:featuredmedia":[{"embeddable":true,"href":"https:\/\/www.autopint.com.uy\/index.php?rest_route=\/wp\/v2\/media\/1667"}],"wp:attachment":[{"href":"https:\/\/www.autopint.com.uy\/index.php?rest_route=%2Fwp%2Fv2%2Fmedia&parent=616"}],"wp:term":[{"taxonomy":"product_cat","embeddable":true,"href":"https:\/\/www.autopint.com.uy\/index.php?rest_route=%2Fwp%2Fv2%2Fproduct_cat&post=616"},{"taxonomy":"product_tag","embeddable":true,"href":"https:\/\/www.autopint.com.uy\/index.php?rest_route=%2Fwp%2Fv2%2Fproduct_tag&post=616"}],"curies":[{"name":"wp","href":"https:\/\/api.w.org\/{rel}","templated":true}]}}