{"id":662,"date":"2020-06-10T17:18:49","date_gmt":"2020-06-10T20:18:49","guid":{"rendered":"https:\/\/www.autopint.com.uy\/index.php\/producto\/kit-star-lack-4050-plus-catalizador-standard-1-5l\/"},"modified":"2026-03-18T12:41:12","modified_gmt":"2026-03-18T15:41:12","slug":"kit-star-lack-4050-plus-catalizador-standard-1-5l","status":"publish","type":"product","link":"https:\/\/www.autopint.com.uy\/?product=kit-star-lack-4050-plus-catalizador-standard-1-5l","title":{"rendered":"KIT Barniz HS 4050 Plus 1.5L + Catalizador HS Star Lack 0,5L"},"content":{"rendered":"<h2 class=\"product_title entry-title show-product-nav\">STAR LACK BARNIZ HS 4050 PLUS<\/h2>\n<div class=\"product-nav\">\n<div class=\"product-next\"><\/div>\n<\/div>\n<div class=\"description woocommerce-product-details__short-description\">\n<h4>CARACTER\u00cdSTICAS<\/h4>\n<ul>\n<li>\n<h6>Barniz HS con propiedades anti ara\u00f1azos.<\/h6>\n<\/li>\n<li>\n<h6>Secado r\u00e1pido al aire.<\/h6>\n<\/li>\n<li>\n<h6>Permite un acabado muy productivo.<\/h6>\n<\/li>\n<li>\n<h6>F\u00e1cil de aplicar.<\/h6>\n<\/li>\n<li>\n<h6>No necesita diluyente.<\/h6>\n<\/li>\n<li>\n<h6>Gran variedad de catalizadores.<\/h6>\n<\/li>\n<li>\n<h6>Proporci\u00f3n de mezcla 2:1.<\/h6>\n<\/li>\n<\/ul>\n<p>&nbsp;<\/p>\n<\/div>\n","protected":false},"excerpt":{"rendered":"<p>STAR LACK BARNIZ HS 4050 PLUS CARACTER\u00cdSTICAS Barniz HS con propiedades anti ara\u00f1azos. Secado r\u00e1pido al aire. Permite un acabado muy productivo. F\u00e1cil de aplicar. No necesita diluyente. Gran variedad de catalizadores. Proporci\u00f3n de mezcla 2:1. &nbsp;<\/p>\n","protected":false},"featured_media":1497,"template":"","meta":{"site-sidebar-layout":"default","site-content-layout":"default","ast-global-header-display":"","ast-main-header-display":"","ast-hfb-above-header-display":"","ast-hfb-below-header-display":"","ast-hfb-mobile-header-display":"","site-post-title":"","ast-breadcrumbs-content":"","ast-featured-img":"","footer-sml-layout":"","theme-transparent-header-meta":"default","adv-header-id-meta":"","stick-header-meta":"","header-above-stick-meta":"","header-main-stick-meta":"","header-below-stick-meta":"","_joinchat":{"telephone":"+59898715457"}},"product_cat":[27],"product_tag":[],"yoast_head":"<!-- This site is optimized with the Yoast SEO plugin v19.11 - https:\/\/yoast.com\/wordpress\/plugins\/seo\/ -->\n<title>KIT Barniz HS 4050 Plus 1.5L + Catalizador HS Star Lack 0,5L &bull; AUTOPINT SHOP- Car Repair System - Herramientas - Protecci\u00f3n - Pulidos - Detailing<\/title>\n<meta name=\"description\" content=\"Barniz HS con propiedades anti ara\u00f1azos. Secado r\u00e1pido al aire. Permite un acabado muy productivo. No necesita diluyente. AUTOPINT SHOP!\" \/>\n<meta name=\"robots\" content=\"index, follow, max-snippet:-1, max-image-preview:large, max-video-preview:-1\" \/>\n<link rel=\"canonical\" href=\"https:\/\/www.autopint.com.uy\/?product=kit-star-lack-4050-plus-catalizador-standard-1-5l\" \/>\n<meta property=\"og:locale\" content=\"es_ES\" \/>\n<meta property=\"og:type\" content=\"article\" \/>\n<meta property=\"og:title\" content=\"KIT Barniz HS 4050 Plus 1.5L + Catalizador HS Star Lack 0,5L &bull; AUTOPINT SHOP- Car Repair System - Herramientas - Protecci\u00f3n - Pulidos - Detailing\" \/>\n<meta property=\"og:description\" content=\"Barniz HS con propiedades anti ara\u00f1azos. Secado r\u00e1pido al aire. Permite un acabado muy productivo. No necesita diluyente. AUTOPINT SHOP!\" \/>\n<meta property=\"og:url\" content=\"https:\/\/www.autopint.com.uy\/?product=kit-star-lack-4050-plus-catalizador-standard-1-5l\" \/>\n<meta property=\"og:site_name\" content=\"AUTOPINT SHOP- Car Repair System - Herramientas - Protecci\u00f3n - Pulidos - Detailing\" \/>\n<meta property=\"article:modified_time\" content=\"2026-03-18T15:41:12+00:00\" \/>\n<meta property=\"og:image\" content=\"https:\/\/www.autopint.com.uy\/wp-content\/uploads\/2020\/06\/5009-001010-KIT-STAR-LACK-4050-PLUS-AB-600x600-1.jpg\" \/>\n\t<meta property=\"og:image:width\" content=\"600\" \/>\n\t<meta property=\"og:image:height\" content=\"600\" \/>\n\t<meta property=\"og:image:type\" content=\"image\/jpeg\" \/>\n<meta name=\"twitter:card\" content=\"summary_large_image\" \/>\n<meta name=\"twitter:label1\" content=\"Tiempo de lectura\" \/>\n\t<meta name=\"twitter:data1\" content=\"1 minuto\" \/>\n<script type=\"application\/ld+json\" class=\"yoast-schema-graph\">{\"@context\":\"https:\/\/schema.org\",\"@graph\":[{\"@type\":\"WebPage\",\"@id\":\"https:\/\/www.autopint.com.uy\/?product=kit-star-lack-4050-plus-catalizador-standard-1-5l\",\"url\":\"https:\/\/www.autopint.com.uy\/?product=kit-star-lack-4050-plus-catalizador-standard-1-5l\",\"name\":\"KIT Barniz HS 4050 Plus 1.5L + Catalizador HS Star Lack 0,5L &bull; AUTOPINT SHOP- Car Repair System - Herramientas - Protecci\u00f3n - Pulidos - Detailing\",\"isPartOf\":{\"@id\":\"https:\/\/www.autopint.com.uy\/#website\"},\"datePublished\":\"2020-06-10T20:18:49+00:00\",\"dateModified\":\"2026-03-18T15:41:12+00:00\",\"description\":\"Barniz HS con propiedades anti ara\u00f1azos. Secado r\u00e1pido al aire. Permite un acabado muy productivo. No necesita diluyente. AUTOPINT SHOP!\",\"breadcrumb\":{\"@id\":\"https:\/\/www.autopint.com.uy\/?product=kit-star-lack-4050-plus-catalizador-standard-1-5l#breadcrumb\"},\"inLanguage\":\"es\",\"potentialAction\":[{\"@type\":\"ReadAction\",\"target\":[\"https:\/\/www.autopint.com.uy\/?product=kit-star-lack-4050-plus-catalizador-standard-1-5l\"]}]},{\"@type\":\"BreadcrumbList\",\"@id\":\"https:\/\/www.autopint.com.uy\/?product=kit-star-lack-4050-plus-catalizador-standard-1-5l#breadcrumb\",\"itemListElement\":[{\"@type\":\"ListItem\",\"position\":1,\"name\":\"Portada\",\"item\":\"https:\/\/www.autopint.com.uy\/\"},{\"@type\":\"ListItem\",\"position\":2,\"name\":\"Tienda\",\"item\":\"https:\/\/www.autopint.com.uy\/?page_id=51\"},{\"@type\":\"ListItem\",\"position\":3,\"name\":\"KIT Barniz HS 4050 Plus 1.5L + Catalizador HS Star Lack 0,5L\"}]},{\"@type\":\"WebSite\",\"@id\":\"https:\/\/www.autopint.com.uy\/#website\",\"url\":\"https:\/\/www.autopint.com.uy\/\",\"name\":\"AUTOPINT SHOP- Car Repair System - Herramientas - Protecci\u00f3n - Pulidos - Detailing\",\"description\":\"IMPORTACION Y VENTA DE INSUMOS PARA REPINTADO AUTOMOTRIZ\",\"publisher\":{\"@id\":\"https:\/\/www.autopint.com.uy\/#organization\"},\"potentialAction\":[{\"@type\":\"SearchAction\",\"target\":{\"@type\":\"EntryPoint\",\"urlTemplate\":\"https:\/\/www.autopint.com.uy\/?s={search_term_string}\"},\"query-input\":\"required name=search_term_string\"}],\"inLanguage\":\"es\"},{\"@type\":\"Organization\",\"@id\":\"https:\/\/www.autopint.com.uy\/#organization\",\"name\":\"Autopint-Carrepairsystem\",\"url\":\"https:\/\/www.autopint.com.uy\/\",\"logo\":{\"@type\":\"ImageObject\",\"inLanguage\":\"es\",\"@id\":\"https:\/\/www.autopint.com.uy\/#\/schema\/logo\/image\/\",\"url\":\"https:\/\/www.autopint.com.uy\/wp-content\/uploads\/2020\/05\/cropped-Logo-2.png\",\"contentUrl\":\"https:\/\/www.autopint.com.uy\/wp-content\/uploads\/2020\/05\/cropped-Logo-2.png\",\"width\":600,\"height\":150,\"caption\":\"Autopint-Carrepairsystem\"},\"image\":{\"@id\":\"https:\/\/www.autopint.com.uy\/#\/schema\/logo\/image\/\"}}]}<\/script>\n<!-- \/ Yoast SEO plugin. -->","yoast_head_json":{"title":"KIT Barniz HS 4050 Plus 1.5L + Catalizador HS Star Lack 0,5L &bull; AUTOPINT SHOP- Car Repair System - Herramientas - Protecci\u00f3n - Pulidos - Detailing","description":"Barniz HS con propiedades anti ara\u00f1azos. Secado r\u00e1pido al aire. Permite un acabado muy productivo. No necesita diluyente. AUTOPINT SHOP!","robots":{"index":"index","follow":"follow","max-snippet":"max-snippet:-1","max-image-preview":"max-image-preview:large","max-video-preview":"max-video-preview:-1"},"canonical":"https:\/\/www.autopint.com.uy\/?product=kit-star-lack-4050-plus-catalizador-standard-1-5l","og_locale":"es_ES","og_type":"article","og_title":"KIT Barniz HS 4050 Plus 1.5L + Catalizador HS Star Lack 0,5L &bull; AUTOPINT SHOP- Car Repair System - Herramientas - Protecci\u00f3n - Pulidos - Detailing","og_description":"Barniz HS con propiedades anti ara\u00f1azos. Secado r\u00e1pido al aire. Permite un acabado muy productivo. No necesita diluyente. AUTOPINT SHOP!","og_url":"https:\/\/www.autopint.com.uy\/?product=kit-star-lack-4050-plus-catalizador-standard-1-5l","og_site_name":"AUTOPINT SHOP- Car Repair System - Herramientas - Protecci\u00f3n - Pulidos - Detailing","article_modified_time":"2026-03-18T15:41:12+00:00","og_image":[{"width":600,"height":600,"url":"https:\/\/www.autopint.com.uy\/wp-content\/uploads\/2020\/06\/5009-001010-KIT-STAR-LACK-4050-PLUS-AB-600x600-1.jpg","type":"image\/jpeg"}],"twitter_card":"summary_large_image","twitter_misc":{"Tiempo de lectura":"1 minuto"},"schema":{"@context":"https:\/\/schema.org","@graph":[{"@type":"WebPage","@id":"https:\/\/www.autopint.com.uy\/?product=kit-star-lack-4050-plus-catalizador-standard-1-5l","url":"https:\/\/www.autopint.com.uy\/?product=kit-star-lack-4050-plus-catalizador-standard-1-5l","name":"KIT Barniz HS 4050 Plus 1.5L + Catalizador HS Star Lack 0,5L &bull; AUTOPINT SHOP- Car Repair System - Herramientas - Protecci\u00f3n - Pulidos - Detailing","isPartOf":{"@id":"https:\/\/www.autopint.com.uy\/#website"},"datePublished":"2020-06-10T20:18:49+00:00","dateModified":"2026-03-18T15:41:12+00:00","description":"Barniz HS con propiedades anti ara\u00f1azos. Secado r\u00e1pido al aire. Permite un acabado muy productivo. No necesita diluyente. AUTOPINT SHOP!","breadcrumb":{"@id":"https:\/\/www.autopint.com.uy\/?product=kit-star-lack-4050-plus-catalizador-standard-1-5l#breadcrumb"},"inLanguage":"es","potentialAction":[{"@type":"ReadAction","target":["https:\/\/www.autopint.com.uy\/?product=kit-star-lack-4050-plus-catalizador-standard-1-5l"]}]},{"@type":"BreadcrumbList","@id":"https:\/\/www.autopint.com.uy\/?product=kit-star-lack-4050-plus-catalizador-standard-1-5l#breadcrumb","itemListElement":[{"@type":"ListItem","position":1,"name":"Portada","item":"https:\/\/www.autopint.com.uy\/"},{"@type":"ListItem","position":2,"name":"Tienda","item":"https:\/\/www.autopint.com.uy\/?page_id=51"},{"@type":"ListItem","position":3,"name":"KIT Barniz HS 4050 Plus 1.5L + Catalizador HS Star Lack 0,5L"}]},{"@type":"WebSite","@id":"https:\/\/www.autopint.com.uy\/#website","url":"https:\/\/www.autopint.com.uy\/","name":"AUTOPINT SHOP- Car Repair System - Herramientas - Protecci\u00f3n - Pulidos - Detailing","description":"IMPORTACION Y VENTA DE INSUMOS PARA REPINTADO AUTOMOTRIZ","publisher":{"@id":"https:\/\/www.autopint.com.uy\/#organization"},"potentialAction":[{"@type":"SearchAction","target":{"@type":"EntryPoint","urlTemplate":"https:\/\/www.autopint.com.uy\/?s={search_term_string}"},"query-input":"required name=search_term_string"}],"inLanguage":"es"},{"@type":"Organization","@id":"https:\/\/www.autopint.com.uy\/#organization","name":"Autopint-Carrepairsystem","url":"https:\/\/www.autopint.com.uy\/","logo":{"@type":"ImageObject","inLanguage":"es","@id":"https:\/\/www.autopint.com.uy\/#\/schema\/logo\/image\/","url":"https:\/\/www.autopint.com.uy\/wp-content\/uploads\/2020\/05\/cropped-Logo-2.png","contentUrl":"https:\/\/www.autopint.com.uy\/wp-content\/uploads\/2020\/05\/cropped-Logo-2.png","width":600,"height":150,"caption":"Autopint-Carrepairsystem"},"image":{"@id":"https:\/\/www.autopint.com.uy\/#\/schema\/logo\/image\/"}}]}},"_links":{"self":[{"href":"https:\/\/www.autopint.com.uy\/index.php?rest_route=\/wp\/v2\/product\/662"}],"collection":[{"href":"https:\/\/www.autopint.com.uy\/index.php?rest_route=\/wp\/v2\/product"}],"about":[{"href":"https:\/\/www.autopint.com.uy\/index.php?rest_route=\/wp\/v2\/types\/product"}],"wp:featuredmedia":[{"embeddable":true,"href":"https:\/\/www.autopint.com.uy\/index.php?rest_route=\/wp\/v2\/media\/1497"}],"wp:attachment":[{"href":"https:\/\/www.autopint.com.uy\/index.php?rest_route=%2Fwp%2Fv2%2Fmedia&parent=662"}],"wp:term":[{"taxonomy":"product_cat","embeddable":true,"href":"https:\/\/www.autopint.com.uy\/index.php?rest_route=%2Fwp%2Fv2%2Fproduct_cat&post=662"},{"taxonomy":"product_tag","embeddable":true,"href":"https:\/\/www.autopint.com.uy\/index.php?rest_route=%2Fwp%2Fv2%2Fproduct_tag&post=662"}],"curies":[{"name":"wp","href":"https:\/\/api.w.org\/{rel}","templated":true}]}}