{"id":673,"date":"2020-06-10T17:18:51","date_gmt":"2020-06-10T20:18:51","guid":{"rendered":"https:\/\/www.autopint.com.uy\/index.php\/producto\/pistola-de-aparejo-crs-pro-mp-1-7\/"},"modified":"2026-02-11T10:05:42","modified_gmt":"2026-02-11T13:05:42","slug":"pistola-aplicar-fondo","status":"publish","type":"product","link":"https:\/\/www.autopint.com.uy\/?product=pistola-aplicar-fondo","title":{"rendered":"Pistola Aplicar Fondo 1,7 CRS-PRO MP"},"content":{"rendered":"<p>PISTOLA APLICAR FONDO 1,7 CRS-PRO MP\u00a0 \u00a0 .Pistolas profesionales de gravedad con tecnolog\u00eda de pintado MP (media presi\u00f3n)<br \/>\ny HVLP para cualquier aplicaci\u00f3n base o acabado, que combina la atomizaci\u00f3n<br \/>\nconvencional y sistema HVLP. Dise\u00f1o ergon\u00f3mico libre de juntas de caucho,<br \/>\nacabado anodizado y cuerpo de aluminio. Pico y aguja en acero inoxidable.<\/p>\n","protected":false},"excerpt":{"rendered":"<p>PISTOLA PARA APLICAR FONDO<\/p>\n","protected":false},"featured_media":886,"template":"","meta":{"site-sidebar-layout":"default","site-content-layout":"default","ast-global-header-display":"","ast-main-header-display":"","ast-hfb-above-header-display":"","ast-hfb-below-header-display":"","ast-hfb-mobile-header-display":"","site-post-title":"","ast-breadcrumbs-content":"","ast-featured-img":"","footer-sml-layout":"","theme-transparent-header-meta":"default","adv-header-id-meta":"","stick-header-meta":"","header-above-stick-meta":"","header-main-stick-meta":"","header-below-stick-meta":"","_joinchat":{"telephone":"+59898715457"}},"product_cat":[26,22],"product_tag":[67,146],"yoast_head":"<!-- This site is optimized with the Yoast SEO plugin v19.11 - https:\/\/yoast.com\/wordpress\/plugins\/seo\/ -->\n<title>Pistola Aplicar Fondo 1,7 CRS-PRO MP &bull; AUTOPINT SHOP- Car Repair System - Herramientas - Protecci\u00f3n - Pulidos - Detailing pistola aplicar fondo<\/title>\n<meta name=\"description\" content=\"PISTOLA APLICAR FONDO 1,7. Profesionales. Dise\u00f1o ergon\u00f3mico sin juntas de caucho,acabado anodizado y cuerpo de aluminio. Pico y aguja en acero inoxidable.\" \/>\n<meta name=\"robots\" content=\"index, follow, max-snippet:-1, max-image-preview:large, max-video-preview:-1\" \/>\n<link rel=\"canonical\" href=\"https:\/\/www.autopint.com.uy\/?product=pistola-aplicar-fondo\" \/>\n<meta property=\"og:locale\" content=\"es_ES\" \/>\n<meta property=\"og:type\" content=\"article\" \/>\n<meta property=\"og:title\" content=\"Pistola Aplicar Fondo 1,7 CRS-PRO MP &bull; AUTOPINT SHOP- Car Repair System - Herramientas - Protecci\u00f3n - Pulidos - Detailing pistola aplicar fondo\" \/>\n<meta property=\"og:description\" content=\"PISTOLA APLICAR FONDO 1,7. Profesionales. Dise\u00f1o ergon\u00f3mico sin juntas de caucho,acabado anodizado y cuerpo de aluminio. Pico y aguja en acero inoxidable.\" \/>\n<meta property=\"og:url\" content=\"https:\/\/www.autopint.com.uy\/?product=pistola-aplicar-fondo\" \/>\n<meta property=\"og:site_name\" content=\"AUTOPINT SHOP- Car Repair System - Herramientas - Protecci\u00f3n - Pulidos - Detailing\" \/>\n<meta property=\"article:modified_time\" content=\"2026-02-11T13:05:42+00:00\" \/>\n<meta property=\"og:image\" content=\"https:\/\/www.autopint.com.uy\/wp-content\/uploads\/2020\/06\/47-1.jpg\" \/>\n\t<meta property=\"og:image:width\" content=\"350\" \/>\n\t<meta property=\"og:image:height\" content=\"350\" \/>\n\t<meta property=\"og:image:type\" content=\"image\/jpeg\" \/>\n<meta name=\"twitter:card\" content=\"summary_large_image\" \/>\n<meta name=\"twitter:label1\" content=\"Tiempo de lectura\" \/>\n\t<meta name=\"twitter:data1\" content=\"1 minuto\" \/>\n<script type=\"application\/ld+json\" class=\"yoast-schema-graph\">{\"@context\":\"https:\/\/schema.org\",\"@graph\":[{\"@type\":\"WebPage\",\"@id\":\"https:\/\/www.autopint.com.uy\/?product=pistola-aplicar-fondo\",\"url\":\"https:\/\/www.autopint.com.uy\/?product=pistola-aplicar-fondo\",\"name\":\"Pistola Aplicar Fondo 1,7 CRS-PRO MP &bull; AUTOPINT SHOP- Car Repair System - Herramientas - Protecci\u00f3n - Pulidos - Detailing pistola aplicar fondo\",\"isPartOf\":{\"@id\":\"https:\/\/www.autopint.com.uy\/#website\"},\"datePublished\":\"2020-06-10T20:18:51+00:00\",\"dateModified\":\"2026-02-11T13:05:42+00:00\",\"description\":\"PISTOLA APLICAR FONDO 1,7. Profesionales. Dise\u00f1o ergon\u00f3mico sin juntas de caucho,acabado anodizado y cuerpo de aluminio. Pico y aguja en acero inoxidable.\",\"breadcrumb\":{\"@id\":\"https:\/\/www.autopint.com.uy\/?product=pistola-aplicar-fondo#breadcrumb\"},\"inLanguage\":\"es\",\"potentialAction\":[{\"@type\":\"ReadAction\",\"target\":[\"https:\/\/www.autopint.com.uy\/?product=pistola-aplicar-fondo\"]}]},{\"@type\":\"BreadcrumbList\",\"@id\":\"https:\/\/www.autopint.com.uy\/?product=pistola-aplicar-fondo#breadcrumb\",\"itemListElement\":[{\"@type\":\"ListItem\",\"position\":1,\"name\":\"Portada\",\"item\":\"https:\/\/www.autopint.com.uy\/\"},{\"@type\":\"ListItem\",\"position\":2,\"name\":\"Tienda\",\"item\":\"https:\/\/www.autopint.com.uy\/?page_id=51\"},{\"@type\":\"ListItem\",\"position\":3,\"name\":\"Pistola Aplicar Fondo 1,7 CRS-PRO MP\"}]},{\"@type\":\"WebSite\",\"@id\":\"https:\/\/www.autopint.com.uy\/#website\",\"url\":\"https:\/\/www.autopint.com.uy\/\",\"name\":\"AUTOPINT SHOP- Car Repair System - Herramientas - Protecci\u00f3n - Pulidos - Detailing\",\"description\":\"IMPORTACION Y VENTA DE INSUMOS PARA REPINTADO AUTOMOTRIZ\",\"publisher\":{\"@id\":\"https:\/\/www.autopint.com.uy\/#organization\"},\"potentialAction\":[{\"@type\":\"SearchAction\",\"target\":{\"@type\":\"EntryPoint\",\"urlTemplate\":\"https:\/\/www.autopint.com.uy\/?s={search_term_string}\"},\"query-input\":\"required name=search_term_string\"}],\"inLanguage\":\"es\"},{\"@type\":\"Organization\",\"@id\":\"https:\/\/www.autopint.com.uy\/#organization\",\"name\":\"Autopint-Carrepairsystem\",\"url\":\"https:\/\/www.autopint.com.uy\/\",\"logo\":{\"@type\":\"ImageObject\",\"inLanguage\":\"es\",\"@id\":\"https:\/\/www.autopint.com.uy\/#\/schema\/logo\/image\/\",\"url\":\"https:\/\/www.autopint.com.uy\/wp-content\/uploads\/2020\/05\/cropped-Logo-2.png\",\"contentUrl\":\"https:\/\/www.autopint.com.uy\/wp-content\/uploads\/2020\/05\/cropped-Logo-2.png\",\"width\":600,\"height\":150,\"caption\":\"Autopint-Carrepairsystem\"},\"image\":{\"@id\":\"https:\/\/www.autopint.com.uy\/#\/schema\/logo\/image\/\"}}]}<\/script>\n<!-- \/ Yoast SEO plugin. -->","yoast_head_json":{"title":"Pistola Aplicar Fondo 1,7 CRS-PRO MP &bull; AUTOPINT SHOP- Car Repair System - Herramientas - Protecci\u00f3n - Pulidos - Detailing pistola aplicar fondo","description":"PISTOLA APLICAR FONDO 1,7. Profesionales. Dise\u00f1o ergon\u00f3mico sin juntas de caucho,acabado anodizado y cuerpo de aluminio. Pico y aguja en acero inoxidable.","robots":{"index":"index","follow":"follow","max-snippet":"max-snippet:-1","max-image-preview":"max-image-preview:large","max-video-preview":"max-video-preview:-1"},"canonical":"https:\/\/www.autopint.com.uy\/?product=pistola-aplicar-fondo","og_locale":"es_ES","og_type":"article","og_title":"Pistola Aplicar Fondo 1,7 CRS-PRO MP &bull; AUTOPINT SHOP- Car Repair System - Herramientas - Protecci\u00f3n - Pulidos - Detailing pistola aplicar fondo","og_description":"PISTOLA APLICAR FONDO 1,7. Profesionales. Dise\u00f1o ergon\u00f3mico sin juntas de caucho,acabado anodizado y cuerpo de aluminio. Pico y aguja en acero inoxidable.","og_url":"https:\/\/www.autopint.com.uy\/?product=pistola-aplicar-fondo","og_site_name":"AUTOPINT SHOP- Car Repair System - Herramientas - Protecci\u00f3n - Pulidos - Detailing","article_modified_time":"2026-02-11T13:05:42+00:00","og_image":[{"width":350,"height":350,"url":"https:\/\/www.autopint.com.uy\/wp-content\/uploads\/2020\/06\/47-1.jpg","type":"image\/jpeg"}],"twitter_card":"summary_large_image","twitter_misc":{"Tiempo de lectura":"1 minuto"},"schema":{"@context":"https:\/\/schema.org","@graph":[{"@type":"WebPage","@id":"https:\/\/www.autopint.com.uy\/?product=pistola-aplicar-fondo","url":"https:\/\/www.autopint.com.uy\/?product=pistola-aplicar-fondo","name":"Pistola Aplicar Fondo 1,7 CRS-PRO MP &bull; AUTOPINT SHOP- Car Repair System - Herramientas - Protecci\u00f3n - Pulidos - Detailing pistola aplicar fondo","isPartOf":{"@id":"https:\/\/www.autopint.com.uy\/#website"},"datePublished":"2020-06-10T20:18:51+00:00","dateModified":"2026-02-11T13:05:42+00:00","description":"PISTOLA APLICAR FONDO 1,7. Profesionales. Dise\u00f1o ergon\u00f3mico sin juntas de caucho,acabado anodizado y cuerpo de aluminio. Pico y aguja en acero inoxidable.","breadcrumb":{"@id":"https:\/\/www.autopint.com.uy\/?product=pistola-aplicar-fondo#breadcrumb"},"inLanguage":"es","potentialAction":[{"@type":"ReadAction","target":["https:\/\/www.autopint.com.uy\/?product=pistola-aplicar-fondo"]}]},{"@type":"BreadcrumbList","@id":"https:\/\/www.autopint.com.uy\/?product=pistola-aplicar-fondo#breadcrumb","itemListElement":[{"@type":"ListItem","position":1,"name":"Portada","item":"https:\/\/www.autopint.com.uy\/"},{"@type":"ListItem","position":2,"name":"Tienda","item":"https:\/\/www.autopint.com.uy\/?page_id=51"},{"@type":"ListItem","position":3,"name":"Pistola Aplicar Fondo 1,7 CRS-PRO MP"}]},{"@type":"WebSite","@id":"https:\/\/www.autopint.com.uy\/#website","url":"https:\/\/www.autopint.com.uy\/","name":"AUTOPINT SHOP- Car Repair System - Herramientas - Protecci\u00f3n - Pulidos - Detailing","description":"IMPORTACION Y VENTA DE INSUMOS PARA REPINTADO AUTOMOTRIZ","publisher":{"@id":"https:\/\/www.autopint.com.uy\/#organization"},"potentialAction":[{"@type":"SearchAction","target":{"@type":"EntryPoint","urlTemplate":"https:\/\/www.autopint.com.uy\/?s={search_term_string}"},"query-input":"required name=search_term_string"}],"inLanguage":"es"},{"@type":"Organization","@id":"https:\/\/www.autopint.com.uy\/#organization","name":"Autopint-Carrepairsystem","url":"https:\/\/www.autopint.com.uy\/","logo":{"@type":"ImageObject","inLanguage":"es","@id":"https:\/\/www.autopint.com.uy\/#\/schema\/logo\/image\/","url":"https:\/\/www.autopint.com.uy\/wp-content\/uploads\/2020\/05\/cropped-Logo-2.png","contentUrl":"https:\/\/www.autopint.com.uy\/wp-content\/uploads\/2020\/05\/cropped-Logo-2.png","width":600,"height":150,"caption":"Autopint-Carrepairsystem"},"image":{"@id":"https:\/\/www.autopint.com.uy\/#\/schema\/logo\/image\/"}}]}},"_links":{"self":[{"href":"https:\/\/www.autopint.com.uy\/index.php?rest_route=\/wp\/v2\/product\/673"}],"collection":[{"href":"https:\/\/www.autopint.com.uy\/index.php?rest_route=\/wp\/v2\/product"}],"about":[{"href":"https:\/\/www.autopint.com.uy\/index.php?rest_route=\/wp\/v2\/types\/product"}],"wp:featuredmedia":[{"embeddable":true,"href":"https:\/\/www.autopint.com.uy\/index.php?rest_route=\/wp\/v2\/media\/886"}],"wp:attachment":[{"href":"https:\/\/www.autopint.com.uy\/index.php?rest_route=%2Fwp%2Fv2%2Fmedia&parent=673"}],"wp:term":[{"taxonomy":"product_cat","embeddable":true,"href":"https:\/\/www.autopint.com.uy\/index.php?rest_route=%2Fwp%2Fv2%2Fproduct_cat&post=673"},{"taxonomy":"product_tag","embeddable":true,"href":"https:\/\/www.autopint.com.uy\/index.php?rest_route=%2Fwp%2Fv2%2Fproduct_tag&post=673"}],"curies":[{"name":"wp","href":"https:\/\/api.w.org\/{rel}","templated":true}]}}