{"id":749,"date":"2020-06-10T17:19:50","date_gmt":"2020-06-10T17:19:50","guid":{"rendered":"https:\/\/www.autopint.com.uy\/index.php\/producto\/burlete-de-espuma-triangular-50m\/"},"modified":"2023-11-13T14:18:31","modified_gmt":"2023-11-13T17:18:31","slug":"burlete-de-espuma-triangular-50m","status":"publish","type":"product","link":"https:\/\/www.autopint.com.uy\/?product=burlete-de-espuma-triangular-50m","title":{"rendered":"Burlete De Espuma Trianular 50M &#8220;"},"content":{"rendered":"<p>Burlete de espuma sin adhesivo y de forma triangular que se utiliza para<br \/>\nimpedir que la pulverizaci\u00f3n de aparejos e imprimaciones entre por las<br \/>\naberturas de los paneles tales como puertas, cap\u00f3, maletero, etc. Se coloca<br \/>\nsimplemente haciendo presi\u00f3n sobre \u00e9l, quedando jado en el hueco, sin<br \/>\nnecesidad de abrir las puertas. El leve nebulizado que queda al retirase se<br \/>\nelimina f\u00e1cilmente durante el lijado.<\/p>\n","protected":false},"excerpt":{"rendered":"<p>Burlete de espuma sin adhesivo y de forma triangular que se utiliza para impedir que la pulverizaci\u00f3n de aparejos e imprimaciones entre por las aberturas de los paneles tales como puertas, cap\u00f3, maletero, etc. Se coloca simplemente haciendo presi\u00f3n sobre \u00e9l, quedando jado en el hueco, sin necesidad de abrir las puertas. El leve nebulizado &hellip;<\/p>\n<p class=\"read-more\"> <a class=\"\" href=\"https:\/\/www.autopint.com.uy\/?product=burlete-de-espuma-triangular-50m\"> <span class=\"screen-reader-text\">Burlete De Espuma Trianular 50M &#8220;<\/span> Leer m\u00e1s &raquo;<\/a><\/p>\n","protected":false},"featured_media":748,"template":"","meta":{"site-sidebar-layout":"default","site-content-layout":"default","ast-global-header-display":"","ast-main-header-display":"","ast-hfb-above-header-display":"","ast-hfb-below-header-display":"","ast-hfb-mobile-header-display":"","site-post-title":"","ast-breadcrumbs-content":"","ast-featured-img":"","footer-sml-layout":"","theme-transparent-header-meta":"default","adv-header-id-meta":"","stick-header-meta":"","header-above-stick-meta":"","header-main-stick-meta":"","header-below-stick-meta":"","_joinchat":{"telephone":"+59898715457"}},"product_cat":[18],"product_tag":[],"yoast_head":"<!-- This site is optimized with the Yoast SEO plugin v19.11 - https:\/\/yoast.com\/wordpress\/plugins\/seo\/ -->\n<title>Burlete De Espuma Trianular 50M &quot; &bull; AUTOPINT SHOP- Car Repair System - Herramientas - Protecci\u00f3n - Pulidos - Detailing<\/title>\n<meta name=\"description\" content=\"Burlete de espuma sin adhesivo y de forma triangular que se utiliza paraimpedir que la pulverizaci\u00f3n de fondo, carrepairsystem- autopint shop\" \/>\n<meta name=\"robots\" content=\"index, follow, max-snippet:-1, max-image-preview:large, max-video-preview:-1\" \/>\n<link rel=\"canonical\" href=\"https:\/\/www.autopint.com.uy\/?product=burlete-de-espuma-triangular-50m\" \/>\n<meta property=\"og:locale\" content=\"es_ES\" \/>\n<meta property=\"og:type\" content=\"article\" \/>\n<meta property=\"og:title\" content=\"Burlete De Espuma Trianular 50M &quot; &bull; AUTOPINT SHOP- Car Repair System - Herramientas - Protecci\u00f3n - Pulidos - Detailing\" \/>\n<meta property=\"og:description\" content=\"Burlete de espuma sin adhesivo y de forma triangular que se utiliza paraimpedir que la pulverizaci\u00f3n de fondo, carrepairsystem- autopint shop\" \/>\n<meta property=\"og:url\" content=\"https:\/\/www.autopint.com.uy\/?product=burlete-de-espuma-triangular-50m\" \/>\n<meta property=\"og:site_name\" content=\"AUTOPINT SHOP- Car Repair System - Herramientas - Protecci\u00f3n - Pulidos - Detailing\" \/>\n<meta property=\"article:modified_time\" content=\"2023-11-13T17:18:31+00:00\" \/>\n<meta property=\"og:image\" content=\"https:\/\/www.autopint.com.uy\/wp-content\/uploads\/2020\/06\/79-1.jpg\" \/>\n\t<meta property=\"og:image:width\" content=\"1772\" \/>\n\t<meta property=\"og:image:height\" content=\"1772\" \/>\n\t<meta property=\"og:image:type\" content=\"image\/jpeg\" \/>\n<meta name=\"twitter:card\" content=\"summary_large_image\" \/>\n<meta name=\"twitter:label1\" content=\"Tiempo de lectura\" \/>\n\t<meta name=\"twitter:data1\" content=\"1 minuto\" \/>\n<script type=\"application\/ld+json\" class=\"yoast-schema-graph\">{\"@context\":\"https:\/\/schema.org\",\"@graph\":[{\"@type\":\"WebPage\",\"@id\":\"https:\/\/www.autopint.com.uy\/?product=burlete-de-espuma-triangular-50m\",\"url\":\"https:\/\/www.autopint.com.uy\/?product=burlete-de-espuma-triangular-50m\",\"name\":\"Burlete De Espuma Trianular 50M \\\" &bull; AUTOPINT SHOP- Car Repair System - Herramientas - Protecci\u00f3n - Pulidos - Detailing\",\"isPartOf\":{\"@id\":\"https:\/\/www.autopint.com.uy\/#website\"},\"datePublished\":\"2020-06-10T17:19:50+00:00\",\"dateModified\":\"2023-11-13T17:18:31+00:00\",\"description\":\"Burlete de espuma sin adhesivo y de forma triangular que se utiliza paraimpedir que la pulverizaci\u00f3n de fondo, carrepairsystem- autopint shop\",\"breadcrumb\":{\"@id\":\"https:\/\/www.autopint.com.uy\/?product=burlete-de-espuma-triangular-50m#breadcrumb\"},\"inLanguage\":\"es\",\"potentialAction\":[{\"@type\":\"ReadAction\",\"target\":[\"https:\/\/www.autopint.com.uy\/?product=burlete-de-espuma-triangular-50m\"]}]},{\"@type\":\"BreadcrumbList\",\"@id\":\"https:\/\/www.autopint.com.uy\/?product=burlete-de-espuma-triangular-50m#breadcrumb\",\"itemListElement\":[{\"@type\":\"ListItem\",\"position\":1,\"name\":\"Portada\",\"item\":\"https:\/\/www.autopint.com.uy\/\"},{\"@type\":\"ListItem\",\"position\":2,\"name\":\"Tienda\",\"item\":\"https:\/\/www.autopint.com.uy\/?page_id=51\"},{\"@type\":\"ListItem\",\"position\":3,\"name\":\"Burlete De Espuma Trianular 50M &#8220;\"}]},{\"@type\":\"WebSite\",\"@id\":\"https:\/\/www.autopint.com.uy\/#website\",\"url\":\"https:\/\/www.autopint.com.uy\/\",\"name\":\"AUTOPINT SHOP- Car Repair System - Herramientas - Protecci\u00f3n - Pulidos - Detailing\",\"description\":\"IMPORTACION Y VENTA DE INSUMOS PARA REPINTADO AUTOMOTRIZ\",\"publisher\":{\"@id\":\"https:\/\/www.autopint.com.uy\/#organization\"},\"potentialAction\":[{\"@type\":\"SearchAction\",\"target\":{\"@type\":\"EntryPoint\",\"urlTemplate\":\"https:\/\/www.autopint.com.uy\/?s={search_term_string}\"},\"query-input\":\"required name=search_term_string\"}],\"inLanguage\":\"es\"},{\"@type\":\"Organization\",\"@id\":\"https:\/\/www.autopint.com.uy\/#organization\",\"name\":\"Autopint-Carrepairsystem\",\"url\":\"https:\/\/www.autopint.com.uy\/\",\"logo\":{\"@type\":\"ImageObject\",\"inLanguage\":\"es\",\"@id\":\"https:\/\/www.autopint.com.uy\/#\/schema\/logo\/image\/\",\"url\":\"https:\/\/www.autopint.com.uy\/wp-content\/uploads\/2020\/05\/cropped-Logo-2.png\",\"contentUrl\":\"https:\/\/www.autopint.com.uy\/wp-content\/uploads\/2020\/05\/cropped-Logo-2.png\",\"width\":600,\"height\":150,\"caption\":\"Autopint-Carrepairsystem\"},\"image\":{\"@id\":\"https:\/\/www.autopint.com.uy\/#\/schema\/logo\/image\/\"}}]}<\/script>\n<!-- \/ Yoast SEO plugin. -->","yoast_head_json":{"title":"Burlete De Espuma Trianular 50M \" &bull; AUTOPINT SHOP- Car Repair System - Herramientas - Protecci\u00f3n - Pulidos - Detailing","description":"Burlete de espuma sin adhesivo y de forma triangular que se utiliza paraimpedir que la pulverizaci\u00f3n de fondo, carrepairsystem- autopint shop","robots":{"index":"index","follow":"follow","max-snippet":"max-snippet:-1","max-image-preview":"max-image-preview:large","max-video-preview":"max-video-preview:-1"},"canonical":"https:\/\/www.autopint.com.uy\/?product=burlete-de-espuma-triangular-50m","og_locale":"es_ES","og_type":"article","og_title":"Burlete De Espuma Trianular 50M \" &bull; AUTOPINT SHOP- Car Repair System - Herramientas - Protecci\u00f3n - Pulidos - Detailing","og_description":"Burlete de espuma sin adhesivo y de forma triangular que se utiliza paraimpedir que la pulverizaci\u00f3n de fondo, carrepairsystem- autopint shop","og_url":"https:\/\/www.autopint.com.uy\/?product=burlete-de-espuma-triangular-50m","og_site_name":"AUTOPINT SHOP- Car Repair System - Herramientas - Protecci\u00f3n - Pulidos - Detailing","article_modified_time":"2023-11-13T17:18:31+00:00","og_image":[{"width":1772,"height":1772,"url":"https:\/\/www.autopint.com.uy\/wp-content\/uploads\/2020\/06\/79-1.jpg","type":"image\/jpeg"}],"twitter_card":"summary_large_image","twitter_misc":{"Tiempo de lectura":"1 minuto"},"schema":{"@context":"https:\/\/schema.org","@graph":[{"@type":"WebPage","@id":"https:\/\/www.autopint.com.uy\/?product=burlete-de-espuma-triangular-50m","url":"https:\/\/www.autopint.com.uy\/?product=burlete-de-espuma-triangular-50m","name":"Burlete De Espuma Trianular 50M \" &bull; AUTOPINT SHOP- Car Repair System - Herramientas - Protecci\u00f3n - Pulidos - Detailing","isPartOf":{"@id":"https:\/\/www.autopint.com.uy\/#website"},"datePublished":"2020-06-10T17:19:50+00:00","dateModified":"2023-11-13T17:18:31+00:00","description":"Burlete de espuma sin adhesivo y de forma triangular que se utiliza paraimpedir que la pulverizaci\u00f3n de fondo, carrepairsystem- autopint shop","breadcrumb":{"@id":"https:\/\/www.autopint.com.uy\/?product=burlete-de-espuma-triangular-50m#breadcrumb"},"inLanguage":"es","potentialAction":[{"@type":"ReadAction","target":["https:\/\/www.autopint.com.uy\/?product=burlete-de-espuma-triangular-50m"]}]},{"@type":"BreadcrumbList","@id":"https:\/\/www.autopint.com.uy\/?product=burlete-de-espuma-triangular-50m#breadcrumb","itemListElement":[{"@type":"ListItem","position":1,"name":"Portada","item":"https:\/\/www.autopint.com.uy\/"},{"@type":"ListItem","position":2,"name":"Tienda","item":"https:\/\/www.autopint.com.uy\/?page_id=51"},{"@type":"ListItem","position":3,"name":"Burlete De Espuma Trianular 50M &#8220;"}]},{"@type":"WebSite","@id":"https:\/\/www.autopint.com.uy\/#website","url":"https:\/\/www.autopint.com.uy\/","name":"AUTOPINT SHOP- Car Repair System - Herramientas - Protecci\u00f3n - Pulidos - Detailing","description":"IMPORTACION Y VENTA DE INSUMOS PARA REPINTADO AUTOMOTRIZ","publisher":{"@id":"https:\/\/www.autopint.com.uy\/#organization"},"potentialAction":[{"@type":"SearchAction","target":{"@type":"EntryPoint","urlTemplate":"https:\/\/www.autopint.com.uy\/?s={search_term_string}"},"query-input":"required name=search_term_string"}],"inLanguage":"es"},{"@type":"Organization","@id":"https:\/\/www.autopint.com.uy\/#organization","name":"Autopint-Carrepairsystem","url":"https:\/\/www.autopint.com.uy\/","logo":{"@type":"ImageObject","inLanguage":"es","@id":"https:\/\/www.autopint.com.uy\/#\/schema\/logo\/image\/","url":"https:\/\/www.autopint.com.uy\/wp-content\/uploads\/2020\/05\/cropped-Logo-2.png","contentUrl":"https:\/\/www.autopint.com.uy\/wp-content\/uploads\/2020\/05\/cropped-Logo-2.png","width":600,"height":150,"caption":"Autopint-Carrepairsystem"},"image":{"@id":"https:\/\/www.autopint.com.uy\/#\/schema\/logo\/image\/"}}]}},"_links":{"self":[{"href":"https:\/\/www.autopint.com.uy\/index.php?rest_route=\/wp\/v2\/product\/749"}],"collection":[{"href":"https:\/\/www.autopint.com.uy\/index.php?rest_route=\/wp\/v2\/product"}],"about":[{"href":"https:\/\/www.autopint.com.uy\/index.php?rest_route=\/wp\/v2\/types\/product"}],"wp:featuredmedia":[{"embeddable":true,"href":"https:\/\/www.autopint.com.uy\/index.php?rest_route=\/wp\/v2\/media\/748"}],"wp:attachment":[{"href":"https:\/\/www.autopint.com.uy\/index.php?rest_route=%2Fwp%2Fv2%2Fmedia&parent=749"}],"wp:term":[{"taxonomy":"product_cat","embeddable":true,"href":"https:\/\/www.autopint.com.uy\/index.php?rest_route=%2Fwp%2Fv2%2Fproduct_cat&post=749"},{"taxonomy":"product_tag","embeddable":true,"href":"https:\/\/www.autopint.com.uy\/index.php?rest_route=%2Fwp%2Fv2%2Fproduct_tag&post=749"}],"curies":[{"name":"wp","href":"https:\/\/api.w.org\/{rel}","templated":true}]}}