{"id":807,"date":"2020-06-10T17:21:38","date_gmt":"2020-06-10T20:21:38","guid":{"rendered":"https:\/\/www.autopint.com.uy\/index.php\/producto\/goma-abrasiva-azul-grano-fino\/"},"modified":"2026-02-11T09:34:26","modified_gmt":"2026-02-11T12:34:26","slug":"goma-abrasiva-claybar-descontaminante-azul-grano-fino","status":"publish","type":"product","link":"https:\/\/www.autopint.com.uy\/?product=goma-abrasiva-claybar-descontaminante-azul-grano-fino","title":{"rendered":"Goma Abrasiva Claybar Descontaminante Azul Grano Fino"},"content":{"rendered":"<p>Goma abrasiva Claybar Descontaminante para eliminar la pulverizaci\u00f3n de la pintura, polvo met\u00e1lico,<br \/>\netc., de las superfcies pintadas sin da\u00f1arlas. Esencial para preparar las superficies antes de pulir el vehiculo.<\/p>\n<p>La pulverizacion en los cristales la eliminara facilmente con este producto combinado con Easy Sanding<\/p>\n","protected":false},"excerpt":{"rendered":"<p>claybar descontaminante<\/p>\n","protected":false},"featured_media":1381,"template":"","meta":{"site-sidebar-layout":"default","site-content-layout":"default","ast-global-header-display":"","ast-main-header-display":"","ast-hfb-above-header-display":"","ast-hfb-below-header-display":"","ast-hfb-mobile-header-display":"","site-post-title":"","ast-breadcrumbs-content":"","ast-featured-img":"","footer-sml-layout":"","theme-transparent-header-meta":"default","adv-header-id-meta":"","stick-header-meta":"","header-above-stick-meta":"","header-main-stick-meta":"","header-below-stick-meta":"","_joinchat":{"telephone":"+59898715457"}},"product_cat":[21,29],"product_tag":[62,119,120],"yoast_head":"<!-- This site is optimized with the Yoast SEO plugin v19.11 - https:\/\/yoast.com\/wordpress\/plugins\/seo\/ -->\n<title>Goma Abrasiva Claybar Descontaminante Azul Grano Fino &bull; AUTOPINT SHOP- Car Repair System - Herramientas - Protecci\u00f3n - Pulidos - Detailing<\/title>\n<meta name=\"description\" content=\"Goma abrasiva Claybar Descontaminante para eliminar la pulverizaci\u00f3n de la pintura, polvo met\u00e1lico,etc., de las superfcies pintadas sin da\u00f1arlas.\u00a0\" \/>\n<meta name=\"robots\" content=\"index, follow, max-snippet:-1, max-image-preview:large, max-video-preview:-1\" \/>\n<link rel=\"canonical\" href=\"https:\/\/www.autopint.com.uy\/?product=goma-abrasiva-claybar-descontaminante-azul-grano-fino\" \/>\n<meta property=\"og:locale\" content=\"es_ES\" \/>\n<meta property=\"og:type\" content=\"article\" \/>\n<meta property=\"og:title\" content=\"Goma Abrasiva Claybar Descontaminante Azul Grano Fino &bull; AUTOPINT SHOP- Car Repair System - Herramientas - Protecci\u00f3n - Pulidos - Detailing\" \/>\n<meta property=\"og:description\" content=\"Goma abrasiva Claybar Descontaminante para eliminar la pulverizaci\u00f3n de la pintura, polvo met\u00e1lico,etc., de las superfcies pintadas sin da\u00f1arlas.\u00a0\" \/>\n<meta property=\"og:url\" content=\"https:\/\/www.autopint.com.uy\/?product=goma-abrasiva-claybar-descontaminante-azul-grano-fino\" \/>\n<meta property=\"og:site_name\" content=\"AUTOPINT SHOP- Car Repair System - Herramientas - Protecci\u00f3n - Pulidos - Detailing\" \/>\n<meta property=\"article:modified_time\" content=\"2026-02-11T12:34:26+00:00\" \/>\n<meta property=\"og:image\" content=\"https:\/\/www.autopint.com.uy\/wp-content\/uploads\/2020\/06\/goma-abrasiva-azul.jpg\" \/>\n\t<meta property=\"og:image:width\" content=\"600\" \/>\n\t<meta property=\"og:image:height\" content=\"599\" \/>\n\t<meta property=\"og:image:type\" content=\"image\/jpeg\" \/>\n<meta name=\"twitter:card\" content=\"summary_large_image\" \/>\n<meta name=\"twitter:label1\" content=\"Tiempo de lectura\" \/>\n\t<meta name=\"twitter:data1\" content=\"1 minuto\" \/>\n<script type=\"application\/ld+json\" class=\"yoast-schema-graph\">{\"@context\":\"https:\/\/schema.org\",\"@graph\":[{\"@type\":\"WebPage\",\"@id\":\"https:\/\/www.autopint.com.uy\/?product=goma-abrasiva-claybar-descontaminante-azul-grano-fino\",\"url\":\"https:\/\/www.autopint.com.uy\/?product=goma-abrasiva-claybar-descontaminante-azul-grano-fino\",\"name\":\"Goma Abrasiva Claybar Descontaminante Azul Grano Fino &bull; AUTOPINT SHOP- Car Repair System - Herramientas - Protecci\u00f3n - Pulidos - Detailing\",\"isPartOf\":{\"@id\":\"https:\/\/www.autopint.com.uy\/#website\"},\"datePublished\":\"2020-06-10T20:21:38+00:00\",\"dateModified\":\"2026-02-11T12:34:26+00:00\",\"description\":\"Goma abrasiva Claybar Descontaminante para eliminar la pulverizaci\u00f3n de la pintura, polvo met\u00e1lico,etc., de las superfcies pintadas sin da\u00f1arlas.\u00a0\",\"breadcrumb\":{\"@id\":\"https:\/\/www.autopint.com.uy\/?product=goma-abrasiva-claybar-descontaminante-azul-grano-fino#breadcrumb\"},\"inLanguage\":\"es\",\"potentialAction\":[{\"@type\":\"ReadAction\",\"target\":[\"https:\/\/www.autopint.com.uy\/?product=goma-abrasiva-claybar-descontaminante-azul-grano-fino\"]}]},{\"@type\":\"BreadcrumbList\",\"@id\":\"https:\/\/www.autopint.com.uy\/?product=goma-abrasiva-claybar-descontaminante-azul-grano-fino#breadcrumb\",\"itemListElement\":[{\"@type\":\"ListItem\",\"position\":1,\"name\":\"Portada\",\"item\":\"https:\/\/www.autopint.com.uy\/\"},{\"@type\":\"ListItem\",\"position\":2,\"name\":\"Tienda\",\"item\":\"https:\/\/www.autopint.com.uy\/?page_id=51\"},{\"@type\":\"ListItem\",\"position\":3,\"name\":\"Goma Abrasiva Claybar Descontaminante Azul Grano Fino\"}]},{\"@type\":\"WebSite\",\"@id\":\"https:\/\/www.autopint.com.uy\/#website\",\"url\":\"https:\/\/www.autopint.com.uy\/\",\"name\":\"AUTOPINT SHOP- Car Repair System - Herramientas - Protecci\u00f3n - Pulidos - Detailing\",\"description\":\"IMPORTACION Y VENTA DE INSUMOS PARA REPINTADO AUTOMOTRIZ\",\"publisher\":{\"@id\":\"https:\/\/www.autopint.com.uy\/#organization\"},\"potentialAction\":[{\"@type\":\"SearchAction\",\"target\":{\"@type\":\"EntryPoint\",\"urlTemplate\":\"https:\/\/www.autopint.com.uy\/?s={search_term_string}\"},\"query-input\":\"required name=search_term_string\"}],\"inLanguage\":\"es\"},{\"@type\":\"Organization\",\"@id\":\"https:\/\/www.autopint.com.uy\/#organization\",\"name\":\"Autopint-Carrepairsystem\",\"url\":\"https:\/\/www.autopint.com.uy\/\",\"logo\":{\"@type\":\"ImageObject\",\"inLanguage\":\"es\",\"@id\":\"https:\/\/www.autopint.com.uy\/#\/schema\/logo\/image\/\",\"url\":\"https:\/\/www.autopint.com.uy\/wp-content\/uploads\/2020\/05\/cropped-Logo-2.png\",\"contentUrl\":\"https:\/\/www.autopint.com.uy\/wp-content\/uploads\/2020\/05\/cropped-Logo-2.png\",\"width\":600,\"height\":150,\"caption\":\"Autopint-Carrepairsystem\"},\"image\":{\"@id\":\"https:\/\/www.autopint.com.uy\/#\/schema\/logo\/image\/\"}}]}<\/script>\n<!-- \/ Yoast SEO plugin. -->","yoast_head_json":{"title":"Goma Abrasiva Claybar Descontaminante Azul Grano Fino &bull; AUTOPINT SHOP- Car Repair System - Herramientas - Protecci\u00f3n - Pulidos - Detailing","description":"Goma abrasiva Claybar Descontaminante para eliminar la pulverizaci\u00f3n de la pintura, polvo met\u00e1lico,etc., de las superfcies pintadas sin da\u00f1arlas.\u00a0","robots":{"index":"index","follow":"follow","max-snippet":"max-snippet:-1","max-image-preview":"max-image-preview:large","max-video-preview":"max-video-preview:-1"},"canonical":"https:\/\/www.autopint.com.uy\/?product=goma-abrasiva-claybar-descontaminante-azul-grano-fino","og_locale":"es_ES","og_type":"article","og_title":"Goma Abrasiva Claybar Descontaminante Azul Grano Fino &bull; AUTOPINT SHOP- Car Repair System - Herramientas - Protecci\u00f3n - Pulidos - Detailing","og_description":"Goma abrasiva Claybar Descontaminante para eliminar la pulverizaci\u00f3n de la pintura, polvo met\u00e1lico,etc., de las superfcies pintadas sin da\u00f1arlas.\u00a0","og_url":"https:\/\/www.autopint.com.uy\/?product=goma-abrasiva-claybar-descontaminante-azul-grano-fino","og_site_name":"AUTOPINT SHOP- Car Repair System - Herramientas - Protecci\u00f3n - Pulidos - Detailing","article_modified_time":"2026-02-11T12:34:26+00:00","og_image":[{"width":600,"height":599,"url":"https:\/\/www.autopint.com.uy\/wp-content\/uploads\/2020\/06\/goma-abrasiva-azul.jpg","type":"image\/jpeg"}],"twitter_card":"summary_large_image","twitter_misc":{"Tiempo de lectura":"1 minuto"},"schema":{"@context":"https:\/\/schema.org","@graph":[{"@type":"WebPage","@id":"https:\/\/www.autopint.com.uy\/?product=goma-abrasiva-claybar-descontaminante-azul-grano-fino","url":"https:\/\/www.autopint.com.uy\/?product=goma-abrasiva-claybar-descontaminante-azul-grano-fino","name":"Goma Abrasiva Claybar Descontaminante Azul Grano Fino &bull; AUTOPINT SHOP- Car Repair System - Herramientas - Protecci\u00f3n - Pulidos - Detailing","isPartOf":{"@id":"https:\/\/www.autopint.com.uy\/#website"},"datePublished":"2020-06-10T20:21:38+00:00","dateModified":"2026-02-11T12:34:26+00:00","description":"Goma abrasiva Claybar Descontaminante para eliminar la pulverizaci\u00f3n de la pintura, polvo met\u00e1lico,etc., de las superfcies pintadas sin da\u00f1arlas.\u00a0","breadcrumb":{"@id":"https:\/\/www.autopint.com.uy\/?product=goma-abrasiva-claybar-descontaminante-azul-grano-fino#breadcrumb"},"inLanguage":"es","potentialAction":[{"@type":"ReadAction","target":["https:\/\/www.autopint.com.uy\/?product=goma-abrasiva-claybar-descontaminante-azul-grano-fino"]}]},{"@type":"BreadcrumbList","@id":"https:\/\/www.autopint.com.uy\/?product=goma-abrasiva-claybar-descontaminante-azul-grano-fino#breadcrumb","itemListElement":[{"@type":"ListItem","position":1,"name":"Portada","item":"https:\/\/www.autopint.com.uy\/"},{"@type":"ListItem","position":2,"name":"Tienda","item":"https:\/\/www.autopint.com.uy\/?page_id=51"},{"@type":"ListItem","position":3,"name":"Goma Abrasiva Claybar Descontaminante Azul Grano Fino"}]},{"@type":"WebSite","@id":"https:\/\/www.autopint.com.uy\/#website","url":"https:\/\/www.autopint.com.uy\/","name":"AUTOPINT SHOP- Car Repair System - Herramientas - Protecci\u00f3n - Pulidos - Detailing","description":"IMPORTACION Y VENTA DE INSUMOS PARA REPINTADO AUTOMOTRIZ","publisher":{"@id":"https:\/\/www.autopint.com.uy\/#organization"},"potentialAction":[{"@type":"SearchAction","target":{"@type":"EntryPoint","urlTemplate":"https:\/\/www.autopint.com.uy\/?s={search_term_string}"},"query-input":"required name=search_term_string"}],"inLanguage":"es"},{"@type":"Organization","@id":"https:\/\/www.autopint.com.uy\/#organization","name":"Autopint-Carrepairsystem","url":"https:\/\/www.autopint.com.uy\/","logo":{"@type":"ImageObject","inLanguage":"es","@id":"https:\/\/www.autopint.com.uy\/#\/schema\/logo\/image\/","url":"https:\/\/www.autopint.com.uy\/wp-content\/uploads\/2020\/05\/cropped-Logo-2.png","contentUrl":"https:\/\/www.autopint.com.uy\/wp-content\/uploads\/2020\/05\/cropped-Logo-2.png","width":600,"height":150,"caption":"Autopint-Carrepairsystem"},"image":{"@id":"https:\/\/www.autopint.com.uy\/#\/schema\/logo\/image\/"}}]}},"_links":{"self":[{"href":"https:\/\/www.autopint.com.uy\/index.php?rest_route=\/wp\/v2\/product\/807"}],"collection":[{"href":"https:\/\/www.autopint.com.uy\/index.php?rest_route=\/wp\/v2\/product"}],"about":[{"href":"https:\/\/www.autopint.com.uy\/index.php?rest_route=\/wp\/v2\/types\/product"}],"wp:featuredmedia":[{"embeddable":true,"href":"https:\/\/www.autopint.com.uy\/index.php?rest_route=\/wp\/v2\/media\/1381"}],"wp:attachment":[{"href":"https:\/\/www.autopint.com.uy\/index.php?rest_route=%2Fwp%2Fv2%2Fmedia&parent=807"}],"wp:term":[{"taxonomy":"product_cat","embeddable":true,"href":"https:\/\/www.autopint.com.uy\/index.php?rest_route=%2Fwp%2Fv2%2Fproduct_cat&post=807"},{"taxonomy":"product_tag","embeddable":true,"href":"https:\/\/www.autopint.com.uy\/index.php?rest_route=%2Fwp%2Fv2%2Fproduct_tag&post=807"}],"curies":[{"name":"wp","href":"https:\/\/api.w.org\/{rel}","templated":true}]}}