{"id":970,"date":"2020-06-30T21:54:37","date_gmt":"2020-07-01T00:54:37","guid":{"rendered":"https:\/\/www.autopint.com.uy\/index.php\/producto\/import-placeholder-for-947\/"},"modified":"2025-07-01T14:36:41","modified_gmt":"2025-07-01T17:36:41","slug":"kit-fondo-hs-4-lts-catalizador-extra-rapido-800ml","status":"publish","type":"product","link":"https:\/\/www.autopint.com.uy\/?product=kit-fondo-hs-4-lts-catalizador-extra-rapido-800ml","title":{"rendered":"Kit Fondo HS 4 lts. + Catalizador Extra Rapido 800ml"},"content":{"rendered":"<h2 class=\"product_title entry-title show-product-nav\">EASY FILLER 4000<\/h2>\n<div class=\"product-nav\">\n<div class=\"product-prev\"><\/div>\n<div class=\"product-next\"><\/div>\n<\/div>\n<div class=\"description woocommerce-product-details__short-description\">\n<h6><\/h6>\n<h6><span class=\"fontstyle0\">Aparejo poliuret\u00e1nico bicomponente gris con un contenido de COV inferior a 540 g\/l, l\u00edmite establecido por la normativa europea para su categor\u00eda.<\/span><\/h6>\n<h6><span class=\"fontstyle0\">Se puede aplicar sobre pintura vieja o cualquier otro tipo de superficie, incluyendo chapa galvanizada o aluminio.\u00a0<\/span><\/h6>\n<h6><span class=\"fontstyle0\">Mezclado en proporci\u00f3n 5:1 con los catalizadores easy filler (est\u00e1ndar o extra r\u00e1pido).<\/span><\/h6>\n<\/div>\n","protected":false},"excerpt":{"rendered":"<p>EASY FILLER 4000 Aparejo poliuret\u00e1nico bicomponente gris con un contenido de COV inferior a 540 g\/l, l\u00edmite establecido por la normativa europea para su categor\u00eda. Se puede aplicar sobre pintura vieja o cualquier otro tipo de superficie, incluyendo chapa galvanizada o aluminio.\u00a0 Mezclado en proporci\u00f3n 5:1 con los catalizadores easy filler (est\u00e1ndar o extra r\u00e1pido).<\/p>\n","protected":false},"featured_media":1501,"template":"","meta":{"site-sidebar-layout":"default","site-content-layout":"default","ast-global-header-display":"","ast-main-header-display":"","ast-hfb-above-header-display":"","ast-hfb-below-header-display":"","ast-hfb-mobile-header-display":"","site-post-title":"","ast-breadcrumbs-content":"","ast-featured-img":"","footer-sml-layout":"","theme-transparent-header-meta":"default","adv-header-id-meta":"","stick-header-meta":"","header-above-stick-meta":"","header-main-stick-meta":"","header-below-stick-meta":"","_joinchat":{"telephone":"+59898715457"}},"product_cat":[26],"product_tag":[],"yoast_head":"<!-- This site is optimized with the Yoast SEO plugin v19.11 - https:\/\/yoast.com\/wordpress\/plugins\/seo\/ -->\n<title>Kit Fondo HS 4 lts. + Catalizador Extra Rapido 800ml &bull; AUTOPINT SHOP- Car Repair System - Herramientas - Protecci\u00f3n - Pulidos - Detailing<\/title>\n<meta name=\"description\" content=\"kit de fondo hs 4 litro + 800 ml catalizador extra rapido. Se puede aplicar sobre pintura vieja, incluyendo chapa galvanizada o aluminio.\u00a0Autopint\" \/>\n<meta name=\"robots\" content=\"index, follow, max-snippet:-1, max-image-preview:large, max-video-preview:-1\" \/>\n<link rel=\"canonical\" href=\"https:\/\/www.autopint.com.uy\/?product=kit-fondo-hs-4-lts-catalizador-extra-rapido-800ml\" \/>\n<meta property=\"og:locale\" content=\"es_ES\" \/>\n<meta property=\"og:type\" content=\"article\" \/>\n<meta property=\"og:title\" content=\"Kit Fondo HS 4 lts. + Catalizador Extra Rapido 800ml &bull; AUTOPINT SHOP- Car Repair System - Herramientas - Protecci\u00f3n - Pulidos - Detailing\" \/>\n<meta property=\"og:description\" content=\"kit de fondo hs 4 litro + 800 ml catalizador extra rapido. Se puede aplicar sobre pintura vieja, incluyendo chapa galvanizada o aluminio.\u00a0Autopint\" \/>\n<meta property=\"og:url\" content=\"https:\/\/www.autopint.com.uy\/?product=kit-fondo-hs-4-lts-catalizador-extra-rapido-800ml\" \/>\n<meta property=\"og:site_name\" content=\"AUTOPINT SHOP- Car Repair System - Herramientas - Protecci\u00f3n - Pulidos - Detailing\" \/>\n<meta property=\"article:modified_time\" content=\"2025-07-01T17:36:41+00:00\" \/>\n<meta property=\"og:image\" content=\"https:\/\/www.autopint.com.uy\/wp-content\/uploads\/2020\/06\/FONDO-4CATA.jpg\" \/>\n\t<meta property=\"og:image:width\" content=\"1080\" \/>\n\t<meta property=\"og:image:height\" content=\"1080\" \/>\n\t<meta property=\"og:image:type\" content=\"image\/jpeg\" \/>\n<meta name=\"twitter:card\" content=\"summary_large_image\" \/>\n<meta name=\"twitter:label1\" content=\"Tiempo de lectura\" \/>\n\t<meta name=\"twitter:data1\" content=\"1 minuto\" \/>\n<script type=\"application\/ld+json\" class=\"yoast-schema-graph\">{\"@context\":\"https:\/\/schema.org\",\"@graph\":[{\"@type\":\"WebPage\",\"@id\":\"https:\/\/www.autopint.com.uy\/?product=kit-fondo-hs-4-lts-catalizador-extra-rapido-800ml\",\"url\":\"https:\/\/www.autopint.com.uy\/?product=kit-fondo-hs-4-lts-catalizador-extra-rapido-800ml\",\"name\":\"Kit Fondo HS 4 lts. + Catalizador Extra Rapido 800ml &bull; AUTOPINT SHOP- Car Repair System - Herramientas - Protecci\u00f3n - Pulidos - Detailing\",\"isPartOf\":{\"@id\":\"https:\/\/www.autopint.com.uy\/#website\"},\"datePublished\":\"2020-07-01T00:54:37+00:00\",\"dateModified\":\"2025-07-01T17:36:41+00:00\",\"description\":\"kit de fondo hs 4 litro + 800 ml catalizador extra rapido. Se puede aplicar sobre pintura vieja, incluyendo chapa galvanizada o aluminio.\u00a0Autopint\",\"breadcrumb\":{\"@id\":\"https:\/\/www.autopint.com.uy\/?product=kit-fondo-hs-4-lts-catalizador-extra-rapido-800ml#breadcrumb\"},\"inLanguage\":\"es\",\"potentialAction\":[{\"@type\":\"ReadAction\",\"target\":[\"https:\/\/www.autopint.com.uy\/?product=kit-fondo-hs-4-lts-catalizador-extra-rapido-800ml\"]}]},{\"@type\":\"BreadcrumbList\",\"@id\":\"https:\/\/www.autopint.com.uy\/?product=kit-fondo-hs-4-lts-catalizador-extra-rapido-800ml#breadcrumb\",\"itemListElement\":[{\"@type\":\"ListItem\",\"position\":1,\"name\":\"Portada\",\"item\":\"https:\/\/www.autopint.com.uy\/\"},{\"@type\":\"ListItem\",\"position\":2,\"name\":\"Tienda\",\"item\":\"https:\/\/www.autopint.com.uy\/?page_id=51\"},{\"@type\":\"ListItem\",\"position\":3,\"name\":\"Kit Fondo HS 4 lts. + Catalizador Extra Rapido 800ml\"}]},{\"@type\":\"WebSite\",\"@id\":\"https:\/\/www.autopint.com.uy\/#website\",\"url\":\"https:\/\/www.autopint.com.uy\/\",\"name\":\"AUTOPINT SHOP- Car Repair System - Herramientas - Protecci\u00f3n - Pulidos - Detailing\",\"description\":\"IMPORTACION Y VENTA DE INSUMOS PARA REPINTADO AUTOMOTRIZ\",\"publisher\":{\"@id\":\"https:\/\/www.autopint.com.uy\/#organization\"},\"potentialAction\":[{\"@type\":\"SearchAction\",\"target\":{\"@type\":\"EntryPoint\",\"urlTemplate\":\"https:\/\/www.autopint.com.uy\/?s={search_term_string}\"},\"query-input\":\"required name=search_term_string\"}],\"inLanguage\":\"es\"},{\"@type\":\"Organization\",\"@id\":\"https:\/\/www.autopint.com.uy\/#organization\",\"name\":\"Autopint-Carrepairsystem\",\"url\":\"https:\/\/www.autopint.com.uy\/\",\"logo\":{\"@type\":\"ImageObject\",\"inLanguage\":\"es\",\"@id\":\"https:\/\/www.autopint.com.uy\/#\/schema\/logo\/image\/\",\"url\":\"https:\/\/www.autopint.com.uy\/wp-content\/uploads\/2020\/05\/cropped-Logo-2.png\",\"contentUrl\":\"https:\/\/www.autopint.com.uy\/wp-content\/uploads\/2020\/05\/cropped-Logo-2.png\",\"width\":600,\"height\":150,\"caption\":\"Autopint-Carrepairsystem\"},\"image\":{\"@id\":\"https:\/\/www.autopint.com.uy\/#\/schema\/logo\/image\/\"}}]}<\/script>\n<!-- \/ Yoast SEO plugin. -->","yoast_head_json":{"title":"Kit Fondo HS 4 lts. + Catalizador Extra Rapido 800ml &bull; AUTOPINT SHOP- Car Repair System - Herramientas - Protecci\u00f3n - Pulidos - Detailing","description":"kit de fondo hs 4 litro + 800 ml catalizador extra rapido. Se puede aplicar sobre pintura vieja, incluyendo chapa galvanizada o aluminio.\u00a0Autopint","robots":{"index":"index","follow":"follow","max-snippet":"max-snippet:-1","max-image-preview":"max-image-preview:large","max-video-preview":"max-video-preview:-1"},"canonical":"https:\/\/www.autopint.com.uy\/?product=kit-fondo-hs-4-lts-catalizador-extra-rapido-800ml","og_locale":"es_ES","og_type":"article","og_title":"Kit Fondo HS 4 lts. + Catalizador Extra Rapido 800ml &bull; AUTOPINT SHOP- Car Repair System - Herramientas - Protecci\u00f3n - Pulidos - Detailing","og_description":"kit de fondo hs 4 litro + 800 ml catalizador extra rapido. Se puede aplicar sobre pintura vieja, incluyendo chapa galvanizada o aluminio.\u00a0Autopint","og_url":"https:\/\/www.autopint.com.uy\/?product=kit-fondo-hs-4-lts-catalizador-extra-rapido-800ml","og_site_name":"AUTOPINT SHOP- Car Repair System - Herramientas - Protecci\u00f3n - Pulidos - Detailing","article_modified_time":"2025-07-01T17:36:41+00:00","og_image":[{"width":1080,"height":1080,"url":"https:\/\/www.autopint.com.uy\/wp-content\/uploads\/2020\/06\/FONDO-4CATA.jpg","type":"image\/jpeg"}],"twitter_card":"summary_large_image","twitter_misc":{"Tiempo de lectura":"1 minuto"},"schema":{"@context":"https:\/\/schema.org","@graph":[{"@type":"WebPage","@id":"https:\/\/www.autopint.com.uy\/?product=kit-fondo-hs-4-lts-catalizador-extra-rapido-800ml","url":"https:\/\/www.autopint.com.uy\/?product=kit-fondo-hs-4-lts-catalizador-extra-rapido-800ml","name":"Kit Fondo HS 4 lts. + Catalizador Extra Rapido 800ml &bull; AUTOPINT SHOP- Car Repair System - Herramientas - Protecci\u00f3n - Pulidos - Detailing","isPartOf":{"@id":"https:\/\/www.autopint.com.uy\/#website"},"datePublished":"2020-07-01T00:54:37+00:00","dateModified":"2025-07-01T17:36:41+00:00","description":"kit de fondo hs 4 litro + 800 ml catalizador extra rapido. Se puede aplicar sobre pintura vieja, incluyendo chapa galvanizada o aluminio.\u00a0Autopint","breadcrumb":{"@id":"https:\/\/www.autopint.com.uy\/?product=kit-fondo-hs-4-lts-catalizador-extra-rapido-800ml#breadcrumb"},"inLanguage":"es","potentialAction":[{"@type":"ReadAction","target":["https:\/\/www.autopint.com.uy\/?product=kit-fondo-hs-4-lts-catalizador-extra-rapido-800ml"]}]},{"@type":"BreadcrumbList","@id":"https:\/\/www.autopint.com.uy\/?product=kit-fondo-hs-4-lts-catalizador-extra-rapido-800ml#breadcrumb","itemListElement":[{"@type":"ListItem","position":1,"name":"Portada","item":"https:\/\/www.autopint.com.uy\/"},{"@type":"ListItem","position":2,"name":"Tienda","item":"https:\/\/www.autopint.com.uy\/?page_id=51"},{"@type":"ListItem","position":3,"name":"Kit Fondo HS 4 lts. + Catalizador Extra Rapido 800ml"}]},{"@type":"WebSite","@id":"https:\/\/www.autopint.com.uy\/#website","url":"https:\/\/www.autopint.com.uy\/","name":"AUTOPINT SHOP- Car Repair System - Herramientas - Protecci\u00f3n - Pulidos - Detailing","description":"IMPORTACION Y VENTA DE INSUMOS PARA REPINTADO AUTOMOTRIZ","publisher":{"@id":"https:\/\/www.autopint.com.uy\/#organization"},"potentialAction":[{"@type":"SearchAction","target":{"@type":"EntryPoint","urlTemplate":"https:\/\/www.autopint.com.uy\/?s={search_term_string}"},"query-input":"required name=search_term_string"}],"inLanguage":"es"},{"@type":"Organization","@id":"https:\/\/www.autopint.com.uy\/#organization","name":"Autopint-Carrepairsystem","url":"https:\/\/www.autopint.com.uy\/","logo":{"@type":"ImageObject","inLanguage":"es","@id":"https:\/\/www.autopint.com.uy\/#\/schema\/logo\/image\/","url":"https:\/\/www.autopint.com.uy\/wp-content\/uploads\/2020\/05\/cropped-Logo-2.png","contentUrl":"https:\/\/www.autopint.com.uy\/wp-content\/uploads\/2020\/05\/cropped-Logo-2.png","width":600,"height":150,"caption":"Autopint-Carrepairsystem"},"image":{"@id":"https:\/\/www.autopint.com.uy\/#\/schema\/logo\/image\/"}}]}},"_links":{"self":[{"href":"https:\/\/www.autopint.com.uy\/index.php?rest_route=\/wp\/v2\/product\/970"}],"collection":[{"href":"https:\/\/www.autopint.com.uy\/index.php?rest_route=\/wp\/v2\/product"}],"about":[{"href":"https:\/\/www.autopint.com.uy\/index.php?rest_route=\/wp\/v2\/types\/product"}],"wp:featuredmedia":[{"embeddable":true,"href":"https:\/\/www.autopint.com.uy\/index.php?rest_route=\/wp\/v2\/media\/1501"}],"wp:attachment":[{"href":"https:\/\/www.autopint.com.uy\/index.php?rest_route=%2Fwp%2Fv2%2Fmedia&parent=970"}],"wp:term":[{"taxonomy":"product_cat","embeddable":true,"href":"https:\/\/www.autopint.com.uy\/index.php?rest_route=%2Fwp%2Fv2%2Fproduct_cat&post=970"},{"taxonomy":"product_tag","embeddable":true,"href":"https:\/\/www.autopint.com.uy\/index.php?rest_route=%2Fwp%2Fv2%2Fproduct_tag&post=970"}],"curies":[{"name":"wp","href":"https:\/\/api.w.org\/{rel}","templated":true}]}}